			{"id":98,"date":"2023-08-22T11:01:58","date_gmt":"2023-08-22T15:01:58","guid":{"rendered":"https:\/\/beyondtype2ca.wpengine.com\/fr\/?page_id=98"},"modified":"2023-09-06T16:35:00","modified_gmt":"2023-09-06T20:35:00","slug":"lhypoglycemie-et-son-traitement","status":"publish","type":"page","link":"https:\/\/ca.beyondtype2.org\/fr\/lhypoglycemie-et-son-traitement\/","title":{"rendered":"L&#8217;hypoglyc\u00e9mie et son traitement"},"content":{"rendered":"<p>L&#8217;hypoglyc\u00e9mie &#8211; ou un faible taux de glucose dans le sang &#8211; se produit lorsque le taux de sucre dans le sang tombe en dessous de <span class=\"definition\"><span class=\"definition-show\">4.0 mmol\/l<\/span>72 mg\/dL<\/span>. L&#8217;hypoglyc\u00e9mie est dangereuse et doit \u00eatre trait\u00e9e imm\u00e9diatement. Si elle n&#8217;est pas trait\u00e9e, l&#8217;hypoglyc\u00e9mie peut entra\u00eener une perte de conscience, des convulsions et, rarement, la mort.<\/p>\n<h3><b>QUELS SONT LES SYMPT\u00d4MES DE L\u2019HYPOGLYC\u00c9MIE ?<\/b><\/h3>\n<p>Malgr\u00e9 que les sympt\u00f4mes varient d&#8217;une personne \u00e0 l&#8217;autre, l&#8217;hypoglyc\u00e9mie cause les sympt\u00f4mes suivants chez la plupart des gens. Certaines personnes ne ressentent aucuns sympt\u00f4mes et les sympt\u00f4mes ne se manifestent pas tous en m\u00eame temps.<\/p>\n<div class=\"csColumn\" style=\"margin: 0px;padding: 0px;float: left;width: 47.7%\" data-csstartpoint=\"15.010416718139648\" data-csendpoint=\"472.4930751043701\" data-cswidth=\"47.7%\" data-csid=\"fa3a9894-db54-1592-a5d5-d03437579c3f\">\n<ul>\n<li>Un sentiment d\u2019anxi\u00e9t\u00e9<\/li>\n<li>Un changement de comportement similaire \u00e0 ce qui se produit en cas d\u2019ivresse<\/li>\n<li>Une vision floue<\/li>\n<li>Des sueurs froides<\/li>\n<li>De la confusion<\/li>\n<li>Une peau p\u00e2le et froide<\/li>\n<li>Des difficult\u00e9s \u00e0 se concentrer<\/li>\n<li>De la somnolence<\/li>\n<li>Une faim intense<\/li>\n<\/ul>\n<\/div>\n<div class=\"csColumnGap\" style=\"margin: 0px;padding: 0px;float: left;width: 1.56%\"><img decoding=\"async\" style=\"border: none\" src=\"https:\/\/beyondtype1.org\/wp-content\/plugins\/advanced-wp-columns\/assets\/js\/plugins\/views\/img\/1x1-pixel.png\" \/><\/div>\n<div class=\"csColumn\" style=\"margin: 0px;padding: 0px;float: left;width: 47.7%\" data-csstartpoint=\"487.51047012390137\" data-csendpoint=\"944.9930751043701\" data-cswidth=\"47.7%\" data-csid=\"c5c6c01b-7701-7c8f-907f-7969c4ad2aba\">\n<ul>\n<li>Une acc\u00e9l\u00e9ration du rythme cardiaque<\/li>\n<li>Un mal de t\u00eate<\/li>\n<li>De la naus\u00e9e<\/li>\n<li>De la nervosit\u00e9<\/li>\n<li>Des cauchemars<\/li>\n<li>Un sommeil agit\u00e9<\/li>\n<li>Des tremblements<\/li>\n<li>Des troubles de l\u2019\u00e9locution<\/li>\n<li>De la fatigue ou une faiblesse musculaire inhabituelle<\/li>\n<\/ul>\n<\/div>\n<p>&nbsp;<\/p>\n<p>&nbsp;<\/p>\n<p>&nbsp;<\/p>\n<p>&nbsp;<\/p>\n<p>&nbsp;<\/p>\n<p>&nbsp;<\/p>\n<p>&nbsp;<\/p>\n<p>&nbsp;<\/p>\n<h3><b>QU\u2019EST-CE QUI CAUSE L\u2019HYPOGLYC\u00c9MIE ?<\/b><\/h3>\n<p>L&#8217;hypoglyc\u00e9mie peut survenir de plusieurs fa\u00e7ons, mais le risque d&#8217;hypoglyc\u00e9mie chez les personnes atteintes de diab\u00e8te de type 2 est accru par l&#8217;utilisation d&#8217;insuline et d&#8217;autres m\u00e9dicaments contre le diab\u00e8te.<\/p>\n<p>Vous pouvez souffrir d\u2019hypoglyc\u00e9mie si vous sautez un repas, si vous ne mangez pas suffisamment de nourriture pour la quantit\u00e9 d\u2019insuline que vous avez prise ou si vous faites beaucoup d\u2019exercice. Il est imp\u00e9ratif de surveiller et de traiter imm\u00e9diatement l\u2019hypoglyc\u00e9mie pour pr\u00e9venir l\u2019hypoglyc\u00e9mie s\u00e9v\u00e8re et l\u2019inconscience.<\/p>\n<p>Si vous souffrez fr\u00e9quemment d&#8217;hypoglyc\u00e9mie, vous n&#8217;avez peut-\u00eatre pas besoin d&#8217;autant d&#8217;insuline ou d&#8217;une autre forme de m\u00e9dicament contre le diab\u00e8te. Demandez \u00e0 votre m\u00e9decin ou \u00e0 votre prestataire de soins de sant\u00e9 d&#8217;ajuster les doses. Les patients prenant des sulfonylur\u00e9es et des m\u00e9glitinides par voie orale doivent savoir qu&#8217;ils peuvent provoquer des effets secondaires hypoglyc\u00e9miques.<\/p>\n<p>Vous risquez de souffrir d&#8217;hypoglyc\u00e9mie, y compris d&#8217;hypoglyc\u00e9mie grave, si vous.. :<\/p>\n<ul>\n<li>Sautez des repas.<\/li>\n<li>Ne mangez pas assez de glucides.<\/li>\n<li>Consommez de l&#8217;alcool, qui peut vous emp\u00eacher de ressentir les effets de l&#8217;hypoglyc\u00e9mie et peut entra\u00eener une hypoglyc\u00e9mie grave.<\/li>\n<li>Vous \u00eates malade. Lorsque vous \u00eates malade, il se peut que vous ne consommiez pas autant de nourriture ou de liquides, et donc que votre glyc\u00e9mie soit plus basse que d&#8217;habitude.<\/li>\n<\/ul>\n<p><a href=\"https:\/\/guidelines.diabetes.ca\/cpg\/chapter14\">Diabetes Canada<\/a> divise l&#8217;hypoglyc\u00e9mie par niveaux :<\/p>\n<ul>\n<li>Vous devriez g\u00e9n\u00e9ralement \u00eatre en mesure de traiter vous-m\u00eame une hypoglyc\u00e9mie l\u00e9g\u00e8re ou mod\u00e9r\u00e9e.<\/li>\n<li>L&#8217;hypoglyc\u00e9mie s\u00e9v\u00e8re &#8211; lorsque le taux de sucre dans le sang tombe en dessous de <span class=\"definition\"><span class=\"definition-show\">2.8 mmol\/l<\/span>50 mg\/dL<\/span>\u00a0&#8211; se r\u00e9f\u00e8re \u00e0 l&#8217;hypoglyc\u00e9mie o\u00f9 il y a un handicap cognitif qui n\u00e9cessite l&#8217;aide d&#8217;une tierce personne pour la r\u00e9cup\u00e9ration. Le traitement sugg\u00e9r\u00e9 est le glucagon.<\/li>\n<\/ul>\n<h3><b>COMMENT TRAITE-T-ON L\u2019HYPOGLYC\u00c9MIE ?<\/b><\/h3>\n<p>Il est important de savoir que le traitement de l\u2019hypoglyc\u00e9mie d\u00e9pend de la gravit\u00e9 du probl\u00e8me et de la r\u00e9activit\u00e9 de la personne qui en souffre.<\/p>\n<p>Si votre glucom\u00e8tre indique que votre taux de glyc\u00e9mie est bas, il est recommand\u00e9 de manger ou de boire environ 15 g de sucres \u00e0 action rapide. Chacun des moyens suivants est recommand\u00e9 pour traiter une hypoglyc\u00e9mie (choisissez-en un) :<\/p>\n<ul>\n<li>4 comprim\u00e9s de glucose<\/li>\n<li>4 onces de jus de fruits<\/li>\n<li>4 onces de soda, pas de soda light ou<\/li>\n<li>4 morceaux de bonbons durs<\/li>\n<\/ul>\n<p>Apr\u00e8s avoir pris l&#8217;un de ces traitements, attendez 15 minutes, puis v\u00e9rifiez \u00e0 nouveau votre glyc\u00e9mie. R\u00e9p\u00e9tez ces \u00e9tapes jusqu&#8217;\u00e0 ce que votre glyc\u00e9mie soit de <span class=\"definition\"><span class=\"definition-show\">4.0 mmol\/l<\/span>72 mg\/dL<\/span> ou plus. Une fois que votre glyc\u00e9mie est remont\u00e9e \u00e0 <span class=\"definition\"><span class=\"definition-show\">4.0 mmol\/l<\/span>72 mg\/dL<\/span> ou plus, prenez une collation si votre prochain repas est pr\u00e9vu dans une heure ou plus.<\/p>\n<p>Si vous souffrez souvent d&#8217;hypoglyc\u00e9mie, il est bon de toujours v\u00e9rifier votre glyc\u00e9mie avant de conduire. Traitez-la et assurez-vous qu&#8217;elle se situe dans une fourchette s\u00fbre avant de prendre le volant.<\/p>\n<h3>Traitement de l&#8217;hypoglyc\u00e9mie s\u00e9v\u00e8re<\/h3>\n<p>Si une personne diab\u00e9tique pr\u00e9sente une hypoglyc\u00e9mie et qu&#8217;elle ne r\u00e9agit pas, qu&#8217;elle a des convulsions ou qu&#8217;elle n&#8217;est pas en mesure d&#8217;ing\u00e9rer du sucre par voie orale pour une raison quelconque, il faut lui administrer du glucagon en urgence.<\/p>\n<p>Si vous \u00eates conscient mais incapable d&#8217;ing\u00e9rer du sucre par voie orale, vous pouvez vous auto-administrer du glucagon. Si vous \u00eates inconscient, quelqu&#8217;un d&#8217;autre devra vous administrer du glucagon injectable directement dans le muscle ou vaporiser du glucagon nasal dans la cavit\u00e9 nasale. Si vous \u00eates hospitalis\u00e9, l&#8217;injection peut \u00eatre faite par voie intraveineuse. Contactez toujours les services d&#8217;urgence si le glucagon est administr\u00e9 dans une situation d&#8217;urgence.<\/p>\n<h3>Qu&#8217;est-ce que le glucagon ?<\/h3>\n<p>Le glucagon est un m\u00e9dicament hormonal utilis\u00e9 en cas d&#8217;urgence lorsqu&#8217;une personne diab\u00e9tique souffre d&#8217;une grave hypoglyc\u00e9mie (faible taux de sucre dans le sang) et ne peut pas prendre de sucre par voie orale. Il existe sous plusieurs formes, notamment un spray nasal, des auto-injecteurs, des seringues pr\u00e9remplies ou une poudre qui doit \u00eatre m\u00e9lang\u00e9e \u00e0 un liquide avant d&#8217;\u00eatre inject\u00e9e.<\/p>\n<p>Alors qu&#8217;il n&#8217;existait qu&#8217;une seule option pendant des d\u00e9cennies &#8211; et qu&#8217;elle \u00e9tait compliqu\u00e9e \u00e0 utiliser &#8211; il existe aujourd&#8217;hui de nombreux produits nouveaux et am\u00e9lior\u00e9s pour le traitement d&#8217;urgence au glucagon, notamment :<\/p>\n<ul>\n<li>Le glucagon nasal &#8211; Baqsimi\u00ae : Il s&#8217;agit d&#8217;un glucagon d&#8217;urgence qui s&#8217;administre par le nez.<\/li>\n<li>GlucaGen\u00ae \/ GlucaGen\u00ae HypoKit : ceci est un glucagon sous forme de poudre qui se m\u00e9lange a un solvent et qui est administr\u00e9 par la voie musculaire.<\/li>\n<\/ul>\n<p>Apprenez-en plus sur le <a href=\"https:\/\/beyondtype2.org\/all-about-glucagon\/\">glucagon<\/a>.<\/p>\n<h3>\u00c9l\u00e9vation de la glyc\u00e9mie apr\u00e8s une hypo<\/h3>\n<p>Dans environ 20 % des cas, une hyperglyc\u00e9mie de rebond (glyc\u00e9mie \u00e9lev\u00e9e) se produit apr\u00e8s une baisse. Une correction excessive avec des glucides est la principale cause de l&#8217;hyperglyc\u00e9mie de rebond. Il est recommand\u00e9 de ne pas donner plus de 20 grammes de glucides pour corriger une glyc\u00e9mie comprise entre 50 et 72 mg\/dL et, comme indiqu\u00e9 pr\u00e9c\u00e9demment, de v\u00e9rifier les taux de glyc\u00e9mie au besoin par tranches de 15 minutes, en donnant 15 grammes de glucides suppl\u00e9mentaires jusqu&#8217;\u00e0 ce que les taux remontent.<\/p>\n<h3>Consultez votre m\u00e9decin<\/h3>\n<p>Il est imp\u00e9ratif de surveiller et de traiter imm\u00e9diatement les hypoglyc\u00e9mies afin d&#8217;\u00e9viter une hypoglyc\u00e9mie grave et une perte de conscience. Si vous souffrez r\u00e9guli\u00e8rement d&#8217;hypoglyc\u00e9mie, consultez votre endocrinologue pour savoir comment adapter votre traitement.<\/p>\n<p>&nbsp;<\/p>\n","protected":false},"excerpt":{"rendered":"<p>L&#8217;hypoglyc\u00e9mie &#8211; ou un faible taux de glucose dans le sang &#8211; se produit lorsque le taux de sucre dans le sang tombe en dessous de 4.0 mmol\/l72 mg\/dL. L&#8217;hypoglyc\u00e9mie est dangereuse et doit \u00eatre trait\u00e9e imm\u00e9diatement. Si elle n&#8217;est pas trait\u00e9e, l&#8217;hypoglyc\u00e9mie peut entra\u00eener une perte de conscience, des convulsions et, rarement, la mort. [&hellip;]<\/p>\n","protected":false},"author":10,"featured_media":833,"parent":0,"menu_order":0,"comment_status":"closed","ping_status":"closed","template":"","meta":{"_acf_changed":false,"footnotes":""},"categories":[33,1,36],"tags":[],"invisible":[11,8,12,7,6],"class_list":["post-98","page","type-page","status-publish","has-post-thumbnail","hentry","category-guides-pour-les-nouvellement-diagnostiques-avec-le-diabete","category-articles-pour-les-nouvellement-diagnostiques-avec-le-diabete","category-traitement-de-lhypoglycemie-diabete","invisible-bsfitness","invisible-core-evergreen-resource","invisible-glucagonbasics","invisible-guides","invisible-thenextlayer"],"acf":[],"yoast_head":"<!-- This site is optimized with the Yoast SEO plugin v24.9 - https:\/\/yoast.com\/wordpress\/plugins\/seo\/ -->\n<title>L&#039;hypoglyc\u00e9mie et son traitement - Beyond Type 2 Canada<\/title>\n<meta name=\"description\" content=\"L&#039;hypoglyc\u00e9mie est dangereuse et doit \u00eatre trait\u00e9e imm\u00e9diatement. Si elle n&#039;est pas trait\u00e9e, l&#039;hypoglyc\u00e9mie peut entra\u00eener une perte de conscience, des convulsions et, rarement, la mort.\" \/>\n<meta name=\"robots\" content=\"index, follow, max-snippet:-1, max-image-preview:large, max-video-preview:-1\" \/>\n<link rel=\"canonical\" href=\"https:\/\/ca.beyondtype2.org\/fr\/lhypoglycemie-et-son-traitement\/\" \/>\n<meta property=\"og:locale\" content=\"en_US\" \/>\n<meta property=\"og:type\" content=\"article\" \/>\n<meta property=\"og:title\" content=\"L&#039;hypoglyc\u00e9mie et son traitement - Beyond Type 2 Canada\" \/>\n<meta property=\"og:description\" content=\"L&#039;hypoglyc\u00e9mie est dangereuse et doit \u00eatre trait\u00e9e imm\u00e9diatement. Si elle n&#039;est pas trait\u00e9e, l&#039;hypoglyc\u00e9mie peut entra\u00eener une perte de conscience, des convulsions et, rarement, la mort.\" \/>\n<meta property=\"og:url\" content=\"https:\/\/ca.beyondtype2.org\/fr\/lhypoglycemie-et-son-traitement\/\" \/>\n<meta property=\"og:site_name\" content=\"Beyond Type 2 Canada\" \/>\n<meta property=\"article:modified_time\" content=\"2023-09-06T20:35:00+00:00\" \/>\n<meta property=\"og:image\" content=\"https:\/\/ca.beyondtype2.org\/fr\/wp-content\/uploads\/sites\/2\/2023\/09\/BT2-HEADER-HYPOGLYCEMIA-WOMAN.png\" \/>\n\t<meta property=\"og:image:width\" content=\"2048\" \/>\n\t<meta property=\"og:image:height\" content=\"733\" \/>\n\t<meta property=\"og:image:type\" content=\"image\/png\" \/>\n<meta name=\"twitter:card\" content=\"summary_large_image\" \/>\n<meta name=\"twitter:label1\" content=\"Est. reading time\" \/>\n\t<meta name=\"twitter:data1\" content=\"5 minutes\" \/>\n<script type=\"application\/ld+json\" class=\"yoast-schema-graph\">{\"@context\":\"https:\/\/schema.org\",\"@graph\":[{\"@type\":\"WebPage\",\"@id\":\"https:\/\/ca.beyondtype2.org\/fr\/lhypoglycemie-et-son-traitement\/\",\"url\":\"https:\/\/ca.beyondtype2.org\/fr\/lhypoglycemie-et-son-traitement\/\",\"name\":\"L'hypoglyc\u00e9mie et son traitement - Beyond Type 2 Canada\",\"isPartOf\":{\"@id\":\"https:\/\/ca.beyondtype2.org\/fr\/#website\"},\"primaryImageOfPage\":{\"@id\":\"https:\/\/ca.beyondtype2.org\/fr\/lhypoglycemie-et-son-traitement\/#primaryimage\"},\"image\":{\"@id\":\"https:\/\/ca.beyondtype2.org\/fr\/lhypoglycemie-et-son-traitement\/#primaryimage\"},\"thumbnailUrl\":\"https:\/\/ca.beyondtype2.org\/fr\/wp-content\/uploads\/sites\/2\/2023\/09\/BT2-HEADER-HYPOGLYCEMIA-WOMAN.png\",\"datePublished\":\"2023-08-22T15:01:58+00:00\",\"dateModified\":\"2023-09-06T20:35:00+00:00\",\"description\":\"L'hypoglyc\u00e9mie est dangereuse et doit \u00eatre trait\u00e9e imm\u00e9diatement. Si elle n'est pas trait\u00e9e, l'hypoglyc\u00e9mie peut entra\u00eener une perte de conscience, des convulsions et, rarement, la mort.\",\"breadcrumb\":{\"@id\":\"https:\/\/ca.beyondtype2.org\/fr\/lhypoglycemie-et-son-traitement\/#breadcrumb\"},\"inLanguage\":\"en-US\",\"potentialAction\":[{\"@type\":\"ReadAction\",\"target\":[\"https:\/\/ca.beyondtype2.org\/fr\/lhypoglycemie-et-son-traitement\/\"]}]},{\"@type\":\"ImageObject\",\"inLanguage\":\"en-US\",\"@id\":\"https:\/\/ca.beyondtype2.org\/fr\/lhypoglycemie-et-son-traitement\/#primaryimage\",\"url\":\"https:\/\/ca.beyondtype2.org\/fr\/wp-content\/uploads\/sites\/2\/2023\/09\/BT2-HEADER-HYPOGLYCEMIA-WOMAN.png\",\"contentUrl\":\"https:\/\/ca.beyondtype2.org\/fr\/wp-content\/uploads\/sites\/2\/2023\/09\/BT2-HEADER-HYPOGLYCEMIA-WOMAN.png\",\"width\":2048,\"height\":733},{\"@type\":\"BreadcrumbList\",\"@id\":\"https:\/\/ca.beyondtype2.org\/fr\/lhypoglycemie-et-son-traitement\/#breadcrumb\",\"itemListElement\":[{\"@type\":\"ListItem\",\"position\":1,\"name\":\"Home\",\"item\":\"https:\/\/ca.beyondtype2.org\/fr\/\"},{\"@type\":\"ListItem\",\"position\":2,\"name\":\"L&#8217;hypoglyc\u00e9mie et son traitement\"}]},{\"@type\":\"WebSite\",\"@id\":\"https:\/\/ca.beyondtype2.org\/fr\/#website\",\"url\":\"https:\/\/ca.beyondtype2.org\/fr\/\",\"name\":\"Beyond Type 2 Canada\",\"description\":\"\",\"publisher\":{\"@id\":\"https:\/\/ca.beyondtype2.org\/fr\/#organization\"},\"potentialAction\":[{\"@type\":\"SearchAction\",\"target\":{\"@type\":\"EntryPoint\",\"urlTemplate\":\"https:\/\/ca.beyondtype2.org\/fr\/?s={search_term_string}\"},\"query-input\":{\"@type\":\"PropertyValueSpecification\",\"valueRequired\":true,\"valueName\":\"search_term_string\"}}],\"inLanguage\":\"en-US\"},{\"@type\":\"Organization\",\"@id\":\"https:\/\/ca.beyondtype2.org\/fr\/#organization\",\"name\":\"Beyond Type 2 Canada\",\"url\":\"https:\/\/ca.beyondtype2.org\/fr\/\",\"logo\":{\"@type\":\"ImageObject\",\"inLanguage\":\"en-US\",\"@id\":\"https:\/\/ca.beyondtype2.org\/fr\/#\/schema\/logo\/image\/\",\"url\":\"https:\/\/ca.beyondtype2.org\/fr\/wp-content\/uploads\/sites\/2\/2023\/08\/bt2-logo-v2.png\",\"contentUrl\":\"https:\/\/ca.beyondtype2.org\/fr\/wp-content\/uploads\/sites\/2\/2023\/08\/bt2-logo-v2.png\",\"width\":380,\"height\":83,\"caption\":\"Beyond Type 2 Canada\"},\"image\":{\"@id\":\"https:\/\/ca.beyondtype2.org\/fr\/#\/schema\/logo\/image\/\"}}]}<\/script>\n<!-- \/ Yoast SEO plugin. -->","yoast_head_json":{"title":"L'hypoglyc\u00e9mie et son traitement - Beyond Type 2 Canada","description":"L'hypoglyc\u00e9mie est dangereuse et doit \u00eatre trait\u00e9e imm\u00e9diatement. Si elle n'est pas trait\u00e9e, l'hypoglyc\u00e9mie peut entra\u00eener une perte de conscience, des convulsions et, rarement, la mort.","robots":{"index":"index","follow":"follow","max-snippet":"max-snippet:-1","max-image-preview":"max-image-preview:large","max-video-preview":"max-video-preview:-1"},"canonical":"https:\/\/ca.beyondtype2.org\/fr\/lhypoglycemie-et-son-traitement\/","og_locale":"en_US","og_type":"article","og_title":"L'hypoglyc\u00e9mie et son traitement - Beyond Type 2 Canada","og_description":"L'hypoglyc\u00e9mie est dangereuse et doit \u00eatre trait\u00e9e imm\u00e9diatement. Si elle n'est pas trait\u00e9e, l'hypoglyc\u00e9mie peut entra\u00eener une perte de conscience, des convulsions et, rarement, la mort.","og_url":"https:\/\/ca.beyondtype2.org\/fr\/lhypoglycemie-et-son-traitement\/","og_site_name":"Beyond Type 2 Canada","article_modified_time":"2023-09-06T20:35:00+00:00","og_image":[{"width":2048,"height":733,"url":"https:\/\/ca.beyondtype2.org\/fr\/wp-content\/uploads\/sites\/2\/2023\/09\/BT2-HEADER-HYPOGLYCEMIA-WOMAN.png","type":"image\/png"}],"twitter_card":"summary_large_image","twitter_misc":{"Est. reading time":"5 minutes"},"schema":{"@context":"https:\/\/schema.org","@graph":[{"@type":"WebPage","@id":"https:\/\/ca.beyondtype2.org\/fr\/lhypoglycemie-et-son-traitement\/","url":"https:\/\/ca.beyondtype2.org\/fr\/lhypoglycemie-et-son-traitement\/","name":"L'hypoglyc\u00e9mie et son traitement - Beyond Type 2 Canada","isPartOf":{"@id":"https:\/\/ca.beyondtype2.org\/fr\/#website"},"primaryImageOfPage":{"@id":"https:\/\/ca.beyondtype2.org\/fr\/lhypoglycemie-et-son-traitement\/#primaryimage"},"image":{"@id":"https:\/\/ca.beyondtype2.org\/fr\/lhypoglycemie-et-son-traitement\/#primaryimage"},"thumbnailUrl":"https:\/\/ca.beyondtype2.org\/fr\/wp-content\/uploads\/sites\/2\/2023\/09\/BT2-HEADER-HYPOGLYCEMIA-WOMAN.png","datePublished":"2023-08-22T15:01:58+00:00","dateModified":"2023-09-06T20:35:00+00:00","description":"L'hypoglyc\u00e9mie est dangereuse et doit \u00eatre trait\u00e9e imm\u00e9diatement. Si elle n'est pas trait\u00e9e, l'hypoglyc\u00e9mie peut entra\u00eener une perte de conscience, des convulsions et, rarement, la mort.","breadcrumb":{"@id":"https:\/\/ca.beyondtype2.org\/fr\/lhypoglycemie-et-son-traitement\/#breadcrumb"},"inLanguage":"en-US","potentialAction":[{"@type":"ReadAction","target":["https:\/\/ca.beyondtype2.org\/fr\/lhypoglycemie-et-son-traitement\/"]}]},{"@type":"ImageObject","inLanguage":"en-US","@id":"https:\/\/ca.beyondtype2.org\/fr\/lhypoglycemie-et-son-traitement\/#primaryimage","url":"https:\/\/ca.beyondtype2.org\/fr\/wp-content\/uploads\/sites\/2\/2023\/09\/BT2-HEADER-HYPOGLYCEMIA-WOMAN.png","contentUrl":"https:\/\/ca.beyondtype2.org\/fr\/wp-content\/uploads\/sites\/2\/2023\/09\/BT2-HEADER-HYPOGLYCEMIA-WOMAN.png","width":2048,"height":733},{"@type":"BreadcrumbList","@id":"https:\/\/ca.beyondtype2.org\/fr\/lhypoglycemie-et-son-traitement\/#breadcrumb","itemListElement":[{"@type":"ListItem","position":1,"name":"Home","item":"https:\/\/ca.beyondtype2.org\/fr\/"},{"@type":"ListItem","position":2,"name":"L&#8217;hypoglyc\u00e9mie et son traitement"}]},{"@type":"WebSite","@id":"https:\/\/ca.beyondtype2.org\/fr\/#website","url":"https:\/\/ca.beyondtype2.org\/fr\/","name":"Beyond Type 2 Canada","description":"","publisher":{"@id":"https:\/\/ca.beyondtype2.org\/fr\/#organization"},"potentialAction":[{"@type":"SearchAction","target":{"@type":"EntryPoint","urlTemplate":"https:\/\/ca.beyondtype2.org\/fr\/?s={search_term_string}"},"query-input":{"@type":"PropertyValueSpecification","valueRequired":true,"valueName":"search_term_string"}}],"inLanguage":"en-US"},{"@type":"Organization","@id":"https:\/\/ca.beyondtype2.org\/fr\/#organization","name":"Beyond Type 2 Canada","url":"https:\/\/ca.beyondtype2.org\/fr\/","logo":{"@type":"ImageObject","inLanguage":"en-US","@id":"https:\/\/ca.beyondtype2.org\/fr\/#\/schema\/logo\/image\/","url":"https:\/\/ca.beyondtype2.org\/fr\/wp-content\/uploads\/sites\/2\/2023\/08\/bt2-logo-v2.png","contentUrl":"https:\/\/ca.beyondtype2.org\/fr\/wp-content\/uploads\/sites\/2\/2023\/08\/bt2-logo-v2.png","width":380,"height":83,"caption":"Beyond Type 2 Canada"},"image":{"@id":"https:\/\/ca.beyondtype2.org\/fr\/#\/schema\/logo\/image\/"}}]}},"featured_image_src":"https:\/\/ca.beyondtype2.org\/fr\/wp-content\/uploads\/sites\/2\/2023\/09\/BT2-HEADER-HYPOGLYCEMIA-WOMAN-600x400.png","featured_image_src_square":"https:\/\/ca.beyondtype2.org\/fr\/wp-content\/uploads\/sites\/2\/2023\/09\/BT2-HEADER-HYPOGLYCEMIA-WOMAN-600x600.png","_links":{"self":[{"href":"https:\/\/ca.beyondtype2.org\/fr\/wp-json\/wp\/v2\/pages\/98","targetHints":{"allow":["GET"]}}],"collection":[{"href":"https:\/\/ca.beyondtype2.org\/fr\/wp-json\/wp\/v2\/pages"}],"about":[{"href":"https:\/\/ca.beyondtype2.org\/fr\/wp-json\/wp\/v2\/types\/page"}],"author":[{"embeddable":true,"href":"https:\/\/ca.beyondtype2.org\/fr\/wp-json\/wp\/v2\/users\/10"}],"replies":[{"embeddable":true,"href":"https:\/\/ca.beyondtype2.org\/fr\/wp-json\/wp\/v2\/comments?post=98"}],"version-history":[{"count":0,"href":"https:\/\/ca.beyondtype2.org\/fr\/wp-json\/wp\/v2\/pages\/98\/revisions"}],"wp:featuredmedia":[{"embeddable":true,"href":"https:\/\/ca.beyondtype2.org\/fr\/wp-json\/wp\/v2\/media\/833"}],"wp:attachment":[{"href":"https:\/\/ca.beyondtype2.org\/fr\/wp-json\/wp\/v2\/media?parent=98"}],"wp:term":[{"taxonomy":"category","embeddable":true,"href":"https:\/\/ca.beyondtype2.org\/fr\/wp-json\/wp\/v2\/categories?post=98"},{"taxonomy":"post_tag","embeddable":true,"href":"https:\/\/ca.beyondtype2.org\/fr\/wp-json\/wp\/v2\/tags?post=98"},{"taxonomy":"invisible","embeddable":true,"href":"https:\/\/ca.beyondtype2.org\/fr\/wp-json\/wp\/v2\/invisible?post=98"}],"curies":[{"name":"wp","href":"https:\/\/api.w.org\/{rel}","templated":true}]}}