			{"id":95,"date":"2023-08-22T10:56:16","date_gmt":"2023-08-22T14:56:16","guid":{"rendered":"https:\/\/beyondtype2ca.wpengine.com\/fr\/?page_id=95"},"modified":"2023-09-06T14:39:04","modified_gmt":"2023-09-06T18:39:04","slug":"lhyperglycemie-et-comment-la-traiter","status":"publish","type":"page","link":"https:\/\/ca.beyondtype2.org\/fr\/lhyperglycemie-et-comment-la-traiter\/","title":{"rendered":"L&#8217;hyperglyc\u00e9mie et comment la traiter"},"content":{"rendered":"<h3><b>Qu\u2019est-ce que l\u2019<\/b><b>hyperglyc\u00e9mie<\/b> <b>?<\/b><\/h3>\n<p><span style=\"font-weight: 400\">L&#8217;hyperglyc\u00e9mie, ou taux de glucose \u00e9lev\u00e9, survient lorsque le glucose est retenu dans la circulation sanguine en raison d&#8217;un manque d&#8217;insuline.<\/span><\/p>\n<p><span style=\"font-weight: 400\">Les plages de glyc\u00e9mie varient d&#8217;une personne \u00e0 l&#8217;autre, donc discutez avec votre \u00e9quipe m\u00e9dicale de votre seuil d&#8217;hyperglyc\u00e9mie. Un r\u00e9sultat sup\u00e9rieur \u00e0 160 mg\/dL (8,9 mmol\/l) indique une hyperglyc\u00e9mie selon le Joslin Diabetes Center, m\u00eame si les sympt\u00f4mes peuvent ne pas se manifester avant que la glyc\u00e9mie n&#8217;atteigne 200 mg\/dl (11 mmol\/l) (Mayo Clinic).<\/span><\/p>\n<p><span style=\"font-weight: 400\">Si elle n&#8217;est pas trait\u00e9e, l&#8217;hyperglyc\u00e9mie peut entra\u00eener une d\u00e9shydratation s\u00e9v\u00e8re, une acidoc\u00e9tose diab\u00e9tique et un coma. Les effets de l&#8217;hyperglyc\u00e9mie \u00e0 long terme incluent des l\u00e9sions aux yeux, aux reins, au syst\u00e8me nerveux et au c\u0153ur.<\/span><\/p>\n<h3><b>Pourquoi est-ce qu\u2019elle se manifeste\u00a0?<\/b><\/h3>\n<p><span style=\"font-weight: 400\">Prendre trop peu d&#8217;insuline, n\u00e9gliger les glucides \u00e0 l&#8217;heure des repas, le stress, ne pas faire autant d&#8217;exercice que pr\u00e9vu, les fluctuations hormonales et la maladie peuvent tous contribuer \u00e0 l&#8217;hyperglyc\u00e9mie.\u00a0<\/span><\/p>\n<p><span style=\"font-weight: 400\">L&#8217;hyperglyc\u00e9mie peut se manifester lorsque le corps est soumis \u00e0 un stress physique, comme lorsque vous luttez contre une infection ou une autre maladie, lorsque vous gu\u00e9rissez d&#8217;une blessure ou si vous avez r\u00e9cemment subi une chirurgie. Le stress \u00e9motionnel contribue \u00e9galement \u00e0 l&#8217;hyperglyc\u00e9mie, car les hormones produites en r\u00e9ponse au stress font augmenter la glyc\u00e9mie.<\/span><\/p>\n<p><span style=\"font-weight: 400\">Cr\u00e9ez un plan avec votre endocrinologue pour les jours de maladie<\/span><span style=\"font-weight: 400\">, car vos besoins en insuline peuvent changer (il est m\u00eame possible que votre pompe ait une cat\u00e9gorie \u00ab\u00a0jour de maladie\u00a0\u00bb dans les r\u00e9glages de base). Surveillez attentivement votre glyc\u00e9mie et v\u00e9rifiez la pr\u00e9sence de c\u00e9tones quand vous ne vous sentez pas bien pour \u00e9viter de ressentir les effets n\u00e9gatifs de l&#8217;hyperglyc\u00e9mie. Communiquez avec votre \u00e9quipe m\u00e9dicale sur ce que vous ressentez et posez des questions concernant l&#8217;ajustement de votre routine d&#8217;insuline.<\/span><\/p>\n<p><span style=\"font-weight: 400\">Parfois, l&#8217;hyperglyc\u00e9mie peut survenir lorsque l&#8217;insuline est p\u00e9rim\u00e9e ou lorsqu&#8217;elle \u00ab\u00a0se d\u00e9t\u00e9riore\u00a0\u00bb \u00e0 la suite d&#8217;une exposition \u00e0 une forte chaleur ou \u00e0 un froid intense. Conservez votre insuline dans des plages de temp\u00e9rature appropri\u00e9es pour pr\u00e9server son efficacit\u00e9.<\/span><\/p>\n<p><span style=\"font-weight: 400\">Le Dr Osama Hamdy, du Joslin Diabetes Center, mentionn\u00e9 dans <\/span><span style=\"font-weight: 400\">Hypoglyc\u00e9mie et comment la traiter<\/span><span style=\"font-weight: 400\">, affirme que surcorriger une hypoglyc\u00e9mie peut entra\u00eener un rebond ou un pic de la glyc\u00e9mie, aussi appel\u00e9 \u00ab\u00a0hyperglyc\u00e9mie de rebond\u00a0\u00bb. Si votre glyc\u00e9mie semble hors de contr\u00f4le sans raison, il est pr\u00e9f\u00e9rable de v\u00e9rifier si la canule ou la tubulure est obstru\u00e9e, emp\u00eachant votre corps d&#8217;absorber correctement l&#8217;insuline.<\/span><\/p>\n<h3><b>Les signes et sympt\u00f4mes initiaux\u00a0<\/b><\/h3>\n<ul>\n<li style=\"font-weight: 400\"><span style=\"font-weight: 400\">Une soif insatiable<\/span><\/li>\n<li style=\"font-weight: 400\"><span style=\"font-weight: 400\">Une bouche s\u00e8che<\/span><\/li>\n<li style=\"font-weight: 400\"><span style=\"font-weight: 400\">De la fatigue<\/span><\/li>\n<li style=\"font-weight: 400\"><span style=\"font-weight: 400\">Une augmentation de la fr\u00e9quente des urines<\/span><\/li>\n<li style=\"font-weight: 400\"><span style=\"font-weight: 400\">Une vision floue<\/span><\/li>\n<li style=\"font-weight: 400\"><span style=\"font-weight: 400\">Des infections r\u00e9currentes<\/span><\/li>\n<li style=\"font-weight: 400\"><span style=\"font-weight: 400\">Des coupures ou des plaies \u00e0 cicatrisation lente<\/span><\/li>\n<\/ul>\n<h3><b>Les sympt\u00f4mes avanc\u00e9s<\/b><\/h3>\n<ul>\n<li style=\"font-weight: 400\"><span style=\"font-weight: 400\">Une haleine fruit\u00e9e<\/span><\/li>\n<li style=\"font-weight: 400\"><span style=\"font-weight: 400\">Une perte de poids<\/span><\/li>\n<li style=\"font-weight: 400\"><span style=\"font-weight: 400\">Une douleur abdominale<\/span><\/li>\n<li style=\"font-weight: 400\"><span style=\"font-weight: 400\">De la confusion<\/span><\/li>\n<li style=\"font-weight: 400\"><span style=\"font-weight: 400\">La pr\u00e9sence de c\u00e9tones<\/span><\/li>\n<li style=\"font-weight: 400\"><span style=\"font-weight: 400\">Des vomissements<\/span><\/li>\n<li style=\"font-weight: 400\"><span style=\"font-weight: 400\">De la fatigue<\/span><\/li>\n<li style=\"font-weight: 400\"><span style=\"font-weight: 400\">Un coma<\/span><\/li>\n<\/ul>\n<h3><b>Comment doit-elle \u00eatre trait\u00e9e\u00a0?<\/b><\/h3>\n<ul>\n<li style=\"font-weight: 400\"><span style=\"font-weight: 400\">V\u00e9rifiez votre taux de sucre dans le sang et d\u00e9terminez s&#8217;il est sup\u00e9rieur \u00e0 votre intervalle cible, qui varie d&#8217;une personne \u00e0 l&#8217;autre.\u00a0<\/span><\/li>\n<li style=\"font-weight: 400\"><span style=\"font-weight: 400\">Examinez attentivement votre pompe, votre tubulure et votre canule pour vous assurer qu&#8217;il n&#8217;y a aucun pli ou autre probl\u00e8me qui affecte l&#8217;administration d&#8217;insuline.<\/span><\/li>\n<li>Ajustez la dose d&#8217;insuline, selon les directives de votre m\u00e9decin.<\/li>\n<li style=\"font-weight: 400\"><span style=\"font-weight: 400\">Lisez attentivement l&#8217;\u00e9tiquette de votre insuline pour vous assurer qu&#8217;elle reste dans les limites de temp\u00e9rature appropri\u00e9es. \u00c9crire la date sur la bo\u00eete quand vous ouvrez une nouvelle fiole d&#8217;insuline est un bon moyen de ne pas oublier depuis combien de temps vous l&#8217;utilisez.\u00a0<\/span><\/li>\n<li style=\"font-weight: 400\"><span style=\"font-weight: 400\">En cas d&#8217;hyperglyc\u00e9mie prolong\u00e9e, une visite chez le m\u00e9decin ou aux urgences peut \u00eatre n\u00e9cessaire. L&#8217;acidoc\u00e9tose diab\u00e9tique et d&#8217;autres complications peuvent survenir si la glyc\u00e9mie est \u00e9lev\u00e9e depuis longtemps. L&#8217;administration de liquides par voie intraveineuse peut aider \u00e0 abaisser la glyc\u00e9mie et \u00e0 r\u00e9hydrater l&#8217;organisme.<\/span><\/li>\n<li>Notez toute raison possible ou tout changement \u00e0 votre quotidien susceptible d&#8217;avoir contribu\u00e9 \u00e0 votre hyperglyc\u00e9mie :\n<ul>\n<li>Qu&#8217;avez-vous bu ou mang\u00e9? Avez-vous consomm\u00e9 un aliment plus riche en glucides que d&#8217;habitude?<\/li>\n<li>Vivez-vous du stress?<\/li>\n<li>Dormez-vous suffisament?<\/li>\n<li>Venez-vous de terminer un entra\u00eenement? Apprenez pourquoi votre taux de sucre dans le sang peut \u00eatre <a href=\"https:\/\/beyondtype2.org\/10-reasons-for-hyperglycemia-during-training\/\">\u00e9lev\u00e9 apres avoir fait de l&#8217;exercice<\/a>.<\/li>\n<li>Voyagez-vous en ce moment ou avez-vous chang\u00e9 vos habitudes en mati\u00e8re d&#8217;alimentation ou d&#8217;exercice?<\/li>\n<\/ul>\n<\/li>\n<\/ul>\n<p><span style=\"font-weight: 400\">En plus d&#8217;un <\/span><span style=\"font-weight: 400\">plan pour les \u00ab\u00a0jours de maladie\u00a0\u00bb<\/span><span style=\"font-weight: 400\">, dressez avec votre m\u00e9decin un plan pour savoir \u00e0 quel moment vous devriez rechercher une assistance m\u00e9dicale. Posez des questions sur la meilleure fa\u00e7on de traiter l&#8217;hyperglyc\u00e9mie pour vous, sur ce qu&#8217;il faut faire si vous n&#8217;arrivez pas \u00e0 maintenir les aliments ou les liquides \u00e0 un niveau bas, et sur la meilleure fa\u00e7on de pr\u00e9venir les cas d&#8217;hyperglyc\u00e9mie pour vous.<\/span><\/p>\n<p><span style=\"font-weight: 400\">R\u00c9F\u00c9RENCES\u00a0:<\/span><\/p>\n<ul>\n<li><span style=\"font-weight: 400\">JOSLIN DIABETES CENTER. <\/span><a href=\"http:\/\/www.joslin.org\/info\/high_blood_glucose_what_it_means_and_how_to_treat_it.html\"><b>HIGH BLOOD GLUCOSE: WHAT IT MEANS AND HOW TO TREAT IT<\/b><\/a><\/li>\n<li><a href=\"http:\/\/d-net.idf.org\/en\/\"><b>THE INTERNATIONAL DIABETES FEDERATION DIABETES NETWORK FOR HEALTH PROFESSIONALS (D-NET)<\/b><\/a><span style=\"font-weight: 400\">. AN INTRODUCTION TO DIABETES<\/span><\/li>\n<li><span style=\"font-weight: 400\">MAYO CLINIC. <\/span><a href=\"http:\/\/www.mayoclinic.org\/diseases-conditions\/hyperglycemia\/basics\/symptoms\/con-20034795\"><b>HYPERGLYCEMIA IN DIABETES<\/b><\/a><\/li>\n<\/ul>\n<p>&nbsp;<\/p>\n","protected":false},"excerpt":{"rendered":"<p>Qu\u2019est-ce que l\u2019hyperglyc\u00e9mie ? L&#8217;hyperglyc\u00e9mie, ou taux de glucose \u00e9lev\u00e9, survient lorsque le glucose est retenu dans la circulation sanguine en raison d&#8217;un manque d&#8217;insuline. Les plages de glyc\u00e9mie varient d&#8217;une personne \u00e0 l&#8217;autre, donc discutez avec votre \u00e9quipe m\u00e9dicale de votre seuil d&#8217;hyperglyc\u00e9mie. Un r\u00e9sultat sup\u00e9rieur \u00e0 160 mg\/dL (8,9 mmol\/l) indique une hyperglyc\u00e9mie [&hellip;]<\/p>\n","protected":false},"author":10,"featured_media":792,"parent":0,"menu_order":0,"comment_status":"closed","ping_status":"closed","template":"","meta":{"_acf_changed":false,"footnotes":""},"categories":[33,1,35],"tags":[],"invisible":[11,8,7,6],"class_list":["post-95","page","type-page","status-publish","has-post-thumbnail","hentry","category-guides-pour-les-nouvellement-diagnostiques-avec-le-diabete","category-articles-pour-les-nouvellement-diagnostiques-avec-le-diabete","category-traitement-de-lhyperglycemie-diabete","invisible-bsfitness","invisible-core-evergreen-resource","invisible-guides","invisible-thenextlayer"],"acf":[],"yoast_head":"<!-- This site is optimized with the Yoast SEO plugin v24.9 - https:\/\/yoast.com\/wordpress\/plugins\/seo\/ -->\n<title>L&#039;hyperglyc\u00e9mie et comment la traiter - Beyond Type 2 Canada<\/title>\n<meta name=\"description\" content=\"L&#039;hyperglyc\u00e9mie, ou taux de glucose \u00e9lev\u00e9, survient lorsque le glucose est retenu dans la circulation sanguine en raison d&#039;un manque d&#039;insuline.\" \/>\n<meta name=\"robots\" content=\"index, follow, max-snippet:-1, max-image-preview:large, max-video-preview:-1\" \/>\n<link rel=\"canonical\" href=\"https:\/\/ca.beyondtype2.org\/fr\/lhyperglycemie-et-comment-la-traiter\/\" \/>\n<meta property=\"og:locale\" content=\"en_US\" \/>\n<meta property=\"og:type\" content=\"article\" \/>\n<meta property=\"og:title\" content=\"L&#039;hyperglyc\u00e9mie et comment la traiter - Beyond Type 2 Canada\" \/>\n<meta property=\"og:description\" content=\"L&#039;hyperglyc\u00e9mie, ou taux de glucose \u00e9lev\u00e9, survient lorsque le glucose est retenu dans la circulation sanguine en raison d&#039;un manque d&#039;insuline.\" \/>\n<meta property=\"og:url\" content=\"https:\/\/ca.beyondtype2.org\/fr\/lhyperglycemie-et-comment-la-traiter\/\" \/>\n<meta property=\"og:site_name\" content=\"Beyond Type 2 Canada\" \/>\n<meta property=\"article:modified_time\" content=\"2023-09-06T18:39:04+00:00\" \/>\n<meta property=\"og:image\" content=\"https:\/\/ca.beyondtype2.org\/fr\/wp-content\/uploads\/sites\/2\/2023\/09\/BT2-HEADER-HYPERGLYCEMIA-MAN-WATER.png\" \/>\n\t<meta property=\"og:image:width\" content=\"2048\" \/>\n\t<meta property=\"og:image:height\" content=\"733\" \/>\n\t<meta property=\"og:image:type\" content=\"image\/png\" \/>\n<meta name=\"twitter:card\" content=\"summary_large_image\" \/>\n<meta name=\"twitter:label1\" content=\"Est. reading time\" \/>\n\t<meta name=\"twitter:data1\" content=\"4 minutes\" \/>\n<script type=\"application\/ld+json\" class=\"yoast-schema-graph\">{\"@context\":\"https:\/\/schema.org\",\"@graph\":[{\"@type\":\"WebPage\",\"@id\":\"https:\/\/ca.beyondtype2.org\/fr\/lhyperglycemie-et-comment-la-traiter\/\",\"url\":\"https:\/\/ca.beyondtype2.org\/fr\/lhyperglycemie-et-comment-la-traiter\/\",\"name\":\"L'hyperglyc\u00e9mie et comment la traiter - Beyond Type 2 Canada\",\"isPartOf\":{\"@id\":\"https:\/\/ca.beyondtype2.org\/fr\/#website\"},\"primaryImageOfPage\":{\"@id\":\"https:\/\/ca.beyondtype2.org\/fr\/lhyperglycemie-et-comment-la-traiter\/#primaryimage\"},\"image\":{\"@id\":\"https:\/\/ca.beyondtype2.org\/fr\/lhyperglycemie-et-comment-la-traiter\/#primaryimage\"},\"thumbnailUrl\":\"https:\/\/ca.beyondtype2.org\/fr\/wp-content\/uploads\/sites\/2\/2023\/09\/BT2-HEADER-HYPERGLYCEMIA-MAN-WATER.png\",\"datePublished\":\"2023-08-22T14:56:16+00:00\",\"dateModified\":\"2023-09-06T18:39:04+00:00\",\"description\":\"L'hyperglyc\u00e9mie, ou taux de glucose \u00e9lev\u00e9, survient lorsque le glucose est retenu dans la circulation sanguine en raison d'un manque d'insuline.\",\"breadcrumb\":{\"@id\":\"https:\/\/ca.beyondtype2.org\/fr\/lhyperglycemie-et-comment-la-traiter\/#breadcrumb\"},\"inLanguage\":\"en-US\",\"potentialAction\":[{\"@type\":\"ReadAction\",\"target\":[\"https:\/\/ca.beyondtype2.org\/fr\/lhyperglycemie-et-comment-la-traiter\/\"]}]},{\"@type\":\"ImageObject\",\"inLanguage\":\"en-US\",\"@id\":\"https:\/\/ca.beyondtype2.org\/fr\/lhyperglycemie-et-comment-la-traiter\/#primaryimage\",\"url\":\"https:\/\/ca.beyondtype2.org\/fr\/wp-content\/uploads\/sites\/2\/2023\/09\/BT2-HEADER-HYPERGLYCEMIA-MAN-WATER.png\",\"contentUrl\":\"https:\/\/ca.beyondtype2.org\/fr\/wp-content\/uploads\/sites\/2\/2023\/09\/BT2-HEADER-HYPERGLYCEMIA-MAN-WATER.png\",\"width\":2048,\"height\":733},{\"@type\":\"BreadcrumbList\",\"@id\":\"https:\/\/ca.beyondtype2.org\/fr\/lhyperglycemie-et-comment-la-traiter\/#breadcrumb\",\"itemListElement\":[{\"@type\":\"ListItem\",\"position\":1,\"name\":\"Home\",\"item\":\"https:\/\/ca.beyondtype2.org\/fr\/\"},{\"@type\":\"ListItem\",\"position\":2,\"name\":\"L&#8217;hyperglyc\u00e9mie et comment la traiter\"}]},{\"@type\":\"WebSite\",\"@id\":\"https:\/\/ca.beyondtype2.org\/fr\/#website\",\"url\":\"https:\/\/ca.beyondtype2.org\/fr\/\",\"name\":\"Beyond Type 2 Canada\",\"description\":\"\",\"publisher\":{\"@id\":\"https:\/\/ca.beyondtype2.org\/fr\/#organization\"},\"potentialAction\":[{\"@type\":\"SearchAction\",\"target\":{\"@type\":\"EntryPoint\",\"urlTemplate\":\"https:\/\/ca.beyondtype2.org\/fr\/?s={search_term_string}\"},\"query-input\":{\"@type\":\"PropertyValueSpecification\",\"valueRequired\":true,\"valueName\":\"search_term_string\"}}],\"inLanguage\":\"en-US\"},{\"@type\":\"Organization\",\"@id\":\"https:\/\/ca.beyondtype2.org\/fr\/#organization\",\"name\":\"Beyond Type 2 Canada\",\"url\":\"https:\/\/ca.beyondtype2.org\/fr\/\",\"logo\":{\"@type\":\"ImageObject\",\"inLanguage\":\"en-US\",\"@id\":\"https:\/\/ca.beyondtype2.org\/fr\/#\/schema\/logo\/image\/\",\"url\":\"https:\/\/ca.beyondtype2.org\/fr\/wp-content\/uploads\/sites\/2\/2023\/08\/bt2-logo-v2.png\",\"contentUrl\":\"https:\/\/ca.beyondtype2.org\/fr\/wp-content\/uploads\/sites\/2\/2023\/08\/bt2-logo-v2.png\",\"width\":380,\"height\":83,\"caption\":\"Beyond Type 2 Canada\"},\"image\":{\"@id\":\"https:\/\/ca.beyondtype2.org\/fr\/#\/schema\/logo\/image\/\"}}]}<\/script>\n<!-- \/ Yoast SEO plugin. -->","yoast_head_json":{"title":"L'hyperglyc\u00e9mie et comment la traiter - Beyond Type 2 Canada","description":"L'hyperglyc\u00e9mie, ou taux de glucose \u00e9lev\u00e9, survient lorsque le glucose est retenu dans la circulation sanguine en raison d'un manque d'insuline.","robots":{"index":"index","follow":"follow","max-snippet":"max-snippet:-1","max-image-preview":"max-image-preview:large","max-video-preview":"max-video-preview:-1"},"canonical":"https:\/\/ca.beyondtype2.org\/fr\/lhyperglycemie-et-comment-la-traiter\/","og_locale":"en_US","og_type":"article","og_title":"L'hyperglyc\u00e9mie et comment la traiter - Beyond Type 2 Canada","og_description":"L'hyperglyc\u00e9mie, ou taux de glucose \u00e9lev\u00e9, survient lorsque le glucose est retenu dans la circulation sanguine en raison d'un manque d'insuline.","og_url":"https:\/\/ca.beyondtype2.org\/fr\/lhyperglycemie-et-comment-la-traiter\/","og_site_name":"Beyond Type 2 Canada","article_modified_time":"2023-09-06T18:39:04+00:00","og_image":[{"width":2048,"height":733,"url":"https:\/\/ca.beyondtype2.org\/fr\/wp-content\/uploads\/sites\/2\/2023\/09\/BT2-HEADER-HYPERGLYCEMIA-MAN-WATER.png","type":"image\/png"}],"twitter_card":"summary_large_image","twitter_misc":{"Est. reading time":"4 minutes"},"schema":{"@context":"https:\/\/schema.org","@graph":[{"@type":"WebPage","@id":"https:\/\/ca.beyondtype2.org\/fr\/lhyperglycemie-et-comment-la-traiter\/","url":"https:\/\/ca.beyondtype2.org\/fr\/lhyperglycemie-et-comment-la-traiter\/","name":"L'hyperglyc\u00e9mie et comment la traiter - Beyond Type 2 Canada","isPartOf":{"@id":"https:\/\/ca.beyondtype2.org\/fr\/#website"},"primaryImageOfPage":{"@id":"https:\/\/ca.beyondtype2.org\/fr\/lhyperglycemie-et-comment-la-traiter\/#primaryimage"},"image":{"@id":"https:\/\/ca.beyondtype2.org\/fr\/lhyperglycemie-et-comment-la-traiter\/#primaryimage"},"thumbnailUrl":"https:\/\/ca.beyondtype2.org\/fr\/wp-content\/uploads\/sites\/2\/2023\/09\/BT2-HEADER-HYPERGLYCEMIA-MAN-WATER.png","datePublished":"2023-08-22T14:56:16+00:00","dateModified":"2023-09-06T18:39:04+00:00","description":"L'hyperglyc\u00e9mie, ou taux de glucose \u00e9lev\u00e9, survient lorsque le glucose est retenu dans la circulation sanguine en raison d'un manque d'insuline.","breadcrumb":{"@id":"https:\/\/ca.beyondtype2.org\/fr\/lhyperglycemie-et-comment-la-traiter\/#breadcrumb"},"inLanguage":"en-US","potentialAction":[{"@type":"ReadAction","target":["https:\/\/ca.beyondtype2.org\/fr\/lhyperglycemie-et-comment-la-traiter\/"]}]},{"@type":"ImageObject","inLanguage":"en-US","@id":"https:\/\/ca.beyondtype2.org\/fr\/lhyperglycemie-et-comment-la-traiter\/#primaryimage","url":"https:\/\/ca.beyondtype2.org\/fr\/wp-content\/uploads\/sites\/2\/2023\/09\/BT2-HEADER-HYPERGLYCEMIA-MAN-WATER.png","contentUrl":"https:\/\/ca.beyondtype2.org\/fr\/wp-content\/uploads\/sites\/2\/2023\/09\/BT2-HEADER-HYPERGLYCEMIA-MAN-WATER.png","width":2048,"height":733},{"@type":"BreadcrumbList","@id":"https:\/\/ca.beyondtype2.org\/fr\/lhyperglycemie-et-comment-la-traiter\/#breadcrumb","itemListElement":[{"@type":"ListItem","position":1,"name":"Home","item":"https:\/\/ca.beyondtype2.org\/fr\/"},{"@type":"ListItem","position":2,"name":"L&#8217;hyperglyc\u00e9mie et comment la traiter"}]},{"@type":"WebSite","@id":"https:\/\/ca.beyondtype2.org\/fr\/#website","url":"https:\/\/ca.beyondtype2.org\/fr\/","name":"Beyond Type 2 Canada","description":"","publisher":{"@id":"https:\/\/ca.beyondtype2.org\/fr\/#organization"},"potentialAction":[{"@type":"SearchAction","target":{"@type":"EntryPoint","urlTemplate":"https:\/\/ca.beyondtype2.org\/fr\/?s={search_term_string}"},"query-input":{"@type":"PropertyValueSpecification","valueRequired":true,"valueName":"search_term_string"}}],"inLanguage":"en-US"},{"@type":"Organization","@id":"https:\/\/ca.beyondtype2.org\/fr\/#organization","name":"Beyond Type 2 Canada","url":"https:\/\/ca.beyondtype2.org\/fr\/","logo":{"@type":"ImageObject","inLanguage":"en-US","@id":"https:\/\/ca.beyondtype2.org\/fr\/#\/schema\/logo\/image\/","url":"https:\/\/ca.beyondtype2.org\/fr\/wp-content\/uploads\/sites\/2\/2023\/08\/bt2-logo-v2.png","contentUrl":"https:\/\/ca.beyondtype2.org\/fr\/wp-content\/uploads\/sites\/2\/2023\/08\/bt2-logo-v2.png","width":380,"height":83,"caption":"Beyond Type 2 Canada"},"image":{"@id":"https:\/\/ca.beyondtype2.org\/fr\/#\/schema\/logo\/image\/"}}]}},"featured_image_src":"https:\/\/ca.beyondtype2.org\/fr\/wp-content\/uploads\/sites\/2\/2023\/09\/BT2-HEADER-HYPERGLYCEMIA-MAN-WATER-600x400.png","featured_image_src_square":"https:\/\/ca.beyondtype2.org\/fr\/wp-content\/uploads\/sites\/2\/2023\/09\/BT2-HEADER-HYPERGLYCEMIA-MAN-WATER-600x600.png","_links":{"self":[{"href":"https:\/\/ca.beyondtype2.org\/fr\/wp-json\/wp\/v2\/pages\/95","targetHints":{"allow":["GET"]}}],"collection":[{"href":"https:\/\/ca.beyondtype2.org\/fr\/wp-json\/wp\/v2\/pages"}],"about":[{"href":"https:\/\/ca.beyondtype2.org\/fr\/wp-json\/wp\/v2\/types\/page"}],"author":[{"embeddable":true,"href":"https:\/\/ca.beyondtype2.org\/fr\/wp-json\/wp\/v2\/users\/10"}],"replies":[{"embeddable":true,"href":"https:\/\/ca.beyondtype2.org\/fr\/wp-json\/wp\/v2\/comments?post=95"}],"version-history":[{"count":0,"href":"https:\/\/ca.beyondtype2.org\/fr\/wp-json\/wp\/v2\/pages\/95\/revisions"}],"wp:featuredmedia":[{"embeddable":true,"href":"https:\/\/ca.beyondtype2.org\/fr\/wp-json\/wp\/v2\/media\/792"}],"wp:attachment":[{"href":"https:\/\/ca.beyondtype2.org\/fr\/wp-json\/wp\/v2\/media?parent=95"}],"wp:term":[{"taxonomy":"category","embeddable":true,"href":"https:\/\/ca.beyondtype2.org\/fr\/wp-json\/wp\/v2\/categories?post=95"},{"taxonomy":"post_tag","embeddable":true,"href":"https:\/\/ca.beyondtype2.org\/fr\/wp-json\/wp\/v2\/tags?post=95"},{"taxonomy":"invisible","embeddable":true,"href":"https:\/\/ca.beyondtype2.org\/fr\/wp-json\/wp\/v2\/invisible?post=95"}],"curies":[{"name":"wp","href":"https:\/\/api.w.org\/{rel}","templated":true}]}}