			{"id":83,"date":"2023-08-22T10:42:06","date_gmt":"2023-08-22T14:42:06","guid":{"rendered":"https:\/\/beyondtype2ca.wpengine.com\/fr\/?page_id=83"},"modified":"2023-09-06T16:36:16","modified_gmt":"2023-09-06T20:36:16","slug":"prediabete","status":"publish","type":"page","link":"https:\/\/ca.beyondtype2.org\/fr\/prediabete\/","title":{"rendered":"Tout savoir sur le pr\u00e9diab\u00e8te"},"content":{"rendered":"<h3><b>QU\u2019EST-CE QUE LE PR\u00c9DIAB\u00c8TE ?<\/b><\/h3>\n<p><span style=\"font-weight: 400\">Le pr\u00e9diab\u00e8te d\u00e9signe une glyc\u00e9mie ou un taux d&#8217;HbA1c &#8211; qui refl\u00e8te la glyc\u00e9mie moyenne &#8211; sup\u00e9rieurs \u00e0 la normale mais pas assez \u00e9lev\u00e9s pour diagnostiquer un diab\u00e8te. Il est de plus en plus fr\u00e9quent au Canada. <\/span><\/p>\n<p>Selon les statistiques de Diabetes Canada:<\/p>\n<ul>\n<li>On estime que <a href=\"https:\/\/www.diabetes.ca\/health-care-providers\/clinical-practice-guidelines\/chapter-1#panel-tab_FullText\">5.7 millions d&#8217;adultes<\/a> au Canada &#8211; soit 22.1 % de la population canadienne &#8211; sont atteints de pr\u00e9diab\u00e8te.<\/li>\n<li>Le pr\u00e9diab\u00e8te augmente votre <a href=\"https:\/\/www.diabetes.ca\/en-CA\/type-2-risks\/risk-factors---assessments\">risque de d\u00e9velopper un diab\u00e8te de type 2<\/a>.<\/li>\n<li>S&#8217;il n&#8217;est pas soign\u00e9, le pr\u00e9diab\u00e8te m\u00e8nera au d\u00e9veloppement d&#8217;un diab\u00e8te de type 2 chez <a href=\"https:\/\/www.diabetes.ca\/DiabetesCanadaWebsite\/media\/Signs-Risks-Prevention\/Diabetes-by-the-numbers-infographic-2022_V1_1.pdf\">plus de la moiti\u00e9<\/a> des Canadiens qui en sont atteints.<\/li>\n<\/ul>\n<p>Selon une <a href=\"https:\/\/cdnsciencepub.com\/doi\/10.1139\/apnm-2018-0567?url_ver=Z39.88-2003&amp;rfr_id=ori:rid:crossref.org&amp;rfr_dat=cr_pub%20%200pubmed\">\u00e9tude de 2019<\/a>, 37.3 % des Canadiens vivant avec le diab\u00e8te ne savent pas qu&#8217;ils en sont atteints.<\/p>\n<p><a href=\"https:\/\/www.ncbi.nlm.nih.gov\/pmc\/articles\/PMC3891203\/\"><span style=\"font-weight: 400\">Une \u00e9tude de 2012<\/span><\/a><span style=\"font-weight: 400\"> pr\u00e9voyait que plus de 470 millions de personnes dans le monde en seraient atteintes d&#8217;ici 2030. <\/span><\/p>\n<p><span style=\"font-weight: 400\">Les personnes atteintes de pr\u00e9diab\u00e8te sont plus \u00e0 risque de d\u00e9velopper un diab\u00e8te de type 2 et une maladie cardiovasculaire, qui peut entra\u00eener une crise cardiaque ou un accident vasculaire c\u00e9r\u00e9bral.<\/span><\/p>\n<h3><b>LES EXAMENS DE D\u00c9PISTAGE DU PR\u00c9DIAB\u00c8TE ET SES TAUX :<\/b><\/h3>\n<p><span style=\"font-weight: 400\">Le pr\u00e9diab\u00e8te peut \u00eatre d\u00e9termin\u00e9 \u00e0 l&#8217;aide de votre HbA1c, en mesurant votre glyc\u00e9mie \u00e0 jeun, ou par un test oral de tol\u00e9rance au glucose. Chaque test utilise une fourchette sp\u00e9cifique pour le d\u00e9terminer.<\/span><\/p>\n<p><span style=\"font-weight: 400\"><strong>HbA1c<\/strong> : aussi appel\u00e9e h\u00e9moglobine glyqu\u00e9e, mesure votre glyc\u00e9mie moyenne sur les 3 derniers mois.<\/span><\/p>\n<ul>\n<li style=\"font-weight: 400\"><span style=\"font-weight: 400\">Pr\u00e9diab\u00e8te : <\/span><b>entre<\/b> <strong>6.0<\/strong><b>\u00a0et 6.4 %<\/b><\/li>\n<\/ul>\n<p><span style=\"font-weight: 400\"><strong>Glyc\u00e9mie \u00e0 jeun<\/strong>: \u00e9chantillon de votre glyc\u00e9mie apr\u00e8s une nuit de je\u00fbne ou apr\u00e8s au moins 8 heures.<\/span><\/p>\n<ul>\n<li style=\"font-weight: 400\"><span style=\"font-weight: 400\">Pr\u00e9diab\u00e8te : <span class=\"definition\"><span class=\"definition-show\">entre 6.1 et 6.9 mmol\/L<\/span>entre 110 et 124 mg\/d<\/span><\/span><\/li>\n<\/ul>\n<p><span style=\"font-weight: 400\"><strong>Test oral de tol\u00e9rance au glucose<\/strong> : test utilis\u00e9 pour diagnostiquer le diab\u00e8te gestationnel et le diab\u00e8te de type 2. Vous buvez une boisson sucr\u00e9e, puis votre glyc\u00e9mie est test\u00e9e deux heures plus tard.<\/span><\/p>\n<ul>\n<li><span style=\"font-weight: 400\">Pr\u00e9diab\u00e8te<\/span>: entre<strong> <span class=\"definition\"><span class=\"definition-show\">7.8 mmol\/L<\/span>140 mg\/dL<\/span> et <span class=\"definition\"><span class=\"definition-show\">11.0 mmol\/L<\/span>198 mg\/dL<\/span><span class=\"definition\"><br \/>\n<\/span><\/strong><\/li>\n<\/ul>\n<h3><b>APPRENEZ \u00c0 G\u00c9RER VOTRE PR\u00c9DIAB\u00c8TE :<\/b><\/h3>\n<p><span style=\"font-weight: 400\">Vous avez \u00e9t\u00e9 diagnostiqu\u00e9 avec un pr\u00e9diab\u00e8te ? Vous n&#8217;\u00eates pas seul. Bien qu&#8217;un diagnostic de pr\u00e9diab\u00e8te puisse \u00eatre accablant et inqui\u00e9tant, vous avez le pouvoir de modifier votre mode de vie pour ramener votre glyc\u00e9mie dans la cible. <\/span><\/p>\n<p><span style=\"font-weight: 400\">Utilisez ces ressources sur la gestion du pr\u00e9diab\u00e8te pour pr\u00e9venir ou retarder l&#8217;apparition du diab\u00e8te de type 2. Vous trouverez notamment des informations sur le lien entre le syndrome des ovaires polykystiques (SOPK) et le diab\u00e8te, le <\/span><i><span style=\"font-weight: 400\">National Diabetes Prevention Program<\/span><\/i><span style=\"font-weight: 400\"> et une cuisine saine.<\/span><\/p>\n<div class=\"break\"><\/div>\n<div class='multi-box-holder'><div class='landing-display-3' style=''><a href='https:\/\/ca.beyondtype2.org\/fr\/pourquoi-diagnostic-dt2-prediabete\/'><div class='image-full image-full-3'><img src='https:\/\/ca.beyondtype2.org\/fr\/wp-content\/uploads\/sites\/2\/2023\/08\/BT2-THUMB-WHY-WAS-I-DX-500x500-1.jpg'><\/div><div class='mobile-image'><img loading=\"lazy\" decoding=\"async\" width=\"1199\" height=\"429\" src=\"https:\/\/ca.beyondtype2.org\/fr\/wp-content\/uploads\/sites\/2\/2023\/08\/BT2-HEADER-WHY-WAS-I-DX.jpg\" class=\" wp-post-image\" alt=\"\" srcset=\"https:\/\/ca.beyondtype2.org\/fr\/wp-content\/uploads\/sites\/2\/2023\/08\/BT2-HEADER-WHY-WAS-I-DX.jpg 1199w, https:\/\/ca.beyondtype2.org\/fr\/wp-content\/uploads\/sites\/2\/2023\/08\/BT2-HEADER-WHY-WAS-I-DX-300x107.jpg 300w, https:\/\/ca.beyondtype2.org\/fr\/wp-content\/uploads\/sites\/2\/2023\/08\/BT2-HEADER-WHY-WAS-I-DX-1024x366.jpg 1024w, https:\/\/ca.beyondtype2.org\/fr\/wp-content\/uploads\/sites\/2\/2023\/08\/BT2-HEADER-WHY-WAS-I-DX-768x275.jpg 768w\" sizes=\"auto, (max-width: 1199px) 100vw, 1199px\" \/><\/div><h2>Posez la question \u00e0 un EAD\u00a0: Pourquoi ai-je re\u00e7u un diagnostic de diab\u00e8te de type\u00a02 ou de pr\u00e9diab\u00e8te?<\/a><\/h2><\/br><span class='excerpt'>Vous demandez-vous pourquoi vous avez re\u00e7u un diagnostic de diab\u00e8te de type\u00a02 ou de pr\u00e9diab\u00e8te? Nous avons pos\u00e9 la question \u00e0 Jodi Lavin-Tompkins, \u00e9ducatrice agr\u00e9\u00e9e en diab\u00e8te (EAD).<\/span><a class='readmore' href='https:\/\/ca.beyondtype2.org\/fr\/pourquoi-diagnostic-dt2-prediabete\/'>EN SAVOIR PLUS<\/a><\/div><\/div>\n<h3>Ressources compl\u00e9mentaires<\/h3>\n<div class='multi-box-holder'><div class='landing-display-3' style=''><a href='https:\/\/ca.beyondtype2.org\/fr\/le-diabete-et-le-sport\/'><div class='image-full image-full-3'><img src='https:\/\/ca.beyondtype2.org\/fr\/wp-content\/uploads\/sites\/2\/2023\/08\/BT2-THUMB-WORKOUT.png'><\/div><div class='mobile-image'><img loading=\"lazy\" decoding=\"async\" width=\"2048\" height=\"733\" src=\"https:\/\/ca.beyondtype2.org\/fr\/wp-content\/uploads\/sites\/2\/2023\/09\/BT2-HEADER-EXERCISE-NEW.png\" class=\" wp-post-image\" alt=\"\" srcset=\"https:\/\/ca.beyondtype2.org\/fr\/wp-content\/uploads\/sites\/2\/2023\/09\/BT2-HEADER-EXERCISE-NEW.png 2048w, https:\/\/ca.beyondtype2.org\/fr\/wp-content\/uploads\/sites\/2\/2023\/09\/BT2-HEADER-EXERCISE-NEW-300x107.png 300w, https:\/\/ca.beyondtype2.org\/fr\/wp-content\/uploads\/sites\/2\/2023\/09\/BT2-HEADER-EXERCISE-NEW-1024x367.png 1024w, https:\/\/ca.beyondtype2.org\/fr\/wp-content\/uploads\/sites\/2\/2023\/09\/BT2-HEADER-EXERCISE-NEW-768x275.png 768w, https:\/\/ca.beyondtype2.org\/fr\/wp-content\/uploads\/sites\/2\/2023\/09\/BT2-HEADER-EXERCISE-NEW-1536x550.png 1536w, https:\/\/ca.beyondtype2.org\/fr\/wp-content\/uploads\/sites\/2\/2023\/09\/BT2-HEADER-EXERCISE-NEW-1200x429.png 1200w, https:\/\/ca.beyondtype2.org\/fr\/wp-content\/uploads\/sites\/2\/2023\/09\/BT2-HEADER-EXERCISE-NEW-1980x709.png 1980w\" sizes=\"auto, (max-width: 2048px) 100vw, 2048px\" \/><\/div><h2>Le diab\u00e8te et le sport<\/a><\/h2><\/br><span class='excerpt'>Le sport est la cl\u00e9 d&#039;un mode de vie sain. Vous devez cependant toujours consulter votre m\u00e9decin avant de vous engager dans un exercice physique intense afin de vous assurer que vous en \u00eates p...<\/span><a class='readmore' href='https:\/\/ca.beyondtype2.org\/fr\/le-diabete-et-le-sport\/'>EN SAVOIR PLUS<\/a><\/div><div class='landing-display-3' style=''><a href='https:\/\/ca.beyondtype2.org\/fr\/petits-changements-prediabete\/'><div class='image-full image-full-3'><img src='https:\/\/ca.beyondtype2.org\/fr\/wp-content\/uploads\/sites\/2\/2023\/08\/BT2-THUMB-KAREN-MORROW-PREDIABETES-1-1.png'><\/div><div class='mobile-image'><img loading=\"lazy\" decoding=\"async\" width=\"1200\" height=\"429\" src=\"https:\/\/ca.beyondtype2.org\/fr\/wp-content\/uploads\/sites\/2\/2023\/08\/BT2-HEADER-KAREN-MORROW-PREDIABETES-1200x429-1.png\" class=\" wp-post-image\" alt=\"\" srcset=\"https:\/\/ca.beyondtype2.org\/fr\/wp-content\/uploads\/sites\/2\/2023\/08\/BT2-HEADER-KAREN-MORROW-PREDIABETES-1200x429-1.png 1200w, https:\/\/ca.beyondtype2.org\/fr\/wp-content\/uploads\/sites\/2\/2023\/08\/BT2-HEADER-KAREN-MORROW-PREDIABETES-1200x429-1-300x107.png 300w, https:\/\/ca.beyondtype2.org\/fr\/wp-content\/uploads\/sites\/2\/2023\/08\/BT2-HEADER-KAREN-MORROW-PREDIABETES-1200x429-1-1024x366.png 1024w, https:\/\/ca.beyondtype2.org\/fr\/wp-content\/uploads\/sites\/2\/2023\/08\/BT2-HEADER-KAREN-MORROW-PREDIABETES-1200x429-1-768x275.png 768w\" sizes=\"auto, (max-width: 1200px) 100vw, 1200px\" \/><\/div><h2>Adopter de petits changements pour vaincre le pr\u00e9diab\u00e8te<\/a><\/h2><\/br><span class='excerpt'>Karen\u00a0Morrow a appris qu\u2019elle \u00e9tait atteinte de pr\u00e9diab\u00e8te en 2017. Apr\u00e8s son diagnostic, elle a apport\u00e9 de petits changements \u00e0 son alimentation et \u00e0 son programme d\u2019exercice physique en ...<\/span><a class='readmore' href='https:\/\/ca.beyondtype2.org\/fr\/petits-changements-prediabete\/'>EN SAVOIR PLUS<\/a><\/div><div class='landing-display-3' style=''><a href='https:\/\/ca.beyondtype2.org\/fr\/le-diabete-gestationnel\/'><div class='image-full image-full-3'><img src='https:\/\/ca.beyondtype2.org\/fr\/wp-content\/uploads\/sites\/2\/2023\/09\/pregnant-thumb.png'><\/div><div class='mobile-image'><img loading=\"lazy\" decoding=\"async\" width=\"2048\" height=\"733\" src=\"https:\/\/ca.beyondtype2.org\/fr\/wp-content\/uploads\/sites\/2\/2023\/09\/pregnant-header.png\" class=\" wp-post-image\" alt=\"\" srcset=\"https:\/\/ca.beyondtype2.org\/fr\/wp-content\/uploads\/sites\/2\/2023\/09\/pregnant-header.png 2048w, https:\/\/ca.beyondtype2.org\/fr\/wp-content\/uploads\/sites\/2\/2023\/09\/pregnant-header-300x107.png 300w, https:\/\/ca.beyondtype2.org\/fr\/wp-content\/uploads\/sites\/2\/2023\/09\/pregnant-header-1024x367.png 1024w, https:\/\/ca.beyondtype2.org\/fr\/wp-content\/uploads\/sites\/2\/2023\/09\/pregnant-header-768x275.png 768w, https:\/\/ca.beyondtype2.org\/fr\/wp-content\/uploads\/sites\/2\/2023\/09\/pregnant-header-1536x550.png 1536w, https:\/\/ca.beyondtype2.org\/fr\/wp-content\/uploads\/sites\/2\/2023\/09\/pregnant-header-1200x429.png 1200w, https:\/\/ca.beyondtype2.org\/fr\/wp-content\/uploads\/sites\/2\/2023\/09\/pregnant-header-1980x709.png 1980w\" sizes=\"auto, (max-width: 2048px) 100vw, 2048px\" \/><\/div><h2>Qu\u2019est-ce que le diab\u00e8te gestationnel ?<\/a><\/h2><\/br><span class='excerpt'>Le diab\u00e8te gestationnel est un type de diab\u00e8te qui provoque une hyperglyc\u00e9mie pendant la grossesse. Le nombre de diab\u00e8te de type 2 augmente dans le monde entier, tout comme celui du diab\u00e8te gesta...<\/span><a class='readmore' href='https:\/\/ca.beyondtype2.org\/fr\/le-diabete-gestationnel\/'>EN SAVOIR PLUS<\/a><\/div><\/div>\n<div><\/div>\n","protected":false},"excerpt":{"rendered":"<p>QU\u2019EST-CE QUE LE PR\u00c9DIAB\u00c8TE ? Le pr\u00e9diab\u00e8te d\u00e9signe une glyc\u00e9mie ou un taux d&#8217;HbA1c &#8211; qui refl\u00e8te la glyc\u00e9mie moyenne &#8211; sup\u00e9rieurs \u00e0 la normale mais pas assez \u00e9lev\u00e9s pour diagnostiquer un diab\u00e8te. Il est de plus en plus fr\u00e9quent au Canada. Selon les statistiques de Diabetes Canada: On estime que 5.7 millions d&#8217;adultes au [&hellip;]<\/p>\n","protected":false},"author":10,"featured_media":834,"parent":0,"menu_order":0,"comment_status":"closed","ping_status":"closed","template":"","meta":{"_acf_changed":false,"footnotes":""},"categories":[63,33,1,65],"tags":[],"invisible":[8,3],"class_list":["post-83","page","type-page","status-publish","has-post-thumbnail","hentry","category-grossesse-et-autres-types-de-diabete","category-guides-pour-les-nouvellement-diagnostiques-avec-le-diabete","category-articles-pour-les-nouvellement-diagnostiques-avec-le-diabete","category-types-de-diabete-prediabete","invisible-core-evergreen-resource","invisible-other-forms"],"acf":[],"yoast_head":"<!-- This site is optimized with the Yoast SEO plugin v24.9 - https:\/\/yoast.com\/wordpress\/plugins\/seo\/ -->\n<title>Tout savoir sur le pr\u00e9diab\u00e8te - Beyond Type 2 Canada<\/title>\n<meta name=\"description\" content=\"Le pr\u00e9diab\u00e8te d\u00e9signe un taux de sucre dans le sang ou un taux d&#039;HbA1c sup\u00e9rieurs \u00e0 la normale, mais pas assez \u00e9lev\u00e9s pour diagnostiquer un diab\u00e8te.\" \/>\n<meta name=\"robots\" content=\"index, follow, max-snippet:-1, max-image-preview:large, max-video-preview:-1\" \/>\n<link rel=\"canonical\" href=\"https:\/\/ca.beyondtype2.org\/fr\/prediabete\/\" \/>\n<meta property=\"og:locale\" content=\"en_US\" \/>\n<meta property=\"og:type\" content=\"article\" \/>\n<meta property=\"og:title\" content=\"Tout savoir sur le pr\u00e9diab\u00e8te - Beyond Type 2 Canada\" \/>\n<meta property=\"og:description\" content=\"Le pr\u00e9diab\u00e8te d\u00e9signe un taux de sucre dans le sang ou un taux d&#039;HbA1c sup\u00e9rieurs \u00e0 la normale, mais pas assez \u00e9lev\u00e9s pour diagnostiquer un diab\u00e8te.\" \/>\n<meta property=\"og:url\" content=\"https:\/\/ca.beyondtype2.org\/fr\/prediabete\/\" \/>\n<meta property=\"og:site_name\" content=\"Beyond Type 2 Canada\" \/>\n<meta property=\"article:modified_time\" content=\"2023-09-06T20:36:16+00:00\" \/>\n<meta property=\"og:image\" content=\"https:\/\/ca.beyondtype2.org\/fr\/wp-content\/uploads\/sites\/2\/2023\/09\/BT2-PREDIABETES-HEADER-1200x429-1.png\" \/>\n\t<meta property=\"og:image:width\" content=\"1200\" \/>\n\t<meta property=\"og:image:height\" content=\"429\" \/>\n\t<meta property=\"og:image:type\" content=\"image\/png\" \/>\n<meta name=\"twitter:card\" content=\"summary_large_image\" \/>\n<meta name=\"twitter:label1\" content=\"Est. reading time\" \/>\n\t<meta name=\"twitter:data1\" content=\"2 minutes\" \/>\n<script type=\"application\/ld+json\" class=\"yoast-schema-graph\">{\"@context\":\"https:\/\/schema.org\",\"@graph\":[{\"@type\":\"WebPage\",\"@id\":\"https:\/\/ca.beyondtype2.org\/fr\/prediabete\/\",\"url\":\"https:\/\/ca.beyondtype2.org\/fr\/prediabete\/\",\"name\":\"Tout savoir sur le pr\u00e9diab\u00e8te - Beyond Type 2 Canada\",\"isPartOf\":{\"@id\":\"https:\/\/ca.beyondtype2.org\/fr\/#website\"},\"primaryImageOfPage\":{\"@id\":\"https:\/\/ca.beyondtype2.org\/fr\/prediabete\/#primaryimage\"},\"image\":{\"@id\":\"https:\/\/ca.beyondtype2.org\/fr\/prediabete\/#primaryimage\"},\"thumbnailUrl\":\"https:\/\/ca.beyondtype2.org\/fr\/wp-content\/uploads\/sites\/2\/2023\/09\/BT2-PREDIABETES-HEADER-1200x429-1.png\",\"datePublished\":\"2023-08-22T14:42:06+00:00\",\"dateModified\":\"2023-09-06T20:36:16+00:00\",\"description\":\"Le pr\u00e9diab\u00e8te d\u00e9signe un taux de sucre dans le sang ou un taux d'HbA1c sup\u00e9rieurs \u00e0 la normale, mais pas assez \u00e9lev\u00e9s pour diagnostiquer un diab\u00e8te.\",\"breadcrumb\":{\"@id\":\"https:\/\/ca.beyondtype2.org\/fr\/prediabete\/#breadcrumb\"},\"inLanguage\":\"en-US\",\"potentialAction\":[{\"@type\":\"ReadAction\",\"target\":[\"https:\/\/ca.beyondtype2.org\/fr\/prediabete\/\"]}]},{\"@type\":\"ImageObject\",\"inLanguage\":\"en-US\",\"@id\":\"https:\/\/ca.beyondtype2.org\/fr\/prediabete\/#primaryimage\",\"url\":\"https:\/\/ca.beyondtype2.org\/fr\/wp-content\/uploads\/sites\/2\/2023\/09\/BT2-PREDIABETES-HEADER-1200x429-1.png\",\"contentUrl\":\"https:\/\/ca.beyondtype2.org\/fr\/wp-content\/uploads\/sites\/2\/2023\/09\/BT2-PREDIABETES-HEADER-1200x429-1.png\",\"width\":1200,\"height\":429},{\"@type\":\"BreadcrumbList\",\"@id\":\"https:\/\/ca.beyondtype2.org\/fr\/prediabete\/#breadcrumb\",\"itemListElement\":[{\"@type\":\"ListItem\",\"position\":1,\"name\":\"Home\",\"item\":\"https:\/\/ca.beyondtype2.org\/fr\/\"},{\"@type\":\"ListItem\",\"position\":2,\"name\":\"Tout savoir sur le pr\u00e9diab\u00e8te\"}]},{\"@type\":\"WebSite\",\"@id\":\"https:\/\/ca.beyondtype2.org\/fr\/#website\",\"url\":\"https:\/\/ca.beyondtype2.org\/fr\/\",\"name\":\"Beyond Type 2 Canada\",\"description\":\"\",\"publisher\":{\"@id\":\"https:\/\/ca.beyondtype2.org\/fr\/#organization\"},\"potentialAction\":[{\"@type\":\"SearchAction\",\"target\":{\"@type\":\"EntryPoint\",\"urlTemplate\":\"https:\/\/ca.beyondtype2.org\/fr\/?s={search_term_string}\"},\"query-input\":{\"@type\":\"PropertyValueSpecification\",\"valueRequired\":true,\"valueName\":\"search_term_string\"}}],\"inLanguage\":\"en-US\"},{\"@type\":\"Organization\",\"@id\":\"https:\/\/ca.beyondtype2.org\/fr\/#organization\",\"name\":\"Beyond Type 2 Canada\",\"url\":\"https:\/\/ca.beyondtype2.org\/fr\/\",\"logo\":{\"@type\":\"ImageObject\",\"inLanguage\":\"en-US\",\"@id\":\"https:\/\/ca.beyondtype2.org\/fr\/#\/schema\/logo\/image\/\",\"url\":\"https:\/\/ca.beyondtype2.org\/fr\/wp-content\/uploads\/sites\/2\/2023\/08\/bt2-logo-v2.png\",\"contentUrl\":\"https:\/\/ca.beyondtype2.org\/fr\/wp-content\/uploads\/sites\/2\/2023\/08\/bt2-logo-v2.png\",\"width\":380,\"height\":83,\"caption\":\"Beyond Type 2 Canada\"},\"image\":{\"@id\":\"https:\/\/ca.beyondtype2.org\/fr\/#\/schema\/logo\/image\/\"}}]}<\/script>\n<!-- \/ Yoast SEO plugin. -->","yoast_head_json":{"title":"Tout savoir sur le pr\u00e9diab\u00e8te - Beyond Type 2 Canada","description":"Le pr\u00e9diab\u00e8te d\u00e9signe un taux de sucre dans le sang ou un taux d'HbA1c sup\u00e9rieurs \u00e0 la normale, mais pas assez \u00e9lev\u00e9s pour diagnostiquer un diab\u00e8te.","robots":{"index":"index","follow":"follow","max-snippet":"max-snippet:-1","max-image-preview":"max-image-preview:large","max-video-preview":"max-video-preview:-1"},"canonical":"https:\/\/ca.beyondtype2.org\/fr\/prediabete\/","og_locale":"en_US","og_type":"article","og_title":"Tout savoir sur le pr\u00e9diab\u00e8te - Beyond Type 2 Canada","og_description":"Le pr\u00e9diab\u00e8te d\u00e9signe un taux de sucre dans le sang ou un taux d'HbA1c sup\u00e9rieurs \u00e0 la normale, mais pas assez \u00e9lev\u00e9s pour diagnostiquer un diab\u00e8te.","og_url":"https:\/\/ca.beyondtype2.org\/fr\/prediabete\/","og_site_name":"Beyond Type 2 Canada","article_modified_time":"2023-09-06T20:36:16+00:00","og_image":[{"width":1200,"height":429,"url":"https:\/\/ca.beyondtype2.org\/fr\/wp-content\/uploads\/sites\/2\/2023\/09\/BT2-PREDIABETES-HEADER-1200x429-1.png","type":"image\/png"}],"twitter_card":"summary_large_image","twitter_misc":{"Est. reading time":"2 minutes"},"schema":{"@context":"https:\/\/schema.org","@graph":[{"@type":"WebPage","@id":"https:\/\/ca.beyondtype2.org\/fr\/prediabete\/","url":"https:\/\/ca.beyondtype2.org\/fr\/prediabete\/","name":"Tout savoir sur le pr\u00e9diab\u00e8te - Beyond Type 2 Canada","isPartOf":{"@id":"https:\/\/ca.beyondtype2.org\/fr\/#website"},"primaryImageOfPage":{"@id":"https:\/\/ca.beyondtype2.org\/fr\/prediabete\/#primaryimage"},"image":{"@id":"https:\/\/ca.beyondtype2.org\/fr\/prediabete\/#primaryimage"},"thumbnailUrl":"https:\/\/ca.beyondtype2.org\/fr\/wp-content\/uploads\/sites\/2\/2023\/09\/BT2-PREDIABETES-HEADER-1200x429-1.png","datePublished":"2023-08-22T14:42:06+00:00","dateModified":"2023-09-06T20:36:16+00:00","description":"Le pr\u00e9diab\u00e8te d\u00e9signe un taux de sucre dans le sang ou un taux d'HbA1c sup\u00e9rieurs \u00e0 la normale, mais pas assez \u00e9lev\u00e9s pour diagnostiquer un diab\u00e8te.","breadcrumb":{"@id":"https:\/\/ca.beyondtype2.org\/fr\/prediabete\/#breadcrumb"},"inLanguage":"en-US","potentialAction":[{"@type":"ReadAction","target":["https:\/\/ca.beyondtype2.org\/fr\/prediabete\/"]}]},{"@type":"ImageObject","inLanguage":"en-US","@id":"https:\/\/ca.beyondtype2.org\/fr\/prediabete\/#primaryimage","url":"https:\/\/ca.beyondtype2.org\/fr\/wp-content\/uploads\/sites\/2\/2023\/09\/BT2-PREDIABETES-HEADER-1200x429-1.png","contentUrl":"https:\/\/ca.beyondtype2.org\/fr\/wp-content\/uploads\/sites\/2\/2023\/09\/BT2-PREDIABETES-HEADER-1200x429-1.png","width":1200,"height":429},{"@type":"BreadcrumbList","@id":"https:\/\/ca.beyondtype2.org\/fr\/prediabete\/#breadcrumb","itemListElement":[{"@type":"ListItem","position":1,"name":"Home","item":"https:\/\/ca.beyondtype2.org\/fr\/"},{"@type":"ListItem","position":2,"name":"Tout savoir sur le pr\u00e9diab\u00e8te"}]},{"@type":"WebSite","@id":"https:\/\/ca.beyondtype2.org\/fr\/#website","url":"https:\/\/ca.beyondtype2.org\/fr\/","name":"Beyond Type 2 Canada","description":"","publisher":{"@id":"https:\/\/ca.beyondtype2.org\/fr\/#organization"},"potentialAction":[{"@type":"SearchAction","target":{"@type":"EntryPoint","urlTemplate":"https:\/\/ca.beyondtype2.org\/fr\/?s={search_term_string}"},"query-input":{"@type":"PropertyValueSpecification","valueRequired":true,"valueName":"search_term_string"}}],"inLanguage":"en-US"},{"@type":"Organization","@id":"https:\/\/ca.beyondtype2.org\/fr\/#organization","name":"Beyond Type 2 Canada","url":"https:\/\/ca.beyondtype2.org\/fr\/","logo":{"@type":"ImageObject","inLanguage":"en-US","@id":"https:\/\/ca.beyondtype2.org\/fr\/#\/schema\/logo\/image\/","url":"https:\/\/ca.beyondtype2.org\/fr\/wp-content\/uploads\/sites\/2\/2023\/08\/bt2-logo-v2.png","contentUrl":"https:\/\/ca.beyondtype2.org\/fr\/wp-content\/uploads\/sites\/2\/2023\/08\/bt2-logo-v2.png","width":380,"height":83,"caption":"Beyond Type 2 Canada"},"image":{"@id":"https:\/\/ca.beyondtype2.org\/fr\/#\/schema\/logo\/image\/"}}]}},"featured_image_src":"https:\/\/ca.beyondtype2.org\/fr\/wp-content\/uploads\/sites\/2\/2023\/09\/BT2-PREDIABETES-HEADER-1200x429-1-600x400.png","featured_image_src_square":"https:\/\/ca.beyondtype2.org\/fr\/wp-content\/uploads\/sites\/2\/2023\/09\/BT2-PREDIABETES-HEADER-1200x429-1-600x429.png","_links":{"self":[{"href":"https:\/\/ca.beyondtype2.org\/fr\/wp-json\/wp\/v2\/pages\/83","targetHints":{"allow":["GET"]}}],"collection":[{"href":"https:\/\/ca.beyondtype2.org\/fr\/wp-json\/wp\/v2\/pages"}],"about":[{"href":"https:\/\/ca.beyondtype2.org\/fr\/wp-json\/wp\/v2\/types\/page"}],"author":[{"embeddable":true,"href":"https:\/\/ca.beyondtype2.org\/fr\/wp-json\/wp\/v2\/users\/10"}],"replies":[{"embeddable":true,"href":"https:\/\/ca.beyondtype2.org\/fr\/wp-json\/wp\/v2\/comments?post=83"}],"version-history":[{"count":0,"href":"https:\/\/ca.beyondtype2.org\/fr\/wp-json\/wp\/v2\/pages\/83\/revisions"}],"wp:featuredmedia":[{"embeddable":true,"href":"https:\/\/ca.beyondtype2.org\/fr\/wp-json\/wp\/v2\/media\/834"}],"wp:attachment":[{"href":"https:\/\/ca.beyondtype2.org\/fr\/wp-json\/wp\/v2\/media?parent=83"}],"wp:term":[{"taxonomy":"category","embeddable":true,"href":"https:\/\/ca.beyondtype2.org\/fr\/wp-json\/wp\/v2\/categories?post=83"},{"taxonomy":"post_tag","embeddable":true,"href":"https:\/\/ca.beyondtype2.org\/fr\/wp-json\/wp\/v2\/tags?post=83"},{"taxonomy":"invisible","embeddable":true,"href":"https:\/\/ca.beyondtype2.org\/fr\/wp-json\/wp\/v2\/invisible?post=83"}],"curies":[{"name":"wp","href":"https:\/\/api.w.org\/{rel}","templated":true}]}}