			{"id":70,"date":"2023-08-22T10:29:02","date_gmt":"2023-08-22T14:29:02","guid":{"rendered":"https:\/\/beyondtype2ca.wpengine.com\/fr\/?page_id=70"},"modified":"2023-09-06T14:48:03","modified_gmt":"2023-09-06T18:48:03","slug":"comprendre-lhba1c","status":"publish","type":"page","link":"https:\/\/ca.beyondtype2.org\/fr\/comprendre-lhba1c\/","title":{"rendered":"Comprendre l&#8217;HbA1c"},"content":{"rendered":"<p>Le test du taux d\u2019h\u00e9moglobine glyqu\u00e9e est un test sanguin qui aide \u00e0 d\u00e9terminer si votre traitement du diab\u00e8te fonctionne bien. (Les personnes atteintes de\u00a0diab\u00e8te de\u00a0<a href=\"https:\/\/fr.beyondtype1.org\/diabete-de-type-1\/\">type 1<\/a>\u00a0et de\u00a0<a href=\"https:\/\/fr.beyondtype1.org\/diabete-de-type-2\/\">type 2<\/a>\u00a0passent ce test.) Il est effectu\u00e9 tous les 2 ou 3 mois pour conna\u00eetre votre\u00a0glyc\u00e9mie\u00a0moyenne. (Ce test est parfois appel\u00e9 test d\u2019h\u00e9moglobine glycosyl\u00e9e, test du taux de glycoh\u00e9moglobine, test A1c ou HbA1c). Le test HbA1c est le nom le plus courant pour ce test.<\/p>\n<h3 style=\"text-align: justify\">Comment le test fonctionne<\/h3>\n<p>En gros, le test permet de d\u00e9terminer la quantit\u00e9 de sucre dans le sang en recherchant des prot\u00e9ines (h\u00e9moglobines). Lorsque le glucose (sucre) p\u00e9n\u00e8tre dans le sang, il se lie aux prot\u00e9ines des globules rouges. Cette liaison cr\u00e9e de l\u2019\u00ab\u00a0h\u00e9moglobine glyqu\u00e9e\u00a0\u00bb. Plus il y a de sucre dans le sang, plus l\u2019h\u00e9moglobine est glyqu\u00e9e.<\/p>\n<p>Il est important de mesurer votre glyc\u00e9mie tout au long de la journ\u00e9e. Cependant, un test HbA1C vous donne une vue d\u2019ensemble avec une moyenne \u00e0 long terme des valeurs ainsi obtenues.<\/p>\n<h3 style=\"text-align: justify\">Qu&#8217;est-ce que ces chiffres signifient?<\/h3>\n<p>L\u2019HbA1c est une moyenne de ce qu\u2019a \u00e9t\u00e9 votre glyc\u00e9mie au cours de ces 3 mois. En g\u00e9n\u00e9ral, plus votre taux d\u2019HbA1c est \u00e9lev\u00e9, plus vous risquez de souffrir de complications du diab\u00e8te. (Vous n\u2019avez certainement pas envie d\u2019avoir un taux d\u2019HbA1C \u00e9lev\u00e9, car \u00e7a signifie qu\u2019il y a trop de sucre dans votre sang et que votre corps ne l\u2019absorbe pas).<\/p>\n<h3 style=\"text-align: justify\">Taux d&#8217;A1C<\/h3>\n<table style=\"height: 213px\" border=\"1\" width=\"765\">\n<tbody>\n<tr>\n<td>4.6 &#8211; 6.0<\/td>\n<td>Normal (n\u2019a pas le diab\u00e8te)<\/td>\n<\/tr>\n<tr>\n<td>6.0 &#8211; 6.4<\/td>\n<td>Pr\u00e9diab\u00e8te (signifie que quelqu\u2019un peut d\u00e9velopper le\u00a0<a href=\"https:\/\/fr.beyondtype1.org\/diabete-de-type-2\/\"><b>diab\u00e8te de type 2)\u00a0<\/b><\/a><\/td>\n<\/tr>\n<tr>\n<td>6.5+<\/td>\n<td>Diab\u00e8te (quelqu\u2019un a \u00e9t\u00e9 diagnostiqu\u00e9 avec le diab\u00e8te)<\/td>\n<\/tr>\n<tr>\n<td>&lt;7.0<\/td>\n<td>Plage cible<\/td>\n<\/tr>\n<\/tbody>\n<\/table>\n<p>&nbsp;<\/p>\n<p>Cette plage cible varie selon les individus, certaines personnes vont naturellement un peu plus haut, d\u2019autres un peu plus bas. Le taux d\u2019HbA1C vous aidera, vous et votre m\u00e9decin, \u00e0 d\u00e9terminer si votre plan de gestion du diab\u00e8te fonctionne bien.<\/p>\n<h3 style=\"text-align: justify\">Parfois le test n&#8217;est pas pr\u00e9cis, et voila pourquoi:<\/h3>\n<ul style=\"text-align: justify\">\n<li>Si vous saignez beaucoup, la prot\u00e9ine (h\u00e9moglobine) dans vos globules rouges peut \u00eatre basse, ce qui peut signifier que votre taux d\u2019HbA1C est plus bas qu\u2019il ne l\u2019est en r\u00e9alit\u00e9.<\/li>\n<li>Si vous venez de recevoir une transfusion sanguine ou si vous souffrez d\u2019autres formes d\u2019an\u00e9mie h\u00e9molytique, les r\u00e9sultats de votre test HbA1C pourraient \u00eatre inf\u00e9rieurs \u00e0 la r\u00e9alit\u00e9.<\/li>\n<li>Si vous avez une faible teneur en fer dans le sang, les r\u00e9sultats de votre test HbA1C peuvent \u00eatre plus \u00e9lev\u00e9s qu\u2019ils ne le sont en r\u00e9alit\u00e9.<\/li>\n<li>Si vous avez une h\u00e9moglobine sp\u00e9ciale (variante). La plupart des gens ont de l\u2019h\u00e9moglobine A. Avec la variante, vous pouvez \u00eatre faussement haut ou bas. Un test de laboratoire peut \u00eatre fait pour voir lequel vous \u00eates et des tests de laboratoire sp\u00e9ciaux peuvent alors vous donner un taux d\u2019HbA1C pr\u00e9cis. (Les variantes de l\u2019h\u00e9moglobine se retrouvent surtout chez les populations noires, m\u00e9diterran\u00e9ennes et d\u2019Asie du Sud-Est).<\/li>\n<li>Un autre laboratoire peut aussi donner des r\u00e9sultats diff\u00e9rents. Gardez cela \u00e0 l\u2019esprit si vos r\u00e9sultats ont \u00e9t\u00e9 envoy\u00e9s dans un nouvel \u00e9tablissement. Cela pourrait expliquer des variations mineures de lecture.<\/li>\n<\/ul>\n<h3><b>TAUX D\u2019HBA1C = QUELLE QUANTIT\u00c9 DE SUCRE DANS LE SANG\u00a0?<\/b><\/h3>\n<table width=\"479\">\n<tbody>\n<tr>\n<td width=\"20\"><\/td>\n<td width=\"144\"><strong><strong>Taux d&#8217;A1C<\/strong><\/strong><\/p>\n<hr \/>\n<\/td>\n<td width=\"315\"><b>Estimation de la glyc\u00e9mie moyenne<\/b><\/p>\n<hr \/>\n<\/td>\n<\/tr>\n<tr>\n<td><\/td>\n<td style=\"font-weight: 400\" width=\"144\">5 %<\/td>\n<td style=\"font-weight: 400\" width=\"315\"><span class=\"definition\"><span class=\"definition-show\">5.4 mmol\/L<\/span>97 mg\/dL<\/span><\/td>\n<\/tr>\n<tr>\n<td><\/td>\n<td style=\"font-weight: 400\" width=\"144\">6 %<\/td>\n<td style=\"font-weight: 400\" width=\"315\"><span class=\"definition\"><span class=\"definition-show\">7.0 mmol\/L<\/span>126 mg\/dL<\/span><\/td>\n<\/tr>\n<tr>\n<td><\/td>\n<td style=\"font-weight: 400\" width=\"144\">7 %<\/td>\n<td style=\"font-weight: 400\" width=\"315\"><span class=\"definition\"><span class=\"definition-show\">8.6 mmol\/L<\/span>154 mg\/dL<\/span><\/td>\n<\/tr>\n<tr>\n<td><\/td>\n<td style=\"font-weight: 400\" width=\"144\">8 %<\/td>\n<td style=\"font-weight: 400\" width=\"315\"><span class=\"definition\"><span class=\"definition-show\">10.2 mmol\/L<\/span>183 mg\/dL<\/span><\/td>\n<\/tr>\n<tr>\n<td><\/td>\n<td style=\"font-weight: 400\" width=\"144\">9 %<\/td>\n<td style=\"font-weight: 400\" width=\"315\"><span class=\"definition\"><span class=\"definition-show\">11.8 mmol\/L<\/span>212 mg\/dL<\/span><\/td>\n<\/tr>\n<tr>\n<td><\/td>\n<td style=\"font-weight: 400\" width=\"144\">10 %<\/td>\n<td style=\"font-weight: 400\" width=\"315\"><span class=\"definition\"><span class=\"definition-show\">13.3 mmol\/L<\/span>240 mg\/dL<\/span><\/td>\n<\/tr>\n<tr>\n<td><\/td>\n<td style=\"font-weight: 400\" width=\"144\">11 %<\/td>\n<td style=\"font-weight: 400\" width=\"315\"><span class=\"definition\"><span class=\"definition-show\">14.9 mmol\/L<\/span>269 mg\/dL<\/span><\/td>\n<\/tr>\n<tr>\n<td><\/td>\n<td style=\"font-weight: 400\" width=\"144\">12 %<\/td>\n<td style=\"font-weight: 400\" width=\"315\"><span class=\"definition\"><span class=\"definition-show\">16.6 mmol\/L<\/span>298 mg\/dL<\/span><\/td>\n<\/tr>\n<tr>\n<td><\/td>\n<td style=\"font-weight: 400\" width=\"144\">13 %<\/td>\n<td style=\"font-weight: 400\" width=\"315\"><span class=\"definition\"><span class=\"definition-show\">18.1 mmol\/L<\/span>326 mg\/dL<\/span><\/td>\n<\/tr>\n<tr>\n<td><\/td>\n<td style=\"font-weight: 400\" width=\"144\">14 %<\/td>\n<td style=\"font-weight: 400\" width=\"315\"><span class=\"definition\"><span class=\"definition-show\">19.7 mmol\/L<\/span>355 mg\/dL<\/span><\/td>\n<\/tr>\n<\/tbody>\n<\/table>\n<p style=\"text-align: justify\"><div class=\"break\"><\/div><\/p>\n<h3 style=\"text-align: justify\">Qu&#8217;est-ce qu&#8217;un &#8220;taux d&#8217; HbA1C parfait&#8221;?<\/h3>\n<p>C\u2019est ce qu\u2019on dit souvent quand une personne vivant avec le diab\u00e8te a atteint sa plage cible d\u2019HbA1C (qui est de 5 \u00e0 7). N\u2019oubliez pas qu\u2019un test d\u2019HbA1C, comme toute autre lecture de glyc\u00e9mie, n\u2019est qu\u2019une information qui vous guide dans la gestion de votre diab\u00e8te. Certaines valeurs sont plus \u00e9lev\u00e9es, d\u2019autres sont plus basses, cela d\u00e9pend vraiment de la personne. Ce nombre peut aussi varier \u00e9norm\u00e9ment au cours de votre vie. Consultez votre m\u00e9decin pour trouver une plage cible d\u2019HbA1C et un traitement qui vous convient.<\/p>\n<p style=\"text-align: justify\">\n","protected":false},"excerpt":{"rendered":"<p>Le test du taux d\u2019h\u00e9moglobine glyqu\u00e9e est un test sanguin qui aide \u00e0 d\u00e9terminer si votre traitement du diab\u00e8te fonctionne bien. (Les personnes atteintes de\u00a0diab\u00e8te de\u00a0type 1\u00a0et de\u00a0type 2\u00a0passent ce test.) Il est effectu\u00e9 tous les 2 ou 3 mois pour conna\u00eetre votre\u00a0glyc\u00e9mie\u00a0moyenne. (Ce test est parfois appel\u00e9 test d\u2019h\u00e9moglobine glycosyl\u00e9e, test du taux de [&hellip;]<\/p>\n","protected":false},"author":10,"featured_media":795,"parent":0,"menu_order":0,"comment_status":"closed","ping_status":"closed","template":"","meta":{"_acf_changed":false,"footnotes":""},"categories":[33,1],"tags":[],"invisible":[8,5],"class_list":["post-70","page","type-page","status-publish","has-post-thumbnail","hentry","category-guides-pour-les-nouvellement-diagnostiques-avec-le-diabete","category-articles-pour-les-nouvellement-diagnostiques-avec-le-diabete","invisible-core-evergreen-resource","invisible-thebasicbasics"],"acf":[],"yoast_head":"<!-- This site is optimized with the Yoast SEO plugin v24.9 - https:\/\/yoast.com\/wordpress\/plugins\/seo\/ -->\n<title>Comprendre l&#039;HbA1c - Beyond Type 2 Canada<\/title>\n<meta name=\"description\" content=\"L&#039;HbA1c est un indicateur important. Comprendre votre HbA1c peut vous aider \u00e0 suivre comment votre traitement du diab\u00e8te progresse.\" \/>\n<meta name=\"robots\" content=\"index, follow, max-snippet:-1, max-image-preview:large, max-video-preview:-1\" \/>\n<link rel=\"canonical\" href=\"https:\/\/ca.beyondtype2.org\/fr\/comprendre-lhba1c\/\" \/>\n<meta property=\"og:locale\" content=\"en_US\" \/>\n<meta property=\"og:type\" content=\"article\" \/>\n<meta property=\"og:title\" content=\"Comprendre l&#039;HbA1c - Beyond Type 2 Canada\" \/>\n<meta property=\"og:description\" content=\"L&#039;HbA1c est un indicateur important. Comprendre votre HbA1c peut vous aider \u00e0 suivre comment votre traitement du diab\u00e8te progresse.\" \/>\n<meta property=\"og:url\" content=\"https:\/\/ca.beyondtype2.org\/fr\/comprendre-lhba1c\/\" \/>\n<meta property=\"og:site_name\" content=\"Beyond Type 2 Canada\" \/>\n<meta property=\"article:modified_time\" content=\"2023-09-06T18:48:03+00:00\" \/>\n<meta property=\"og:image\" content=\"https:\/\/ca.beyondtype2.org\/fr\/wp-content\/uploads\/sites\/2\/2023\/09\/BT2-HEADER-UNDERSTANDING-A1C.png\" \/>\n\t<meta property=\"og:image:width\" content=\"2048\" \/>\n\t<meta property=\"og:image:height\" content=\"733\" \/>\n\t<meta property=\"og:image:type\" content=\"image\/png\" \/>\n<meta name=\"twitter:card\" content=\"summary_large_image\" \/>\n<meta name=\"twitter:label1\" content=\"Est. reading time\" \/>\n\t<meta name=\"twitter:data1\" content=\"3 minutes\" \/>\n<script type=\"application\/ld+json\" class=\"yoast-schema-graph\">{\"@context\":\"https:\/\/schema.org\",\"@graph\":[{\"@type\":\"WebPage\",\"@id\":\"https:\/\/ca.beyondtype2.org\/fr\/comprendre-lhba1c\/\",\"url\":\"https:\/\/ca.beyondtype2.org\/fr\/comprendre-lhba1c\/\",\"name\":\"Comprendre l'HbA1c - Beyond Type 2 Canada\",\"isPartOf\":{\"@id\":\"https:\/\/ca.beyondtype2.org\/fr\/#website\"},\"primaryImageOfPage\":{\"@id\":\"https:\/\/ca.beyondtype2.org\/fr\/comprendre-lhba1c\/#primaryimage\"},\"image\":{\"@id\":\"https:\/\/ca.beyondtype2.org\/fr\/comprendre-lhba1c\/#primaryimage\"},\"thumbnailUrl\":\"https:\/\/ca.beyondtype2.org\/fr\/wp-content\/uploads\/sites\/2\/2023\/09\/BT2-HEADER-UNDERSTANDING-A1C.png\",\"datePublished\":\"2023-08-22T14:29:02+00:00\",\"dateModified\":\"2023-09-06T18:48:03+00:00\",\"description\":\"L'HbA1c est un indicateur important. Comprendre votre HbA1c peut vous aider \u00e0 suivre comment votre traitement du diab\u00e8te progresse.\",\"breadcrumb\":{\"@id\":\"https:\/\/ca.beyondtype2.org\/fr\/comprendre-lhba1c\/#breadcrumb\"},\"inLanguage\":\"en-US\",\"potentialAction\":[{\"@type\":\"ReadAction\",\"target\":[\"https:\/\/ca.beyondtype2.org\/fr\/comprendre-lhba1c\/\"]}]},{\"@type\":\"ImageObject\",\"inLanguage\":\"en-US\",\"@id\":\"https:\/\/ca.beyondtype2.org\/fr\/comprendre-lhba1c\/#primaryimage\",\"url\":\"https:\/\/ca.beyondtype2.org\/fr\/wp-content\/uploads\/sites\/2\/2023\/09\/BT2-HEADER-UNDERSTANDING-A1C.png\",\"contentUrl\":\"https:\/\/ca.beyondtype2.org\/fr\/wp-content\/uploads\/sites\/2\/2023\/09\/BT2-HEADER-UNDERSTANDING-A1C.png\",\"width\":2048,\"height\":733},{\"@type\":\"BreadcrumbList\",\"@id\":\"https:\/\/ca.beyondtype2.org\/fr\/comprendre-lhba1c\/#breadcrumb\",\"itemListElement\":[{\"@type\":\"ListItem\",\"position\":1,\"name\":\"Home\",\"item\":\"https:\/\/ca.beyondtype2.org\/fr\/\"},{\"@type\":\"ListItem\",\"position\":2,\"name\":\"Comprendre l&#8217;HbA1c\"}]},{\"@type\":\"WebSite\",\"@id\":\"https:\/\/ca.beyondtype2.org\/fr\/#website\",\"url\":\"https:\/\/ca.beyondtype2.org\/fr\/\",\"name\":\"Beyond Type 2 Canada\",\"description\":\"\",\"publisher\":{\"@id\":\"https:\/\/ca.beyondtype2.org\/fr\/#organization\"},\"potentialAction\":[{\"@type\":\"SearchAction\",\"target\":{\"@type\":\"EntryPoint\",\"urlTemplate\":\"https:\/\/ca.beyondtype2.org\/fr\/?s={search_term_string}\"},\"query-input\":{\"@type\":\"PropertyValueSpecification\",\"valueRequired\":true,\"valueName\":\"search_term_string\"}}],\"inLanguage\":\"en-US\"},{\"@type\":\"Organization\",\"@id\":\"https:\/\/ca.beyondtype2.org\/fr\/#organization\",\"name\":\"Beyond Type 2 Canada\",\"url\":\"https:\/\/ca.beyondtype2.org\/fr\/\",\"logo\":{\"@type\":\"ImageObject\",\"inLanguage\":\"en-US\",\"@id\":\"https:\/\/ca.beyondtype2.org\/fr\/#\/schema\/logo\/image\/\",\"url\":\"https:\/\/ca.beyondtype2.org\/fr\/wp-content\/uploads\/sites\/2\/2023\/08\/bt2-logo-v2.png\",\"contentUrl\":\"https:\/\/ca.beyondtype2.org\/fr\/wp-content\/uploads\/sites\/2\/2023\/08\/bt2-logo-v2.png\",\"width\":380,\"height\":83,\"caption\":\"Beyond Type 2 Canada\"},\"image\":{\"@id\":\"https:\/\/ca.beyondtype2.org\/fr\/#\/schema\/logo\/image\/\"}}]}<\/script>\n<!-- \/ Yoast SEO plugin. -->","yoast_head_json":{"title":"Comprendre l'HbA1c - Beyond Type 2 Canada","description":"L'HbA1c est un indicateur important. Comprendre votre HbA1c peut vous aider \u00e0 suivre comment votre traitement du diab\u00e8te progresse.","robots":{"index":"index","follow":"follow","max-snippet":"max-snippet:-1","max-image-preview":"max-image-preview:large","max-video-preview":"max-video-preview:-1"},"canonical":"https:\/\/ca.beyondtype2.org\/fr\/comprendre-lhba1c\/","og_locale":"en_US","og_type":"article","og_title":"Comprendre l'HbA1c - Beyond Type 2 Canada","og_description":"L'HbA1c est un indicateur important. Comprendre votre HbA1c peut vous aider \u00e0 suivre comment votre traitement du diab\u00e8te progresse.","og_url":"https:\/\/ca.beyondtype2.org\/fr\/comprendre-lhba1c\/","og_site_name":"Beyond Type 2 Canada","article_modified_time":"2023-09-06T18:48:03+00:00","og_image":[{"width":2048,"height":733,"url":"https:\/\/ca.beyondtype2.org\/fr\/wp-content\/uploads\/sites\/2\/2023\/09\/BT2-HEADER-UNDERSTANDING-A1C.png","type":"image\/png"}],"twitter_card":"summary_large_image","twitter_misc":{"Est. reading time":"3 minutes"},"schema":{"@context":"https:\/\/schema.org","@graph":[{"@type":"WebPage","@id":"https:\/\/ca.beyondtype2.org\/fr\/comprendre-lhba1c\/","url":"https:\/\/ca.beyondtype2.org\/fr\/comprendre-lhba1c\/","name":"Comprendre l'HbA1c - Beyond Type 2 Canada","isPartOf":{"@id":"https:\/\/ca.beyondtype2.org\/fr\/#website"},"primaryImageOfPage":{"@id":"https:\/\/ca.beyondtype2.org\/fr\/comprendre-lhba1c\/#primaryimage"},"image":{"@id":"https:\/\/ca.beyondtype2.org\/fr\/comprendre-lhba1c\/#primaryimage"},"thumbnailUrl":"https:\/\/ca.beyondtype2.org\/fr\/wp-content\/uploads\/sites\/2\/2023\/09\/BT2-HEADER-UNDERSTANDING-A1C.png","datePublished":"2023-08-22T14:29:02+00:00","dateModified":"2023-09-06T18:48:03+00:00","description":"L'HbA1c est un indicateur important. Comprendre votre HbA1c peut vous aider \u00e0 suivre comment votre traitement du diab\u00e8te progresse.","breadcrumb":{"@id":"https:\/\/ca.beyondtype2.org\/fr\/comprendre-lhba1c\/#breadcrumb"},"inLanguage":"en-US","potentialAction":[{"@type":"ReadAction","target":["https:\/\/ca.beyondtype2.org\/fr\/comprendre-lhba1c\/"]}]},{"@type":"ImageObject","inLanguage":"en-US","@id":"https:\/\/ca.beyondtype2.org\/fr\/comprendre-lhba1c\/#primaryimage","url":"https:\/\/ca.beyondtype2.org\/fr\/wp-content\/uploads\/sites\/2\/2023\/09\/BT2-HEADER-UNDERSTANDING-A1C.png","contentUrl":"https:\/\/ca.beyondtype2.org\/fr\/wp-content\/uploads\/sites\/2\/2023\/09\/BT2-HEADER-UNDERSTANDING-A1C.png","width":2048,"height":733},{"@type":"BreadcrumbList","@id":"https:\/\/ca.beyondtype2.org\/fr\/comprendre-lhba1c\/#breadcrumb","itemListElement":[{"@type":"ListItem","position":1,"name":"Home","item":"https:\/\/ca.beyondtype2.org\/fr\/"},{"@type":"ListItem","position":2,"name":"Comprendre l&#8217;HbA1c"}]},{"@type":"WebSite","@id":"https:\/\/ca.beyondtype2.org\/fr\/#website","url":"https:\/\/ca.beyondtype2.org\/fr\/","name":"Beyond Type 2 Canada","description":"","publisher":{"@id":"https:\/\/ca.beyondtype2.org\/fr\/#organization"},"potentialAction":[{"@type":"SearchAction","target":{"@type":"EntryPoint","urlTemplate":"https:\/\/ca.beyondtype2.org\/fr\/?s={search_term_string}"},"query-input":{"@type":"PropertyValueSpecification","valueRequired":true,"valueName":"search_term_string"}}],"inLanguage":"en-US"},{"@type":"Organization","@id":"https:\/\/ca.beyondtype2.org\/fr\/#organization","name":"Beyond Type 2 Canada","url":"https:\/\/ca.beyondtype2.org\/fr\/","logo":{"@type":"ImageObject","inLanguage":"en-US","@id":"https:\/\/ca.beyondtype2.org\/fr\/#\/schema\/logo\/image\/","url":"https:\/\/ca.beyondtype2.org\/fr\/wp-content\/uploads\/sites\/2\/2023\/08\/bt2-logo-v2.png","contentUrl":"https:\/\/ca.beyondtype2.org\/fr\/wp-content\/uploads\/sites\/2\/2023\/08\/bt2-logo-v2.png","width":380,"height":83,"caption":"Beyond Type 2 Canada"},"image":{"@id":"https:\/\/ca.beyondtype2.org\/fr\/#\/schema\/logo\/image\/"}}]}},"featured_image_src":"https:\/\/ca.beyondtype2.org\/fr\/wp-content\/uploads\/sites\/2\/2023\/09\/BT2-HEADER-UNDERSTANDING-A1C-600x400.png","featured_image_src_square":"https:\/\/ca.beyondtype2.org\/fr\/wp-content\/uploads\/sites\/2\/2023\/09\/BT2-HEADER-UNDERSTANDING-A1C-600x600.png","_links":{"self":[{"href":"https:\/\/ca.beyondtype2.org\/fr\/wp-json\/wp\/v2\/pages\/70","targetHints":{"allow":["GET"]}}],"collection":[{"href":"https:\/\/ca.beyondtype2.org\/fr\/wp-json\/wp\/v2\/pages"}],"about":[{"href":"https:\/\/ca.beyondtype2.org\/fr\/wp-json\/wp\/v2\/types\/page"}],"author":[{"embeddable":true,"href":"https:\/\/ca.beyondtype2.org\/fr\/wp-json\/wp\/v2\/users\/10"}],"replies":[{"embeddable":true,"href":"https:\/\/ca.beyondtype2.org\/fr\/wp-json\/wp\/v2\/comments?post=70"}],"version-history":[{"count":0,"href":"https:\/\/ca.beyondtype2.org\/fr\/wp-json\/wp\/v2\/pages\/70\/revisions"}],"wp:featuredmedia":[{"embeddable":true,"href":"https:\/\/ca.beyondtype2.org\/fr\/wp-json\/wp\/v2\/media\/795"}],"wp:attachment":[{"href":"https:\/\/ca.beyondtype2.org\/fr\/wp-json\/wp\/v2\/media?parent=70"}],"wp:term":[{"taxonomy":"category","embeddable":true,"href":"https:\/\/ca.beyondtype2.org\/fr\/wp-json\/wp\/v2\/categories?post=70"},{"taxonomy":"post_tag","embeddable":true,"href":"https:\/\/ca.beyondtype2.org\/fr\/wp-json\/wp\/v2\/tags?post=70"},{"taxonomy":"invisible","embeddable":true,"href":"https:\/\/ca.beyondtype2.org\/fr\/wp-json\/wp\/v2\/invisible?post=70"}],"curies":[{"name":"wp","href":"https:\/\/api.w.org\/{rel}","templated":true}]}}