			{"id":599,"date":"2023-08-31T11:49:57","date_gmt":"2023-08-31T15:49:57","guid":{"rendered":"https:\/\/ca.beyondtype2.org\/fr\/?page_id=599"},"modified":"2023-09-14T15:26:54","modified_gmt":"2023-09-14T19:26:54","slug":"partagez-votre-histoire","status":"publish","type":"page","link":"https:\/\/ca.beyondtype2.org\/fr\/partagez-votre-histoire\/","title":{"rendered":"Partagez votre histoire"},"content":{"rendered":"<p><span style=\"font-weight: 400\">Le diab\u00e8te affecte les gens &#8211; patients, soignants, chercheurs, voisins, camarades de classe, coll\u00e8gues &#8211; de multiples fa\u00e7ons. Votre voix, votre exp\u00e9rience ou votre mode de vie inspireront d\u2019autres personnes, nous vous invitons donc \u00e0 raconter votre histoire. Merci de partager votre v\u00e9cu avec les communaut\u00e9s Beyond Type 1 et\/ou Beyond Type 2 ; nous avons h\u00e2te d&#8217;entendre ce que vous avez \u00e0 dire !<\/span><\/p>\n<p><b><i>Veuillez noter :<\/i><\/b><i><span style=\"font-weight: 400\"> la soumission de contenu \u00e0 Beyond Type 2 est r\u00e9gie par notre <\/span><\/i><a href=\"http:\/\/beyondtype1.org\/privacy-policy\/\"><i><span style=\"font-weight: 400\">politique de confidentialit\u00e9<\/span><\/i><\/a><i><span style=\"font-weight: 400\"> et nos <\/span><\/i><a href=\"http:\/\/beyondtype1.org\/terms-of-use\/\"><i><span style=\"font-weight: 400\">conditions d&#8217;utilisation<\/span><\/i><\/a><i><span style=\"font-weight: 400\"> et en nous soumettant du contenu, vous acceptez notre politique de confidentialit\u00e9 et nos conditions d&#8217;utilisation. Les soumissions d&#8217;histoires personnelles ne sont actuellement pas r\u00e9mun\u00e9r\u00e9es ; dans certains cas, nous pouvons \u00eatre en mesure d&#8217;offrir des honoraires pour votre expertise ou une aide \u00e0 la cr\u00e9ation de ressources.<\/span><\/i><\/p>\n<h3><b><i>CONDITIONS POUR LA R\u00c9DACTION D&#8217;UNE HISTOIRE PERSONNELLE<\/i><\/b><\/h3>\n<p><b>L&#8217;histoire<\/b><\/p>\n<ul>\n<li style=\"font-weight: 400\"><b>Choisissez un objectif <\/b><span style=\"font-weight: 400\">&#8211; trouvez ce qui distingue votre histoire des autres histoires. Nous partageons en priorit\u00e9 les histoires et les ressources de personnes ayant v\u00e9cu des exp\u00e9riences sous-repr\u00e9sent\u00e9es. (Avez-vous une comp\u00e9tence particuli\u00e8re ou avez-vous v\u00e9cu une exp\u00e9rience unique que vous souhaitez partager ? Cela devrait bien s\u00fbr \u00eatre li\u00e9 au diab\u00e8te de type 2 d&#8217;une mani\u00e8re ou d&#8217;une autre !)<\/span><\/li>\n<li style=\"font-weight: 400\"><b>Choisissez un incident incitatif<\/b><span style=\"font-weight: 400\"> &#8211; Une fois que vous vous \u00eates concentr\u00e9 sur le th\u00e8me (par exemple, le skateboard, la musique, la collecte de fonds, les assurances, la maternit\u00e9, la sant\u00e9 mentale, la recherche d&#8217;une communaut\u00e9, etc.), pensez \u00e0 une exp\u00e9rience en lien avec ce sujet. D\u00e9crivez un \u00e9v\u00e9nement ou un moment sp\u00e9cifique qui vous a marqu\u00e9 et a chang\u00e9 votre fa\u00e7on de penser ou celle des autres.<\/span><\/li>\n<li style=\"font-weight: 400\"><b>Nombre de mots <\/b><span style=\"font-weight: 400\">: 600 \u00e0 1200 mots, divis\u00e9 en 2\u20133 sections avec des sous-titres pour plus de lisibilit\u00e9<\/span><\/li>\n<\/ul>\n<p><b>Autres crit\u00e8res<\/b><\/p>\n<ul>\n<li style=\"font-weight: 400\"><b>Biographie<\/b><span style=\"font-weight: 400\">: 3 \u00e0 5 phrases (votre lieu, vos centres d&#8217;int\u00e9r\u00eat, des faits amusants et votre relation avec le diab\u00e8te).<\/span><\/li>\n<li style=\"font-weight: 400\"><b>Photos:<\/b><span style=\"font-weight: 400\"> 3 \u00e0 5 photographies haute r\u00e9solution (au moins une photo paysage (large) pour l&#8217;en-t\u00eate de votre article et une photo pour votre biographie).<\/span><\/li>\n<li style=\"font-weight: 400\"><b>Connectez votre histoire aux m\u00e9dias sociaux: <\/b><span style=\"font-weight: 400\">incluez tous les comptes de vos r\u00e9seaux sociaux (LinkedIn, Facebook, Instagram, Twitter, blog, etc.) afin que les autres puissent vous suivre et voir de quoi vous parlez !<\/span><\/li>\n<li style=\"font-weight: 400\"><b>Pr\u00e9parez une description de votre article<\/b><span style=\"font-weight: 400\"> pour les r\u00e9seaux sociaux que vous utilisez et sur lesquels vous aimeriez partager votre histoire. (Par exemple, \u00e9crivez un tweet ou un bref message Facebook qui explique votre article, ainsi, lorsque votre histoire sera diffus\u00e9e sur nos plateformes, vous serez \u00e9galement pr\u00eat \u00e0 la partager sur la v\u00f4tre.)<\/span><\/li>\n<li style=\"font-weight: 400\"><b>Envoyez votre histoire<\/b><span style=\"font-weight: 400\"> avec des photos, une biographie et vos r\u00e9seaux sociaux \u00e0 <\/span><a href=\"mailto:editor@beyondtype1.org\"><span style=\"font-weight: 400\">editor@beyondtype1.org<\/span><\/a><\/li>\n<\/ul>\n<p><b>Avant de commencer, jetez un oeil sur notre site:<\/b><\/p>\n<p><span style=\"font-weight: 400\">Avant d&#8217;\u00e9crire, voyez ce que d&#8217;autres ont \u00e9crit dans notre section T\u00e9moignages.<\/span><\/p>\n<hr \/>\n<h3><b><i>CONDITIONS POUR LA R\u00c9DACTION DE CONTENU M\u00c9DICAL<\/i><\/b><\/h3>\n<p><span style=\"font-weight: 400\">Vous \u00eates m\u00e9decin, \u00e9ducateur en diab\u00e8te, nutritionniste, coach personnel, technophile ou simplement expert dans un domaine pr\u00e9cis ? Nous recherchons toujours du contenu convaincant pour la communaut\u00e9 du diab\u00e8te de type 2 (DT2) qui traite de la sant\u00e9 et du bien-\u00eatre, qui peut inclure des sujets allant de la sant\u00e9 mentale et des sciences physiques aux nouvelles technologies et les critiques de produits.<\/span><\/p>\n<p><span style=\"font-weight: 400\">Nous donnons la priorit\u00e9 aux ressources et au contenu qui n&#8217;existent pas encore sur d&#8217;autres plateformes de diab\u00e8te et encourageons les soumissions de personnes issues de milieux sous-repr\u00e9sent\u00e9s. Si vous \u00eates un sp\u00e9cialiste qualifi\u00e9, dites-nous comment vous aidez les autres dans votre domaine. Si vous avez r\u00e9cemment d\u00e9couvert quelque chose qui am\u00e9liore votre vie avec un DT2 ou am\u00e9liore la vie d&#8217;une personne que vous aimez atteinte de type 2, partagez-la avec nous.<\/span><\/p>\n<p><span style=\"font-weight: 400\">Pour pr\u00e9senter votre id\u00e9e, veuillez soumettre ce qui suit \u00e0 editor@beyondtype1.org.<\/span><\/p>\n<ul>\n<li style=\"font-weight: 400\"><b>Sujet :<\/b><span style=\"font-weight: 400\"> Quel sera le sujet de votre article ?<\/span><\/li>\n<li style=\"font-weight: 400\"><b>Dipl\u00f4mes :<\/b><span style=\"font-weight: 400\"> \u00c9num\u00e9rez toutes les certifications et vos exp\u00e9riences professionnelles. Qu&#8217;est-ce qui fait de vous l&#8217;expert ?<\/span><\/li>\n<li style=\"font-weight: 400\"><b>R\u00e9digez une introduction :<\/b><span style=\"font-weight: 400\"> Un paragraphe o\u00f9 vous d\u00e9taillez ce que vous allez pr\u00e9senter. Incluez une d\u00e9claration d&#8217;intention &#8220;semblable \u00e0 une th\u00e8se&#8221; afin qu&#8217;il n&#8217;y ait pas de surprises pour le lecteur. Cela montrera \u00e9galement votre style d&#8217;\u00e9criture et votre ton; rappelez-vous que les plateformes Beyond Type 1 utilisent un langage ax\u00e9 sur les personnes, engageant et informel.<\/span><\/li>\n<li style=\"font-weight: 400\"><b>Faites un plan :<\/b><span style=\"font-weight: 400\"> faites-nous savoir ce que vous pr\u00e9voyez de couvrir et d&#8217;inclure dans l\u2019article. Cela n&#8217;a pas besoin d&#8217;\u00eatre tr\u00e8s d\u00e9taill\u00e9, mais nous aimerions conna\u00eetre votre cheminement de pens\u00e9e.<\/span><\/li>\n<li style=\"font-weight: 400\"><b>Recherche :<\/b><span style=\"font-weight: 400\"> Si vous citez d\u2019autres recherches, incluez des informations pr\u00e9cises et cit\u00e9es provenant de sources fiables.<\/span><\/li>\n<li style=\"font-weight: 400\"><b>Nombre de mots : <\/b><span style=\"font-weight: 400\">si votre argumentaire est accept\u00e9, votre texte final doit \u00eatre compos\u00e9 de 600 \u00e0 1 200 mots, divis\u00e9 en 2 ou 3 sections avec des sous-titres pour plus de lisibilit\u00e9.<\/span><\/li>\n<\/ul>\n<p><b>Autres conditions :<\/b><\/p>\n<ul>\n<li style=\"list-style-type: none\">\n<ul>\n<li style=\"font-weight: 400\"><b>Bio :<\/b><span style=\"font-weight: 400\"> 3 \u00e0 5 phrases (votre expertise, localisation, int\u00e9r\u00eats et votre relation avec le DT2).<\/span><\/li>\n<li style=\"font-weight: 400\"><b>Photos : <\/b><span style=\"font-weight: 400\">un portrait pour votre biographie et toutes les photographies associ\u00e9es (vous dans votre domaine ou vos produits, etc.)<\/span><\/li>\n<li style=\"font-weight: 400\"><b>Connectez votre histoire aux r\u00e9seaux sociaux :<\/b><span style=\"font-weight: 400\"> incluez tous les comptes de r\u00e9seaux sociaux (Linkedin, Facebook, Instagram, Twitter, blog, etc.) afin que d&#8217;autres puissent suivre vos conseils d&#8217;experts !)<\/span><\/li>\n<\/ul>\n<\/li>\n<\/ul>\n<hr \/>\n<p><span style=\"font-weight: 400\">\u00cates-vous un \u00e9crivain professionnel et souhaitez-vous couvrir un sujet sur le diab\u00e8te de type 2 ? Contactez-nous.<\/span><\/p>\n<p><span style=\"font-weight: 400\">Vous n&#8217;avez pas le temps d&#8217;\u00e9crire un article, mais vous avez une histoire incroyable ou des informations pr\u00e9cieuses \u00e0 partager ? <\/span><a href=\"mailto:editor@beyondtype1.org\/\"><span style=\"font-weight: 400\">Pr\u00e9sentez-le nous<\/span><\/a><span style=\"font-weight: 400\">, et nous pourrions vous interviewer sur le sujet.<\/span><\/p>\n<p><span style=\"font-weight: 400\">Vous cherchez d&#8217;autres fa\u00e7ons de contribuer au contenu ? Faites partie de<\/span><a href=\"https:\/\/beyondtype1.org\/livebeyond-instagram\/\"><span style=\"font-weight: 400\"> notre mur Instagram.<\/span><\/a><\/p>\n<p><a href=\"https:\/\/ca.beyondtype2.org\/fr\/temoignages\/\">R\u00e9cits de vie avec le diab\u00e8te de type 2<\/a><\/p>\n","protected":false},"excerpt":{"rendered":"<p>Le diab\u00e8te affecte les gens &#8211; patients, soignants, chercheurs, voisins, camarades de classe, coll\u00e8gues &#8211; de multiples fa\u00e7ons. Votre voix, votre exp\u00e9rience ou votre mode de vie inspireront d\u2019autres personnes, nous vous invitons donc \u00e0 raconter votre histoire. Merci de partager votre v\u00e9cu avec les communaut\u00e9s Beyond Type 1 et\/ou Beyond Type 2 ; nous [&hellip;]<\/p>\n","protected":false},"author":10,"featured_media":601,"parent":0,"menu_order":0,"comment_status":"closed","ping_status":"closed","template":"","meta":{"_acf_changed":false,"footnotes":""},"categories":[69],"tags":[],"invisible":[124],"class_list":["post-599","page","type-page","status-publish","has-post-thumbnail","hentry","category-communaute-du-diabete","invisible-engage"],"acf":[],"yoast_head":"<!-- This site is optimized with the Yoast SEO plugin v24.9 - https:\/\/yoast.com\/wordpress\/plugins\/seo\/ -->\n<title>Partagez votre histoire - Beyond Type 2 Canada<\/title>\n<meta name=\"description\" content=\"Votre voix, votre exp\u00e9rience ou votre mode de vie inspireront d\u2019autres personnes, nous vous invitons donc \u00e0 raconter votre histoire.\" \/>\n<meta name=\"robots\" content=\"index, follow, max-snippet:-1, max-image-preview:large, max-video-preview:-1\" \/>\n<link rel=\"canonical\" href=\"https:\/\/ca.beyondtype2.org\/fr\/partagez-votre-histoire\/\" \/>\n<meta property=\"og:locale\" content=\"en_US\" \/>\n<meta property=\"og:type\" content=\"article\" \/>\n<meta property=\"og:title\" content=\"Partagez votre histoire - Beyond Type 2 Canada\" \/>\n<meta property=\"og:description\" content=\"Votre voix, votre exp\u00e9rience ou votre mode de vie inspireront d\u2019autres personnes, nous vous invitons donc \u00e0 raconter votre histoire.\" \/>\n<meta property=\"og:url\" content=\"https:\/\/ca.beyondtype2.org\/fr\/partagez-votre-histoire\/\" \/>\n<meta property=\"og:site_name\" content=\"Beyond Type 2 Canada\" \/>\n<meta property=\"article:modified_time\" content=\"2023-09-14T19:26:54+00:00\" \/>\n<meta property=\"og:image\" content=\"https:\/\/ca.beyondtype2.org\/fr\/wp-content\/uploads\/sites\/2\/2023\/08\/share-your-story.jpg\" \/>\n\t<meta property=\"og:image:width\" content=\"1024\" \/>\n\t<meta property=\"og:image:height\" content=\"400\" \/>\n\t<meta property=\"og:image:type\" content=\"image\/jpeg\" \/>\n<meta name=\"twitter:card\" content=\"summary_large_image\" \/>\n<meta name=\"twitter:label1\" content=\"Est. reading time\" \/>\n\t<meta name=\"twitter:data1\" content=\"4 minutes\" \/>\n<script type=\"application\/ld+json\" class=\"yoast-schema-graph\">{\"@context\":\"https:\/\/schema.org\",\"@graph\":[{\"@type\":\"WebPage\",\"@id\":\"https:\/\/ca.beyondtype2.org\/fr\/partagez-votre-histoire\/\",\"url\":\"https:\/\/ca.beyondtype2.org\/fr\/partagez-votre-histoire\/\",\"name\":\"Partagez votre histoire - Beyond Type 2 Canada\",\"isPartOf\":{\"@id\":\"https:\/\/ca.beyondtype2.org\/fr\/#website\"},\"primaryImageOfPage\":{\"@id\":\"https:\/\/ca.beyondtype2.org\/fr\/partagez-votre-histoire\/#primaryimage\"},\"image\":{\"@id\":\"https:\/\/ca.beyondtype2.org\/fr\/partagez-votre-histoire\/#primaryimage\"},\"thumbnailUrl\":\"https:\/\/ca.beyondtype2.org\/fr\/wp-content\/uploads\/sites\/2\/2023\/08\/share-your-story.jpg\",\"datePublished\":\"2023-08-31T15:49:57+00:00\",\"dateModified\":\"2023-09-14T19:26:54+00:00\",\"description\":\"Votre voix, votre exp\u00e9rience ou votre mode de vie inspireront d\u2019autres personnes, nous vous invitons donc \u00e0 raconter votre histoire.\",\"breadcrumb\":{\"@id\":\"https:\/\/ca.beyondtype2.org\/fr\/partagez-votre-histoire\/#breadcrumb\"},\"inLanguage\":\"en-US\",\"potentialAction\":[{\"@type\":\"ReadAction\",\"target\":[\"https:\/\/ca.beyondtype2.org\/fr\/partagez-votre-histoire\/\"]}]},{\"@type\":\"ImageObject\",\"inLanguage\":\"en-US\",\"@id\":\"https:\/\/ca.beyondtype2.org\/fr\/partagez-votre-histoire\/#primaryimage\",\"url\":\"https:\/\/ca.beyondtype2.org\/fr\/wp-content\/uploads\/sites\/2\/2023\/08\/share-your-story.jpg\",\"contentUrl\":\"https:\/\/ca.beyondtype2.org\/fr\/wp-content\/uploads\/sites\/2\/2023\/08\/share-your-story.jpg\",\"width\":1024,\"height\":400},{\"@type\":\"BreadcrumbList\",\"@id\":\"https:\/\/ca.beyondtype2.org\/fr\/partagez-votre-histoire\/#breadcrumb\",\"itemListElement\":[{\"@type\":\"ListItem\",\"position\":1,\"name\":\"Home\",\"item\":\"https:\/\/ca.beyondtype2.org\/fr\/\"},{\"@type\":\"ListItem\",\"position\":2,\"name\":\"Partagez votre histoire\"}]},{\"@type\":\"WebSite\",\"@id\":\"https:\/\/ca.beyondtype2.org\/fr\/#website\",\"url\":\"https:\/\/ca.beyondtype2.org\/fr\/\",\"name\":\"Beyond Type 2 Canada\",\"description\":\"\",\"publisher\":{\"@id\":\"https:\/\/ca.beyondtype2.org\/fr\/#organization\"},\"potentialAction\":[{\"@type\":\"SearchAction\",\"target\":{\"@type\":\"EntryPoint\",\"urlTemplate\":\"https:\/\/ca.beyondtype2.org\/fr\/?s={search_term_string}\"},\"query-input\":{\"@type\":\"PropertyValueSpecification\",\"valueRequired\":true,\"valueName\":\"search_term_string\"}}],\"inLanguage\":\"en-US\"},{\"@type\":\"Organization\",\"@id\":\"https:\/\/ca.beyondtype2.org\/fr\/#organization\",\"name\":\"Beyond Type 2 Canada\",\"url\":\"https:\/\/ca.beyondtype2.org\/fr\/\",\"logo\":{\"@type\":\"ImageObject\",\"inLanguage\":\"en-US\",\"@id\":\"https:\/\/ca.beyondtype2.org\/fr\/#\/schema\/logo\/image\/\",\"url\":\"https:\/\/ca.beyondtype2.org\/fr\/wp-content\/uploads\/sites\/2\/2023\/08\/bt2-logo-v2.png\",\"contentUrl\":\"https:\/\/ca.beyondtype2.org\/fr\/wp-content\/uploads\/sites\/2\/2023\/08\/bt2-logo-v2.png\",\"width\":380,\"height\":83,\"caption\":\"Beyond Type 2 Canada\"},\"image\":{\"@id\":\"https:\/\/ca.beyondtype2.org\/fr\/#\/schema\/logo\/image\/\"}}]}<\/script>\n<!-- \/ Yoast SEO plugin. -->","yoast_head_json":{"title":"Partagez votre histoire - Beyond Type 2 Canada","description":"Votre voix, votre exp\u00e9rience ou votre mode de vie inspireront d\u2019autres personnes, nous vous invitons donc \u00e0 raconter votre histoire.","robots":{"index":"index","follow":"follow","max-snippet":"max-snippet:-1","max-image-preview":"max-image-preview:large","max-video-preview":"max-video-preview:-1"},"canonical":"https:\/\/ca.beyondtype2.org\/fr\/partagez-votre-histoire\/","og_locale":"en_US","og_type":"article","og_title":"Partagez votre histoire - Beyond Type 2 Canada","og_description":"Votre voix, votre exp\u00e9rience ou votre mode de vie inspireront d\u2019autres personnes, nous vous invitons donc \u00e0 raconter votre histoire.","og_url":"https:\/\/ca.beyondtype2.org\/fr\/partagez-votre-histoire\/","og_site_name":"Beyond Type 2 Canada","article_modified_time":"2023-09-14T19:26:54+00:00","og_image":[{"width":1024,"height":400,"url":"https:\/\/ca.beyondtype2.org\/fr\/wp-content\/uploads\/sites\/2\/2023\/08\/share-your-story.jpg","type":"image\/jpeg"}],"twitter_card":"summary_large_image","twitter_misc":{"Est. reading time":"4 minutes"},"schema":{"@context":"https:\/\/schema.org","@graph":[{"@type":"WebPage","@id":"https:\/\/ca.beyondtype2.org\/fr\/partagez-votre-histoire\/","url":"https:\/\/ca.beyondtype2.org\/fr\/partagez-votre-histoire\/","name":"Partagez votre histoire - Beyond Type 2 Canada","isPartOf":{"@id":"https:\/\/ca.beyondtype2.org\/fr\/#website"},"primaryImageOfPage":{"@id":"https:\/\/ca.beyondtype2.org\/fr\/partagez-votre-histoire\/#primaryimage"},"image":{"@id":"https:\/\/ca.beyondtype2.org\/fr\/partagez-votre-histoire\/#primaryimage"},"thumbnailUrl":"https:\/\/ca.beyondtype2.org\/fr\/wp-content\/uploads\/sites\/2\/2023\/08\/share-your-story.jpg","datePublished":"2023-08-31T15:49:57+00:00","dateModified":"2023-09-14T19:26:54+00:00","description":"Votre voix, votre exp\u00e9rience ou votre mode de vie inspireront d\u2019autres personnes, nous vous invitons donc \u00e0 raconter votre histoire.","breadcrumb":{"@id":"https:\/\/ca.beyondtype2.org\/fr\/partagez-votre-histoire\/#breadcrumb"},"inLanguage":"en-US","potentialAction":[{"@type":"ReadAction","target":["https:\/\/ca.beyondtype2.org\/fr\/partagez-votre-histoire\/"]}]},{"@type":"ImageObject","inLanguage":"en-US","@id":"https:\/\/ca.beyondtype2.org\/fr\/partagez-votre-histoire\/#primaryimage","url":"https:\/\/ca.beyondtype2.org\/fr\/wp-content\/uploads\/sites\/2\/2023\/08\/share-your-story.jpg","contentUrl":"https:\/\/ca.beyondtype2.org\/fr\/wp-content\/uploads\/sites\/2\/2023\/08\/share-your-story.jpg","width":1024,"height":400},{"@type":"BreadcrumbList","@id":"https:\/\/ca.beyondtype2.org\/fr\/partagez-votre-histoire\/#breadcrumb","itemListElement":[{"@type":"ListItem","position":1,"name":"Home","item":"https:\/\/ca.beyondtype2.org\/fr\/"},{"@type":"ListItem","position":2,"name":"Partagez votre histoire"}]},{"@type":"WebSite","@id":"https:\/\/ca.beyondtype2.org\/fr\/#website","url":"https:\/\/ca.beyondtype2.org\/fr\/","name":"Beyond Type 2 Canada","description":"","publisher":{"@id":"https:\/\/ca.beyondtype2.org\/fr\/#organization"},"potentialAction":[{"@type":"SearchAction","target":{"@type":"EntryPoint","urlTemplate":"https:\/\/ca.beyondtype2.org\/fr\/?s={search_term_string}"},"query-input":{"@type":"PropertyValueSpecification","valueRequired":true,"valueName":"search_term_string"}}],"inLanguage":"en-US"},{"@type":"Organization","@id":"https:\/\/ca.beyondtype2.org\/fr\/#organization","name":"Beyond Type 2 Canada","url":"https:\/\/ca.beyondtype2.org\/fr\/","logo":{"@type":"ImageObject","inLanguage":"en-US","@id":"https:\/\/ca.beyondtype2.org\/fr\/#\/schema\/logo\/image\/","url":"https:\/\/ca.beyondtype2.org\/fr\/wp-content\/uploads\/sites\/2\/2023\/08\/bt2-logo-v2.png","contentUrl":"https:\/\/ca.beyondtype2.org\/fr\/wp-content\/uploads\/sites\/2\/2023\/08\/bt2-logo-v2.png","width":380,"height":83,"caption":"Beyond Type 2 Canada"},"image":{"@id":"https:\/\/ca.beyondtype2.org\/fr\/#\/schema\/logo\/image\/"}}]}},"featured_image_src":"https:\/\/ca.beyondtype2.org\/fr\/wp-content\/uploads\/sites\/2\/2023\/08\/share-your-story-600x400.jpg","featured_image_src_square":"https:\/\/ca.beyondtype2.org\/fr\/wp-content\/uploads\/sites\/2\/2023\/08\/share-your-story-600x400.jpg","_links":{"self":[{"href":"https:\/\/ca.beyondtype2.org\/fr\/wp-json\/wp\/v2\/pages\/599","targetHints":{"allow":["GET"]}}],"collection":[{"href":"https:\/\/ca.beyondtype2.org\/fr\/wp-json\/wp\/v2\/pages"}],"about":[{"href":"https:\/\/ca.beyondtype2.org\/fr\/wp-json\/wp\/v2\/types\/page"}],"author":[{"embeddable":true,"href":"https:\/\/ca.beyondtype2.org\/fr\/wp-json\/wp\/v2\/users\/10"}],"replies":[{"embeddable":true,"href":"https:\/\/ca.beyondtype2.org\/fr\/wp-json\/wp\/v2\/comments?post=599"}],"version-history":[{"count":0,"href":"https:\/\/ca.beyondtype2.org\/fr\/wp-json\/wp\/v2\/pages\/599\/revisions"}],"wp:featuredmedia":[{"embeddable":true,"href":"https:\/\/ca.beyondtype2.org\/fr\/wp-json\/wp\/v2\/media\/601"}],"wp:attachment":[{"href":"https:\/\/ca.beyondtype2.org\/fr\/wp-json\/wp\/v2\/media?parent=599"}],"wp:term":[{"taxonomy":"category","embeddable":true,"href":"https:\/\/ca.beyondtype2.org\/fr\/wp-json\/wp\/v2\/categories?post=599"},{"taxonomy":"post_tag","embeddable":true,"href":"https:\/\/ca.beyondtype2.org\/fr\/wp-json\/wp\/v2\/tags?post=599"},{"taxonomy":"invisible","embeddable":true,"href":"https:\/\/ca.beyondtype2.org\/fr\/wp-json\/wp\/v2\/invisible?post=599"}],"curies":[{"name":"wp","href":"https:\/\/api.w.org\/{rel}","templated":true}]}}