			{"id":585,"date":"2023-08-30T16:10:25","date_gmt":"2023-08-30T20:10:25","guid":{"rendered":"https:\/\/ca.beyondtype2.org\/fr\/?page_id=585"},"modified":"2023-10-11T11:18:02","modified_gmt":"2023-10-11T15:18:02","slug":"actualites-sur-le-diabete","status":"publish","type":"page","link":"https:\/\/ca.beyondtype2.org\/fr\/actualites-sur-le-diabete\/","title":{"rendered":"Actualit\u00e9s sur le diab\u00e8te"},"content":{"rendered":"<div class='multi-box-holder'><div class='landing-display-1' style=''><a href='https:\/\/ca.beyondtype2.org\/fr\/couverture-capteur-glycemie-nouveau-brunswick\/'><div class='image-thumbnail image-thumbnail-1'><img src='https:\/\/ca.beyondtype2.org\/fr\/wp-content\/uploads\/sites\/2\/2023\/11\/BT2-CANADA-CGM-ACCESS-NEWS-THUMB-150x150.png'><\/div><div class='mobile-image'><img loading=\"lazy\" decoding=\"async\" width=\"2048\" height=\"733\" src=\"https:\/\/ca.beyondtype2.org\/fr\/wp-content\/uploads\/sites\/2\/2023\/11\/BT2-CANADA-CGM-ACCESS-NEWS-HEADER.png\" class=\" wp-post-image\" alt=\"\" srcset=\"https:\/\/ca.beyondtype2.org\/fr\/wp-content\/uploads\/sites\/2\/2023\/11\/BT2-CANADA-CGM-ACCESS-NEWS-HEADER.png 2048w, https:\/\/ca.beyondtype2.org\/fr\/wp-content\/uploads\/sites\/2\/2023\/11\/BT2-CANADA-CGM-ACCESS-NEWS-HEADER-300x107.png 300w, https:\/\/ca.beyondtype2.org\/fr\/wp-content\/uploads\/sites\/2\/2023\/11\/BT2-CANADA-CGM-ACCESS-NEWS-HEADER-1024x367.png 1024w, https:\/\/ca.beyondtype2.org\/fr\/wp-content\/uploads\/sites\/2\/2023\/11\/BT2-CANADA-CGM-ACCESS-NEWS-HEADER-768x275.png 768w, https:\/\/ca.beyondtype2.org\/fr\/wp-content\/uploads\/sites\/2\/2023\/11\/BT2-CANADA-CGM-ACCESS-NEWS-HEADER-1536x550.png 1536w, https:\/\/ca.beyondtype2.org\/fr\/wp-content\/uploads\/sites\/2\/2023\/11\/BT2-CANADA-CGM-ACCESS-NEWS-HEADER-1200x429.png 1200w, https:\/\/ca.beyondtype2.org\/fr\/wp-content\/uploads\/sites\/2\/2023\/11\/BT2-CANADA-CGM-ACCESS-NEWS-HEADER-1980x709.png 1980w\" sizes=\"auto, (max-width: 2048px) 100vw, 2048px\" \/><\/div><h2>Capteurs de glyc\u00e9mie : couverture \u00e9largie pour les N\u00e9o-Brunswickois<\/a><\/h2><\/br><span class='excerpt'>Le Programme de pompes \u00e0 insuline du Nouveau-Brunswick a \u00e9largi la couverture aux capteurs de glyc\u00e9mie aux patients diab\u00e9tiques \u00e9ligibles. Voici ce que vous devez savoir !<\/span><a class='readmore' href='https:\/\/ca.beyondtype2.org\/fr\/couverture-capteur-glycemie-nouveau-brunswick\/'>EN SAVOIR PLUS<\/a><\/div><div class='landing-display-1' style=''><a href='https:\/\/ca.beyondtype2.org\/fr\/dexcom-g7-canada-disponible\/'><div class='image-thumbnail image-thumbnail-1'><img src='https:\/\/ca.beyondtype2.org\/fr\/wp-content\/uploads\/sites\/2\/2023\/10\/BT1-DEXCOM-LAUNCH-OF-DEXCOM-G7-IN-CANADA-THUMB-150x150.png'><\/div><div class='mobile-image'><img loading=\"lazy\" decoding=\"async\" width=\"2048\" height=\"733\" src=\"https:\/\/ca.beyondtype2.org\/fr\/wp-content\/uploads\/sites\/2\/2023\/10\/BT1-DEXCOM-LAUNCH-OF-DEXCOM-G7-IN-CANADA-HEADER.png\" class=\" wp-post-image\" alt=\"\" srcset=\"https:\/\/ca.beyondtype2.org\/fr\/wp-content\/uploads\/sites\/2\/2023\/10\/BT1-DEXCOM-LAUNCH-OF-DEXCOM-G7-IN-CANADA-HEADER.png 2048w, https:\/\/ca.beyondtype2.org\/fr\/wp-content\/uploads\/sites\/2\/2023\/10\/BT1-DEXCOM-LAUNCH-OF-DEXCOM-G7-IN-CANADA-HEADER-300x107.png 300w, https:\/\/ca.beyondtype2.org\/fr\/wp-content\/uploads\/sites\/2\/2023\/10\/BT1-DEXCOM-LAUNCH-OF-DEXCOM-G7-IN-CANADA-HEADER-1024x367.png 1024w, https:\/\/ca.beyondtype2.org\/fr\/wp-content\/uploads\/sites\/2\/2023\/10\/BT1-DEXCOM-LAUNCH-OF-DEXCOM-G7-IN-CANADA-HEADER-768x275.png 768w, https:\/\/ca.beyondtype2.org\/fr\/wp-content\/uploads\/sites\/2\/2023\/10\/BT1-DEXCOM-LAUNCH-OF-DEXCOM-G7-IN-CANADA-HEADER-1536x550.png 1536w, https:\/\/ca.beyondtype2.org\/fr\/wp-content\/uploads\/sites\/2\/2023\/10\/BT1-DEXCOM-LAUNCH-OF-DEXCOM-G7-IN-CANADA-HEADER-1200x429.png 1200w, https:\/\/ca.beyondtype2.org\/fr\/wp-content\/uploads\/sites\/2\/2023\/10\/BT1-DEXCOM-LAUNCH-OF-DEXCOM-G7-IN-CANADA-HEADER-1980x709.png 1980w\" sizes=\"auto, (max-width: 2048px) 100vw, 2048px\" \/><\/div><h2>Dexcom G7 est maintenant disponible au Canada<\/a><\/h2><\/br><span class='excerpt'>Le tout nouveau capteur de glyc\u00e9mie de Dexcom, le G7, est maintenant disponible au Canada. Voici ce que vous devez savoir \u00e0 son sujet !<\/span><a class='readmore' href='https:\/\/ca.beyondtype2.org\/fr\/dexcom-g7-canada-disponible\/'>EN SAVOIR PLUS<\/a><\/div><\/div>\n<p>&nbsp;<\/p>\n","protected":false},"excerpt":{"rendered":"<p>&nbsp;<\/p>\n","protected":false},"author":10,"featured_media":586,"parent":0,"menu_order":0,"comment_status":"closed","ping_status":"closed","template":"","meta":{"_acf_changed":false,"footnotes":""},"categories":[69,73],"tags":[],"invisible":[],"class_list":["post-585","page","type-page","status-publish","has-post-thumbnail","hentry","category-communaute-du-diabete","category-actualites-sur-le-diabete"],"acf":[],"yoast_head":"<!-- This site is optimized with the Yoast SEO plugin v24.9 - https:\/\/yoast.com\/wordpress\/plugins\/seo\/ -->\n<title>Actualit\u00e9s sur le diab\u00e8te - Beyond Type 2 Canada<\/title>\n<meta name=\"description\" content=\"Toute l&#039;actualit\u00e9 du secteur du diab\u00e8te.\" \/>\n<meta name=\"robots\" content=\"index, follow, max-snippet:-1, max-image-preview:large, max-video-preview:-1\" \/>\n<link rel=\"canonical\" href=\"https:\/\/ca.beyondtype2.org\/fr\/actualites-sur-le-diabete\/\" \/>\n<meta property=\"og:locale\" content=\"en_US\" \/>\n<meta property=\"og:type\" content=\"article\" \/>\n<meta property=\"og:title\" content=\"Actualit\u00e9s sur le diab\u00e8te - Beyond Type 2 Canada\" \/>\n<meta property=\"og:description\" content=\"Toute l&#039;actualit\u00e9 du secteur du diab\u00e8te.\" \/>\n<meta property=\"og:url\" content=\"https:\/\/ca.beyondtype2.org\/fr\/actualites-sur-le-diabete\/\" \/>\n<meta property=\"og:site_name\" content=\"Beyond Type 2 Canada\" \/>\n<meta property=\"article:modified_time\" content=\"2023-10-11T15:18:02+00:00\" \/>\n<meta property=\"og:image\" content=\"https:\/\/ca.beyondtype2.org\/fr\/wp-content\/uploads\/sites\/2\/2023\/08\/BT2-HEADER-NEWS-1024x367.png\" \/>\n\t<meta property=\"og:image:width\" content=\"1024\" \/>\n\t<meta property=\"og:image:height\" content=\"367\" \/>\n\t<meta property=\"og:image:type\" content=\"image\/png\" \/>\n<meta name=\"twitter:card\" content=\"summary_large_image\" \/>\n<meta name=\"twitter:label1\" content=\"Est. reading time\" \/>\n\t<meta name=\"twitter:data1\" content=\"1 minute\" \/>\n<script type=\"application\/ld+json\" class=\"yoast-schema-graph\">{\"@context\":\"https:\/\/schema.org\",\"@graph\":[{\"@type\":\"WebPage\",\"@id\":\"https:\/\/ca.beyondtype2.org\/fr\/actualites-sur-le-diabete\/\",\"url\":\"https:\/\/ca.beyondtype2.org\/fr\/actualites-sur-le-diabete\/\",\"name\":\"Actualit\u00e9s sur le diab\u00e8te - Beyond Type 2 Canada\",\"isPartOf\":{\"@id\":\"https:\/\/ca.beyondtype2.org\/fr\/#website\"},\"primaryImageOfPage\":{\"@id\":\"https:\/\/ca.beyondtype2.org\/fr\/actualites-sur-le-diabete\/#primaryimage\"},\"image\":{\"@id\":\"https:\/\/ca.beyondtype2.org\/fr\/actualites-sur-le-diabete\/#primaryimage\"},\"thumbnailUrl\":\"https:\/\/ca.beyondtype2.org\/fr\/wp-content\/uploads\/sites\/2\/2023\/08\/BT2-HEADER-NEWS.png\",\"datePublished\":\"2023-08-30T20:10:25+00:00\",\"dateModified\":\"2023-10-11T15:18:02+00:00\",\"description\":\"Toute l'actualit\u00e9 du secteur du diab\u00e8te.\",\"breadcrumb\":{\"@id\":\"https:\/\/ca.beyondtype2.org\/fr\/actualites-sur-le-diabete\/#breadcrumb\"},\"inLanguage\":\"en-US\",\"potentialAction\":[{\"@type\":\"ReadAction\",\"target\":[\"https:\/\/ca.beyondtype2.org\/fr\/actualites-sur-le-diabete\/\"]}]},{\"@type\":\"ImageObject\",\"inLanguage\":\"en-US\",\"@id\":\"https:\/\/ca.beyondtype2.org\/fr\/actualites-sur-le-diabete\/#primaryimage\",\"url\":\"https:\/\/ca.beyondtype2.org\/fr\/wp-content\/uploads\/sites\/2\/2023\/08\/BT2-HEADER-NEWS.png\",\"contentUrl\":\"https:\/\/ca.beyondtype2.org\/fr\/wp-content\/uploads\/sites\/2\/2023\/08\/BT2-HEADER-NEWS.png\",\"width\":2048,\"height\":733},{\"@type\":\"BreadcrumbList\",\"@id\":\"https:\/\/ca.beyondtype2.org\/fr\/actualites-sur-le-diabete\/#breadcrumb\",\"itemListElement\":[{\"@type\":\"ListItem\",\"position\":1,\"name\":\"Home\",\"item\":\"https:\/\/ca.beyondtype2.org\/fr\/\"},{\"@type\":\"ListItem\",\"position\":2,\"name\":\"Actualit\u00e9s sur le diab\u00e8te\"}]},{\"@type\":\"WebSite\",\"@id\":\"https:\/\/ca.beyondtype2.org\/fr\/#website\",\"url\":\"https:\/\/ca.beyondtype2.org\/fr\/\",\"name\":\"Beyond Type 2 Canada\",\"description\":\"\",\"publisher\":{\"@id\":\"https:\/\/ca.beyondtype2.org\/fr\/#organization\"},\"potentialAction\":[{\"@type\":\"SearchAction\",\"target\":{\"@type\":\"EntryPoint\",\"urlTemplate\":\"https:\/\/ca.beyondtype2.org\/fr\/?s={search_term_string}\"},\"query-input\":{\"@type\":\"PropertyValueSpecification\",\"valueRequired\":true,\"valueName\":\"search_term_string\"}}],\"inLanguage\":\"en-US\"},{\"@type\":\"Organization\",\"@id\":\"https:\/\/ca.beyondtype2.org\/fr\/#organization\",\"name\":\"Beyond Type 2 Canada\",\"url\":\"https:\/\/ca.beyondtype2.org\/fr\/\",\"logo\":{\"@type\":\"ImageObject\",\"inLanguage\":\"en-US\",\"@id\":\"https:\/\/ca.beyondtype2.org\/fr\/#\/schema\/logo\/image\/\",\"url\":\"https:\/\/ca.beyondtype2.org\/fr\/wp-content\/uploads\/sites\/2\/2023\/08\/bt2-logo-v2.png\",\"contentUrl\":\"https:\/\/ca.beyondtype2.org\/fr\/wp-content\/uploads\/sites\/2\/2023\/08\/bt2-logo-v2.png\",\"width\":380,\"height\":83,\"caption\":\"Beyond Type 2 Canada\"},\"image\":{\"@id\":\"https:\/\/ca.beyondtype2.org\/fr\/#\/schema\/logo\/image\/\"}}]}<\/script>\n<!-- \/ Yoast SEO plugin. -->","yoast_head_json":{"title":"Actualit\u00e9s sur le diab\u00e8te - Beyond Type 2 Canada","description":"Toute l'actualit\u00e9 du secteur du diab\u00e8te.","robots":{"index":"index","follow":"follow","max-snippet":"max-snippet:-1","max-image-preview":"max-image-preview:large","max-video-preview":"max-video-preview:-1"},"canonical":"https:\/\/ca.beyondtype2.org\/fr\/actualites-sur-le-diabete\/","og_locale":"en_US","og_type":"article","og_title":"Actualit\u00e9s sur le diab\u00e8te - Beyond Type 2 Canada","og_description":"Toute l'actualit\u00e9 du secteur du diab\u00e8te.","og_url":"https:\/\/ca.beyondtype2.org\/fr\/actualites-sur-le-diabete\/","og_site_name":"Beyond Type 2 Canada","article_modified_time":"2023-10-11T15:18:02+00:00","og_image":[{"width":1024,"height":367,"url":"https:\/\/ca.beyondtype2.org\/fr\/wp-content\/uploads\/sites\/2\/2023\/08\/BT2-HEADER-NEWS-1024x367.png","type":"image\/png"}],"twitter_card":"summary_large_image","twitter_misc":{"Est. reading time":"1 minute"},"schema":{"@context":"https:\/\/schema.org","@graph":[{"@type":"WebPage","@id":"https:\/\/ca.beyondtype2.org\/fr\/actualites-sur-le-diabete\/","url":"https:\/\/ca.beyondtype2.org\/fr\/actualites-sur-le-diabete\/","name":"Actualit\u00e9s sur le diab\u00e8te - Beyond Type 2 Canada","isPartOf":{"@id":"https:\/\/ca.beyondtype2.org\/fr\/#website"},"primaryImageOfPage":{"@id":"https:\/\/ca.beyondtype2.org\/fr\/actualites-sur-le-diabete\/#primaryimage"},"image":{"@id":"https:\/\/ca.beyondtype2.org\/fr\/actualites-sur-le-diabete\/#primaryimage"},"thumbnailUrl":"https:\/\/ca.beyondtype2.org\/fr\/wp-content\/uploads\/sites\/2\/2023\/08\/BT2-HEADER-NEWS.png","datePublished":"2023-08-30T20:10:25+00:00","dateModified":"2023-10-11T15:18:02+00:00","description":"Toute l'actualit\u00e9 du secteur du diab\u00e8te.","breadcrumb":{"@id":"https:\/\/ca.beyondtype2.org\/fr\/actualites-sur-le-diabete\/#breadcrumb"},"inLanguage":"en-US","potentialAction":[{"@type":"ReadAction","target":["https:\/\/ca.beyondtype2.org\/fr\/actualites-sur-le-diabete\/"]}]},{"@type":"ImageObject","inLanguage":"en-US","@id":"https:\/\/ca.beyondtype2.org\/fr\/actualites-sur-le-diabete\/#primaryimage","url":"https:\/\/ca.beyondtype2.org\/fr\/wp-content\/uploads\/sites\/2\/2023\/08\/BT2-HEADER-NEWS.png","contentUrl":"https:\/\/ca.beyondtype2.org\/fr\/wp-content\/uploads\/sites\/2\/2023\/08\/BT2-HEADER-NEWS.png","width":2048,"height":733},{"@type":"BreadcrumbList","@id":"https:\/\/ca.beyondtype2.org\/fr\/actualites-sur-le-diabete\/#breadcrumb","itemListElement":[{"@type":"ListItem","position":1,"name":"Home","item":"https:\/\/ca.beyondtype2.org\/fr\/"},{"@type":"ListItem","position":2,"name":"Actualit\u00e9s sur le diab\u00e8te"}]},{"@type":"WebSite","@id":"https:\/\/ca.beyondtype2.org\/fr\/#website","url":"https:\/\/ca.beyondtype2.org\/fr\/","name":"Beyond Type 2 Canada","description":"","publisher":{"@id":"https:\/\/ca.beyondtype2.org\/fr\/#organization"},"potentialAction":[{"@type":"SearchAction","target":{"@type":"EntryPoint","urlTemplate":"https:\/\/ca.beyondtype2.org\/fr\/?s={search_term_string}"},"query-input":{"@type":"PropertyValueSpecification","valueRequired":true,"valueName":"search_term_string"}}],"inLanguage":"en-US"},{"@type":"Organization","@id":"https:\/\/ca.beyondtype2.org\/fr\/#organization","name":"Beyond Type 2 Canada","url":"https:\/\/ca.beyondtype2.org\/fr\/","logo":{"@type":"ImageObject","inLanguage":"en-US","@id":"https:\/\/ca.beyondtype2.org\/fr\/#\/schema\/logo\/image\/","url":"https:\/\/ca.beyondtype2.org\/fr\/wp-content\/uploads\/sites\/2\/2023\/08\/bt2-logo-v2.png","contentUrl":"https:\/\/ca.beyondtype2.org\/fr\/wp-content\/uploads\/sites\/2\/2023\/08\/bt2-logo-v2.png","width":380,"height":83,"caption":"Beyond Type 2 Canada"},"image":{"@id":"https:\/\/ca.beyondtype2.org\/fr\/#\/schema\/logo\/image\/"}}]}},"featured_image_src":"https:\/\/ca.beyondtype2.org\/fr\/wp-content\/uploads\/sites\/2\/2023\/08\/BT2-HEADER-NEWS-600x400.png","featured_image_src_square":"https:\/\/ca.beyondtype2.org\/fr\/wp-content\/uploads\/sites\/2\/2023\/08\/BT2-HEADER-NEWS-600x600.png","_links":{"self":[{"href":"https:\/\/ca.beyondtype2.org\/fr\/wp-json\/wp\/v2\/pages\/585","targetHints":{"allow":["GET"]}}],"collection":[{"href":"https:\/\/ca.beyondtype2.org\/fr\/wp-json\/wp\/v2\/pages"}],"about":[{"href":"https:\/\/ca.beyondtype2.org\/fr\/wp-json\/wp\/v2\/types\/page"}],"author":[{"embeddable":true,"href":"https:\/\/ca.beyondtype2.org\/fr\/wp-json\/wp\/v2\/users\/10"}],"replies":[{"embeddable":true,"href":"https:\/\/ca.beyondtype2.org\/fr\/wp-json\/wp\/v2\/comments?post=585"}],"version-history":[{"count":0,"href":"https:\/\/ca.beyondtype2.org\/fr\/wp-json\/wp\/v2\/pages\/585\/revisions"}],"wp:featuredmedia":[{"embeddable":true,"href":"https:\/\/ca.beyondtype2.org\/fr\/wp-json\/wp\/v2\/media\/586"}],"wp:attachment":[{"href":"https:\/\/ca.beyondtype2.org\/fr\/wp-json\/wp\/v2\/media?parent=585"}],"wp:term":[{"taxonomy":"category","embeddable":true,"href":"https:\/\/ca.beyondtype2.org\/fr\/wp-json\/wp\/v2\/categories?post=585"},{"taxonomy":"post_tag","embeddable":true,"href":"https:\/\/ca.beyondtype2.org\/fr\/wp-json\/wp\/v2\/tags?post=585"},{"taxonomy":"invisible","embeddable":true,"href":"https:\/\/ca.beyondtype2.org\/fr\/wp-json\/wp\/v2\/invisible?post=585"}],"curies":[{"name":"wp","href":"https:\/\/api.w.org\/{rel}","templated":true}]}}