			{"id":511,"date":"2023-08-28T14:24:26","date_gmt":"2023-08-28T18:24:26","guid":{"rendered":"https:\/\/ca.beyondtype2.org\/fr\/?page_id=511"},"modified":"2023-09-04T07:16:21","modified_gmt":"2023-09-04T11:16:21","slug":"la-glycemie-et-le-sport","status":"publish","type":"page","link":"https:\/\/ca.beyondtype2.org\/fr\/la-glycemie-et-le-sport\/","title":{"rendered":"La glyc\u00e9mie et le sport"},"content":{"rendered":"<p><span style=\"font-weight: 400\">Nous savons que faire une activit\u00e9 physique r\u00e9guli\u00e8re est conseill\u00e9e dans la gestion du diab\u00e8te de type 2. En plus du r\u00e9gime et de tout m\u00e9dicament prescrit, le sport peut vous aider \u00e0 atteindre vos objectifs en mati\u00e8re de gestion de votre glyc\u00e9mie. Mais si nous nous effor\u00e7ons d&#8217;int\u00e9grer le sport dans notre vie, il faut aussi \u00eatre conscient de certains d\u00e9fis, comme l&#8217;hypoglyc\u00e9mie, la pratique du sport en cas d&#8217;hyperglyc\u00e9mie, et apprendre \u00e0 faire de l&#8217;exercice physique une priorit\u00e9. Si vous venez de mettre en place une routine d&#8217;entra\u00eenement, le fait de conna\u00eetre les bases de la glyc\u00e9mie et du sport peut faire la diff\u00e9rence dans votre vie avec le diab\u00e8te de type 2.<\/span><\/p>\n<h3><b>LES AVANTAGES<\/b><b> DU SPORT <\/b><b>POUR LA GESTION DU DIAB\u00c8TE\u00a0<\/b><\/h3>\n<p><span style=\"font-weight: 400\">Le sport peut faire des merveilles pour votre glyc\u00e9mie. Lorsque vous faites de l&#8217;exercice, votre corps est capable d&#8217;utiliser le glucose comme source d&#8217;\u00e9nergie pour les cellules de votre corps et d&#8217;am\u00e9liorer votre sensibilit\u00e9 \u00e0 l&#8217;insuline. Cela entra\u00eene une baisse de la glyc\u00e9mie.<\/span><\/p>\n<p><span style=\"font-weight: 400\">En outre, une activit\u00e9 physique r\u00e9guli\u00e8re r\u00e9duit les risques de maladies cardiovasculaires, d&#8217;accidents vasculaires c\u00e9r\u00e9braux, d&#8217;hypertension art\u00e9rielle et d&#8217;autres maladies chroniques. Elle vous aide \u00e9galement \u00e0 g\u00e9rer le stress et, en vieillissant, \u00e0 pr\u00e9venir les fractures dues \u00e0 une perte de densit\u00e9 osseuse.<\/span><\/p>\n<h3><b>LES CONSEILS POUR PR\u00c9VENIR ET TRAITER L&#8217;HYPOGLYC\u00c9MIE PENDANT LE SPORT<\/b><\/h3>\n<h2><img loading=\"lazy\" decoding=\"async\" class=\" wp-image-47114 alignright\" style=\"padding-left: 15px\" src=\"https:\/\/fr.beyondtype2.org\/wp-content\/uploads\/2020\/02\/Baqsimi-Photo-504x472.jpg\" width=\"427\" height=\"400\" \/><\/h2>\n<p><span style=\"font-weight: 400\">Pour vous pr\u00e9parer \u00e0 une \u00e9ventuelle hypoglyc\u00e9mie, gardez toujours \u00e0 port\u00e9e de main au moins 15 \u00e0 20 g de glucides \u00e0 action rapide. Notez \u00e9galement que le risque d&#8217;hypoglyc\u00e9mie est plus \u00e9lev\u00e9 si vous sautez un repas ou si vous faites un exercice physique intense ou de longue dur\u00e9e. L&#8217;exercice d\u2019a\u00e9robie, comme le jogging, a tendance \u00e0 faire baisser la glyc\u00e9mie.<\/span><\/p>\n<p><span style=\"font-weight: 400\">Si possible, prenez un petit repas environ une heure avant de vous entra\u00eener.<\/span><\/p>\n<p><span style=\"font-weight: 400\">Surveillez r\u00e9guli\u00e8rement votre glyc\u00e9mie pendant que vous faites de l&#8217;exercice et soyez attentif aux <\/span><span style=\"font-weight: 400\">sympt\u00f4mes de l&#8217;hypoglyc\u00e9mie<\/span><span style=\"font-weight: 400\">. Les sympt\u00f4mes de l&#8217;hypoglyc\u00e9mie comprennent :<\/span><\/p>\n<ul>\n<li style=\"font-weight: 400\"><span style=\"font-weight: 400\">Tremblements<\/span><\/li>\n<li style=\"font-weight: 400\"><span style=\"font-weight: 400\">Faim excessive<\/span><\/li>\n<li style=\"font-weight: 400\"><span style=\"font-weight: 400\">Faiblesse<\/span><\/li>\n<li style=\"font-weight: 400\"><span style=\"font-weight: 400\">Rythme cardiaque rapide<\/span><\/li>\n<li style=\"font-weight: 400\"><span style=\"font-weight: 400\">Difficult\u00e9 \u00e0 se concentrer<\/span><\/li>\n<\/ul>\n<p><span style=\"font-weight: 400\">Soyez pr\u00eat \u00e0 faire face \u00e0 une <\/span><a href=\"https:\/\/beyondtype2.org\/severe-hypoglycemia-disaster-preparedness-plan\/\"><span style=\"font-weight: 400\">hypoglyc\u00e9mie qui n\u00e9cessite une prise en charge urgente<\/span><\/a><span style=\"font-weight: 400\">. Obtenez une ordonnance pour le <\/span><a href=\"https:\/\/beyondtype2.org\/all-about-glucagon\/\"><span style=\"font-weight: 400\">glucagon<\/span><\/a><span style=\"font-weight: 400\"> et gardez-le \u00e0 proximit\u00e9. Si vous vous entra\u00eenez avec un entra\u00eeneur ou un ami, montrez-lui comment utiliser votre glucagon (nasal ou injectable) afin qu&#8217;il puisse vous traiter en cas d&#8217;urgence.<\/span><\/p>\n<h3><b>LA PR\u00c9VENTION ET LE TRAITEMENT DE L&#8217;HYPERGLYC\u00c9MIE PENDANT LE SPORT<\/b><\/h3>\n<p><span style=\"font-weight: 400\">Certains exercices de haute intensit\u00e9 ou ana\u00e9robies, comme l&#8217;halt\u00e9rophilie, peuvent stimuler la production de glucose par le foie, ce qui entra\u00eene une augmentation de la glyc\u00e9mie. Pendant ces exercices, vos muscles ont besoin de plus d&#8217;\u00e9nergie, c&#8217;est pourquoi vous verrez une augmentation temporaire de la glyc\u00e9mie. Parmi les autres exercices ana\u00e9robies, citons le sprint et l&#8217;entra\u00eenement par intervalles \u00e0 haute intensit\u00e9 (HIIT).<\/span><\/p>\n<p><span style=\"font-weight: 400\">Avant de commencer toute s\u00e9ance d&#8217;entra\u00eenement, v\u00e9rifiez votre glyc\u00e9mie, ainsi que pendant et apr\u00e8s l\u2019exercice. Si votre glyc\u00e9mie est trop \u00e9lev\u00e9e (<span class=\"definition\">252 mg\/dL<\/span> ou plus), attendez qu&#8217;elle redescende avant de poursuivre l&#8217;exercice. Il se peut que votre organisme n&#8217;ait pas assez d&#8217;insuline pour contr\u00f4ler votre glyc\u00e9mie. Discutez avec votre m\u00e9decin de la possibilit\u00e9 de prendre des m\u00e9dicaments hypoglyc\u00e9miants avant de faire de l&#8217;exercice si votre glyc\u00e9mie est sup\u00e9rieure \u00e0 <span class=\"definition\"><span class=\"definition-show\">14.0 mmol\/L<\/span>252 mg\/dL<\/span>. Bien que cela soit rare avec un diab\u00e8te de type 2, <\/span><span style=\"font-weight: 400\">pensez \u00e0 v\u00e9rifier la pr\u00e9sence de corps c\u00e9toniques<\/span><span style=\"font-weight: 400\">.<\/span><\/p>\n<h2><img loading=\"lazy\" decoding=\"async\" class=\" wp-image-47213 alignleft\" style=\"padding-right: 15px\" src=\"https:\/\/fr.beyondtype2.org\/wp-content\/uploads\/2020\/03\/form-8IyAxtJazoM-unsplash-504x363.jpg\" width=\"436\" height=\"314\" \/><\/h2>\n<h3><b>TROUVER DU TEMPS POUR LE SPORT<\/b><\/h3>\n<p><span style=\"font-weight: 400\">Vous avez du mal \u00e0 trouver le temps de faire du sport dans votre vie ? C&#8217;est plus facile que vous ne le pensez ! R\u00e9fl\u00e9chissez aux moments de votre journ\u00e9e o\u00f9 vous avez le temps de faire une promenade ou un jogging, d&#8217;aller \u00e0 la salle de sport ou m\u00eame de faire une s\u00e9ance d&#8217;entra\u00eenement rapide chez vous. Si vous devez choisir entre regarder votre \u00e9mission de t\u00e9l\u00e9vision pr\u00e9f\u00e9r\u00e9e et marcher sur le tapis de course, vous pouvez faire les deux. Diffusez votre \u00e9mission sur votre t\u00e9l\u00e9phone pendant que vous \u00eates sur l\u2019appareil.<\/span><\/p>\n<p><span style=\"font-weight: 400\">De plus, vous n&#8217;avez pas besoin d&#8217;aller \u00e0 la salle de sport pour \u00eatre en forme. Vous pouvez danser, jouer avec vos enfants ou votre chien, ou suivre un cours dans votre centre communautaire local. Il existe de nombreuses fa\u00e7ons <\/span><span style=\"font-weight: 400\">d&#8217;int\u00e9grer le sport dans votre mode de vie<\/span><span style=\"font-weight: 400\">.<\/span><span style=\"font-weight: 400\"> Vous devez simplement faire en sorte que cela soit amusant et facile pour vous.<\/span><\/p>\n<h3><b>FAUT-IL SE CONCENTRER SUR LE POIDS ?<\/b><\/h3>\n<p><span style=\"font-weight: 400\">Bien que la gestion du poids soit encourag\u00e9e dans le cadre de la gestion du diab\u00e8te, elle ne doit pas \u00eatre votre seul objectif pour g\u00e9rer votre glyc\u00e9mie gr\u00e2ce au sport. Vous n&#8217;avez pas besoin d&#8217;\u00eatre maigre pour \u00eatre en forme, mais si c&#8217;est important pour vous, parlez \u00e0 votre m\u00e9decin, \u00e0 votre sp\u00e9cialiste des soins et de l&#8217;\u00e9ducation en mati\u00e8re de diab\u00e8te ou \u00e0 un nutritionniste pour fixer un objectif de perte ou de gain de poids. Le sport est certainement important pour atteindre vos objectifs de poids, mais le r\u00e9gime l&#8217;est tout autant. Consultez votre \u00e9quipe soignante pour \u00e9tablir un r\u00e9gime et un programme d&#8217;exercices personnalis\u00e9s.<\/span><\/p>\n","protected":false},"excerpt":{"rendered":"<p>Nous savons que faire une activit\u00e9 physique r\u00e9guli\u00e8re est conseill\u00e9e dans la gestion du diab\u00e8te de type 2. En plus du r\u00e9gime et de tout m\u00e9dicament prescrit, le sport peut vous aider \u00e0 atteindre vos objectifs en mati\u00e8re de gestion de votre glyc\u00e9mie. Mais si nous nous effor\u00e7ons d&#8217;int\u00e9grer le sport dans notre vie, il [&hellip;]<\/p>\n","protected":false},"author":10,"featured_media":513,"parent":0,"menu_order":0,"comment_status":"closed","ping_status":"closed","template":"","meta":{"_acf_changed":false,"footnotes":""},"categories":[55,33,1],"tags":[],"invisible":[8,120,116],"class_list":["post-511","page","type-page","status-publish","has-post-thumbnail","hentry","category-bien-etre-physique-et-diabete","category-guides-pour-les-nouvellement-diagnostiques-avec-le-diabete","category-articles-pour-les-nouvellement-diagnostiques-avec-le-diabete","invisible-core-evergreen-resource","invisible-exercise","invisible-exerciseresource"],"acf":[],"yoast_head":"<!-- This site is optimized with the Yoast SEO plugin v24.9 - https:\/\/yoast.com\/wordpress\/plugins\/seo\/ -->\n<title>La glyc\u00e9mie et le sport - Beyond Type 2 Canada<\/title>\n<meta name=\"description\" content=\"Si vous venez de mettre en place une routine d&#039;entra\u00eenement, le fait de conna\u00eetre les bases de la glyc\u00e9mie et du sport peut faire la diff\u00e9rence dans votre vie avec le diab\u00e8te de type 2.\" \/>\n<meta name=\"robots\" content=\"index, follow, max-snippet:-1, max-image-preview:large, max-video-preview:-1\" \/>\n<link rel=\"canonical\" href=\"https:\/\/ca.beyondtype2.org\/fr\/la-glycemie-et-le-sport\/\" \/>\n<meta property=\"og:locale\" content=\"en_US\" \/>\n<meta property=\"og:type\" content=\"article\" \/>\n<meta property=\"og:title\" content=\"La glyc\u00e9mie et le sport - Beyond Type 2 Canada\" \/>\n<meta property=\"og:description\" content=\"Si vous venez de mettre en place une routine d&#039;entra\u00eenement, le fait de conna\u00eetre les bases de la glyc\u00e9mie et du sport peut faire la diff\u00e9rence dans votre vie avec le diab\u00e8te de type 2.\" \/>\n<meta property=\"og:url\" content=\"https:\/\/ca.beyondtype2.org\/fr\/la-glycemie-et-le-sport\/\" \/>\n<meta property=\"og:site_name\" content=\"Beyond Type 2 Canada\" \/>\n<meta property=\"article:modified_time\" content=\"2023-09-04T11:16:21+00:00\" \/>\n<meta property=\"og:image\" content=\"https:\/\/ca.beyondtype2.org\/fr\/wp-content\/uploads\/sites\/2\/2023\/08\/BT2-HEADER-T2-FITNESS-1536x550-1.png\" \/>\n\t<meta property=\"og:image:width\" content=\"1536\" \/>\n\t<meta property=\"og:image:height\" content=\"550\" \/>\n\t<meta property=\"og:image:type\" content=\"image\/png\" \/>\n<meta name=\"twitter:card\" content=\"summary_large_image\" \/>\n<meta name=\"twitter:label1\" content=\"Est. reading time\" \/>\n\t<meta name=\"twitter:data1\" content=\"4 minutes\" \/>\n<script type=\"application\/ld+json\" class=\"yoast-schema-graph\">{\"@context\":\"https:\/\/schema.org\",\"@graph\":[{\"@type\":\"WebPage\",\"@id\":\"https:\/\/ca.beyondtype2.org\/fr\/la-glycemie-et-le-sport\/\",\"url\":\"https:\/\/ca.beyondtype2.org\/fr\/la-glycemie-et-le-sport\/\",\"name\":\"La glyc\u00e9mie et le sport - Beyond Type 2 Canada\",\"isPartOf\":{\"@id\":\"https:\/\/ca.beyondtype2.org\/fr\/#website\"},\"primaryImageOfPage\":{\"@id\":\"https:\/\/ca.beyondtype2.org\/fr\/la-glycemie-et-le-sport\/#primaryimage\"},\"image\":{\"@id\":\"https:\/\/ca.beyondtype2.org\/fr\/la-glycemie-et-le-sport\/#primaryimage\"},\"thumbnailUrl\":\"https:\/\/ca.beyondtype2.org\/fr\/wp-content\/uploads\/sites\/2\/2023\/08\/BT2-HEADER-T2-FITNESS-1536x550-1.png\",\"datePublished\":\"2023-08-28T18:24:26+00:00\",\"dateModified\":\"2023-09-04T11:16:21+00:00\",\"description\":\"Si vous venez de mettre en place une routine d'entra\u00eenement, le fait de conna\u00eetre les bases de la glyc\u00e9mie et du sport peut faire la diff\u00e9rence dans votre vie avec le diab\u00e8te de type 2.\",\"breadcrumb\":{\"@id\":\"https:\/\/ca.beyondtype2.org\/fr\/la-glycemie-et-le-sport\/#breadcrumb\"},\"inLanguage\":\"en-US\",\"potentialAction\":[{\"@type\":\"ReadAction\",\"target\":[\"https:\/\/ca.beyondtype2.org\/fr\/la-glycemie-et-le-sport\/\"]}]},{\"@type\":\"ImageObject\",\"inLanguage\":\"en-US\",\"@id\":\"https:\/\/ca.beyondtype2.org\/fr\/la-glycemie-et-le-sport\/#primaryimage\",\"url\":\"https:\/\/ca.beyondtype2.org\/fr\/wp-content\/uploads\/sites\/2\/2023\/08\/BT2-HEADER-T2-FITNESS-1536x550-1.png\",\"contentUrl\":\"https:\/\/ca.beyondtype2.org\/fr\/wp-content\/uploads\/sites\/2\/2023\/08\/BT2-HEADER-T2-FITNESS-1536x550-1.png\",\"width\":1536,\"height\":550},{\"@type\":\"BreadcrumbList\",\"@id\":\"https:\/\/ca.beyondtype2.org\/fr\/la-glycemie-et-le-sport\/#breadcrumb\",\"itemListElement\":[{\"@type\":\"ListItem\",\"position\":1,\"name\":\"Home\",\"item\":\"https:\/\/ca.beyondtype2.org\/fr\/\"},{\"@type\":\"ListItem\",\"position\":2,\"name\":\"La glyc\u00e9mie et le sport\"}]},{\"@type\":\"WebSite\",\"@id\":\"https:\/\/ca.beyondtype2.org\/fr\/#website\",\"url\":\"https:\/\/ca.beyondtype2.org\/fr\/\",\"name\":\"Beyond Type 2 Canada\",\"description\":\"\",\"publisher\":{\"@id\":\"https:\/\/ca.beyondtype2.org\/fr\/#organization\"},\"potentialAction\":[{\"@type\":\"SearchAction\",\"target\":{\"@type\":\"EntryPoint\",\"urlTemplate\":\"https:\/\/ca.beyondtype2.org\/fr\/?s={search_term_string}\"},\"query-input\":{\"@type\":\"PropertyValueSpecification\",\"valueRequired\":true,\"valueName\":\"search_term_string\"}}],\"inLanguage\":\"en-US\"},{\"@type\":\"Organization\",\"@id\":\"https:\/\/ca.beyondtype2.org\/fr\/#organization\",\"name\":\"Beyond Type 2 Canada\",\"url\":\"https:\/\/ca.beyondtype2.org\/fr\/\",\"logo\":{\"@type\":\"ImageObject\",\"inLanguage\":\"en-US\",\"@id\":\"https:\/\/ca.beyondtype2.org\/fr\/#\/schema\/logo\/image\/\",\"url\":\"https:\/\/ca.beyondtype2.org\/fr\/wp-content\/uploads\/sites\/2\/2023\/08\/bt2-logo-v2.png\",\"contentUrl\":\"https:\/\/ca.beyondtype2.org\/fr\/wp-content\/uploads\/sites\/2\/2023\/08\/bt2-logo-v2.png\",\"width\":380,\"height\":83,\"caption\":\"Beyond Type 2 Canada\"},\"image\":{\"@id\":\"https:\/\/ca.beyondtype2.org\/fr\/#\/schema\/logo\/image\/\"}}]}<\/script>\n<!-- \/ Yoast SEO plugin. -->","yoast_head_json":{"title":"La glyc\u00e9mie et le sport - Beyond Type 2 Canada","description":"Si vous venez de mettre en place une routine d'entra\u00eenement, le fait de conna\u00eetre les bases de la glyc\u00e9mie et du sport peut faire la diff\u00e9rence dans votre vie avec le diab\u00e8te de type 2.","robots":{"index":"index","follow":"follow","max-snippet":"max-snippet:-1","max-image-preview":"max-image-preview:large","max-video-preview":"max-video-preview:-1"},"canonical":"https:\/\/ca.beyondtype2.org\/fr\/la-glycemie-et-le-sport\/","og_locale":"en_US","og_type":"article","og_title":"La glyc\u00e9mie et le sport - Beyond Type 2 Canada","og_description":"Si vous venez de mettre en place une routine d'entra\u00eenement, le fait de conna\u00eetre les bases de la glyc\u00e9mie et du sport peut faire la diff\u00e9rence dans votre vie avec le diab\u00e8te de type 2.","og_url":"https:\/\/ca.beyondtype2.org\/fr\/la-glycemie-et-le-sport\/","og_site_name":"Beyond Type 2 Canada","article_modified_time":"2023-09-04T11:16:21+00:00","og_image":[{"width":1536,"height":550,"url":"https:\/\/ca.beyondtype2.org\/fr\/wp-content\/uploads\/sites\/2\/2023\/08\/BT2-HEADER-T2-FITNESS-1536x550-1.png","type":"image\/png"}],"twitter_card":"summary_large_image","twitter_misc":{"Est. reading time":"4 minutes"},"schema":{"@context":"https:\/\/schema.org","@graph":[{"@type":"WebPage","@id":"https:\/\/ca.beyondtype2.org\/fr\/la-glycemie-et-le-sport\/","url":"https:\/\/ca.beyondtype2.org\/fr\/la-glycemie-et-le-sport\/","name":"La glyc\u00e9mie et le sport - Beyond Type 2 Canada","isPartOf":{"@id":"https:\/\/ca.beyondtype2.org\/fr\/#website"},"primaryImageOfPage":{"@id":"https:\/\/ca.beyondtype2.org\/fr\/la-glycemie-et-le-sport\/#primaryimage"},"image":{"@id":"https:\/\/ca.beyondtype2.org\/fr\/la-glycemie-et-le-sport\/#primaryimage"},"thumbnailUrl":"https:\/\/ca.beyondtype2.org\/fr\/wp-content\/uploads\/sites\/2\/2023\/08\/BT2-HEADER-T2-FITNESS-1536x550-1.png","datePublished":"2023-08-28T18:24:26+00:00","dateModified":"2023-09-04T11:16:21+00:00","description":"Si vous venez de mettre en place une routine d'entra\u00eenement, le fait de conna\u00eetre les bases de la glyc\u00e9mie et du sport peut faire la diff\u00e9rence dans votre vie avec le diab\u00e8te de type 2.","breadcrumb":{"@id":"https:\/\/ca.beyondtype2.org\/fr\/la-glycemie-et-le-sport\/#breadcrumb"},"inLanguage":"en-US","potentialAction":[{"@type":"ReadAction","target":["https:\/\/ca.beyondtype2.org\/fr\/la-glycemie-et-le-sport\/"]}]},{"@type":"ImageObject","inLanguage":"en-US","@id":"https:\/\/ca.beyondtype2.org\/fr\/la-glycemie-et-le-sport\/#primaryimage","url":"https:\/\/ca.beyondtype2.org\/fr\/wp-content\/uploads\/sites\/2\/2023\/08\/BT2-HEADER-T2-FITNESS-1536x550-1.png","contentUrl":"https:\/\/ca.beyondtype2.org\/fr\/wp-content\/uploads\/sites\/2\/2023\/08\/BT2-HEADER-T2-FITNESS-1536x550-1.png","width":1536,"height":550},{"@type":"BreadcrumbList","@id":"https:\/\/ca.beyondtype2.org\/fr\/la-glycemie-et-le-sport\/#breadcrumb","itemListElement":[{"@type":"ListItem","position":1,"name":"Home","item":"https:\/\/ca.beyondtype2.org\/fr\/"},{"@type":"ListItem","position":2,"name":"La glyc\u00e9mie et le sport"}]},{"@type":"WebSite","@id":"https:\/\/ca.beyondtype2.org\/fr\/#website","url":"https:\/\/ca.beyondtype2.org\/fr\/","name":"Beyond Type 2 Canada","description":"","publisher":{"@id":"https:\/\/ca.beyondtype2.org\/fr\/#organization"},"potentialAction":[{"@type":"SearchAction","target":{"@type":"EntryPoint","urlTemplate":"https:\/\/ca.beyondtype2.org\/fr\/?s={search_term_string}"},"query-input":{"@type":"PropertyValueSpecification","valueRequired":true,"valueName":"search_term_string"}}],"inLanguage":"en-US"},{"@type":"Organization","@id":"https:\/\/ca.beyondtype2.org\/fr\/#organization","name":"Beyond Type 2 Canada","url":"https:\/\/ca.beyondtype2.org\/fr\/","logo":{"@type":"ImageObject","inLanguage":"en-US","@id":"https:\/\/ca.beyondtype2.org\/fr\/#\/schema\/logo\/image\/","url":"https:\/\/ca.beyondtype2.org\/fr\/wp-content\/uploads\/sites\/2\/2023\/08\/bt2-logo-v2.png","contentUrl":"https:\/\/ca.beyondtype2.org\/fr\/wp-content\/uploads\/sites\/2\/2023\/08\/bt2-logo-v2.png","width":380,"height":83,"caption":"Beyond Type 2 Canada"},"image":{"@id":"https:\/\/ca.beyondtype2.org\/fr\/#\/schema\/logo\/image\/"}}]}},"featured_image_src":"https:\/\/ca.beyondtype2.org\/fr\/wp-content\/uploads\/sites\/2\/2023\/08\/BT2-HEADER-T2-FITNESS-1536x550-1-600x400.png","featured_image_src_square":"https:\/\/ca.beyondtype2.org\/fr\/wp-content\/uploads\/sites\/2\/2023\/08\/BT2-HEADER-T2-FITNESS-1536x550-1-600x550.png","_links":{"self":[{"href":"https:\/\/ca.beyondtype2.org\/fr\/wp-json\/wp\/v2\/pages\/511","targetHints":{"allow":["GET"]}}],"collection":[{"href":"https:\/\/ca.beyondtype2.org\/fr\/wp-json\/wp\/v2\/pages"}],"about":[{"href":"https:\/\/ca.beyondtype2.org\/fr\/wp-json\/wp\/v2\/types\/page"}],"author":[{"embeddable":true,"href":"https:\/\/ca.beyondtype2.org\/fr\/wp-json\/wp\/v2\/users\/10"}],"replies":[{"embeddable":true,"href":"https:\/\/ca.beyondtype2.org\/fr\/wp-json\/wp\/v2\/comments?post=511"}],"version-history":[{"count":0,"href":"https:\/\/ca.beyondtype2.org\/fr\/wp-json\/wp\/v2\/pages\/511\/revisions"}],"wp:featuredmedia":[{"embeddable":true,"href":"https:\/\/ca.beyondtype2.org\/fr\/wp-json\/wp\/v2\/media\/513"}],"wp:attachment":[{"href":"https:\/\/ca.beyondtype2.org\/fr\/wp-json\/wp\/v2\/media?parent=511"}],"wp:term":[{"taxonomy":"category","embeddable":true,"href":"https:\/\/ca.beyondtype2.org\/fr\/wp-json\/wp\/v2\/categories?post=511"},{"taxonomy":"post_tag","embeddable":true,"href":"https:\/\/ca.beyondtype2.org\/fr\/wp-json\/wp\/v2\/tags?post=511"},{"taxonomy":"invisible","embeddable":true,"href":"https:\/\/ca.beyondtype2.org\/fr\/wp-json\/wp\/v2\/invisible?post=511"}],"curies":[{"name":"wp","href":"https:\/\/api.w.org\/{rel}","templated":true}]}}