			{"id":49,"date":"2023-08-17T15:43:48","date_gmt":"2023-08-17T19:43:48","guid":{"rendered":"https:\/\/beyondtype2ca.wpengine.com\/fr\/?page_id=49"},"modified":"2023-09-11T13:32:09","modified_gmt":"2023-09-11T17:32:09","slug":"home","status":"publish","type":"page","link":"https:\/\/ca.beyondtype2.org\/fr\/","title":{"rendered":"Home"},"content":{"rendered":"<div class=\"ninetyfive\">\n<div class=\"hp-top-box\">\n<div class=\"hp-top-box-left\"><div class='clear-both'><h2 class='aggregator-header'>Nos derniers articles<\/h2><br\/><\/div><div class='multi-box-holder'><div class='landing-display-2' style=''><a href='https:\/\/ca.beyondtype2.org\/fr\/couverture-capteur-glycemie-nouveau-brunswick\/'><div class='image-full image-full-2'><img src='https:\/\/ca.beyondtype2.org\/fr\/wp-content\/uploads\/sites\/2\/2023\/11\/BT2-CANADA-CGM-ACCESS-NEWS-THUMB.png'><\/div><div class='mobile-image'><img loading=\"lazy\" decoding=\"async\" width=\"2048\" height=\"733\" src=\"https:\/\/ca.beyondtype2.org\/fr\/wp-content\/uploads\/sites\/2\/2023\/11\/BT2-CANADA-CGM-ACCESS-NEWS-HEADER.png\" class=\" wp-post-image\" alt=\"\" srcset=\"https:\/\/ca.beyondtype2.org\/fr\/wp-content\/uploads\/sites\/2\/2023\/11\/BT2-CANADA-CGM-ACCESS-NEWS-HEADER.png 2048w, https:\/\/ca.beyondtype2.org\/fr\/wp-content\/uploads\/sites\/2\/2023\/11\/BT2-CANADA-CGM-ACCESS-NEWS-HEADER-300x107.png 300w, https:\/\/ca.beyondtype2.org\/fr\/wp-content\/uploads\/sites\/2\/2023\/11\/BT2-CANADA-CGM-ACCESS-NEWS-HEADER-1024x367.png 1024w, https:\/\/ca.beyondtype2.org\/fr\/wp-content\/uploads\/sites\/2\/2023\/11\/BT2-CANADA-CGM-ACCESS-NEWS-HEADER-768x275.png 768w, https:\/\/ca.beyondtype2.org\/fr\/wp-content\/uploads\/sites\/2\/2023\/11\/BT2-CANADA-CGM-ACCESS-NEWS-HEADER-1536x550.png 1536w, https:\/\/ca.beyondtype2.org\/fr\/wp-content\/uploads\/sites\/2\/2023\/11\/BT2-CANADA-CGM-ACCESS-NEWS-HEADER-1200x429.png 1200w, https:\/\/ca.beyondtype2.org\/fr\/wp-content\/uploads\/sites\/2\/2023\/11\/BT2-CANADA-CGM-ACCESS-NEWS-HEADER-1980x709.png 1980w\" sizes=\"auto, (max-width: 2048px) 100vw, 2048px\" \/><\/div><h2>Capteurs de glyc\u00e9mie : couverture \u00e9largie pour les N\u00e9o-Brunswickois<\/a><\/h2><\/br><\/div><div class='landing-display-2' style=''><a href='https:\/\/ca.beyondtype2.org\/fr\/dexcom-g7-canada-disponible\/'><div class='image-full image-full-2'><img src='https:\/\/ca.beyondtype2.org\/fr\/wp-content\/uploads\/sites\/2\/2023\/10\/BT1-DEXCOM-LAUNCH-OF-DEXCOM-G7-IN-CANADA-THUMB.png'><\/div><div class='mobile-image'><img loading=\"lazy\" decoding=\"async\" width=\"2048\" height=\"733\" src=\"https:\/\/ca.beyondtype2.org\/fr\/wp-content\/uploads\/sites\/2\/2023\/10\/BT1-DEXCOM-LAUNCH-OF-DEXCOM-G7-IN-CANADA-HEADER.png\" class=\" wp-post-image\" alt=\"\" srcset=\"https:\/\/ca.beyondtype2.org\/fr\/wp-content\/uploads\/sites\/2\/2023\/10\/BT1-DEXCOM-LAUNCH-OF-DEXCOM-G7-IN-CANADA-HEADER.png 2048w, https:\/\/ca.beyondtype2.org\/fr\/wp-content\/uploads\/sites\/2\/2023\/10\/BT1-DEXCOM-LAUNCH-OF-DEXCOM-G7-IN-CANADA-HEADER-300x107.png 300w, https:\/\/ca.beyondtype2.org\/fr\/wp-content\/uploads\/sites\/2\/2023\/10\/BT1-DEXCOM-LAUNCH-OF-DEXCOM-G7-IN-CANADA-HEADER-1024x367.png 1024w, https:\/\/ca.beyondtype2.org\/fr\/wp-content\/uploads\/sites\/2\/2023\/10\/BT1-DEXCOM-LAUNCH-OF-DEXCOM-G7-IN-CANADA-HEADER-768x275.png 768w, https:\/\/ca.beyondtype2.org\/fr\/wp-content\/uploads\/sites\/2\/2023\/10\/BT1-DEXCOM-LAUNCH-OF-DEXCOM-G7-IN-CANADA-HEADER-1536x550.png 1536w, https:\/\/ca.beyondtype2.org\/fr\/wp-content\/uploads\/sites\/2\/2023\/10\/BT1-DEXCOM-LAUNCH-OF-DEXCOM-G7-IN-CANADA-HEADER-1200x429.png 1200w, https:\/\/ca.beyondtype2.org\/fr\/wp-content\/uploads\/sites\/2\/2023\/10\/BT1-DEXCOM-LAUNCH-OF-DEXCOM-G7-IN-CANADA-HEADER-1980x709.png 1980w\" sizes=\"auto, (max-width: 2048px) 100vw, 2048px\" \/><\/div><h2>Dexcom G7 est maintenant disponible au Canada<\/a><\/h2><\/br><\/div><div class='landing-display-2' style=''><a href='https:\/\/ca.beyondtype2.org\/fr\/passion-sante-bien-etre-t2d\/'><div class='image-full image-full-2'><img src='https:\/\/ca.beyondtype2.org\/fr\/wp-content\/uploads\/sites\/2\/2023\/09\/BT2-CA-T2D-PATIENT-INTERVIEWS_THUMB-01.png'><\/div><div class='mobile-image'><img loading=\"lazy\" decoding=\"async\" width=\"2048\" height=\"733\" src=\"https:\/\/ca.beyondtype2.org\/fr\/wp-content\/uploads\/sites\/2\/2023\/09\/BT2-CA-T2D-PATIENT-INTERVIEWS_HEADER-01.png\" class=\" wp-post-image\" alt=\"\" srcset=\"https:\/\/ca.beyondtype2.org\/fr\/wp-content\/uploads\/sites\/2\/2023\/09\/BT2-CA-T2D-PATIENT-INTERVIEWS_HEADER-01.png 2048w, https:\/\/ca.beyondtype2.org\/fr\/wp-content\/uploads\/sites\/2\/2023\/09\/BT2-CA-T2D-PATIENT-INTERVIEWS_HEADER-01-300x107.png 300w, https:\/\/ca.beyondtype2.org\/fr\/wp-content\/uploads\/sites\/2\/2023\/09\/BT2-CA-T2D-PATIENT-INTERVIEWS_HEADER-01-1024x367.png 1024w, https:\/\/ca.beyondtype2.org\/fr\/wp-content\/uploads\/sites\/2\/2023\/09\/BT2-CA-T2D-PATIENT-INTERVIEWS_HEADER-01-768x275.png 768w, https:\/\/ca.beyondtype2.org\/fr\/wp-content\/uploads\/sites\/2\/2023\/09\/BT2-CA-T2D-PATIENT-INTERVIEWS_HEADER-01-1536x550.png 1536w, https:\/\/ca.beyondtype2.org\/fr\/wp-content\/uploads\/sites\/2\/2023\/09\/BT2-CA-T2D-PATIENT-INTERVIEWS_HEADER-01-1200x429.png 1200w, https:\/\/ca.beyondtype2.org\/fr\/wp-content\/uploads\/sites\/2\/2023\/09\/BT2-CA-T2D-PATIENT-INTERVIEWS_HEADER-01-1980x709.png 1980w\" sizes=\"auto, (max-width: 2048px) 100vw, 2048px\" \/><\/div><h2>Gr\u00e2ce \u00e0 ma passion pour la sant\u00e9 et le bien-\u00eatre, je m\u2019adapte \u00e0 la vie avec un diab\u00e8te de type\u00a02<\/a><\/h2><\/br><\/div><div class='landing-display-2' style=''><a href='https:\/\/ca.beyondtype2.org\/fr\/perte-poids-dt2\/'><div class='image-full image-full-2'><img src='https:\/\/ca.beyondtype2.org\/fr\/wp-content\/uploads\/sites\/2\/2023\/09\/BT2CA-06-RESEARCH-THUMB.png'><\/div><div class='mobile-image'><img loading=\"lazy\" decoding=\"async\" width=\"2048\" height=\"733\" src=\"https:\/\/ca.beyondtype2.org\/fr\/wp-content\/uploads\/sites\/2\/2023\/09\/BT2CA-06-RESEARCH-HEADER.png\" class=\" wp-post-image\" alt=\"\" srcset=\"https:\/\/ca.beyondtype2.org\/fr\/wp-content\/uploads\/sites\/2\/2023\/09\/BT2CA-06-RESEARCH-HEADER.png 2048w, https:\/\/ca.beyondtype2.org\/fr\/wp-content\/uploads\/sites\/2\/2023\/09\/BT2CA-06-RESEARCH-HEADER-300x107.png 300w, https:\/\/ca.beyondtype2.org\/fr\/wp-content\/uploads\/sites\/2\/2023\/09\/BT2CA-06-RESEARCH-HEADER-1024x367.png 1024w, https:\/\/ca.beyondtype2.org\/fr\/wp-content\/uploads\/sites\/2\/2023\/09\/BT2CA-06-RESEARCH-HEADER-768x275.png 768w, https:\/\/ca.beyondtype2.org\/fr\/wp-content\/uploads\/sites\/2\/2023\/09\/BT2CA-06-RESEARCH-HEADER-1536x550.png 1536w, https:\/\/ca.beyondtype2.org\/fr\/wp-content\/uploads\/sites\/2\/2023\/09\/BT2CA-06-RESEARCH-HEADER-1200x429.png 1200w, https:\/\/ca.beyondtype2.org\/fr\/wp-content\/uploads\/sites\/2\/2023\/09\/BT2CA-06-RESEARCH-HEADER-1980x709.png 1980w\" sizes=\"auto, (max-width: 2048px) 100vw, 2048px\" \/><\/div><h2>L\u2019exc\u00e8s de poids aggrave-t-il votre diab\u00e8te de type\u00a02?\u00a0<\/a><\/h2><\/br><\/div><\/div><\/div>\n<div><\/div>\n<div class=\"hp-top-box-right\"><div class='multi-box-holder'><div class='landing-display-2' style=''><a href='https:\/\/ca.beyondtype2.org\/fr\/recemment-diagnostique\/'><div class='image-full image-full-2'><img src='https:\/\/ca.beyondtype2.org\/fr\/wp-content\/uploads\/sites\/2\/2023\/08\/BT2-THUMB-NEWLY-DX.png'><\/div><div class='mobile-image'><img loading=\"lazy\" decoding=\"async\" width=\"2048\" height=\"733\" src=\"https:\/\/ca.beyondtype2.org\/fr\/wp-content\/uploads\/sites\/2\/2023\/08\/BT2-HEADER-NEWLY-DX.png\" class=\" wp-post-image\" alt=\"\" srcset=\"https:\/\/ca.beyondtype2.org\/fr\/wp-content\/uploads\/sites\/2\/2023\/08\/BT2-HEADER-NEWLY-DX.png 2048w, https:\/\/ca.beyondtype2.org\/fr\/wp-content\/uploads\/sites\/2\/2023\/08\/BT2-HEADER-NEWLY-DX-300x107.png 300w, https:\/\/ca.beyondtype2.org\/fr\/wp-content\/uploads\/sites\/2\/2023\/08\/BT2-HEADER-NEWLY-DX-1024x367.png 1024w, https:\/\/ca.beyondtype2.org\/fr\/wp-content\/uploads\/sites\/2\/2023\/08\/BT2-HEADER-NEWLY-DX-768x275.png 768w, https:\/\/ca.beyondtype2.org\/fr\/wp-content\/uploads\/sites\/2\/2023\/08\/BT2-HEADER-NEWLY-DX-1536x550.png 1536w, https:\/\/ca.beyondtype2.org\/fr\/wp-content\/uploads\/sites\/2\/2023\/08\/BT2-HEADER-NEWLY-DX-1200x429.png 1200w, https:\/\/ca.beyondtype2.org\/fr\/wp-content\/uploads\/sites\/2\/2023\/08\/BT2-HEADER-NEWLY-DX-1980x709.png 1980w\" sizes=\"auto, (max-width: 2048px) 100vw, 2048px\" \/><\/div><h2>R\u00e9cemment diagnostiqu\u00e9<\/a><\/h2><\/br><span class='excerpt'>Si vous tombez sur cet article, cela veut probablement dire que vous ou quelqu&#039;un que vous connaissez et que vous aimez a \u00e9t\u00e9 diagnostiqu\u00e9 avec un diab\u00e8te de type 2. <\/span><a class='readmore' href='https:\/\/ca.beyondtype2.org\/fr\/recemment-diagnostique\/'>EN SAVOIR PLUS<\/a><\/div><div class='landing-display-2' style=''><a href='https:\/\/ca.beyondtype2.org\/fr\/quest-ce-que-le-diabete-de-type-2\/'><div class='image-full image-full-2'><img src='https:\/\/ca.beyondtype2.org\/fr\/wp-content\/uploads\/sites\/2\/2023\/08\/BT1-THUMB-WHAT-IS-TYPE-2.jpeg'><\/div><div class='mobile-image'><img loading=\"lazy\" decoding=\"async\" width=\"1200\" height=\"429\" src=\"https:\/\/ca.beyondtype2.org\/fr\/wp-content\/uploads\/sites\/2\/2023\/08\/BT1-HEADER-WHAT-IS-TYPE-2-1200x429-1.jpeg\" class=\" wp-post-image\" alt=\"\" srcset=\"https:\/\/ca.beyondtype2.org\/fr\/wp-content\/uploads\/sites\/2\/2023\/08\/BT1-HEADER-WHAT-IS-TYPE-2-1200x429-1.jpeg 1200w, https:\/\/ca.beyondtype2.org\/fr\/wp-content\/uploads\/sites\/2\/2023\/08\/BT1-HEADER-WHAT-IS-TYPE-2-1200x429-1-300x107.jpeg 300w, https:\/\/ca.beyondtype2.org\/fr\/wp-content\/uploads\/sites\/2\/2023\/08\/BT1-HEADER-WHAT-IS-TYPE-2-1200x429-1-1024x366.jpeg 1024w, https:\/\/ca.beyondtype2.org\/fr\/wp-content\/uploads\/sites\/2\/2023\/08\/BT1-HEADER-WHAT-IS-TYPE-2-1200x429-1-768x275.jpeg 768w\" sizes=\"auto, (max-width: 1200px) 100vw, 1200px\" \/><\/div><h2>Qu&#8217;est-ce que le diab\u00e8te de type 2 ?<\/a><\/h2><\/br><span class='excerpt'>Le diab\u00e8te de type\u00a02 survient lorsque le corps ne peut pas utiliser correctement l\u2019insuline, une hormone qui r\u00e9gule la glyc\u00e9mie. C\u2019est ce qu\u2019on appelle la r\u00e9sistance \u00e0 l\u2019insuline.<\/span><a class='readmore' href='https:\/\/ca.beyondtype2.org\/fr\/quest-ce-que-le-diabete-de-type-2\/'>EN SAVOIR PLUS<\/a><\/div><\/div><\/div>\n<\/div>\n<\/div>\n<div class=\"breaker\"><\/div>\n<div class=\"wide-boxes-holder\">\n<div class='wide-box-row black'><div class='left black'><h3><a href='https:\/\/ca.beyondtype2.org\/fr\/gestion-du-diabete\/'>Ressources<span class='mobileonly'>&rang; <\/span><\/a><\/h3><span class='wide-box-text'>Nous avons des guides et des commentaires d\u2019autres diab\u00e9tiques de type 2 qui vous aideront \u00e0 prendre des d\u00e9cisions plus \u00e9clair\u00e9es en mati\u00e8re de soins.<\/span><br\/><a class='wide-box-mobile-hide' href='https:\/\/ca.beyondtype2.org\/fr\/gestion-du-diabete\/'>en savoir plus<\/a><\/div><div class='wide-box-image right'><a href='https:\/\/ca.beyondtype2.org\/fr\/gestion-du-diabete\/'><img src='https:\/\/ca.beyondtype2.org\/wp-content\/uploads\/2023\/08\/BT2-HEADER-DIABETES-MANAGEMENT-768x275-1.png'><\/a><\/div><\/div>\n<div class='wide-box-row yellow'><div class='wide-box-image left'><a href='https:\/\/ca.beyondtype2.org\/fr\/actualites-sur-le-diabete\/ '><img src='https:\/\/ca.beyondtype2.org\/wp-content\/uploads\/2023\/08\/BT2-HEADER-NEWS-768x275.png'><\/a><\/div><div class='right yellow'><h3><a href='https:\/\/ca.beyondtype2.org\/fr\/actualites-sur-le-diabete\/ '><span class='mobileonly'> &lang;<\/span>Actualit\u00e9s<\/a><\/h3><span class='wide-box-text'>Se tenir au courant des derni\u00e8res recherches et technologies sur le diab\u00e8te de type 2.<\/span><br\/><a class='wide-box-mobile-hide' href='https:\/\/ca.beyondtype2.org\/fr\/actualites-sur-le-diabete\/ '>En savoir plus<\/a><\/div><\/div>\n<div class='wide-box-row red'><div class='left red'><h3><a href='https:\/\/ca.beyondtype2.org\/fr\/temoignages\/'>T\u00e9moignages<span class='mobileonly'>&rang; <\/span><\/a><\/h3><span class='wide-box-text'>Vous n'\u00eates pas seul. Lisez les t\u00e9moignages inspirants d'autres personnes vivant avec le diab\u00e8te de type 2.<\/span><br\/><a class='wide-box-mobile-hide' href='https:\/\/ca.beyondtype2.org\/fr\/temoignages\/'>en savoir plus<\/a><\/div><div class='wide-box-image right'><a href='https:\/\/ca.beyondtype2.org\/fr\/temoignages\/'><img src='https:\/\/es.beyondtype2.org\/wp-content\/uploads\/2020\/08\/BT2-HOME-BEYONDPOWERFUL-IMAGE.png'><\/a><\/div><\/div>\n<div class='wide-box-row gray'><div class='wide-box-image left'><a href='https:\/\/ca.beyondtype2.org\/fr\/alimentation-et-diabete\/'><img src='https:\/\/ca.beyondtype2.org\/wp-content\/uploads\/2023\/08\/BT2-HEADER-FOOD-768x275-1.png'><\/a><\/div><div class='right gray'><h3><a href='https:\/\/ca.beyondtype2.org\/fr\/alimentation-et-diabete\/'><span class='mobileonly'> &lang;<\/span>Alimentation<\/a><\/h3><span class='wide-box-text'>Voici quelques consid\u00e9rations nutritionnelles qui peuvent vous \u00eatre utiles. N\u2019oubliez pas que tout le monde est diff\u00e9rent.<\/span><br\/><a class='wide-box-mobile-hide' href='https:\/\/ca.beyondtype2.org\/fr\/alimentation-et-diabete\/'>En savoir plus<\/a><\/div><\/div>\n<\/div>\n","protected":false},"excerpt":{"rendered":"","protected":false},"author":1,"featured_media":0,"parent":0,"menu_order":0,"comment_status":"closed","ping_status":"closed","template":"","meta":{"_acf_changed":false,"footnotes":""},"categories":[],"tags":[],"invisible":[],"class_list":["post-49","page","type-page","status-publish","hentry"],"acf":[],"yoast_head":"<!-- This site is optimized with the Yoast SEO plugin v24.9 - https:\/\/yoast.com\/wordpress\/plugins\/seo\/ -->\n<title>Home - Beyond Type 2 Canada<\/title>\n<meta name=\"robots\" content=\"index, follow, max-snippet:-1, max-image-preview:large, max-video-preview:-1\" \/>\n<link rel=\"canonical\" href=\"https:\/\/ca.beyondtype2.org\/fr\/\" \/>\n<meta property=\"og:locale\" content=\"en_US\" \/>\n<meta property=\"og:type\" content=\"article\" \/>\n<meta property=\"og:title\" content=\"Home - Beyond Type 2 Canada\" \/>\n<meta property=\"og:url\" content=\"https:\/\/ca.beyondtype2.org\/fr\/\" \/>\n<meta property=\"og:site_name\" content=\"Beyond Type 2 Canada\" \/>\n<meta property=\"article:modified_time\" content=\"2023-09-11T17:32:09+00:00\" \/>\n<meta name=\"twitter:card\" content=\"summary_large_image\" \/>\n<meta name=\"twitter:label1\" content=\"Est. reading time\" \/>\n\t<meta name=\"twitter:data1\" content=\"1 minute\" \/>\n<script type=\"application\/ld+json\" class=\"yoast-schema-graph\">{\"@context\":\"https:\/\/schema.org\",\"@graph\":[{\"@type\":\"WebPage\",\"@id\":\"https:\/\/ca.beyondtype2.org\/fr\/\",\"url\":\"https:\/\/ca.beyondtype2.org\/fr\/\",\"name\":\"Home - Beyond Type 2 Canada\",\"isPartOf\":{\"@id\":\"https:\/\/ca.beyondtype2.org\/fr\/#website\"},\"datePublished\":\"2023-08-17T19:43:48+00:00\",\"dateModified\":\"2023-09-11T17:32:09+00:00\",\"breadcrumb\":{\"@id\":\"https:\/\/ca.beyondtype2.org\/fr\/#breadcrumb\"},\"inLanguage\":\"en-US\",\"potentialAction\":[{\"@type\":\"ReadAction\",\"target\":[\"https:\/\/ca.beyondtype2.org\/fr\/\"]}]},{\"@type\":\"BreadcrumbList\",\"@id\":\"https:\/\/ca.beyondtype2.org\/fr\/#breadcrumb\",\"itemListElement\":[{\"@type\":\"ListItem\",\"position\":1,\"name\":\"Home\",\"item\":\"https:\/\/ca.beyondtype2.org\/fr\/\"},{\"@type\":\"ListItem\",\"position\":2,\"name\":\"Home\"}]},{\"@type\":\"WebSite\",\"@id\":\"https:\/\/ca.beyondtype2.org\/fr\/#website\",\"url\":\"https:\/\/ca.beyondtype2.org\/fr\/\",\"name\":\"Beyond Type 2 Canada\",\"description\":\"\",\"publisher\":{\"@id\":\"https:\/\/ca.beyondtype2.org\/fr\/#organization\"},\"potentialAction\":[{\"@type\":\"SearchAction\",\"target\":{\"@type\":\"EntryPoint\",\"urlTemplate\":\"https:\/\/ca.beyondtype2.org\/fr\/?s={search_term_string}\"},\"query-input\":{\"@type\":\"PropertyValueSpecification\",\"valueRequired\":true,\"valueName\":\"search_term_string\"}}],\"inLanguage\":\"en-US\"},{\"@type\":\"Organization\",\"@id\":\"https:\/\/ca.beyondtype2.org\/fr\/#organization\",\"name\":\"Beyond Type 2 Canada\",\"url\":\"https:\/\/ca.beyondtype2.org\/fr\/\",\"logo\":{\"@type\":\"ImageObject\",\"inLanguage\":\"en-US\",\"@id\":\"https:\/\/ca.beyondtype2.org\/fr\/#\/schema\/logo\/image\/\",\"url\":\"https:\/\/ca.beyondtype2.org\/fr\/wp-content\/uploads\/sites\/2\/2023\/08\/bt2-logo-v2.png\",\"contentUrl\":\"https:\/\/ca.beyondtype2.org\/fr\/wp-content\/uploads\/sites\/2\/2023\/08\/bt2-logo-v2.png\",\"width\":380,\"height\":83,\"caption\":\"Beyond Type 2 Canada\"},\"image\":{\"@id\":\"https:\/\/ca.beyondtype2.org\/fr\/#\/schema\/logo\/image\/\"}}]}<\/script>\n<!-- \/ Yoast SEO plugin. -->","yoast_head_json":{"title":"Home - Beyond Type 2 Canada","robots":{"index":"index","follow":"follow","max-snippet":"max-snippet:-1","max-image-preview":"max-image-preview:large","max-video-preview":"max-video-preview:-1"},"canonical":"https:\/\/ca.beyondtype2.org\/fr\/","og_locale":"en_US","og_type":"article","og_title":"Home - Beyond Type 2 Canada","og_url":"https:\/\/ca.beyondtype2.org\/fr\/","og_site_name":"Beyond Type 2 Canada","article_modified_time":"2023-09-11T17:32:09+00:00","twitter_card":"summary_large_image","twitter_misc":{"Est. reading time":"1 minute"},"schema":{"@context":"https:\/\/schema.org","@graph":[{"@type":"WebPage","@id":"https:\/\/ca.beyondtype2.org\/fr\/","url":"https:\/\/ca.beyondtype2.org\/fr\/","name":"Home - Beyond Type 2 Canada","isPartOf":{"@id":"https:\/\/ca.beyondtype2.org\/fr\/#website"},"datePublished":"2023-08-17T19:43:48+00:00","dateModified":"2023-09-11T17:32:09+00:00","breadcrumb":{"@id":"https:\/\/ca.beyondtype2.org\/fr\/#breadcrumb"},"inLanguage":"en-US","potentialAction":[{"@type":"ReadAction","target":["https:\/\/ca.beyondtype2.org\/fr\/"]}]},{"@type":"BreadcrumbList","@id":"https:\/\/ca.beyondtype2.org\/fr\/#breadcrumb","itemListElement":[{"@type":"ListItem","position":1,"name":"Home","item":"https:\/\/ca.beyondtype2.org\/fr\/"},{"@type":"ListItem","position":2,"name":"Home"}]},{"@type":"WebSite","@id":"https:\/\/ca.beyondtype2.org\/fr\/#website","url":"https:\/\/ca.beyondtype2.org\/fr\/","name":"Beyond Type 2 Canada","description":"","publisher":{"@id":"https:\/\/ca.beyondtype2.org\/fr\/#organization"},"potentialAction":[{"@type":"SearchAction","target":{"@type":"EntryPoint","urlTemplate":"https:\/\/ca.beyondtype2.org\/fr\/?s={search_term_string}"},"query-input":{"@type":"PropertyValueSpecification","valueRequired":true,"valueName":"search_term_string"}}],"inLanguage":"en-US"},{"@type":"Organization","@id":"https:\/\/ca.beyondtype2.org\/fr\/#organization","name":"Beyond Type 2 Canada","url":"https:\/\/ca.beyondtype2.org\/fr\/","logo":{"@type":"ImageObject","inLanguage":"en-US","@id":"https:\/\/ca.beyondtype2.org\/fr\/#\/schema\/logo\/image\/","url":"https:\/\/ca.beyondtype2.org\/fr\/wp-content\/uploads\/sites\/2\/2023\/08\/bt2-logo-v2.png","contentUrl":"https:\/\/ca.beyondtype2.org\/fr\/wp-content\/uploads\/sites\/2\/2023\/08\/bt2-logo-v2.png","width":380,"height":83,"caption":"Beyond Type 2 Canada"},"image":{"@id":"https:\/\/ca.beyondtype2.org\/fr\/#\/schema\/logo\/image\/"}}]}},"featured_image_src":null,"featured_image_src_square":null,"_links":{"self":[{"href":"https:\/\/ca.beyondtype2.org\/fr\/wp-json\/wp\/v2\/pages\/49","targetHints":{"allow":["GET"]}}],"collection":[{"href":"https:\/\/ca.beyondtype2.org\/fr\/wp-json\/wp\/v2\/pages"}],"about":[{"href":"https:\/\/ca.beyondtype2.org\/fr\/wp-json\/wp\/v2\/types\/page"}],"author":[{"embeddable":true,"href":"https:\/\/ca.beyondtype2.org\/fr\/wp-json\/wp\/v2\/users\/1"}],"replies":[{"embeddable":true,"href":"https:\/\/ca.beyondtype2.org\/fr\/wp-json\/wp\/v2\/comments?post=49"}],"version-history":[{"count":0,"href":"https:\/\/ca.beyondtype2.org\/fr\/wp-json\/wp\/v2\/pages\/49\/revisions"}],"wp:attachment":[{"href":"https:\/\/ca.beyondtype2.org\/fr\/wp-json\/wp\/v2\/media?parent=49"}],"wp:term":[{"taxonomy":"category","embeddable":true,"href":"https:\/\/ca.beyondtype2.org\/fr\/wp-json\/wp\/v2\/categories?post=49"},{"taxonomy":"post_tag","embeddable":true,"href":"https:\/\/ca.beyondtype2.org\/fr\/wp-json\/wp\/v2\/tags?post=49"},{"taxonomy":"invisible","embeddable":true,"href":"https:\/\/ca.beyondtype2.org\/fr\/wp-json\/wp\/v2\/invisible?post=49"}],"curies":[{"name":"wp","href":"https:\/\/api.w.org\/{rel}","templated":true}]}}