			{"id":419,"date":"2023-08-24T19:58:32","date_gmt":"2023-08-24T23:58:32","guid":{"rendered":"https:\/\/ca.beyondtype2.org\/fr\/?page_id=419"},"modified":"2023-09-06T15:05:07","modified_gmt":"2023-09-06T19:05:07","slug":"guide-sur-lalcool-et-le-diabete","status":"publish","type":"page","link":"https:\/\/ca.beyondtype2.org\/fr\/guide-sur-lalcool-et-le-diabete\/","title":{"rendered":"Guide sur l\u2019alcool et le diab\u00e8te"},"content":{"rendered":"<p><b><i>Note de la r\u00e9daction\u00a0:<\/i><\/b><i><span style=\"font-weight: 400\"> ce contenu a \u00e9t\u00e9 v\u00e9rifi\u00e9 par Marina Basina, M.D., professeure agr\u00e9g\u00e9e d\u2019enseignement clinique \u00e0 l\u2019universit\u00e9 de Stanford. Elle est endocrinologue clinique et chercheuse, sp\u00e9cialis\u00e9e dans la prise en charge et la technologie du diab\u00e8te. D<\/span><\/i><i><span style=\"font-weight: 400\">re<\/span><\/i><i><span style=\"font-weight: 400\">\u00a0Basina est une membre active de plusieurs conseils consultatifs m\u00e9dicaux et organisations communautaires de lutte contre le diab\u00e8te, et elle fait \u00e9galement partie du conseil consultatif scientifique de Beyond Type\u00a01.\u00a0<\/span><\/i><\/p>\n<p><span style=\"font-weight: 400\">Alcool et diab\u00e8te\u00a0: vont-ils ensemble? La r\u00e9ponse courte est oui, vous pouvez boire si vous \u00eates diab\u00e9tique. Toutefois, il vaut mieux vous renseigner sur l\u2019incidence de l\u2019alcool sur votre corps, et surtout sur la <\/span><a href=\"https:\/\/beyondtype2.org\/diabetes-management\/\"><span style=\"font-weight: 400\">prise en charge de la glyc\u00e9mie<\/span><\/a><span style=\"font-weight: 400\">, avant d\u2019en consommer. Voici quelques conseils sur la consommation responsable d\u2019alcool en cas de diab\u00e8te.<\/span><\/p>\n<h3><b>L\u2019alcool et le corps<\/b><\/h3>\n<p><span style=\"font-weight: 400\">Le foie est la partie du corps qui emmagasine le glycog\u00e8ne (la forme sous laquelle le glucose est emmagasin\u00e9). Habituellement, le travail du foie consiste \u00e0 convertir le glycog\u00e8ne en glucose de fa\u00e7on continue pour r\u00e9guler la glyc\u00e9mie. Toutefois, lorsque vous consommez de l\u2019alcool, le foie le per\u00e7oit comme un poison et la d\u00e9sintoxication du corps devient sa priorit\u00e9. Ainsi, il ne se concentre plus autant sur la lib\u00e9ration de glucose, ce qui a une incidence sur la prise en charge de la glyc\u00e9mie.<\/span><\/p>\n<h3><b>Hypoglyc\u00e9mie caus\u00e9e par l\u2019alcool et diab\u00e8te<\/b><\/h3>\n<p><span style=\"font-weight: 400\">Comme l\u2019alcool diminue l\u2019efficacit\u00e9 du foie \u00e0 lib\u00e9rer du glucose, la consommation d\u2019alcool vous expose \u00e0 un risque d\u2019<\/span><a href=\"https:\/\/beyondtype2.org\/hypoglycemia-awareness\/\"><span style=\"font-weight: 400\">hypoglyc\u00e9mie<\/span><\/a><span style=\"font-weight: 400\"> caus\u00e9e par l\u2019alcool. L\u2019hypoglyc\u00e9mie survient lorsque la quantit\u00e9 de glucose dans le sang est insuffisante, si bien que la glyc\u00e9mie est dangereusement basse.<\/span><\/p>\n<p><span style=\"font-weight: 400\">Une hypoglyc\u00e9mie peut survenir imm\u00e9diatement ou jusqu\u2019\u00e0 12\u00a0heures apr\u00e8s la consommation d\u2019alcool. De plus, si vous prenez de l\u2019<\/span><a href=\"https:\/\/beyondtype2.org\/insulin-type-2-diabetes\/\"><span style=\"font-weight: 400\">insuline<\/span><\/a><span style=\"font-weight: 400\"> ou des m\u00e9dicaments contre le diab\u00e8te qui stimulent la production d\u2019insuline, les effets de l\u2019insuline se poursuivront et votre glyc\u00e9mie chutera davantage.<\/span><\/p>\n<p><span style=\"font-weight: 400\">Par ailleurs, une hypoglyc\u00e9mie peut ressembler \u00e9norm\u00e9ment \u00e0 un \u00e9tat d\u2019\u00e9bri\u00e9t\u00e9\u00a0: somnolence, mouvements instables, trouble de l\u2019\u00e9locution, etc. Une hypoglyc\u00e9mie grave peut entra\u00eener de la confusion mentale, une perte de conscience ou des convulsions, des sympt\u00f4mes qui peuvent tous repr\u00e9senter un danger important pour votre bien-\u00eatre physique et votre capacit\u00e9 \u00e0 vous traiter. Apprenez-en davantage sur les signes et le traitement de l\u2019hypoglyc\u00e9mie.<\/span><\/p>\n<h3><b>Hyperglyc\u00e9mie li\u00e9e \u00e0 l\u2019alcool et diab\u00e8te<\/b><\/h3>\n<p><span style=\"font-weight: 400\">Le sucre ou d\u2019autres glucides sont souvent utilis\u00e9s pour rendre l\u2019alcool plus savoureux (margarita, rhum et cola ou autres ingr\u00e9dients sucr\u00e9s). Ces glucides \u00e0 digestion rapide sont rapidement convertis en glucose et atteignent la circulation sanguine, ce qui augmente la glyc\u00e9mie. <a href=\"https:\/\/www.diabetes.ca\/resources\/tools---resources\/lows-and-highs-of-blood-sugar\">Diabetes Canada<\/a> indique qu\u2019une hyperglyc\u00e9mie correspond \u00e0 une glyc\u00e9mie sup\u00e9rieure \u00e0 11,0 mmol\/L (198 mg\/dL).<\/span><\/p>\n<p><span style=\"font-weight: 400\">Si vous \u00eates atteint de diab\u00e8te de type\u00a02, il est important de compter vos glucides et de surveiller votre glyc\u00e9mie pendant que vous consommez de l\u2019alcool. (N\u2019oubliez pas que, m\u00eame si les spiritueux ne contiennent pas de glucides et n\u2019augmenteront pas votre glyc\u00e9mie, ils peuvent vous exposer \u00e0 un risque d\u2019hypoglyc\u00e9mie qui peut survenir des heures apr\u00e8s l\u2019ingestion.)<\/span><\/p>\n<p><span style=\"font-weight: 400\">Lisez <\/span><a href=\"https:\/\/beyondtype2.org\/keith-hypo-diabetes\/\"><span style=\"font-weight: 400\">ce texte<\/span><\/a><span style=\"font-weight: 400\"> pour en savoir plus sur les signes et le traitement de l\u2019hyperglyc\u00e9mie.<\/span><\/p>\n<h3><b>Parlez \u00e0 votre m\u00e9decin<\/b><\/h3>\n<p><span style=\"font-weight: 400\">Demandez \u00e0 votre m\u00e9decin si vous avez une assez bonne sant\u00e9 pour consommer de l\u2019alcool. Si vous prenez d\u2019autres m\u00e9dicaments, il est essentiel de demander \u00e0 votre m\u00e9decin si vous pouvez consommer de l\u2019alcool pendant que vous les prenez. Si vous avez un diab\u00e8te insulinod\u00e9pendant, votre m\u00e9decin pourrait vous recommander une posologie diff\u00e9rente lorsque vous consommez de l\u2019alcool. Assurez-vous d\u2019\u00eatre honn\u00eate au sujet de la quantit\u00e9 d\u2019alcool que vous consommez quotidiennement et demandez toujours \u00e0 votre m\u00e9decin d\u2019expliquer les effets de vos m\u00e9dicaments si vous ne comprenez pas.<\/span><\/p>\n<h3><b>Risques li\u00e9s \u00e0 la consommation d\u2019alcool<\/b><\/h3>\n<p><span style=\"font-weight: 400\">La consommation d\u2019alcool comporte toujours des risques. Vous pourriez pr\u00e9senter l\u2019un des sympt\u00f4mes suivants\u00a0:<\/span><\/p>\n<ul>\n<li style=\"font-weight: 400\"><span style=\"font-weight: 400\">Diminution de l\u2019\u00e9tat de conscience<\/span><\/li>\n<li style=\"font-weight: 400\"><span style=\"font-weight: 400\">Manque de coordination<\/span><\/li>\n<li style=\"font-weight: 400\"><span style=\"font-weight: 400\">Alt\u00e9ration du jugement et des comportements<\/span><\/li>\n<li style=\"font-weight: 400\"><span style=\"font-weight: 400\">Difficult\u00e9 d\u2019\u00e9locution<\/span><\/li>\n<li style=\"font-weight: 400\"><span style=\"font-weight: 400\">Fatigue<\/span><\/li>\n<li style=\"font-weight: 400\"><span style=\"font-weight: 400\">Malnutrition<\/span><\/li>\n<\/ul>\n<h3><b>Risques li\u00e9s \u00e0 une consommation d\u2019alcool prolong\u00e9e ou chronique\u00a0:<\/b><\/h3>\n<ul>\n<li style=\"font-weight: 400\"><span style=\"font-weight: 400\">Atteinte du foie, du c\u0153ur et du pancr\u00e9as<\/span><\/li>\n<li style=\"font-weight: 400\"><span style=\"font-weight: 400\">R\u00e9tr\u00e9cissement du lobe frontal<\/span><\/li>\n<li style=\"font-weight: 400\"><span style=\"font-weight: 400\">Augmentation du risque de cancer<\/span><\/li>\n<\/ul>\n<h3><b>Le diab\u00e8te est associ\u00e9 \u00e0 une augmentation des risques pour le corps\u00a0:\u00a0<\/b><\/h3>\n<p><span style=\"font-weight: 400\">Si vous \u00eates atteint de diab\u00e8te de type\u00a02 et consommez de l\u2019alcool, vous pourriez pr\u00e9senter un risque accru de <\/span><a href=\"https:\/\/beyondtype2.org\/what-are-diabetes-complications\/\"><span style=\"font-weight: 400\">complications<\/span><\/a><span style=\"font-weight: 400\"> li\u00e9es au diab\u00e8te.<\/span><\/p>\n<ul>\n<li style=\"font-weight: 400\"><span style=\"font-weight: 400\">Neuropathie\u00a0\u2013 aggravation des probl\u00e8mes nerveux<\/span><\/li>\n<li style=\"font-weight: 400\"><span style=\"font-weight: 400\">Augmentation du taux de triglyc\u00e9rides\u00a0\u2013 acides gras qui vous exposent \u00e0 un risque d\u2019accident vasculaire c\u00e9r\u00e9bral<\/span><\/li>\n<li style=\"font-weight: 400\"><span style=\"font-weight: 400\">Augmentation de la tension art\u00e9rielle<\/span><\/li>\n<li style=\"font-weight: 400\"><span style=\"font-weight: 400\">R\u00e9tinopathie ou l\u00e9sions oculaires<\/span><\/li>\n<li style=\"font-weight: 400\"><span style=\"font-weight: 400\">Atteinte du foie ou cirrhose<\/span><\/li>\n<\/ul>\n<p><span style=\"font-weight: 400\">Si vous avez souvent de la difficult\u00e9 \u00e0 prendre en charge votre glyc\u00e9mie, vous devez d\u00e9terminer s\u2019il est s\u00fbr pour vous de consommer de l\u2019alcool.<\/span><\/p>\n<h3><b>Liste de v\u00e9rification pour la consommation d\u2019alcool en cas de diab\u00e8te<\/b><\/h3>\n<p><span style=\"font-weight: 400\">Vous comprenez maintenant que la consommation d\u2019alcool comporte des risques en cas de diab\u00e8te. Existe-t-il un moyen de consommer de l\u2019alcool malgr\u00e9 le diab\u00e8te? Oui! Voici quelques conseils pour une consommation d\u2019alcool responsable.<\/span><\/p>\n<ol>\n<li style=\"font-weight: 400\"><b>Parlez \u00e0 votre m\u00e9decin. <\/b><span style=\"font-weight: 400\">Demandez \u00e0 votre m\u00e9decin comment vous pouvez consommer de l\u2019alcool sans danger. Parlez de tout m\u00e9dicament que vous prenez et, si vous prenez de l\u2019insuline, de la fa\u00e7on dont vous devriez modifier vos doses lorsque vous consommez de l\u2019alcool. Votre m\u00e9decin pourrait vouloir r\u00e9duire votre insuline basale.<\/span><\/li>\n<li style=\"font-weight: 400\"><b>Parlez de votre diab\u00e8te aux personnes qui vous accompagnent. <\/b><span style=\"font-weight: 400\">Ne consommez pas d\u2019alcool seul! Lorsque vous consommez de l\u2019alcool, gardez sur vous une carte d\u2019identification de personne diab\u00e9tique et assurez-vous d\u2019avoir des amis qui sont au courant des risques associ\u00e9s \u00e0 la consommation d\u2019alcool en cas de diab\u00e8te. Soulignez le fait qu\u2019une hypoglyc\u00e9mie peut donner l\u2019impression que vous \u00eates ivre. Montrez-leur le <\/span><a href=\"https:\/\/beyondtype2.org\/alcohol-and-diabetes-infographic\/\"><span style=\"font-weight: 400\">document sur l\u2019hypoglyc\u00e9mie<\/span><\/a><span style=\"font-weight: 400\"> avant de sortir afin qu\u2019ils sachent comment vous aider.<\/span><\/li>\n<li style=\"font-weight: 400\"><b>Ne consommez pas d\u2019alcool lorsque vous \u00eates \u00e0 jeun. <\/b><span style=\"font-weight: 400\">Mangez des aliments qui contiennent des glucides \u00e0 action lente avant d\u2019aller consommer de l\u2019alcool. Vous contribuerez ainsi \u00e0 pr\u00e9venir une hypoglyc\u00e9mie caus\u00e9e par l\u2019alcool et aiderez \u00e9galement votre corps \u00e0 m\u00e9taboliser l\u2019alcool plus efficacement.<\/span><\/li>\n<li style=\"font-weight: 400\"><b>Connaissez votre consommation. <\/b><span style=\"font-weight: 400\">Surveillez la quantit\u00e9 d\u2019alcool que vous consommez et la teneur en alcool, en sucre et en glucides de vos boissons et prenez votre temps. Les bi\u00e8res l\u00e9g\u00e8res et les pilsners traditionnelles contiennent g\u00e9n\u00e9ralement les plus faibles teneurs en glucides (6\u00a0g), certaines \u00e9tant cr\u00e9\u00e9es sp\u00e9cialement pour avoir une faible teneur en glucides. Les boissons au go\u00fbt prononc\u00e9 et \u00e0 forte teneur en alcool sont souvent associ\u00e9es \u00e0 une teneur \u00e9lev\u00e9e en glucides. En g\u00e9n\u00e9ral, les stouts et les bi\u00e8res de bl\u00e9 des brasseries artisanales contiennent environ 20\u00a0g de glucides par bouteille. Les porters ont souvent une teneur en glucides l\u00e9g\u00e8rement inf\u00e9rieure, \u00e0 environ 15\u00a0g. Les IPA pourraient repr\u00e9senter votre meilleur choix pour obtenir un go\u00fbt franc et savoureux et une quantit\u00e9 raisonnable de glucides. Un grand nombre de bi\u00e8res IPA contiennent environ 12\u00a0g de glucides par bouteille. Bien qu\u2019elles en contiennent deux fois plus que les pilsners, elles repr\u00e9sentent un bon compromis.<\/span><\/li>\n<li style=\"font-weight: 400\"><b>Testez votre glyc\u00e9mie encore et encore! <\/b><span style=\"font-weight: 400\">Testez votre glyc\u00e9mie avant de consommer de l\u2019alcool, pendant que vous en consommez et apr\u00e8s en avoir consomm\u00e9. Ne consommez pas d\u2019alcool si votre glyc\u00e9mie est faible. Testez \u00e9galement votre glyc\u00e9mie avant de vous coucher et au r\u00e9veil. L\u2019alcool a des effets inattendus sur la glyc\u00e9mie.<\/span><\/li>\n<li style=\"font-weight: 400\"><b>Pr\u00e9parez-vous. <\/b><span style=\"font-weight: 400\">Apportez votre trousse de tests de glyc\u00e9mie, des comprim\u00e9s de glucose, une collation, etc. N\u2019oubliez pas que le <\/span><a href=\"https:\/\/beyondtype2.org\/glucagon\/\"><span style=\"font-weight: 400\">glucagon<\/span><\/a><span style=\"font-weight: 400\"> n\u2019aidera pas \u00e0 traiter une hypoglyc\u00e9mie caus\u00e9e par l\u2019alcool.<\/span><\/li>\n<\/ol>\n<p><span style=\"font-weight: 400\"><div class='cta cta-align-left cta-color-blue'><a href='https:\/\/community.beyondtype2.org\/' target='_blank'><span class='arrow'>&#10142;<\/span><span class='link-text'><\/span><\/a><\/div><\/span><\/p>\n","protected":false},"excerpt":{"rendered":"<p>Note de la r\u00e9daction\u00a0: ce contenu a \u00e9t\u00e9 v\u00e9rifi\u00e9 par Marina Basina, M.D., professeure agr\u00e9g\u00e9e d\u2019enseignement clinique \u00e0 l\u2019universit\u00e9 de Stanford. Elle est endocrinologue clinique et chercheuse, sp\u00e9cialis\u00e9e dans la prise en charge et la technologie du diab\u00e8te. Dre\u00a0Basina est une membre active de plusieurs conseils consultatifs m\u00e9dicaux et organisations communautaires de lutte contre le [&hellip;]<\/p>\n","protected":false},"author":10,"featured_media":801,"parent":0,"menu_order":0,"comment_status":"closed","ping_status":"closed","template":"","meta":{"_acf_changed":false,"footnotes":""},"categories":[50,52],"tags":[],"invisible":[8,107],"class_list":["post-419","page","type-page","status-publish","has-post-thumbnail","hentry","category-diabete-nutrition","category-nutrition-101-diabete","invisible-core-evergreen-resource","invisible-foodstory"],"acf":[],"yoast_head":"<!-- This site is optimized with the Yoast SEO plugin v24.9 - https:\/\/yoast.com\/wordpress\/plugins\/seo\/ -->\n<title>Guide sur l\u2019alcool et le diab\u00e8te - Beyond Type 2 Canada<\/title>\n<meta name=\"description\" content=\"Alcool et diab\u00e8te\u00a0: vont-ils ensemble? La r\u00e9ponse courte est oui, vous pouvez boire si vous \u00eates diab\u00e9tique.\" \/>\n<meta name=\"robots\" content=\"index, follow, max-snippet:-1, max-image-preview:large, max-video-preview:-1\" \/>\n<link rel=\"canonical\" href=\"https:\/\/ca.beyondtype2.org\/fr\/guide-sur-lalcool-et-le-diabete\/\" \/>\n<meta property=\"og:locale\" content=\"en_US\" \/>\n<meta property=\"og:type\" content=\"article\" \/>\n<meta property=\"og:title\" content=\"Guide sur l\u2019alcool et le diab\u00e8te - Beyond Type 2 Canada\" \/>\n<meta property=\"og:description\" content=\"Alcool et diab\u00e8te\u00a0: vont-ils ensemble? La r\u00e9ponse courte est oui, vous pouvez boire si vous \u00eates diab\u00e9tique.\" \/>\n<meta property=\"og:url\" content=\"https:\/\/ca.beyondtype2.org\/fr\/guide-sur-lalcool-et-le-diabete\/\" \/>\n<meta property=\"og:site_name\" content=\"Beyond Type 2 Canada\" \/>\n<meta property=\"article:modified_time\" content=\"2023-09-06T19:05:07+00:00\" \/>\n<meta property=\"og:image\" content=\"https:\/\/ca.beyondtype2.org\/fr\/wp-content\/uploads\/sites\/2\/2023\/09\/BT2-HEADER-ALCOHOL-DIABETES.png\" \/>\n\t<meta property=\"og:image:width\" content=\"2048\" \/>\n\t<meta property=\"og:image:height\" content=\"733\" \/>\n\t<meta property=\"og:image:type\" content=\"image\/png\" \/>\n<meta name=\"twitter:card\" content=\"summary_large_image\" \/>\n<meta name=\"twitter:label1\" content=\"Est. reading time\" \/>\n\t<meta name=\"twitter:data1\" content=\"6 minutes\" \/>\n<script type=\"application\/ld+json\" class=\"yoast-schema-graph\">{\"@context\":\"https:\/\/schema.org\",\"@graph\":[{\"@type\":\"WebPage\",\"@id\":\"https:\/\/ca.beyondtype2.org\/fr\/guide-sur-lalcool-et-le-diabete\/\",\"url\":\"https:\/\/ca.beyondtype2.org\/fr\/guide-sur-lalcool-et-le-diabete\/\",\"name\":\"Guide sur l\u2019alcool et le diab\u00e8te - Beyond Type 2 Canada\",\"isPartOf\":{\"@id\":\"https:\/\/ca.beyondtype2.org\/fr\/#website\"},\"primaryImageOfPage\":{\"@id\":\"https:\/\/ca.beyondtype2.org\/fr\/guide-sur-lalcool-et-le-diabete\/#primaryimage\"},\"image\":{\"@id\":\"https:\/\/ca.beyondtype2.org\/fr\/guide-sur-lalcool-et-le-diabete\/#primaryimage\"},\"thumbnailUrl\":\"https:\/\/ca.beyondtype2.org\/fr\/wp-content\/uploads\/sites\/2\/2023\/09\/BT2-HEADER-ALCOHOL-DIABETES.png\",\"datePublished\":\"2023-08-24T23:58:32+00:00\",\"dateModified\":\"2023-09-06T19:05:07+00:00\",\"description\":\"Alcool et diab\u00e8te\u00a0: vont-ils ensemble? La r\u00e9ponse courte est oui, vous pouvez boire si vous \u00eates diab\u00e9tique.\",\"breadcrumb\":{\"@id\":\"https:\/\/ca.beyondtype2.org\/fr\/guide-sur-lalcool-et-le-diabete\/#breadcrumb\"},\"inLanguage\":\"en-US\",\"potentialAction\":[{\"@type\":\"ReadAction\",\"target\":[\"https:\/\/ca.beyondtype2.org\/fr\/guide-sur-lalcool-et-le-diabete\/\"]}]},{\"@type\":\"ImageObject\",\"inLanguage\":\"en-US\",\"@id\":\"https:\/\/ca.beyondtype2.org\/fr\/guide-sur-lalcool-et-le-diabete\/#primaryimage\",\"url\":\"https:\/\/ca.beyondtype2.org\/fr\/wp-content\/uploads\/sites\/2\/2023\/09\/BT2-HEADER-ALCOHOL-DIABETES.png\",\"contentUrl\":\"https:\/\/ca.beyondtype2.org\/fr\/wp-content\/uploads\/sites\/2\/2023\/09\/BT2-HEADER-ALCOHOL-DIABETES.png\",\"width\":2048,\"height\":733},{\"@type\":\"BreadcrumbList\",\"@id\":\"https:\/\/ca.beyondtype2.org\/fr\/guide-sur-lalcool-et-le-diabete\/#breadcrumb\",\"itemListElement\":[{\"@type\":\"ListItem\",\"position\":1,\"name\":\"Home\",\"item\":\"https:\/\/ca.beyondtype2.org\/fr\/\"},{\"@type\":\"ListItem\",\"position\":2,\"name\":\"Guide sur l\u2019alcool et le diab\u00e8te\"}]},{\"@type\":\"WebSite\",\"@id\":\"https:\/\/ca.beyondtype2.org\/fr\/#website\",\"url\":\"https:\/\/ca.beyondtype2.org\/fr\/\",\"name\":\"Beyond Type 2 Canada\",\"description\":\"\",\"publisher\":{\"@id\":\"https:\/\/ca.beyondtype2.org\/fr\/#organization\"},\"potentialAction\":[{\"@type\":\"SearchAction\",\"target\":{\"@type\":\"EntryPoint\",\"urlTemplate\":\"https:\/\/ca.beyondtype2.org\/fr\/?s={search_term_string}\"},\"query-input\":{\"@type\":\"PropertyValueSpecification\",\"valueRequired\":true,\"valueName\":\"search_term_string\"}}],\"inLanguage\":\"en-US\"},{\"@type\":\"Organization\",\"@id\":\"https:\/\/ca.beyondtype2.org\/fr\/#organization\",\"name\":\"Beyond Type 2 Canada\",\"url\":\"https:\/\/ca.beyondtype2.org\/fr\/\",\"logo\":{\"@type\":\"ImageObject\",\"inLanguage\":\"en-US\",\"@id\":\"https:\/\/ca.beyondtype2.org\/fr\/#\/schema\/logo\/image\/\",\"url\":\"https:\/\/ca.beyondtype2.org\/fr\/wp-content\/uploads\/sites\/2\/2023\/08\/bt2-logo-v2.png\",\"contentUrl\":\"https:\/\/ca.beyondtype2.org\/fr\/wp-content\/uploads\/sites\/2\/2023\/08\/bt2-logo-v2.png\",\"width\":380,\"height\":83,\"caption\":\"Beyond Type 2 Canada\"},\"image\":{\"@id\":\"https:\/\/ca.beyondtype2.org\/fr\/#\/schema\/logo\/image\/\"}}]}<\/script>\n<!-- \/ Yoast SEO plugin. -->","yoast_head_json":{"title":"Guide sur l\u2019alcool et le diab\u00e8te - Beyond Type 2 Canada","description":"Alcool et diab\u00e8te\u00a0: vont-ils ensemble? La r\u00e9ponse courte est oui, vous pouvez boire si vous \u00eates diab\u00e9tique.","robots":{"index":"index","follow":"follow","max-snippet":"max-snippet:-1","max-image-preview":"max-image-preview:large","max-video-preview":"max-video-preview:-1"},"canonical":"https:\/\/ca.beyondtype2.org\/fr\/guide-sur-lalcool-et-le-diabete\/","og_locale":"en_US","og_type":"article","og_title":"Guide sur l\u2019alcool et le diab\u00e8te - Beyond Type 2 Canada","og_description":"Alcool et diab\u00e8te\u00a0: vont-ils ensemble? La r\u00e9ponse courte est oui, vous pouvez boire si vous \u00eates diab\u00e9tique.","og_url":"https:\/\/ca.beyondtype2.org\/fr\/guide-sur-lalcool-et-le-diabete\/","og_site_name":"Beyond Type 2 Canada","article_modified_time":"2023-09-06T19:05:07+00:00","og_image":[{"width":2048,"height":733,"url":"https:\/\/ca.beyondtype2.org\/fr\/wp-content\/uploads\/sites\/2\/2023\/09\/BT2-HEADER-ALCOHOL-DIABETES.png","type":"image\/png"}],"twitter_card":"summary_large_image","twitter_misc":{"Est. reading time":"6 minutes"},"schema":{"@context":"https:\/\/schema.org","@graph":[{"@type":"WebPage","@id":"https:\/\/ca.beyondtype2.org\/fr\/guide-sur-lalcool-et-le-diabete\/","url":"https:\/\/ca.beyondtype2.org\/fr\/guide-sur-lalcool-et-le-diabete\/","name":"Guide sur l\u2019alcool et le diab\u00e8te - Beyond Type 2 Canada","isPartOf":{"@id":"https:\/\/ca.beyondtype2.org\/fr\/#website"},"primaryImageOfPage":{"@id":"https:\/\/ca.beyondtype2.org\/fr\/guide-sur-lalcool-et-le-diabete\/#primaryimage"},"image":{"@id":"https:\/\/ca.beyondtype2.org\/fr\/guide-sur-lalcool-et-le-diabete\/#primaryimage"},"thumbnailUrl":"https:\/\/ca.beyondtype2.org\/fr\/wp-content\/uploads\/sites\/2\/2023\/09\/BT2-HEADER-ALCOHOL-DIABETES.png","datePublished":"2023-08-24T23:58:32+00:00","dateModified":"2023-09-06T19:05:07+00:00","description":"Alcool et diab\u00e8te\u00a0: vont-ils ensemble? La r\u00e9ponse courte est oui, vous pouvez boire si vous \u00eates diab\u00e9tique.","breadcrumb":{"@id":"https:\/\/ca.beyondtype2.org\/fr\/guide-sur-lalcool-et-le-diabete\/#breadcrumb"},"inLanguage":"en-US","potentialAction":[{"@type":"ReadAction","target":["https:\/\/ca.beyondtype2.org\/fr\/guide-sur-lalcool-et-le-diabete\/"]}]},{"@type":"ImageObject","inLanguage":"en-US","@id":"https:\/\/ca.beyondtype2.org\/fr\/guide-sur-lalcool-et-le-diabete\/#primaryimage","url":"https:\/\/ca.beyondtype2.org\/fr\/wp-content\/uploads\/sites\/2\/2023\/09\/BT2-HEADER-ALCOHOL-DIABETES.png","contentUrl":"https:\/\/ca.beyondtype2.org\/fr\/wp-content\/uploads\/sites\/2\/2023\/09\/BT2-HEADER-ALCOHOL-DIABETES.png","width":2048,"height":733},{"@type":"BreadcrumbList","@id":"https:\/\/ca.beyondtype2.org\/fr\/guide-sur-lalcool-et-le-diabete\/#breadcrumb","itemListElement":[{"@type":"ListItem","position":1,"name":"Home","item":"https:\/\/ca.beyondtype2.org\/fr\/"},{"@type":"ListItem","position":2,"name":"Guide sur l\u2019alcool et le diab\u00e8te"}]},{"@type":"WebSite","@id":"https:\/\/ca.beyondtype2.org\/fr\/#website","url":"https:\/\/ca.beyondtype2.org\/fr\/","name":"Beyond Type 2 Canada","description":"","publisher":{"@id":"https:\/\/ca.beyondtype2.org\/fr\/#organization"},"potentialAction":[{"@type":"SearchAction","target":{"@type":"EntryPoint","urlTemplate":"https:\/\/ca.beyondtype2.org\/fr\/?s={search_term_string}"},"query-input":{"@type":"PropertyValueSpecification","valueRequired":true,"valueName":"search_term_string"}}],"inLanguage":"en-US"},{"@type":"Organization","@id":"https:\/\/ca.beyondtype2.org\/fr\/#organization","name":"Beyond Type 2 Canada","url":"https:\/\/ca.beyondtype2.org\/fr\/","logo":{"@type":"ImageObject","inLanguage":"en-US","@id":"https:\/\/ca.beyondtype2.org\/fr\/#\/schema\/logo\/image\/","url":"https:\/\/ca.beyondtype2.org\/fr\/wp-content\/uploads\/sites\/2\/2023\/08\/bt2-logo-v2.png","contentUrl":"https:\/\/ca.beyondtype2.org\/fr\/wp-content\/uploads\/sites\/2\/2023\/08\/bt2-logo-v2.png","width":380,"height":83,"caption":"Beyond Type 2 Canada"},"image":{"@id":"https:\/\/ca.beyondtype2.org\/fr\/#\/schema\/logo\/image\/"}}]}},"featured_image_src":"https:\/\/ca.beyondtype2.org\/fr\/wp-content\/uploads\/sites\/2\/2023\/09\/BT2-HEADER-ALCOHOL-DIABETES-600x400.png","featured_image_src_square":"https:\/\/ca.beyondtype2.org\/fr\/wp-content\/uploads\/sites\/2\/2023\/09\/BT2-HEADER-ALCOHOL-DIABETES-600x600.png","_links":{"self":[{"href":"https:\/\/ca.beyondtype2.org\/fr\/wp-json\/wp\/v2\/pages\/419","targetHints":{"allow":["GET"]}}],"collection":[{"href":"https:\/\/ca.beyondtype2.org\/fr\/wp-json\/wp\/v2\/pages"}],"about":[{"href":"https:\/\/ca.beyondtype2.org\/fr\/wp-json\/wp\/v2\/types\/page"}],"author":[{"embeddable":true,"href":"https:\/\/ca.beyondtype2.org\/fr\/wp-json\/wp\/v2\/users\/10"}],"replies":[{"embeddable":true,"href":"https:\/\/ca.beyondtype2.org\/fr\/wp-json\/wp\/v2\/comments?post=419"}],"version-history":[{"count":0,"href":"https:\/\/ca.beyondtype2.org\/fr\/wp-json\/wp\/v2\/pages\/419\/revisions"}],"wp:featuredmedia":[{"embeddable":true,"href":"https:\/\/ca.beyondtype2.org\/fr\/wp-json\/wp\/v2\/media\/801"}],"wp:attachment":[{"href":"https:\/\/ca.beyondtype2.org\/fr\/wp-json\/wp\/v2\/media?parent=419"}],"wp:term":[{"taxonomy":"category","embeddable":true,"href":"https:\/\/ca.beyondtype2.org\/fr\/wp-json\/wp\/v2\/categories?post=419"},{"taxonomy":"post_tag","embeddable":true,"href":"https:\/\/ca.beyondtype2.org\/fr\/wp-json\/wp\/v2\/tags?post=419"},{"taxonomy":"invisible","embeddable":true,"href":"https:\/\/ca.beyondtype2.org\/fr\/wp-json\/wp\/v2\/invisible?post=419"}],"curies":[{"name":"wp","href":"https:\/\/api.w.org\/{rel}","templated":true}]}}