			{"id":246,"date":"2023-08-23T18:33:10","date_gmt":"2023-08-23T22:33:10","guid":{"rendered":"https:\/\/ca.beyondtype2.org\/fr\/?page_id=246"},"modified":"2023-09-14T15:32:41","modified_gmt":"2023-09-14T19:32:41","slug":"types-de-diabete","status":"publish","type":"page","link":"https:\/\/ca.beyondtype2.org\/fr\/types-de-diabete\/","title":{"rendered":"Les diff\u00e9rents types de diab\u00e8te"},"content":{"rendered":"<p>Le diab\u00e8te de type 2 repr\u00e9sente 90 % des cas de diab\u00e8te dans le monde. On estime que 1 \u00e0 5 % de l\u2019ensemble des cas de diab\u00e8te diagnostiqu\u00e9 sont des types rares, comme le diab\u00e8te auto-immun latent de l&#8217;adulte (LADA), le diab\u00e8te du jeune adulte (MODY), le diab\u00e8te li\u00e9 \u00e0 la mucoviscidose (CFRD), le syndrome de Cushing et d&#8217;autres. Explorez ces diff\u00e9rentes formes de diab\u00e8te et ce qui les distingue dans la famille du diab\u00e8te.<\/p>\n<p>Apprenez \u00e0 diff\u00e9rencier les types de diab\u00e8te.<\/p>\n<div class='multi-box-holder'><div class='landing-display-1' style=''><a href='https:\/\/ca.beyondtype2.org\/fr\/quest-ce-que-le-diabete-de-type-2\/'><div class='image-thumbail image-thumbail-1'><img src='https:\/\/ca.beyondtype2.org\/fr\/wp-content\/uploads\/sites\/2\/2023\/08\/BT1-THUMB-WHAT-IS-TYPE-2.jpeg'><\/div><div class='mobile-image'><img loading=\"lazy\" decoding=\"async\" width=\"1200\" height=\"429\" src=\"https:\/\/ca.beyondtype2.org\/fr\/wp-content\/uploads\/sites\/2\/2023\/08\/BT1-HEADER-WHAT-IS-TYPE-2-1200x429-1.jpeg\" class=\" wp-post-image\" alt=\"\" srcset=\"https:\/\/ca.beyondtype2.org\/fr\/wp-content\/uploads\/sites\/2\/2023\/08\/BT1-HEADER-WHAT-IS-TYPE-2-1200x429-1.jpeg 1200w, https:\/\/ca.beyondtype2.org\/fr\/wp-content\/uploads\/sites\/2\/2023\/08\/BT1-HEADER-WHAT-IS-TYPE-2-1200x429-1-300x107.jpeg 300w, https:\/\/ca.beyondtype2.org\/fr\/wp-content\/uploads\/sites\/2\/2023\/08\/BT1-HEADER-WHAT-IS-TYPE-2-1200x429-1-1024x366.jpeg 1024w, https:\/\/ca.beyondtype2.org\/fr\/wp-content\/uploads\/sites\/2\/2023\/08\/BT1-HEADER-WHAT-IS-TYPE-2-1200x429-1-768x275.jpeg 768w\" sizes=\"auto, (max-width: 1200px) 100vw, 1200px\" \/><\/div><h2>Qu&#8217;est-ce que le diab\u00e8te de type 2 ?<\/a><\/h2><\/br><span class='excerpt'>Le diab\u00e8te de type\u00a02 survient lorsque le corps ne peut pas utiliser correctement l\u2019insuline, une hormone qui r\u00e9gule la glyc\u00e9mie. C\u2019est ce qu\u2019on appelle la r\u00e9sistance \u00e0 l\u2019insuline.<\/span><a class='readmore' href='https:\/\/ca.beyondtype2.org\/fr\/quest-ce-que-le-diabete-de-type-2\/'>EN SAVOIR PLUS<\/a><\/div><div class='landing-display-1' style=''><a href='https:\/\/ca.beyondtype2.org\/fr\/prediabete\/'><div class='image-thumbail image-thumbail-1'><img src='https:\/\/ca.beyondtype2.org\/fr\/wp-content\/uploads\/sites\/2\/2023\/08\/BT2-PREDIABETES-THUMB-1.png'><\/div><div class='mobile-image'><img loading=\"lazy\" decoding=\"async\" width=\"1200\" height=\"429\" src=\"https:\/\/ca.beyondtype2.org\/fr\/wp-content\/uploads\/sites\/2\/2023\/09\/BT2-PREDIABETES-HEADER-1200x429-1.png\" class=\" wp-post-image\" alt=\"\" srcset=\"https:\/\/ca.beyondtype2.org\/fr\/wp-content\/uploads\/sites\/2\/2023\/09\/BT2-PREDIABETES-HEADER-1200x429-1.png 1200w, https:\/\/ca.beyondtype2.org\/fr\/wp-content\/uploads\/sites\/2\/2023\/09\/BT2-PREDIABETES-HEADER-1200x429-1-300x107.png 300w, https:\/\/ca.beyondtype2.org\/fr\/wp-content\/uploads\/sites\/2\/2023\/09\/BT2-PREDIABETES-HEADER-1200x429-1-1024x366.png 1024w, https:\/\/ca.beyondtype2.org\/fr\/wp-content\/uploads\/sites\/2\/2023\/09\/BT2-PREDIABETES-HEADER-1200x429-1-768x275.png 768w\" sizes=\"auto, (max-width: 1200px) 100vw, 1200px\" \/><\/div><h2>Tout savoir sur le pr\u00e9diab\u00e8te<\/a><\/h2><\/br><span class='excerpt'>Le pr\u00e9diab\u00e8te d\u00e9signe un taux de sucre dans le sang ou un taux d&#039;HbA1c sup\u00e9rieurs \u00e0 la normale, mais pas assez \u00e9lev\u00e9s pour diagnostiquer un diab\u00e8te.<\/span><a class='readmore' href='https:\/\/ca.beyondtype2.org\/fr\/prediabete\/'>EN SAVOIR PLUS<\/a><\/div><div class='landing-display-1' style=''><a href='https:\/\/ca.beyondtype2.org\/fr\/qu-est-ce-que-le-diabete-de-type-1\/'><div class='image-thumbail image-thumbail-1'><img src='https:\/\/ca.beyondtype2.org\/fr\/wp-content\/uploads\/sites\/2\/2023\/08\/BT1-ES-TYPE-1-DIABETES-THUMB.jpeg'><\/div><div class='mobile-image'><img loading=\"lazy\" decoding=\"async\" width=\"1200\" height=\"429\" src=\"https:\/\/ca.beyondtype2.org\/fr\/wp-content\/uploads\/sites\/2\/2023\/08\/BT1-ES-TYPE-1-DIABETES-HEADER-1200x429-1.jpeg\" class=\" wp-post-image\" alt=\"\" srcset=\"https:\/\/ca.beyondtype2.org\/fr\/wp-content\/uploads\/sites\/2\/2023\/08\/BT1-ES-TYPE-1-DIABETES-HEADER-1200x429-1.jpeg 1200w, https:\/\/ca.beyondtype2.org\/fr\/wp-content\/uploads\/sites\/2\/2023\/08\/BT1-ES-TYPE-1-DIABETES-HEADER-1200x429-1-300x107.jpeg 300w, https:\/\/ca.beyondtype2.org\/fr\/wp-content\/uploads\/sites\/2\/2023\/08\/BT1-ES-TYPE-1-DIABETES-HEADER-1200x429-1-1024x366.jpeg 1024w, https:\/\/ca.beyondtype2.org\/fr\/wp-content\/uploads\/sites\/2\/2023\/08\/BT1-ES-TYPE-1-DIABETES-HEADER-1200x429-1-768x275.jpeg 768w\" sizes=\"auto, (max-width: 1200px) 100vw, 1200px\" \/><\/div><h2>Qu&#8217;est-ce que le diab\u00e8te de type\u00a01 ?<\/a><\/h2><\/br><span class='excerpt'>Le diab\u00e8te de type\u00a01 est une maladie auto-immune qui rend l\u2019organisme incapable de produire l\u2019insuline. Voici en quoi il diff\u00e8re du diab\u00e8te de type 2.<\/span><a class='readmore' href='https:\/\/ca.beyondtype2.org\/fr\/qu-est-ce-que-le-diabete-de-type-1\/'>EN SAVOIR PLUS<\/a><\/div><\/div>\n","protected":false},"excerpt":{"rendered":"<p>Le diab\u00e8te de type 2 repr\u00e9sente 90 % des cas de diab\u00e8te dans le monde. On estime que 1 \u00e0 5 % de l\u2019ensemble des cas de diab\u00e8te diagnostiqu\u00e9 sont des types rares, comme le diab\u00e8te auto-immun latent de l&#8217;adulte (LADA), le diab\u00e8te du jeune adulte (MODY), le diab\u00e8te li\u00e9 \u00e0 la mucoviscidose (CFRD), le [&hellip;]<\/p>\n","protected":false},"author":10,"featured_media":566,"parent":0,"menu_order":0,"comment_status":"closed","ping_status":"closed","template":"","meta":{"_acf_changed":false,"footnotes":""},"categories":[],"tags":[],"invisible":[],"class_list":["post-246","page","type-page","status-publish","has-post-thumbnail","hentry"],"acf":[],"yoast_head":"<!-- This site is optimized with the Yoast SEO plugin v24.9 - https:\/\/yoast.com\/wordpress\/plugins\/seo\/ -->\n<title>Les diff\u00e9rents types de diab\u00e8te - Beyond Type 2 Canada<\/title>\n<meta name=\"description\" content=\"Il existes plusieurs types de diab\u00e8te. Apprenez-en plus sur ces derniers, comme le diab\u00e8te de type 2 ou les diab\u00e8te monog\u00e9niques.\" \/>\n<meta name=\"robots\" content=\"index, follow, max-snippet:-1, max-image-preview:large, max-video-preview:-1\" \/>\n<link rel=\"canonical\" href=\"https:\/\/ca.beyondtype2.org\/fr\/types-de-diabete\/\" \/>\n<meta property=\"og:locale\" content=\"en_US\" \/>\n<meta property=\"og:type\" content=\"article\" \/>\n<meta property=\"og:title\" content=\"Les diff\u00e9rents types de diab\u00e8te - Beyond Type 2 Canada\" \/>\n<meta property=\"og:description\" content=\"Il existes plusieurs types de diab\u00e8te. Apprenez-en plus sur ces derniers, comme le diab\u00e8te de type 2 ou les diab\u00e8te monog\u00e9niques.\" \/>\n<meta property=\"og:url\" content=\"https:\/\/ca.beyondtype2.org\/fr\/types-de-diabete\/\" \/>\n<meta property=\"og:site_name\" content=\"Beyond Type 2 Canada\" \/>\n<meta property=\"article:modified_time\" content=\"2023-09-14T19:32:41+00:00\" \/>\n<meta property=\"og:image\" content=\"https:\/\/ca.beyondtype2.org\/fr\/wp-content\/uploads\/sites\/2\/2023\/08\/BT2-HEADER-FORMS-DIABETES-1024x367.png\" \/>\n\t<meta property=\"og:image:width\" content=\"1024\" \/>\n\t<meta property=\"og:image:height\" content=\"367\" \/>\n\t<meta property=\"og:image:type\" content=\"image\/png\" \/>\n<meta name=\"twitter:card\" content=\"summary_large_image\" \/>\n<meta name=\"twitter:label1\" content=\"Est. reading time\" \/>\n\t<meta name=\"twitter:data1\" content=\"1 minute\" \/>\n<script type=\"application\/ld+json\" class=\"yoast-schema-graph\">{\"@context\":\"https:\/\/schema.org\",\"@graph\":[{\"@type\":\"WebPage\",\"@id\":\"https:\/\/ca.beyondtype2.org\/fr\/types-de-diabete\/\",\"url\":\"https:\/\/ca.beyondtype2.org\/fr\/types-de-diabete\/\",\"name\":\"Les diff\u00e9rents types de diab\u00e8te - Beyond Type 2 Canada\",\"isPartOf\":{\"@id\":\"https:\/\/ca.beyondtype2.org\/fr\/#website\"},\"primaryImageOfPage\":{\"@id\":\"https:\/\/ca.beyondtype2.org\/fr\/types-de-diabete\/#primaryimage\"},\"image\":{\"@id\":\"https:\/\/ca.beyondtype2.org\/fr\/types-de-diabete\/#primaryimage\"},\"thumbnailUrl\":\"https:\/\/ca.beyondtype2.org\/fr\/wp-content\/uploads\/sites\/2\/2023\/08\/BT2-HEADER-FORMS-DIABETES.png\",\"datePublished\":\"2023-08-23T22:33:10+00:00\",\"dateModified\":\"2023-09-14T19:32:41+00:00\",\"description\":\"Il existes plusieurs types de diab\u00e8te. Apprenez-en plus sur ces derniers, comme le diab\u00e8te de type 2 ou les diab\u00e8te monog\u00e9niques.\",\"breadcrumb\":{\"@id\":\"https:\/\/ca.beyondtype2.org\/fr\/types-de-diabete\/#breadcrumb\"},\"inLanguage\":\"en-US\",\"potentialAction\":[{\"@type\":\"ReadAction\",\"target\":[\"https:\/\/ca.beyondtype2.org\/fr\/types-de-diabete\/\"]}]},{\"@type\":\"ImageObject\",\"inLanguage\":\"en-US\",\"@id\":\"https:\/\/ca.beyondtype2.org\/fr\/types-de-diabete\/#primaryimage\",\"url\":\"https:\/\/ca.beyondtype2.org\/fr\/wp-content\/uploads\/sites\/2\/2023\/08\/BT2-HEADER-FORMS-DIABETES.png\",\"contentUrl\":\"https:\/\/ca.beyondtype2.org\/fr\/wp-content\/uploads\/sites\/2\/2023\/08\/BT2-HEADER-FORMS-DIABETES.png\",\"width\":2048,\"height\":733},{\"@type\":\"BreadcrumbList\",\"@id\":\"https:\/\/ca.beyondtype2.org\/fr\/types-de-diabete\/#breadcrumb\",\"itemListElement\":[{\"@type\":\"ListItem\",\"position\":1,\"name\":\"Home\",\"item\":\"https:\/\/ca.beyondtype2.org\/fr\/\"},{\"@type\":\"ListItem\",\"position\":2,\"name\":\"Les diff\u00e9rents types de diab\u00e8te\"}]},{\"@type\":\"WebSite\",\"@id\":\"https:\/\/ca.beyondtype2.org\/fr\/#website\",\"url\":\"https:\/\/ca.beyondtype2.org\/fr\/\",\"name\":\"Beyond Type 2 Canada\",\"description\":\"\",\"publisher\":{\"@id\":\"https:\/\/ca.beyondtype2.org\/fr\/#organization\"},\"potentialAction\":[{\"@type\":\"SearchAction\",\"target\":{\"@type\":\"EntryPoint\",\"urlTemplate\":\"https:\/\/ca.beyondtype2.org\/fr\/?s={search_term_string}\"},\"query-input\":{\"@type\":\"PropertyValueSpecification\",\"valueRequired\":true,\"valueName\":\"search_term_string\"}}],\"inLanguage\":\"en-US\"},{\"@type\":\"Organization\",\"@id\":\"https:\/\/ca.beyondtype2.org\/fr\/#organization\",\"name\":\"Beyond Type 2 Canada\",\"url\":\"https:\/\/ca.beyondtype2.org\/fr\/\",\"logo\":{\"@type\":\"ImageObject\",\"inLanguage\":\"en-US\",\"@id\":\"https:\/\/ca.beyondtype2.org\/fr\/#\/schema\/logo\/image\/\",\"url\":\"https:\/\/ca.beyondtype2.org\/fr\/wp-content\/uploads\/sites\/2\/2023\/08\/bt2-logo-v2.png\",\"contentUrl\":\"https:\/\/ca.beyondtype2.org\/fr\/wp-content\/uploads\/sites\/2\/2023\/08\/bt2-logo-v2.png\",\"width\":380,\"height\":83,\"caption\":\"Beyond Type 2 Canada\"},\"image\":{\"@id\":\"https:\/\/ca.beyondtype2.org\/fr\/#\/schema\/logo\/image\/\"}}]}<\/script>\n<!-- \/ Yoast SEO plugin. -->","yoast_head_json":{"title":"Les diff\u00e9rents types de diab\u00e8te - Beyond Type 2 Canada","description":"Il existes plusieurs types de diab\u00e8te. Apprenez-en plus sur ces derniers, comme le diab\u00e8te de type 2 ou les diab\u00e8te monog\u00e9niques.","robots":{"index":"index","follow":"follow","max-snippet":"max-snippet:-1","max-image-preview":"max-image-preview:large","max-video-preview":"max-video-preview:-1"},"canonical":"https:\/\/ca.beyondtype2.org\/fr\/types-de-diabete\/","og_locale":"en_US","og_type":"article","og_title":"Les diff\u00e9rents types de diab\u00e8te - Beyond Type 2 Canada","og_description":"Il existes plusieurs types de diab\u00e8te. Apprenez-en plus sur ces derniers, comme le diab\u00e8te de type 2 ou les diab\u00e8te monog\u00e9niques.","og_url":"https:\/\/ca.beyondtype2.org\/fr\/types-de-diabete\/","og_site_name":"Beyond Type 2 Canada","article_modified_time":"2023-09-14T19:32:41+00:00","og_image":[{"width":1024,"height":367,"url":"https:\/\/ca.beyondtype2.org\/fr\/wp-content\/uploads\/sites\/2\/2023\/08\/BT2-HEADER-FORMS-DIABETES-1024x367.png","type":"image\/png"}],"twitter_card":"summary_large_image","twitter_misc":{"Est. reading time":"1 minute"},"schema":{"@context":"https:\/\/schema.org","@graph":[{"@type":"WebPage","@id":"https:\/\/ca.beyondtype2.org\/fr\/types-de-diabete\/","url":"https:\/\/ca.beyondtype2.org\/fr\/types-de-diabete\/","name":"Les diff\u00e9rents types de diab\u00e8te - Beyond Type 2 Canada","isPartOf":{"@id":"https:\/\/ca.beyondtype2.org\/fr\/#website"},"primaryImageOfPage":{"@id":"https:\/\/ca.beyondtype2.org\/fr\/types-de-diabete\/#primaryimage"},"image":{"@id":"https:\/\/ca.beyondtype2.org\/fr\/types-de-diabete\/#primaryimage"},"thumbnailUrl":"https:\/\/ca.beyondtype2.org\/fr\/wp-content\/uploads\/sites\/2\/2023\/08\/BT2-HEADER-FORMS-DIABETES.png","datePublished":"2023-08-23T22:33:10+00:00","dateModified":"2023-09-14T19:32:41+00:00","description":"Il existes plusieurs types de diab\u00e8te. Apprenez-en plus sur ces derniers, comme le diab\u00e8te de type 2 ou les diab\u00e8te monog\u00e9niques.","breadcrumb":{"@id":"https:\/\/ca.beyondtype2.org\/fr\/types-de-diabete\/#breadcrumb"},"inLanguage":"en-US","potentialAction":[{"@type":"ReadAction","target":["https:\/\/ca.beyondtype2.org\/fr\/types-de-diabete\/"]}]},{"@type":"ImageObject","inLanguage":"en-US","@id":"https:\/\/ca.beyondtype2.org\/fr\/types-de-diabete\/#primaryimage","url":"https:\/\/ca.beyondtype2.org\/fr\/wp-content\/uploads\/sites\/2\/2023\/08\/BT2-HEADER-FORMS-DIABETES.png","contentUrl":"https:\/\/ca.beyondtype2.org\/fr\/wp-content\/uploads\/sites\/2\/2023\/08\/BT2-HEADER-FORMS-DIABETES.png","width":2048,"height":733},{"@type":"BreadcrumbList","@id":"https:\/\/ca.beyondtype2.org\/fr\/types-de-diabete\/#breadcrumb","itemListElement":[{"@type":"ListItem","position":1,"name":"Home","item":"https:\/\/ca.beyondtype2.org\/fr\/"},{"@type":"ListItem","position":2,"name":"Les diff\u00e9rents types de diab\u00e8te"}]},{"@type":"WebSite","@id":"https:\/\/ca.beyondtype2.org\/fr\/#website","url":"https:\/\/ca.beyondtype2.org\/fr\/","name":"Beyond Type 2 Canada","description":"","publisher":{"@id":"https:\/\/ca.beyondtype2.org\/fr\/#organization"},"potentialAction":[{"@type":"SearchAction","target":{"@type":"EntryPoint","urlTemplate":"https:\/\/ca.beyondtype2.org\/fr\/?s={search_term_string}"},"query-input":{"@type":"PropertyValueSpecification","valueRequired":true,"valueName":"search_term_string"}}],"inLanguage":"en-US"},{"@type":"Organization","@id":"https:\/\/ca.beyondtype2.org\/fr\/#organization","name":"Beyond Type 2 Canada","url":"https:\/\/ca.beyondtype2.org\/fr\/","logo":{"@type":"ImageObject","inLanguage":"en-US","@id":"https:\/\/ca.beyondtype2.org\/fr\/#\/schema\/logo\/image\/","url":"https:\/\/ca.beyondtype2.org\/fr\/wp-content\/uploads\/sites\/2\/2023\/08\/bt2-logo-v2.png","contentUrl":"https:\/\/ca.beyondtype2.org\/fr\/wp-content\/uploads\/sites\/2\/2023\/08\/bt2-logo-v2.png","width":380,"height":83,"caption":"Beyond Type 2 Canada"},"image":{"@id":"https:\/\/ca.beyondtype2.org\/fr\/#\/schema\/logo\/image\/"}}]}},"featured_image_src":"https:\/\/ca.beyondtype2.org\/fr\/wp-content\/uploads\/sites\/2\/2023\/08\/BT2-HEADER-FORMS-DIABETES-600x400.png","featured_image_src_square":"https:\/\/ca.beyondtype2.org\/fr\/wp-content\/uploads\/sites\/2\/2023\/08\/BT2-HEADER-FORMS-DIABETES-600x600.png","_links":{"self":[{"href":"https:\/\/ca.beyondtype2.org\/fr\/wp-json\/wp\/v2\/pages\/246","targetHints":{"allow":["GET"]}}],"collection":[{"href":"https:\/\/ca.beyondtype2.org\/fr\/wp-json\/wp\/v2\/pages"}],"about":[{"href":"https:\/\/ca.beyondtype2.org\/fr\/wp-json\/wp\/v2\/types\/page"}],"author":[{"embeddable":true,"href":"https:\/\/ca.beyondtype2.org\/fr\/wp-json\/wp\/v2\/users\/10"}],"replies":[{"embeddable":true,"href":"https:\/\/ca.beyondtype2.org\/fr\/wp-json\/wp\/v2\/comments?post=246"}],"version-history":[{"count":0,"href":"https:\/\/ca.beyondtype2.org\/fr\/wp-json\/wp\/v2\/pages\/246\/revisions"}],"wp:featuredmedia":[{"embeddable":true,"href":"https:\/\/ca.beyondtype2.org\/fr\/wp-json\/wp\/v2\/media\/566"}],"wp:attachment":[{"href":"https:\/\/ca.beyondtype2.org\/fr\/wp-json\/wp\/v2\/media?parent=246"}],"wp:term":[{"taxonomy":"category","embeddable":true,"href":"https:\/\/ca.beyondtype2.org\/fr\/wp-json\/wp\/v2\/categories?post=246"},{"taxonomy":"post_tag","embeddable":true,"href":"https:\/\/ca.beyondtype2.org\/fr\/wp-json\/wp\/v2\/tags?post=246"},{"taxonomy":"invisible","embeddable":true,"href":"https:\/\/ca.beyondtype2.org\/fr\/wp-json\/wp\/v2\/invisible?post=246"}],"curies":[{"name":"wp","href":"https:\/\/api.w.org\/{rel}","templated":true}]}}