			{"id":242,"date":"2023-08-23T18:31:06","date_gmt":"2023-08-23T22:31:06","guid":{"rendered":"https:\/\/ca.beyondtype2.org\/fr\/?page_id=242"},"modified":"2023-09-14T13:39:41","modified_gmt":"2023-09-14T17:39:41","slug":"qu-est-ce-que-le-diabete-de-type-1","status":"publish","type":"page","link":"https:\/\/ca.beyondtype2.org\/fr\/qu-est-ce-que-le-diabete-de-type-1\/","title":{"rendered":"Qu&#8217;est-ce que le diab\u00e8te de type\u00a01 ?"},"content":{"rendered":"<p><em>Cette page donne un aper\u00e7u du diab\u00e8te de type 1 (DT1). Pour des ressources plus approfondies sur le DT1, veuillez consulter notre site d\u00e9di\u00e9, <a href=\"https:\/\/fr.beyondtype1.org\/\">Beyond Type 1<\/a>.<\/em><\/p>\n<hr \/>\n<p>Le diab\u00e8te de type 1, autrefois appel\u00e9 diab\u00e8te juv\u00e9nile, est une maladie auto-immune chronique qui rend l\u2019organisme incapable de produire l\u2019insuline, l\u2019hormone qui r\u00e9gule la glyc\u00e9mie. Sans insuline, notre corps ne peut pas utiliser le sucre dans notre sang comme \u00e9nergie. Cela entraine une <a href=\"https:\/\/fr.beyondtype1.org\/quest-ce-que-lacidocetose-diabetique\/\">acidoc\u00e9tose diab\u00e9tique (<\/a>ACD).<\/p>\n<h2><b>QUELS SONT LES SYMPT\u00d4MES DU DIAB\u00c8TE DE TYPE\u00a01\u00a0?<\/b><\/h2>\n<p>De nombreux signes ou sympt\u00f4mes peuvent se manifester quand une personne a un diab\u00e8te non diagnostiqu\u00e9 ou non trait\u00e9. Voici quelques-uns de ces sympt\u00f4mes\u00a0:<\/p>\n<ul>\n<li>Une soif insatiable<\/li>\n<li>Une envie d&#8217;uriner fr\u00e9quente<\/li>\n<li>Une incontinence urinaire nocturne inexpliqu\u00e9e<\/li>\n<li>Une perte de poids ind\u00e9sirable ou inexpliqu\u00e9e<\/li>\n<li>Une baisse d\u2019\u00e9nergie<\/li>\n<li>Une haleine fruit\u00e9e<\/li>\n<li>Une vision floue<\/li>\n<li>Des maux d\u2019estomac<\/li>\n<li>Des naus\u00e9es ou des vomissements<\/li>\n<li>Une perte de conscience<\/li>\n<li>Une respiration rapide et profonde<\/li>\n<\/ul>\n<h2><b>COMMENT LE DIAB\u00c8TE DE TYPE\u00a01 AFFECTE LE CORPS\u00a0?<\/b><\/h2>\n<p>Le diab\u00e8te de type\u00a01 est une maladie auto-immune, ce qui signifie que le syst\u00e8me immunitaire de l\u2019organisme s\u2019attaque \u00e0 lui-m\u00eame, tout comme la maladie c\u0153liaque. Dans le cas du diab\u00e8te de type\u00a01, l\u2019organisme attaque les cellules b\u00eata productrices d\u2019insuline. Ce sont les cellules de l\u2019organisme qui produisent l\u2019insuline. Au fil du temps, les personnes atteintes de diab\u00e8te de type\u00a01 perdent toutes ces cellules b\u00eata, \u00e9galement appel\u00e9es cellules des \u00eelots de Langerhans, et ne peuvent donc pas produire leur propre insuline. L\u2019insuline est l\u2019hormone qui permet \u00e0 l\u2019organisme d\u2019utiliser le glucose (sucre) dans la circulation sanguine comme \u00e9nergie. Elle agit en quelque sorte comme une cl\u00e9 qui d\u00e9bloque les cellules de l\u2019organisme, permettant au glucose d\u2019entrer et d\u2019\u00eatre absorb\u00e9. La conversion du glucose sanguin est le principal moyen pour l\u2019organisme d\u2019obtenir de l\u2019\u00e9nergie. Sans insuline, il doit recourir \u00e0 la d\u00e9composition des tissus corporels, comme les r\u00e9serves de muscles et de graisse. Une autre cons\u00e9quence, potentiellement mortelle pour les personnes atteintes de diab\u00e8te de type\u00a01 qui ne suivent pas d\u2019insulinoth\u00e9rapie est l\u2019acidoc\u00e9tose diab\u00e9tique, ou ACD. L\u2019acidoc\u00e9tose diab\u00e9tique survient lorsqu\u2019il y a une surcharge de glucose dans la circulation sanguine parce qu\u2019il n\u2019y a pas de contr\u00f4le de l\u2019insuline. Pour plus d\u2019informations sur l\u2019ACD,\u00a0<a href=\"https:\/\/fr.beyondtype1.org\/quest-ce-que-lacidocetose-diabetique\/\"><b>cliquez ici<\/b><\/a>.<\/p>\n<h2><b>QUELLES SONT LES CAUSES DU DIAB\u00c8TE DE TYPE\u00a01\u00a0?<\/b><\/h2>\n<p>Le DT1 n\u2019est ni \u00e9vitable ni curable et bien que sa cause soit inconnue, des \u00e9tudes sugg\u00e8rent qu\u2019il r\u00e9sulte d\u2019une pr\u00e9disposition g\u00e9n\u00e9tique, g\u00e9n\u00e9ralement combin\u00e9e avec un d\u00e9clencheur environnemental.<\/p>\n<h2><b>COMMENT PEUT-ON G\u00c9RER LE DIAB\u00c8TE DE TYPE\u00a01\u00a0?<\/b><\/h2>\n<p>Vivre avec le DT1 est un exercice d\u2019\u00e9quilibre \u00e0 plein temps qui exige une attention constante pour \u00e9viter l\u2019hypoglyc\u00e9mie (faible taux de sucre dans le sang) aigu\u00eb et potentiellement mortelle ou les dommages \u00e0 long terme caus\u00e9s par l\u2019hyperglyc\u00e9mie (taux \u00e9lev\u00e9 de sucre dans le sang). La glyc\u00e9mie doit \u00eatre surveill\u00e9e soit par des piq\u00fbres au doigt, soit par un appareil de surveillance continue de la glyc\u00e9mie. Les doses d\u2019insuline doivent ensuite \u00eatre soigneusement calcul\u00e9es en fonction de l\u2019activit\u00e9 et du stress, de la consommation alimentaire, de la maladie et d\u2019autres facteurs. Ces calculs sont rarement parfaits, ce qui entra\u00eene un \u00e9norme fardeau \u00e9motionnel et mental pour le patient et les soignants.<\/p>\n<h2><b>IL EXISTE 2 PRINCIPAUX TYPES DE DIAB\u00c8TE\u00a0:\u00a0\u00a0<\/b><\/h2>\n<ul>\n<li><b>Le diab\u00e8te de type\u00a01 (DT1)\u00a0<\/b>est une maladie auto-immune incurable, et non une maladie li\u00e9e au mode de vie. Il repr\u00e9sente environ 10\u00a0% des plus de 420 millions de cas de diab\u00e8te dans le monde, et les personnes atteintes sont insulinod\u00e9pendantes \u00e0 vie.<b>\u00a0\u00a0\u00a0<\/b><\/li>\n<li><a href=\"https:\/\/fr.beyondtype1.org\/diabete-de-type-2\/\"><b>Le diab\u00e8te de type 2<\/b><\/a>\u00a0survient lorsque le corps ne peut pas utiliser correctement l\u2019insuline, aussi appel\u00e9 \u00ab\u00a0insulinor\u00e9sistance\u00a0\u00bb. Il peut souvent \u00eatre trait\u00e9 par un r\u00e9gime alimentaire, de l\u2019exercice et des m\u00e9dicaments.<\/li>\n<\/ul>\n<div class=\"break\"><\/div>\n","protected":false},"excerpt":{"rendered":"<p>Cette page donne un aper\u00e7u du diab\u00e8te de type 1 (DT1). Pour des ressources plus approfondies sur le DT1, veuillez consulter notre site d\u00e9di\u00e9, Beyond Type 1. Le diab\u00e8te de type 1, autrefois appel\u00e9 diab\u00e8te juv\u00e9nile, est une maladie auto-immune chronique qui rend l\u2019organisme incapable de produire l\u2019insuline, l\u2019hormone qui r\u00e9gule la glyc\u00e9mie. Sans insuline, [&hellip;]<\/p>\n","protected":false},"author":10,"featured_media":562,"parent":0,"menu_order":0,"comment_status":"closed","ping_status":"closed","template":"","meta":{"_acf_changed":false,"footnotes":""},"categories":[],"tags":[],"invisible":[3],"class_list":["post-242","page","type-page","status-publish","has-post-thumbnail","hentry","invisible-other-forms"],"acf":[],"yoast_head":"<!-- This site is optimized with the Yoast SEO plugin v24.9 - https:\/\/yoast.com\/wordpress\/plugins\/seo\/ -->\n<title>Qu&#039;est-ce que le diab\u00e8te de type\u00a01 ? - Beyond Type 2 Canada<\/title>\n<meta name=\"description\" content=\"Le diab\u00e8te de type\u00a01 est une maladie auto-immune qui rend l\u2019organisme incapable de produire l\u2019insuline. Voici en quoi il diff\u00e8re du diab\u00e8te de type 2.\" \/>\n<meta name=\"robots\" content=\"index, follow, max-snippet:-1, max-image-preview:large, max-video-preview:-1\" \/>\n<link rel=\"canonical\" href=\"https:\/\/ca.beyondtype2.org\/fr\/qu-est-ce-que-le-diabete-de-type-1\/\" \/>\n<meta property=\"og:locale\" content=\"en_US\" \/>\n<meta property=\"og:type\" content=\"article\" \/>\n<meta property=\"og:title\" content=\"Qu&#039;est-ce que le diab\u00e8te de type\u00a01 ? - Beyond Type 2 Canada\" \/>\n<meta property=\"og:description\" content=\"Le diab\u00e8te de type\u00a01 est une maladie auto-immune qui rend l\u2019organisme incapable de produire l\u2019insuline. Voici en quoi il diff\u00e8re du diab\u00e8te de type 2.\" \/>\n<meta property=\"og:url\" content=\"https:\/\/ca.beyondtype2.org\/fr\/qu-est-ce-que-le-diabete-de-type-1\/\" \/>\n<meta property=\"og:site_name\" content=\"Beyond Type 2 Canada\" \/>\n<meta property=\"article:modified_time\" content=\"2023-09-14T17:39:41+00:00\" \/>\n<meta property=\"og:image\" content=\"https:\/\/ca.beyondtype2.org\/fr\/wp-content\/uploads\/sites\/2\/2023\/08\/BT1-ES-TYPE-1-DIABETES-HEADER-1200x429-1.jpeg\" \/>\n\t<meta property=\"og:image:width\" content=\"1200\" \/>\n\t<meta property=\"og:image:height\" content=\"429\" \/>\n\t<meta property=\"og:image:type\" content=\"image\/jpeg\" \/>\n<meta name=\"twitter:card\" content=\"summary_large_image\" \/>\n<meta name=\"twitter:label1\" content=\"Est. reading time\" \/>\n\t<meta name=\"twitter:data1\" content=\"3 minutes\" \/>\n<script type=\"application\/ld+json\" class=\"yoast-schema-graph\">{\"@context\":\"https:\/\/schema.org\",\"@graph\":[{\"@type\":\"WebPage\",\"@id\":\"https:\/\/ca.beyondtype2.org\/fr\/qu-est-ce-que-le-diabete-de-type-1\/\",\"url\":\"https:\/\/ca.beyondtype2.org\/fr\/qu-est-ce-que-le-diabete-de-type-1\/\",\"name\":\"Qu'est-ce que le diab\u00e8te de type\u00a01 ? - Beyond Type 2 Canada\",\"isPartOf\":{\"@id\":\"https:\/\/ca.beyondtype2.org\/fr\/#website\"},\"primaryImageOfPage\":{\"@id\":\"https:\/\/ca.beyondtype2.org\/fr\/qu-est-ce-que-le-diabete-de-type-1\/#primaryimage\"},\"image\":{\"@id\":\"https:\/\/ca.beyondtype2.org\/fr\/qu-est-ce-que-le-diabete-de-type-1\/#primaryimage\"},\"thumbnailUrl\":\"https:\/\/ca.beyondtype2.org\/fr\/wp-content\/uploads\/sites\/2\/2023\/08\/BT1-ES-TYPE-1-DIABETES-HEADER-1200x429-1.jpeg\",\"datePublished\":\"2023-08-23T22:31:06+00:00\",\"dateModified\":\"2023-09-14T17:39:41+00:00\",\"description\":\"Le diab\u00e8te de type\u00a01 est une maladie auto-immune qui rend l\u2019organisme incapable de produire l\u2019insuline. Voici en quoi il diff\u00e8re du diab\u00e8te de type 2.\",\"breadcrumb\":{\"@id\":\"https:\/\/ca.beyondtype2.org\/fr\/qu-est-ce-que-le-diabete-de-type-1\/#breadcrumb\"},\"inLanguage\":\"en-US\",\"potentialAction\":[{\"@type\":\"ReadAction\",\"target\":[\"https:\/\/ca.beyondtype2.org\/fr\/qu-est-ce-que-le-diabete-de-type-1\/\"]}]},{\"@type\":\"ImageObject\",\"inLanguage\":\"en-US\",\"@id\":\"https:\/\/ca.beyondtype2.org\/fr\/qu-est-ce-que-le-diabete-de-type-1\/#primaryimage\",\"url\":\"https:\/\/ca.beyondtype2.org\/fr\/wp-content\/uploads\/sites\/2\/2023\/08\/BT1-ES-TYPE-1-DIABETES-HEADER-1200x429-1.jpeg\",\"contentUrl\":\"https:\/\/ca.beyondtype2.org\/fr\/wp-content\/uploads\/sites\/2\/2023\/08\/BT1-ES-TYPE-1-DIABETES-HEADER-1200x429-1.jpeg\",\"width\":1200,\"height\":429},{\"@type\":\"BreadcrumbList\",\"@id\":\"https:\/\/ca.beyondtype2.org\/fr\/qu-est-ce-que-le-diabete-de-type-1\/#breadcrumb\",\"itemListElement\":[{\"@type\":\"ListItem\",\"position\":1,\"name\":\"Home\",\"item\":\"https:\/\/ca.beyondtype2.org\/fr\/\"},{\"@type\":\"ListItem\",\"position\":2,\"name\":\"Qu&#8217;est-ce que le diab\u00e8te de type\u00a01 ?\"}]},{\"@type\":\"WebSite\",\"@id\":\"https:\/\/ca.beyondtype2.org\/fr\/#website\",\"url\":\"https:\/\/ca.beyondtype2.org\/fr\/\",\"name\":\"Beyond Type 2 Canada\",\"description\":\"\",\"publisher\":{\"@id\":\"https:\/\/ca.beyondtype2.org\/fr\/#organization\"},\"potentialAction\":[{\"@type\":\"SearchAction\",\"target\":{\"@type\":\"EntryPoint\",\"urlTemplate\":\"https:\/\/ca.beyondtype2.org\/fr\/?s={search_term_string}\"},\"query-input\":{\"@type\":\"PropertyValueSpecification\",\"valueRequired\":true,\"valueName\":\"search_term_string\"}}],\"inLanguage\":\"en-US\"},{\"@type\":\"Organization\",\"@id\":\"https:\/\/ca.beyondtype2.org\/fr\/#organization\",\"name\":\"Beyond Type 2 Canada\",\"url\":\"https:\/\/ca.beyondtype2.org\/fr\/\",\"logo\":{\"@type\":\"ImageObject\",\"inLanguage\":\"en-US\",\"@id\":\"https:\/\/ca.beyondtype2.org\/fr\/#\/schema\/logo\/image\/\",\"url\":\"https:\/\/ca.beyondtype2.org\/fr\/wp-content\/uploads\/sites\/2\/2023\/08\/bt2-logo-v2.png\",\"contentUrl\":\"https:\/\/ca.beyondtype2.org\/fr\/wp-content\/uploads\/sites\/2\/2023\/08\/bt2-logo-v2.png\",\"width\":380,\"height\":83,\"caption\":\"Beyond Type 2 Canada\"},\"image\":{\"@id\":\"https:\/\/ca.beyondtype2.org\/fr\/#\/schema\/logo\/image\/\"}}]}<\/script>\n<!-- \/ Yoast SEO plugin. -->","yoast_head_json":{"title":"Qu'est-ce que le diab\u00e8te de type\u00a01 ? - Beyond Type 2 Canada","description":"Le diab\u00e8te de type\u00a01 est une maladie auto-immune qui rend l\u2019organisme incapable de produire l\u2019insuline. Voici en quoi il diff\u00e8re du diab\u00e8te de type 2.","robots":{"index":"index","follow":"follow","max-snippet":"max-snippet:-1","max-image-preview":"max-image-preview:large","max-video-preview":"max-video-preview:-1"},"canonical":"https:\/\/ca.beyondtype2.org\/fr\/qu-est-ce-que-le-diabete-de-type-1\/","og_locale":"en_US","og_type":"article","og_title":"Qu'est-ce que le diab\u00e8te de type\u00a01 ? - Beyond Type 2 Canada","og_description":"Le diab\u00e8te de type\u00a01 est une maladie auto-immune qui rend l\u2019organisme incapable de produire l\u2019insuline. Voici en quoi il diff\u00e8re du diab\u00e8te de type 2.","og_url":"https:\/\/ca.beyondtype2.org\/fr\/qu-est-ce-que-le-diabete-de-type-1\/","og_site_name":"Beyond Type 2 Canada","article_modified_time":"2023-09-14T17:39:41+00:00","og_image":[{"width":1200,"height":429,"url":"https:\/\/ca.beyondtype2.org\/fr\/wp-content\/uploads\/sites\/2\/2023\/08\/BT1-ES-TYPE-1-DIABETES-HEADER-1200x429-1.jpeg","type":"image\/jpeg"}],"twitter_card":"summary_large_image","twitter_misc":{"Est. reading time":"3 minutes"},"schema":{"@context":"https:\/\/schema.org","@graph":[{"@type":"WebPage","@id":"https:\/\/ca.beyondtype2.org\/fr\/qu-est-ce-que-le-diabete-de-type-1\/","url":"https:\/\/ca.beyondtype2.org\/fr\/qu-est-ce-que-le-diabete-de-type-1\/","name":"Qu'est-ce que le diab\u00e8te de type\u00a01 ? - Beyond Type 2 Canada","isPartOf":{"@id":"https:\/\/ca.beyondtype2.org\/fr\/#website"},"primaryImageOfPage":{"@id":"https:\/\/ca.beyondtype2.org\/fr\/qu-est-ce-que-le-diabete-de-type-1\/#primaryimage"},"image":{"@id":"https:\/\/ca.beyondtype2.org\/fr\/qu-est-ce-que-le-diabete-de-type-1\/#primaryimage"},"thumbnailUrl":"https:\/\/ca.beyondtype2.org\/fr\/wp-content\/uploads\/sites\/2\/2023\/08\/BT1-ES-TYPE-1-DIABETES-HEADER-1200x429-1.jpeg","datePublished":"2023-08-23T22:31:06+00:00","dateModified":"2023-09-14T17:39:41+00:00","description":"Le diab\u00e8te de type\u00a01 est une maladie auto-immune qui rend l\u2019organisme incapable de produire l\u2019insuline. Voici en quoi il diff\u00e8re du diab\u00e8te de type 2.","breadcrumb":{"@id":"https:\/\/ca.beyondtype2.org\/fr\/qu-est-ce-que-le-diabete-de-type-1\/#breadcrumb"},"inLanguage":"en-US","potentialAction":[{"@type":"ReadAction","target":["https:\/\/ca.beyondtype2.org\/fr\/qu-est-ce-que-le-diabete-de-type-1\/"]}]},{"@type":"ImageObject","inLanguage":"en-US","@id":"https:\/\/ca.beyondtype2.org\/fr\/qu-est-ce-que-le-diabete-de-type-1\/#primaryimage","url":"https:\/\/ca.beyondtype2.org\/fr\/wp-content\/uploads\/sites\/2\/2023\/08\/BT1-ES-TYPE-1-DIABETES-HEADER-1200x429-1.jpeg","contentUrl":"https:\/\/ca.beyondtype2.org\/fr\/wp-content\/uploads\/sites\/2\/2023\/08\/BT1-ES-TYPE-1-DIABETES-HEADER-1200x429-1.jpeg","width":1200,"height":429},{"@type":"BreadcrumbList","@id":"https:\/\/ca.beyondtype2.org\/fr\/qu-est-ce-que-le-diabete-de-type-1\/#breadcrumb","itemListElement":[{"@type":"ListItem","position":1,"name":"Home","item":"https:\/\/ca.beyondtype2.org\/fr\/"},{"@type":"ListItem","position":2,"name":"Qu&#8217;est-ce que le diab\u00e8te de type\u00a01 ?"}]},{"@type":"WebSite","@id":"https:\/\/ca.beyondtype2.org\/fr\/#website","url":"https:\/\/ca.beyondtype2.org\/fr\/","name":"Beyond Type 2 Canada","description":"","publisher":{"@id":"https:\/\/ca.beyondtype2.org\/fr\/#organization"},"potentialAction":[{"@type":"SearchAction","target":{"@type":"EntryPoint","urlTemplate":"https:\/\/ca.beyondtype2.org\/fr\/?s={search_term_string}"},"query-input":{"@type":"PropertyValueSpecification","valueRequired":true,"valueName":"search_term_string"}}],"inLanguage":"en-US"},{"@type":"Organization","@id":"https:\/\/ca.beyondtype2.org\/fr\/#organization","name":"Beyond Type 2 Canada","url":"https:\/\/ca.beyondtype2.org\/fr\/","logo":{"@type":"ImageObject","inLanguage":"en-US","@id":"https:\/\/ca.beyondtype2.org\/fr\/#\/schema\/logo\/image\/","url":"https:\/\/ca.beyondtype2.org\/fr\/wp-content\/uploads\/sites\/2\/2023\/08\/bt2-logo-v2.png","contentUrl":"https:\/\/ca.beyondtype2.org\/fr\/wp-content\/uploads\/sites\/2\/2023\/08\/bt2-logo-v2.png","width":380,"height":83,"caption":"Beyond Type 2 Canada"},"image":{"@id":"https:\/\/ca.beyondtype2.org\/fr\/#\/schema\/logo\/image\/"}}]}},"featured_image_src":"https:\/\/ca.beyondtype2.org\/fr\/wp-content\/uploads\/sites\/2\/2023\/08\/BT1-ES-TYPE-1-DIABETES-HEADER-1200x429-1-600x400.jpeg","featured_image_src_square":"https:\/\/ca.beyondtype2.org\/fr\/wp-content\/uploads\/sites\/2\/2023\/08\/BT1-ES-TYPE-1-DIABETES-HEADER-1200x429-1-600x429.jpeg","_links":{"self":[{"href":"https:\/\/ca.beyondtype2.org\/fr\/wp-json\/wp\/v2\/pages\/242","targetHints":{"allow":["GET"]}}],"collection":[{"href":"https:\/\/ca.beyondtype2.org\/fr\/wp-json\/wp\/v2\/pages"}],"about":[{"href":"https:\/\/ca.beyondtype2.org\/fr\/wp-json\/wp\/v2\/types\/page"}],"author":[{"embeddable":true,"href":"https:\/\/ca.beyondtype2.org\/fr\/wp-json\/wp\/v2\/users\/10"}],"replies":[{"embeddable":true,"href":"https:\/\/ca.beyondtype2.org\/fr\/wp-json\/wp\/v2\/comments?post=242"}],"version-history":[{"count":0,"href":"https:\/\/ca.beyondtype2.org\/fr\/wp-json\/wp\/v2\/pages\/242\/revisions"}],"wp:featuredmedia":[{"embeddable":true,"href":"https:\/\/ca.beyondtype2.org\/fr\/wp-json\/wp\/v2\/media\/562"}],"wp:attachment":[{"href":"https:\/\/ca.beyondtype2.org\/fr\/wp-json\/wp\/v2\/media?parent=242"}],"wp:term":[{"taxonomy":"category","embeddable":true,"href":"https:\/\/ca.beyondtype2.org\/fr\/wp-json\/wp\/v2\/categories?post=242"},{"taxonomy":"post_tag","embeddable":true,"href":"https:\/\/ca.beyondtype2.org\/fr\/wp-json\/wp\/v2\/tags?post=242"},{"taxonomy":"invisible","embeddable":true,"href":"https:\/\/ca.beyondtype2.org\/fr\/wp-json\/wp\/v2\/invisible?post=242"}],"curies":[{"name":"wp","href":"https:\/\/api.w.org\/{rel}","templated":true}]}}