			{"id":236,"date":"2023-08-23T18:28:40","date_gmt":"2023-08-23T22:28:40","guid":{"rendered":"https:\/\/ca.beyondtype2.org\/fr\/?page_id=236"},"modified":"2023-09-03T20:52:23","modified_gmt":"2023-09-04T00:52:23","slug":"rejoignez-nous","status":"publish","type":"page","link":"https:\/\/ca.beyondtype2.org\/fr\/rejoignez-nous\/","title":{"rendered":"Rejoignez-nous"},"content":{"rendered":"<p><span style=\"font-weight: 400\">Vous voulez bouleverser le paysage du diab\u00e8te ? Vous voulez responsabiliser les gens et poser les questions difficiles ? Vous voulez red\u00e9finir ce que signifie vivre avec le diab\u00e8te de type 2 ? Alors vous \u00eates au bon endroit. Rejoignez-nous ! D\u00e9couvrez comment vous pouvez vous impliquer dans la plus grande organisation de lutte contre le diab\u00e8te au monde.<\/span><\/p>\n<h2>Rejoignez Beyond Type 2.<\/h2>\n<div class=\"h1left\">\n<div class=\"h1left\">\n<div class=\"h1left\">\n<div class=\"break\"><\/div>\n<\/div>\n<div class='multi-box-holder'><div class='landing-display-3' style=''><a href='https:\/\/ca.beyondtype2.org\/fr\/contactez-nous\/'><div class='image-full image-full-3'><img loading=\"lazy\" decoding=\"async\" width=\"150\" height=\"150\" src=\"https:\/\/ca.beyondtype2.org\/fr\/wp-content\/uploads\/sites\/2\/2023\/08\/BT2-HEADER-CONTACT-150x150.png\" class=\" wp-post-image\" alt=\"\" srcset=\"https:\/\/ca.beyondtype2.org\/fr\/wp-content\/uploads\/sites\/2\/2023\/08\/BT2-HEADER-CONTACT-150x150.png 150w, https:\/\/ca.beyondtype2.org\/fr\/wp-content\/uploads\/sites\/2\/2023\/08\/BT2-HEADER-CONTACT-600x600.png 600w\" sizes=\"auto, (max-width: 150px) 100vw, 150px\" \/><\/div><div class='mobile-image'><img loading=\"lazy\" decoding=\"async\" width=\"2048\" height=\"733\" src=\"https:\/\/ca.beyondtype2.org\/fr\/wp-content\/uploads\/sites\/2\/2023\/08\/BT2-HEADER-CONTACT.png\" class=\" wp-post-image\" alt=\"\" srcset=\"https:\/\/ca.beyondtype2.org\/fr\/wp-content\/uploads\/sites\/2\/2023\/08\/BT2-HEADER-CONTACT.png 2048w, https:\/\/ca.beyondtype2.org\/fr\/wp-content\/uploads\/sites\/2\/2023\/08\/BT2-HEADER-CONTACT-300x107.png 300w, https:\/\/ca.beyondtype2.org\/fr\/wp-content\/uploads\/sites\/2\/2023\/08\/BT2-HEADER-CONTACT-1024x367.png 1024w, https:\/\/ca.beyondtype2.org\/fr\/wp-content\/uploads\/sites\/2\/2023\/08\/BT2-HEADER-CONTACT-768x275.png 768w, https:\/\/ca.beyondtype2.org\/fr\/wp-content\/uploads\/sites\/2\/2023\/08\/BT2-HEADER-CONTACT-1536x550.png 1536w, https:\/\/ca.beyondtype2.org\/fr\/wp-content\/uploads\/sites\/2\/2023\/08\/BT2-HEADER-CONTACT-1200x429.png 1200w, https:\/\/ca.beyondtype2.org\/fr\/wp-content\/uploads\/sites\/2\/2023\/08\/BT2-HEADER-CONTACT-1980x709.png 1980w\" sizes=\"auto, (max-width: 2048px) 100vw, 2048px\" \/><\/div><h2>Contactez-nous<\/a><\/h2><\/br><span class='excerpt'>Vous voulez entrer en contact avec nous ? Voici comment nous \u00e9crire.<\/span><a class='readmore' href='https:\/\/ca.beyondtype2.org\/fr\/contactez-nous\/'>EN SAVOIR PLUS<\/a><\/div><div class='landing-display-3' style=''><a href='https:\/\/ca.beyondtype2.org\/fr\/partagez-votre-histoire\/'><div class='image-full image-full-3'><img src='https:\/\/ca.beyondtype2.org\/fr\/wp-content\/uploads\/sites\/2\/2023\/08\/share-story-thumb.png'><\/div><div class='mobile-image'><img loading=\"lazy\" decoding=\"async\" width=\"1024\" height=\"400\" src=\"https:\/\/ca.beyondtype2.org\/fr\/wp-content\/uploads\/sites\/2\/2023\/08\/share-your-story.jpg\" class=\" wp-post-image\" alt=\"\" srcset=\"https:\/\/ca.beyondtype2.org\/fr\/wp-content\/uploads\/sites\/2\/2023\/08\/share-your-story.jpg 1024w, https:\/\/ca.beyondtype2.org\/fr\/wp-content\/uploads\/sites\/2\/2023\/08\/share-your-story-300x117.jpg 300w, https:\/\/ca.beyondtype2.org\/fr\/wp-content\/uploads\/sites\/2\/2023\/08\/share-your-story-768x300.jpg 768w\" sizes=\"auto, (max-width: 1024px) 100vw, 1024px\" \/><\/div><h2>Partagez votre histoire<\/a><\/h2><\/br><span class='excerpt'>Votre voix, votre exp\u00e9rience ou votre mode de vie inspireront d\u2019autres personnes, nous vous invitons donc \u00e0 raconter votre histoire.<\/span><a class='readmore' href='https:\/\/ca.beyondtype2.org\/fr\/partagez-votre-histoire\/'>EN SAVOIR PLUS<\/a><\/div><\/div>\n<hr \/>\n<\/div>\n<\/div>\n","protected":false},"excerpt":{"rendered":"<p>Vous voulez bouleverser le paysage du diab\u00e8te ? Vous voulez responsabiliser les gens et poser les questions difficiles ? Vous voulez red\u00e9finir ce que signifie vivre avec le diab\u00e8te de type 2 ? Alors vous \u00eates au bon endroit. Rejoignez-nous ! D\u00e9couvrez comment vous pouvez vous impliquer dans la plus grande organisation de lutte contre [&hellip;]<\/p>\n","protected":false},"author":10,"featured_media":560,"parent":0,"menu_order":0,"comment_status":"closed","ping_status":"closed","template":"","meta":{"_acf_changed":false,"footnotes":""},"categories":[],"tags":[],"invisible":[],"class_list":["post-236","page","type-page","status-publish","has-post-thumbnail","hentry"],"acf":[],"yoast_head":"<!-- This site is optimized with the Yoast SEO plugin v24.9 - https:\/\/yoast.com\/wordpress\/plugins\/seo\/ -->\n<title>Rejoignez-nous - Beyond Type 2 Canada<\/title>\n<meta name=\"description\" content=\"Vous voulez red\u00e9finir ce que signifie vivre avec un diab\u00e8te de type 2 ? Rejoignez-nous ! D\u00e9couvrez comment vous pouvez vous impliquer dans la plus grande organisation de lutte contre le diab\u00e8te au monde.\" \/>\n<meta name=\"robots\" content=\"index, follow, max-snippet:-1, max-image-preview:large, max-video-preview:-1\" \/>\n<link rel=\"canonical\" href=\"https:\/\/ca.beyondtype2.org\/fr\/rejoignez-nous\/\" \/>\n<meta property=\"og:locale\" content=\"en_US\" \/>\n<meta property=\"og:type\" content=\"article\" \/>\n<meta property=\"og:title\" content=\"Rejoignez-nous - Beyond Type 2 Canada\" \/>\n<meta property=\"og:description\" content=\"Vous voulez red\u00e9finir ce que signifie vivre avec un diab\u00e8te de type 2 ? Rejoignez-nous ! D\u00e9couvrez comment vous pouvez vous impliquer dans la plus grande organisation de lutte contre le diab\u00e8te au monde.\" \/>\n<meta property=\"og:url\" content=\"https:\/\/ca.beyondtype2.org\/fr\/rejoignez-nous\/\" \/>\n<meta property=\"og:site_name\" content=\"Beyond Type 2 Canada\" \/>\n<meta property=\"article:modified_time\" content=\"2023-09-04T00:52:23+00:00\" \/>\n<meta property=\"og:image\" content=\"https:\/\/ca.beyondtype2.org\/fr\/wp-content\/uploads\/sites\/2\/2023\/08\/join-us-header.png\" \/>\n\t<meta property=\"og:image:width\" content=\"2048\" \/>\n\t<meta property=\"og:image:height\" content=\"733\" \/>\n\t<meta property=\"og:image:type\" content=\"image\/png\" \/>\n<meta name=\"twitter:card\" content=\"summary_large_image\" \/>\n<meta name=\"twitter:label1\" content=\"Est. reading time\" \/>\n\t<meta name=\"twitter:data1\" content=\"1 minute\" \/>\n<script type=\"application\/ld+json\" class=\"yoast-schema-graph\">{\"@context\":\"https:\/\/schema.org\",\"@graph\":[{\"@type\":\"WebPage\",\"@id\":\"https:\/\/ca.beyondtype2.org\/fr\/rejoignez-nous\/\",\"url\":\"https:\/\/ca.beyondtype2.org\/fr\/rejoignez-nous\/\",\"name\":\"Rejoignez-nous - Beyond Type 2 Canada\",\"isPartOf\":{\"@id\":\"https:\/\/ca.beyondtype2.org\/fr\/#website\"},\"primaryImageOfPage\":{\"@id\":\"https:\/\/ca.beyondtype2.org\/fr\/rejoignez-nous\/#primaryimage\"},\"image\":{\"@id\":\"https:\/\/ca.beyondtype2.org\/fr\/rejoignez-nous\/#primaryimage\"},\"thumbnailUrl\":\"https:\/\/ca.beyondtype2.org\/fr\/wp-content\/uploads\/sites\/2\/2023\/08\/join-us-header.png\",\"datePublished\":\"2023-08-23T22:28:40+00:00\",\"dateModified\":\"2023-09-04T00:52:23+00:00\",\"description\":\"Vous voulez red\u00e9finir ce que signifie vivre avec un diab\u00e8te de type 2 ? Rejoignez-nous ! D\u00e9couvrez comment vous pouvez vous impliquer dans la plus grande organisation de lutte contre le diab\u00e8te au monde.\",\"breadcrumb\":{\"@id\":\"https:\/\/ca.beyondtype2.org\/fr\/rejoignez-nous\/#breadcrumb\"},\"inLanguage\":\"en-US\",\"potentialAction\":[{\"@type\":\"ReadAction\",\"target\":[\"https:\/\/ca.beyondtype2.org\/fr\/rejoignez-nous\/\"]}]},{\"@type\":\"ImageObject\",\"inLanguage\":\"en-US\",\"@id\":\"https:\/\/ca.beyondtype2.org\/fr\/rejoignez-nous\/#primaryimage\",\"url\":\"https:\/\/ca.beyondtype2.org\/fr\/wp-content\/uploads\/sites\/2\/2023\/08\/join-us-header.png\",\"contentUrl\":\"https:\/\/ca.beyondtype2.org\/fr\/wp-content\/uploads\/sites\/2\/2023\/08\/join-us-header.png\",\"width\":2048,\"height\":733},{\"@type\":\"BreadcrumbList\",\"@id\":\"https:\/\/ca.beyondtype2.org\/fr\/rejoignez-nous\/#breadcrumb\",\"itemListElement\":[{\"@type\":\"ListItem\",\"position\":1,\"name\":\"Home\",\"item\":\"https:\/\/ca.beyondtype2.org\/fr\/\"},{\"@type\":\"ListItem\",\"position\":2,\"name\":\"Rejoignez-nous\"}]},{\"@type\":\"WebSite\",\"@id\":\"https:\/\/ca.beyondtype2.org\/fr\/#website\",\"url\":\"https:\/\/ca.beyondtype2.org\/fr\/\",\"name\":\"Beyond Type 2 Canada\",\"description\":\"\",\"publisher\":{\"@id\":\"https:\/\/ca.beyondtype2.org\/fr\/#organization\"},\"potentialAction\":[{\"@type\":\"SearchAction\",\"target\":{\"@type\":\"EntryPoint\",\"urlTemplate\":\"https:\/\/ca.beyondtype2.org\/fr\/?s={search_term_string}\"},\"query-input\":{\"@type\":\"PropertyValueSpecification\",\"valueRequired\":true,\"valueName\":\"search_term_string\"}}],\"inLanguage\":\"en-US\"},{\"@type\":\"Organization\",\"@id\":\"https:\/\/ca.beyondtype2.org\/fr\/#organization\",\"name\":\"Beyond Type 2 Canada\",\"url\":\"https:\/\/ca.beyondtype2.org\/fr\/\",\"logo\":{\"@type\":\"ImageObject\",\"inLanguage\":\"en-US\",\"@id\":\"https:\/\/ca.beyondtype2.org\/fr\/#\/schema\/logo\/image\/\",\"url\":\"https:\/\/ca.beyondtype2.org\/fr\/wp-content\/uploads\/sites\/2\/2023\/08\/bt2-logo-v2.png\",\"contentUrl\":\"https:\/\/ca.beyondtype2.org\/fr\/wp-content\/uploads\/sites\/2\/2023\/08\/bt2-logo-v2.png\",\"width\":380,\"height\":83,\"caption\":\"Beyond Type 2 Canada\"},\"image\":{\"@id\":\"https:\/\/ca.beyondtype2.org\/fr\/#\/schema\/logo\/image\/\"}}]}<\/script>\n<!-- \/ Yoast SEO plugin. -->","yoast_head_json":{"title":"Rejoignez-nous - Beyond Type 2 Canada","description":"Vous voulez red\u00e9finir ce que signifie vivre avec un diab\u00e8te de type 2 ? Rejoignez-nous ! D\u00e9couvrez comment vous pouvez vous impliquer dans la plus grande organisation de lutte contre le diab\u00e8te au monde.","robots":{"index":"index","follow":"follow","max-snippet":"max-snippet:-1","max-image-preview":"max-image-preview:large","max-video-preview":"max-video-preview:-1"},"canonical":"https:\/\/ca.beyondtype2.org\/fr\/rejoignez-nous\/","og_locale":"en_US","og_type":"article","og_title":"Rejoignez-nous - Beyond Type 2 Canada","og_description":"Vous voulez red\u00e9finir ce que signifie vivre avec un diab\u00e8te de type 2 ? Rejoignez-nous ! D\u00e9couvrez comment vous pouvez vous impliquer dans la plus grande organisation de lutte contre le diab\u00e8te au monde.","og_url":"https:\/\/ca.beyondtype2.org\/fr\/rejoignez-nous\/","og_site_name":"Beyond Type 2 Canada","article_modified_time":"2023-09-04T00:52:23+00:00","og_image":[{"width":2048,"height":733,"url":"https:\/\/ca.beyondtype2.org\/fr\/wp-content\/uploads\/sites\/2\/2023\/08\/join-us-header.png","type":"image\/png"}],"twitter_card":"summary_large_image","twitter_misc":{"Est. reading time":"1 minute"},"schema":{"@context":"https:\/\/schema.org","@graph":[{"@type":"WebPage","@id":"https:\/\/ca.beyondtype2.org\/fr\/rejoignez-nous\/","url":"https:\/\/ca.beyondtype2.org\/fr\/rejoignez-nous\/","name":"Rejoignez-nous - Beyond Type 2 Canada","isPartOf":{"@id":"https:\/\/ca.beyondtype2.org\/fr\/#website"},"primaryImageOfPage":{"@id":"https:\/\/ca.beyondtype2.org\/fr\/rejoignez-nous\/#primaryimage"},"image":{"@id":"https:\/\/ca.beyondtype2.org\/fr\/rejoignez-nous\/#primaryimage"},"thumbnailUrl":"https:\/\/ca.beyondtype2.org\/fr\/wp-content\/uploads\/sites\/2\/2023\/08\/join-us-header.png","datePublished":"2023-08-23T22:28:40+00:00","dateModified":"2023-09-04T00:52:23+00:00","description":"Vous voulez red\u00e9finir ce que signifie vivre avec un diab\u00e8te de type 2 ? Rejoignez-nous ! D\u00e9couvrez comment vous pouvez vous impliquer dans la plus grande organisation de lutte contre le diab\u00e8te au monde.","breadcrumb":{"@id":"https:\/\/ca.beyondtype2.org\/fr\/rejoignez-nous\/#breadcrumb"},"inLanguage":"en-US","potentialAction":[{"@type":"ReadAction","target":["https:\/\/ca.beyondtype2.org\/fr\/rejoignez-nous\/"]}]},{"@type":"ImageObject","inLanguage":"en-US","@id":"https:\/\/ca.beyondtype2.org\/fr\/rejoignez-nous\/#primaryimage","url":"https:\/\/ca.beyondtype2.org\/fr\/wp-content\/uploads\/sites\/2\/2023\/08\/join-us-header.png","contentUrl":"https:\/\/ca.beyondtype2.org\/fr\/wp-content\/uploads\/sites\/2\/2023\/08\/join-us-header.png","width":2048,"height":733},{"@type":"BreadcrumbList","@id":"https:\/\/ca.beyondtype2.org\/fr\/rejoignez-nous\/#breadcrumb","itemListElement":[{"@type":"ListItem","position":1,"name":"Home","item":"https:\/\/ca.beyondtype2.org\/fr\/"},{"@type":"ListItem","position":2,"name":"Rejoignez-nous"}]},{"@type":"WebSite","@id":"https:\/\/ca.beyondtype2.org\/fr\/#website","url":"https:\/\/ca.beyondtype2.org\/fr\/","name":"Beyond Type 2 Canada","description":"","publisher":{"@id":"https:\/\/ca.beyondtype2.org\/fr\/#organization"},"potentialAction":[{"@type":"SearchAction","target":{"@type":"EntryPoint","urlTemplate":"https:\/\/ca.beyondtype2.org\/fr\/?s={search_term_string}"},"query-input":{"@type":"PropertyValueSpecification","valueRequired":true,"valueName":"search_term_string"}}],"inLanguage":"en-US"},{"@type":"Organization","@id":"https:\/\/ca.beyondtype2.org\/fr\/#organization","name":"Beyond Type 2 Canada","url":"https:\/\/ca.beyondtype2.org\/fr\/","logo":{"@type":"ImageObject","inLanguage":"en-US","@id":"https:\/\/ca.beyondtype2.org\/fr\/#\/schema\/logo\/image\/","url":"https:\/\/ca.beyondtype2.org\/fr\/wp-content\/uploads\/sites\/2\/2023\/08\/bt2-logo-v2.png","contentUrl":"https:\/\/ca.beyondtype2.org\/fr\/wp-content\/uploads\/sites\/2\/2023\/08\/bt2-logo-v2.png","width":380,"height":83,"caption":"Beyond Type 2 Canada"},"image":{"@id":"https:\/\/ca.beyondtype2.org\/fr\/#\/schema\/logo\/image\/"}}]}},"featured_image_src":"https:\/\/ca.beyondtype2.org\/fr\/wp-content\/uploads\/sites\/2\/2023\/08\/join-us-header-600x400.png","featured_image_src_square":"https:\/\/ca.beyondtype2.org\/fr\/wp-content\/uploads\/sites\/2\/2023\/08\/join-us-header-600x600.png","_links":{"self":[{"href":"https:\/\/ca.beyondtype2.org\/fr\/wp-json\/wp\/v2\/pages\/236","targetHints":{"allow":["GET"]}}],"collection":[{"href":"https:\/\/ca.beyondtype2.org\/fr\/wp-json\/wp\/v2\/pages"}],"about":[{"href":"https:\/\/ca.beyondtype2.org\/fr\/wp-json\/wp\/v2\/types\/page"}],"author":[{"embeddable":true,"href":"https:\/\/ca.beyondtype2.org\/fr\/wp-json\/wp\/v2\/users\/10"}],"replies":[{"embeddable":true,"href":"https:\/\/ca.beyondtype2.org\/fr\/wp-json\/wp\/v2\/comments?post=236"}],"version-history":[{"count":0,"href":"https:\/\/ca.beyondtype2.org\/fr\/wp-json\/wp\/v2\/pages\/236\/revisions"}],"wp:featuredmedia":[{"embeddable":true,"href":"https:\/\/ca.beyondtype2.org\/fr\/wp-json\/wp\/v2\/media\/560"}],"wp:attachment":[{"href":"https:\/\/ca.beyondtype2.org\/fr\/wp-json\/wp\/v2\/media?parent=236"}],"wp:term":[{"taxonomy":"category","embeddable":true,"href":"https:\/\/ca.beyondtype2.org\/fr\/wp-json\/wp\/v2\/categories?post=236"},{"taxonomy":"post_tag","embeddable":true,"href":"https:\/\/ca.beyondtype2.org\/fr\/wp-json\/wp\/v2\/tags?post=236"},{"taxonomy":"invisible","embeddable":true,"href":"https:\/\/ca.beyondtype2.org\/fr\/wp-json\/wp\/v2\/invisible?post=236"}],"curies":[{"name":"wp","href":"https:\/\/api.w.org\/{rel}","templated":true}]}}