			{"id":226,"date":"2023-08-23T18:20:25","date_gmt":"2023-08-23T22:20:25","guid":{"rendered":"https:\/\/ca.beyondtype2.org\/fr\/?page_id=226"},"modified":"2023-09-11T13:08:49","modified_gmt":"2023-09-11T17:08:49","slug":"notre-histoire","status":"publish","type":"page","link":"https:\/\/ca.beyondtype2.org\/fr\/notre-histoire\/","title":{"rendered":"\u00c0 propos de Beyond Type 2 Canada"},"content":{"rendered":"<p><span style=\"font-weight: 400\">Fond\u00e9 en 2015, l\u2019organisme Beyond Type 1 tire parti de la puissance des m\u00e9dias sociaux et de la technologie, en changeant ce que signifie d\u2019\u00eatre atteint d\u2019une maladie chronique. En \u00e9duquant la communaut\u00e9 mondiale et en fournissant des ressources et du soutien aux personnes touch\u00e9es par tous les types de diab\u00e8te, Beyond Type 1 comble l\u2019\u00e9cart entre le diagnostic et la gu\u00e9rison, en permettant aux gens de bien vivre aujourd\u2019hui et en finan\u00e7ant un avenir meilleur.<\/span><\/p>\n<p><span style=\"font-weight: 400\">Lanc\u00e9 en 2019, Beyond Type 2 est un programme de l\u2019organisme sans but lucratif Beyond Type 1. Le programme Beyond type\u00a02 offre un endroit o\u00f9 toutes les personnes touch\u00e9es par le diab\u00e8te de type\u00a02 peuvent raconter leurs histoires, \u00e9tablir des liens avec la communaut\u00e9 et trouver des ressources sur des sujets allant de la gestion quotidienne \u00e0 la sant\u00e9 mentale.<\/span><\/p>\n<p><span style=\"font-weight: 400\">La cr\u00e9ation du sous-domaine canadien en\u00a02023 est venue r\u00e9pondre aux besoins d\u2019un auditoire canadien d\u00e9j\u00e0 \u00e9tabli et en pleine croissance, qui demandait des ressources et du contenu adapt\u00e9s sur le diab\u00e8te de type\u00a02. Gr\u00e2ce au soutien de Lilly Canada, un partenaire fondateur, les Canadiens peuvent interagir sur les plateformes num\u00e9riques en fran\u00e7ais et en anglais et y partager leur histoire, tisser des liens avec la communaut\u00e9 et trouver des ressources essentielles sur des sujets comme la gestion quotidienne et l\u2019importance de la ma\u00eetrise pr\u00e9coce de la glyc\u00e9mie, la gestion du poids chez les personnes atteintes de diab\u00e8te\u00a02, en passant par la sant\u00e9 mentale.\u00a0<\/span><\/p>\n","protected":false},"excerpt":{"rendered":"<p>Fond\u00e9 en 2015, l\u2019organisme Beyond Type 1 tire parti de la puissance des m\u00e9dias sociaux et de la technologie, en changeant ce que signifie d\u2019\u00eatre atteint d\u2019une maladie chronique. En \u00e9duquant la communaut\u00e9 mondiale et en fournissant des ressources et du soutien aux personnes touch\u00e9es par tous les types de diab\u00e8te, Beyond Type 1 comble [&hellip;]<\/p>\n","protected":false},"author":10,"featured_media":552,"parent":0,"menu_order":0,"comment_status":"closed","ping_status":"closed","template":"","meta":{"_acf_changed":false,"footnotes":""},"categories":[],"tags":[],"invisible":[],"class_list":["post-226","page","type-page","status-publish","has-post-thumbnail","hentry"],"acf":[],"yoast_head":"<!-- This site is optimized with the Yoast SEO plugin v24.9 - https:\/\/yoast.com\/wordpress\/plugins\/seo\/ -->\n<title>\u00c0 propos de Beyond Type 2 Canada - Beyond Type 2 Canada<\/title>\n<meta name=\"robots\" content=\"index, follow, max-snippet:-1, max-image-preview:large, max-video-preview:-1\" \/>\n<link rel=\"canonical\" href=\"https:\/\/ca.beyondtype2.org\/fr\/notre-histoire\/\" \/>\n<meta property=\"og:locale\" content=\"en_US\" \/>\n<meta property=\"og:type\" content=\"article\" \/>\n<meta property=\"og:title\" content=\"\u00c0 propos de Beyond Type 2 Canada - Beyond Type 2 Canada\" \/>\n<meta property=\"og:description\" content=\"Fond\u00e9 en 2015, l\u2019organisme Beyond Type 1 tire parti de la puissance des m\u00e9dias sociaux et de la technologie, en changeant ce que signifie d\u2019\u00eatre atteint d\u2019une maladie chronique. En \u00e9duquant la communaut\u00e9 mondiale et en fournissant des ressources et du soutien aux personnes touch\u00e9es par tous les types de diab\u00e8te, Beyond Type 1 comble [&hellip;]\" \/>\n<meta property=\"og:url\" content=\"https:\/\/ca.beyondtype2.org\/fr\/notre-histoire\/\" \/>\n<meta property=\"og:site_name\" content=\"Beyond Type 2 Canada\" \/>\n<meta property=\"article:modified_time\" content=\"2023-09-11T17:08:49+00:00\" \/>\n<meta property=\"og:image\" content=\"https:\/\/ca.beyondtype2.org\/fr\/wp-content\/uploads\/sites\/2\/2023\/08\/BT2-HEADER-ABOUT-BT2.png\" \/>\n\t<meta property=\"og:image:width\" content=\"2048\" \/>\n\t<meta property=\"og:image:height\" content=\"733\" \/>\n\t<meta property=\"og:image:type\" content=\"image\/png\" \/>\n<meta name=\"twitter:card\" content=\"summary_large_image\" \/>\n<meta name=\"twitter:label1\" content=\"Est. reading time\" \/>\n\t<meta name=\"twitter:data1\" content=\"2 minutes\" \/>\n<script type=\"application\/ld+json\" class=\"yoast-schema-graph\">{\"@context\":\"https:\/\/schema.org\",\"@graph\":[{\"@type\":\"WebPage\",\"@id\":\"https:\/\/ca.beyondtype2.org\/fr\/notre-histoire\/\",\"url\":\"https:\/\/ca.beyondtype2.org\/fr\/notre-histoire\/\",\"name\":\"\u00c0 propos de Beyond Type 2 Canada - Beyond Type 2 Canada\",\"isPartOf\":{\"@id\":\"https:\/\/ca.beyondtype2.org\/fr\/#website\"},\"primaryImageOfPage\":{\"@id\":\"https:\/\/ca.beyondtype2.org\/fr\/notre-histoire\/#primaryimage\"},\"image\":{\"@id\":\"https:\/\/ca.beyondtype2.org\/fr\/notre-histoire\/#primaryimage\"},\"thumbnailUrl\":\"https:\/\/ca.beyondtype2.org\/fr\/wp-content\/uploads\/sites\/2\/2023\/08\/BT2-HEADER-ABOUT-BT2.png\",\"datePublished\":\"2023-08-23T22:20:25+00:00\",\"dateModified\":\"2023-09-11T17:08:49+00:00\",\"breadcrumb\":{\"@id\":\"https:\/\/ca.beyondtype2.org\/fr\/notre-histoire\/#breadcrumb\"},\"inLanguage\":\"en-US\",\"potentialAction\":[{\"@type\":\"ReadAction\",\"target\":[\"https:\/\/ca.beyondtype2.org\/fr\/notre-histoire\/\"]}]},{\"@type\":\"ImageObject\",\"inLanguage\":\"en-US\",\"@id\":\"https:\/\/ca.beyondtype2.org\/fr\/notre-histoire\/#primaryimage\",\"url\":\"https:\/\/ca.beyondtype2.org\/fr\/wp-content\/uploads\/sites\/2\/2023\/08\/BT2-HEADER-ABOUT-BT2.png\",\"contentUrl\":\"https:\/\/ca.beyondtype2.org\/fr\/wp-content\/uploads\/sites\/2\/2023\/08\/BT2-HEADER-ABOUT-BT2.png\",\"width\":2048,\"height\":733},{\"@type\":\"BreadcrumbList\",\"@id\":\"https:\/\/ca.beyondtype2.org\/fr\/notre-histoire\/#breadcrumb\",\"itemListElement\":[{\"@type\":\"ListItem\",\"position\":1,\"name\":\"Home\",\"item\":\"https:\/\/ca.beyondtype2.org\/fr\/\"},{\"@type\":\"ListItem\",\"position\":2,\"name\":\"\u00c0 propos de Beyond Type 2 Canada\"}]},{\"@type\":\"WebSite\",\"@id\":\"https:\/\/ca.beyondtype2.org\/fr\/#website\",\"url\":\"https:\/\/ca.beyondtype2.org\/fr\/\",\"name\":\"Beyond Type 2 Canada\",\"description\":\"\",\"publisher\":{\"@id\":\"https:\/\/ca.beyondtype2.org\/fr\/#organization\"},\"potentialAction\":[{\"@type\":\"SearchAction\",\"target\":{\"@type\":\"EntryPoint\",\"urlTemplate\":\"https:\/\/ca.beyondtype2.org\/fr\/?s={search_term_string}\"},\"query-input\":{\"@type\":\"PropertyValueSpecification\",\"valueRequired\":true,\"valueName\":\"search_term_string\"}}],\"inLanguage\":\"en-US\"},{\"@type\":\"Organization\",\"@id\":\"https:\/\/ca.beyondtype2.org\/fr\/#organization\",\"name\":\"Beyond Type 2 Canada\",\"url\":\"https:\/\/ca.beyondtype2.org\/fr\/\",\"logo\":{\"@type\":\"ImageObject\",\"inLanguage\":\"en-US\",\"@id\":\"https:\/\/ca.beyondtype2.org\/fr\/#\/schema\/logo\/image\/\",\"url\":\"https:\/\/ca.beyondtype2.org\/fr\/wp-content\/uploads\/sites\/2\/2023\/08\/bt2-logo-v2.png\",\"contentUrl\":\"https:\/\/ca.beyondtype2.org\/fr\/wp-content\/uploads\/sites\/2\/2023\/08\/bt2-logo-v2.png\",\"width\":380,\"height\":83,\"caption\":\"Beyond Type 2 Canada\"},\"image\":{\"@id\":\"https:\/\/ca.beyondtype2.org\/fr\/#\/schema\/logo\/image\/\"}}]}<\/script>\n<!-- \/ Yoast SEO plugin. -->","yoast_head_json":{"title":"\u00c0 propos de Beyond Type 2 Canada - Beyond Type 2 Canada","robots":{"index":"index","follow":"follow","max-snippet":"max-snippet:-1","max-image-preview":"max-image-preview:large","max-video-preview":"max-video-preview:-1"},"canonical":"https:\/\/ca.beyondtype2.org\/fr\/notre-histoire\/","og_locale":"en_US","og_type":"article","og_title":"\u00c0 propos de Beyond Type 2 Canada - Beyond Type 2 Canada","og_description":"Fond\u00e9 en 2015, l\u2019organisme Beyond Type 1 tire parti de la puissance des m\u00e9dias sociaux et de la technologie, en changeant ce que signifie d\u2019\u00eatre atteint d\u2019une maladie chronique. En \u00e9duquant la communaut\u00e9 mondiale et en fournissant des ressources et du soutien aux personnes touch\u00e9es par tous les types de diab\u00e8te, Beyond Type 1 comble [&hellip;]","og_url":"https:\/\/ca.beyondtype2.org\/fr\/notre-histoire\/","og_site_name":"Beyond Type 2 Canada","article_modified_time":"2023-09-11T17:08:49+00:00","og_image":[{"width":2048,"height":733,"url":"https:\/\/ca.beyondtype2.org\/fr\/wp-content\/uploads\/sites\/2\/2023\/08\/BT2-HEADER-ABOUT-BT2.png","type":"image\/png"}],"twitter_card":"summary_large_image","twitter_misc":{"Est. reading time":"2 minutes"},"schema":{"@context":"https:\/\/schema.org","@graph":[{"@type":"WebPage","@id":"https:\/\/ca.beyondtype2.org\/fr\/notre-histoire\/","url":"https:\/\/ca.beyondtype2.org\/fr\/notre-histoire\/","name":"\u00c0 propos de Beyond Type 2 Canada - Beyond Type 2 Canada","isPartOf":{"@id":"https:\/\/ca.beyondtype2.org\/fr\/#website"},"primaryImageOfPage":{"@id":"https:\/\/ca.beyondtype2.org\/fr\/notre-histoire\/#primaryimage"},"image":{"@id":"https:\/\/ca.beyondtype2.org\/fr\/notre-histoire\/#primaryimage"},"thumbnailUrl":"https:\/\/ca.beyondtype2.org\/fr\/wp-content\/uploads\/sites\/2\/2023\/08\/BT2-HEADER-ABOUT-BT2.png","datePublished":"2023-08-23T22:20:25+00:00","dateModified":"2023-09-11T17:08:49+00:00","breadcrumb":{"@id":"https:\/\/ca.beyondtype2.org\/fr\/notre-histoire\/#breadcrumb"},"inLanguage":"en-US","potentialAction":[{"@type":"ReadAction","target":["https:\/\/ca.beyondtype2.org\/fr\/notre-histoire\/"]}]},{"@type":"ImageObject","inLanguage":"en-US","@id":"https:\/\/ca.beyondtype2.org\/fr\/notre-histoire\/#primaryimage","url":"https:\/\/ca.beyondtype2.org\/fr\/wp-content\/uploads\/sites\/2\/2023\/08\/BT2-HEADER-ABOUT-BT2.png","contentUrl":"https:\/\/ca.beyondtype2.org\/fr\/wp-content\/uploads\/sites\/2\/2023\/08\/BT2-HEADER-ABOUT-BT2.png","width":2048,"height":733},{"@type":"BreadcrumbList","@id":"https:\/\/ca.beyondtype2.org\/fr\/notre-histoire\/#breadcrumb","itemListElement":[{"@type":"ListItem","position":1,"name":"Home","item":"https:\/\/ca.beyondtype2.org\/fr\/"},{"@type":"ListItem","position":2,"name":"\u00c0 propos de Beyond Type 2 Canada"}]},{"@type":"WebSite","@id":"https:\/\/ca.beyondtype2.org\/fr\/#website","url":"https:\/\/ca.beyondtype2.org\/fr\/","name":"Beyond Type 2 Canada","description":"","publisher":{"@id":"https:\/\/ca.beyondtype2.org\/fr\/#organization"},"potentialAction":[{"@type":"SearchAction","target":{"@type":"EntryPoint","urlTemplate":"https:\/\/ca.beyondtype2.org\/fr\/?s={search_term_string}"},"query-input":{"@type":"PropertyValueSpecification","valueRequired":true,"valueName":"search_term_string"}}],"inLanguage":"en-US"},{"@type":"Organization","@id":"https:\/\/ca.beyondtype2.org\/fr\/#organization","name":"Beyond Type 2 Canada","url":"https:\/\/ca.beyondtype2.org\/fr\/","logo":{"@type":"ImageObject","inLanguage":"en-US","@id":"https:\/\/ca.beyondtype2.org\/fr\/#\/schema\/logo\/image\/","url":"https:\/\/ca.beyondtype2.org\/fr\/wp-content\/uploads\/sites\/2\/2023\/08\/bt2-logo-v2.png","contentUrl":"https:\/\/ca.beyondtype2.org\/fr\/wp-content\/uploads\/sites\/2\/2023\/08\/bt2-logo-v2.png","width":380,"height":83,"caption":"Beyond Type 2 Canada"},"image":{"@id":"https:\/\/ca.beyondtype2.org\/fr\/#\/schema\/logo\/image\/"}}]}},"featured_image_src":"https:\/\/ca.beyondtype2.org\/fr\/wp-content\/uploads\/sites\/2\/2023\/08\/BT2-HEADER-ABOUT-BT2-600x400.png","featured_image_src_square":"https:\/\/ca.beyondtype2.org\/fr\/wp-content\/uploads\/sites\/2\/2023\/08\/BT2-HEADER-ABOUT-BT2-600x600.png","_links":{"self":[{"href":"https:\/\/ca.beyondtype2.org\/fr\/wp-json\/wp\/v2\/pages\/226","targetHints":{"allow":["GET"]}}],"collection":[{"href":"https:\/\/ca.beyondtype2.org\/fr\/wp-json\/wp\/v2\/pages"}],"about":[{"href":"https:\/\/ca.beyondtype2.org\/fr\/wp-json\/wp\/v2\/types\/page"}],"author":[{"embeddable":true,"href":"https:\/\/ca.beyondtype2.org\/fr\/wp-json\/wp\/v2\/users\/10"}],"replies":[{"embeddable":true,"href":"https:\/\/ca.beyondtype2.org\/fr\/wp-json\/wp\/v2\/comments?post=226"}],"version-history":[{"count":0,"href":"https:\/\/ca.beyondtype2.org\/fr\/wp-json\/wp\/v2\/pages\/226\/revisions"}],"wp:featuredmedia":[{"embeddable":true,"href":"https:\/\/ca.beyondtype2.org\/fr\/wp-json\/wp\/v2\/media\/552"}],"wp:attachment":[{"href":"https:\/\/ca.beyondtype2.org\/fr\/wp-json\/wp\/v2\/media?parent=226"}],"wp:term":[{"taxonomy":"category","embeddable":true,"href":"https:\/\/ca.beyondtype2.org\/fr\/wp-json\/wp\/v2\/categories?post=226"},{"taxonomy":"post_tag","embeddable":true,"href":"https:\/\/ca.beyondtype2.org\/fr\/wp-json\/wp\/v2\/tags?post=226"},{"taxonomy":"invisible","embeddable":true,"href":"https:\/\/ca.beyondtype2.org\/fr\/wp-json\/wp\/v2\/invisible?post=226"}],"curies":[{"name":"wp","href":"https:\/\/api.w.org\/{rel}","templated":true}]}}