			{"id":209,"date":"2023-08-23T14:44:22","date_gmt":"2023-08-23T18:44:22","guid":{"rendered":"https:\/\/ca.beyondtype2.org\/fr\/?page_id=209"},"modified":"2023-09-02T17:44:59","modified_gmt":"2023-09-02T21:44:59","slug":"tout-sur-les-agonistes-des-recepteurs-du-glp-1","status":"publish","type":"page","link":"https:\/\/ca.beyondtype2.org\/fr\/tout-sur-les-agonistes-des-recepteurs-du-glp-1\/","title":{"rendered":"Tout sur les agonistes des r\u00e9cepteurs du GLP-1"},"content":{"rendered":"<h3><b>Que sont les AR\u00a0GLP-1?<\/b><\/h3>\n<p><span style=\"font-weight: 400\">Les personnes atteintes de diab\u00e8te de type\u00a02 disposent de nombreuses options m\u00e9dicamenteuses pour la prise en charge de la maladie. Si la plupart d\u2019entre elles connaissent bien l\u2019insuline ou la metformine, il existe une autre classe de m\u00e9dicaments appel\u00e9s \u00ab\u00a0agonistes des r\u00e9cepteurs du peptide-1 apparent\u00e9 au glucagon\u00a0\u00bb, ou \u00ab\u00a0AR\u00a0GLP-1\u00a0\u00bb.<\/span><\/p>\n<p><span style=\"font-weight: 400\">=Les AR GLP-1 \u00e9taient des m\u00e9dicaments offerts uniquement sous forme injectable jusqu\u2019en 2020, ann\u00e9e o\u00f9 <\/span><a href=\"https:\/\/beyondtype2.org\/fda-approves-oral-glp-1-rybelsus\/\"><span style=\"font-weight: 400\">Rybelsus, le premier AR\u00a0GLP-1 par voie orale,<\/span><\/a><span style=\"font-weight: 400\"> est arriv\u00e9 sur le march\u00e9 canadien.<\/span><\/p>\n<p><span style=\"font-weight: 400\">La posologie diff\u00e8re d\u2019un AR\u00a0GLP-1 \u00e0 l\u2019autre\u00a0:<\/span><\/p>\n<p><b>Injections une fois par jour\u00a0:<\/b><\/p>\n<ul>\n<li style=\"font-weight: 400\"><span style=\"font-weight: 400\">Lixis\u00e9natide (nom de marque : Adlyxine)<\/span><\/li>\n<li style=\"font-weight: 400\"><span style=\"font-weight: 400\">Liraglutide (noms de marque : Victoza, Saxenda, Xultophy)<\/span><\/li>\n<\/ul>\n<p><b>Injections hebdomadaires\u00a0:\u00a0<\/b><\/p>\n<ul>\n<li style=\"font-weight: 400\"><span style=\"font-weight: 400\">Dulaglutide (nom de marque\u00a0: Trulicity)<\/span><\/li>\n<li style=\"font-weight: 400\"><span style=\"font-weight: 400\">S\u00e9maglutide (nom de marque : Ozempic, Wegovy)<\/span><\/li>\n<\/ul>\n<p><b>Avant les repas\u00a0:\u00a0<\/b><\/p>\n<ul>\n<li style=\"font-weight: 400\"><span style=\"font-weight: 400\">S\u00e9maglutide par voie orale (nom de marque\u00a0: Rybelsus) pris de 30 \u00e0 60\u00a0minutes avant les repas<\/span><\/li>\n<\/ul>\n<h3><b>GLP-1 produit naturellement et AR\u00a0GLP-1<\/b><\/h3>\n<p><span style=\"font-weight: 400\">Avant d\u2019examiner les AR\u00a0GLP-1, discutons des effets naturels de l\u2019hormone. L\u2019hormone naturelle produite par l\u2019organisme, appel\u00e9e GLP-1 endog\u00e8ne, est lib\u00e9r\u00e9e en r\u00e9ponse au glucose. Lorsqu\u2019elle est lib\u00e9r\u00e9e, elle contribue \u00e0 augmenter la s\u00e9cr\u00e9tion d\u2019insuline et \u00e0 r\u00e9duire l\u2019hormone qui augmente la glyc\u00e9mie, soit le glucagon. Elle ralentit \u00e9galement la digestion et supprime les signaux d\u2019app\u00e9tit, ce qui contribue \u00e0 r\u00e9duire la faim et \u00e0 am\u00e9liorer la sati\u00e9t\u00e9.<\/span><\/p>\n<p><b><i>Pourquoi les AR\u00a0GLP-1 existent-ils si nous produisons l\u2019hormone naturellement?\u00a0<\/i><\/b><\/p>\n<p><span style=\"font-weight: 400\">Voil\u00e0 une excellente question! Les AR\u00a0GLP-1 existent parce que le GLP-1 endog\u00e8ne a une courte demi-vie et est rapidement d\u00e9compos\u00e9 par les enzymes DPP4 (cibl\u00e9es par une autre classe de m\u00e9dicaments contre le diab\u00e8te de type\u00a02), et que les personnes atteintes de diab\u00e8te de type\u00a02 pr\u00e9sentent des quantit\u00e9s plus faibles de GLP-1 naturel que les non-diab\u00e9tiques. Par cons\u00e9quent, les AR\u00a0GLP-1 ont \u00e9t\u00e9 cr\u00e9\u00e9s pour imiter l\u2019hormone produite naturellement sans d\u00e9composition rapide.<\/span><\/p>\n<h3><b>Situations dans lesquelles les AR\u00a0GLP-1 sont n\u00e9cessaires<\/b><\/h3>\n<p><span style=\"font-weight: 400\">Les AR\u00a0GLP-1, ainsi que d\u2019autres m\u00e9dicaments, <\/span><a href=\"https:\/\/care.diabetesjournals.org\/content\/44\/Supplement_1\/S111\"><span style=\"font-weight: 400\">sont recommand\u00e9s lorsque les objectifs glyc\u00e9miques ne sont pas atteints sur une p\u00e9riode de trois mois<\/span><\/a><span style=\"font-weight: 400\">, malgr\u00e9 l\u2019administration de metformine et d\u2019autres changements apport\u00e9s au mode de vie. Les lignes directrices de Diabetes Canada, parues en 2020, comprennent un <\/span><a href=\"https:\/\/guidelines.diabetes.ca\/CDACPG\/media\/images\/Ch13-2020-Fig2A-Reviewing-adjusting-or-advancing-therapy-in-type-2-diabetes.png\"><span style=\"font-weight: 400\">tableau qui indique dans quelles situations les AR\u00a0GLP-1 et d\u2019autres m\u00e9dicaments doivent \u00eatre recommand\u00e9s aux patients<\/span><\/a><span style=\"font-weight: 400\">. Les recommandations d\u00e9pendent d\u2019autres facteurs comme les risques de maladies cardiovasculaires, d\u2019insuffisance cardiaque et de n\u00e9phropathie chronique, la n\u00e9cessit\u00e9 de r\u00e9duire au minimum l\u2019hypoglyc\u00e9mie et la perte ou la prise de poids.<\/span><\/p>\n<p><span style=\"font-weight: 400\">Par exemple, l\u2019une des strat\u00e9gies m\u00e9dicamenteuses recommand\u00e9es dans le tableau mentionn\u00e9 ci-dessus pour un patient qui pr\u00e9sente un risque \u00e9lev\u00e9 de maladie cardiovasculaire ath\u00e9roscl\u00e9reuse (MCVA) ou qui est atteint d\u2019une MCVA \u00e9tablie consiste \u00e0 prescrire un AR\u00a0GLP-1 associ\u00e9 \u00e0 des bienfaits \u00e9prouv\u00e9s sur le plan des maladies cardiovasculaires (monographie indiquant une r\u00e9duction des \u00e9v\u00e9nements li\u00e9s aux maladies cardiovasculaires).<\/span><\/p>\n<h3><b>Utilisation des AR\u00a0GLP-1 en association avec de l\u2019insuline<\/b><\/h3>\n<p><span style=\"font-weight: 400\">Si un patient re\u00e7oit une insulinoth\u00e9rapie et son taux d\u2019HbA<\/span><span style=\"font-weight: 400\">1c<\/span><span style=\"font-weight: 400\"> demeure au-dessus de la cible \u00e9tablie, un m\u00e9decin peut recommander un AR\u00a0GLP-1. L\u2019association d\u2019une insuline \u00e0 action prolong\u00e9e, aussi appel\u00e9e \u00ab\u00a0insuline glargine\u00a0\u00bb, d\u2019une insuline basale et d\u2019un AR\u00a0GLP-1 est tr\u00e8s efficace pour abaisser la glyc\u00e9mie en entra\u00eenant une prise de poids moins importante et un moins grand nombre d\u2019\u00e9pisodes d\u2019hypoglyc\u00e9mie <\/span><a href=\"https:\/\/care.diabetesjournals.org\/content\/44\/Supplement_1\/S111\"><span style=\"font-weight: 400\">par rapport \u00e0 l\u2019intensification de l\u2019insulinoth\u00e9rapie<\/span><\/a><span style=\"font-weight: 400\">.<\/span><\/p>\n<p><span style=\"font-weight: 400\">\u00c0 l\u2019heure actuelle, il existe deux produits associant l\u2019insuline \u00e0 un AR\u00a0GLP-1\u00a0: l\u2019insuline glargine en association avec de la lixis\u00e9natide et l\u2019insuline d\u00e9gludec en association avec du liraglutide. Les deux m\u00e9dicaments sont offerts sous forme d\u2019injections quotidiennes.<\/span><\/p>\n<h3><b>Les AR\u00a0GLP-1 sont b\u00e9n\u00e9fiques pour la sant\u00e9 cardiaque<\/b><\/h3>\n<p><span style=\"font-weight: 400\">En plus d\u2019aider \u00e0 am\u00e9liorer la prise en charge du diab\u00e8te de type\u00a02, les AR\u00a0GLP-1 peuvent \u00eatre <\/span><a href=\"https:\/\/care.diabetesjournals.org\/content\/44\/Supplement_1\/S125\"><span style=\"font-weight: 400\">b\u00e9n\u00e9fiques pour les patients atteints de probl\u00e8mes de sant\u00e9 cardiovasculaire ou pr\u00e9sentant un risque de probl\u00e8mes de sant\u00e9 cardiovasculaire.<\/span><\/a><span style=\"font-weight: 400\"> Effet et action du liraglutide chez les patients diab\u00e9tiques\u00a0: <a href=\"https:\/\/classic.clinicaltrials.gov\/ct2\/show\/NCT01179048\">L\u2019\u00e9tude LEADER (Evaluation of Cardiovascular Outcome Results)<\/a> a \u00e9valu\u00e9 l\u2019effet du liraglutide, un AR\u00a0GLP-1, sur la sant\u00e9 cardiovasculaire. Les r\u00e9sultats ont montr\u00e9 une r\u00e9duction importante du nombre de d\u00e9c\u00e8s attribuables \u00e0 des maladies cardiovasculaires chez les patients qui ont re\u00e7u du liraglutide, comparativement \u00e0 ceux qui n\u2019en ont pas re\u00e7u.<\/span><\/p>\n<p><span style=\"font-weight: 400\">Les r\u00e9sultats prometteurs de cette \u00e9tude ont men\u00e9 \u00e0 l\u2019approbation du liraglutide par la FDA pour r\u00e9duire le risque d\u2019\u00e9v\u00e9nements cardiovasculaires majeurs (ECVM), comme les crises cardiaques, les AVC et les d\u00e9c\u00e8s, chez les adultes atteints de diab\u00e8te de type\u00a02 et d\u2019une maladie cardiovasculaire \u00e9tablie. D\u2019autres AR\u00a0GLP-1, comme le s\u00e9maglutide et le dulaglutide, ont \u00e9galement \u00e9t\u00e9 administr\u00e9s apr\u00e8s que des r\u00e9sultats ont montr\u00e9 leur efficacit\u00e9 pour r\u00e9duire les ECVM dans le cadre des \u00e9tudes <\/span><a href=\"https:\/\/www.acc.org\/latest-in-cardiology\/articles\/2020\/01\/02\/15\/05\/key-cvots-with-semaglutide\"><span style=\"font-weight: 400\">SUSTAIN-6<\/span><\/a><span style=\"font-weight: 400\"> et <\/span><a href=\"https:\/\/www.thelancet.com\/journals\/lancet\/article\/PIIS0140-6736(19)31149-3\/fulltext\"><span style=\"font-weight: 400\">REWIND<\/span><\/a><span style=\"font-weight: 400\">, respectivement.<\/span><\/p>\n<h3><b>Co\u00fbts des AR\u00a0GLP-1<\/b><\/h3>\n<p><span style=\"font-weight: 400\">\u00c0 l\u2019\u00e9chelle individuelle, les co\u00fbts des AR GLP-1 varient mais ces m\u00e9dicaments peuvent s&#8217;av\u00e9rer co\u00fbteux. V\u00e9rifiez aupres de <a href=\"https:\/\/www.canada.ca\/fr\/sante-publique\/services\/maladies-chroniques\/diabete\/puis-obtenir-aide-payer-medicaments-fournitures.html\">votre prestataire d\u2019assurance maladie<\/a> pour\u00a0savoir si vous \u00eates couvert.\u00a0<\/span><\/p>\n<h3><b>Effets secondaires des AR\u00a0GLP-1<\/b><\/h3>\n<p><span style=\"font-weight: 400\">Effets secondaires li\u00e9s \u00e0 l\u2019utilisation des AR\u00a0GLP-1\u00a0:<\/span><\/p>\n<ul>\n<li style=\"font-weight: 400\"><span style=\"font-weight: 400\">Naus\u00e9es<\/span><\/li>\n<li style=\"font-weight: 400\"><span style=\"font-weight: 400\">Diarrh\u00e9e<\/span><\/li>\n<li style=\"font-weight: 400\"><span style=\"font-weight: 400\">Vomissements<\/span><\/li>\n<li style=\"font-weight: 400\"><span style=\"font-weight: 400\">R\u00e9actions au point d\u2019injection<\/span><\/li>\n<li style=\"font-weight: 400\"><span style=\"font-weight: 400\">Hypoglyc\u00e9mie<\/span><\/li>\n<li style=\"font-weight: 400\"><span style=\"font-weight: 400\">Contre-indication chez les personnes ayant des ant\u00e9c\u00e9dents personnels ou familiaux de cancer de la thyro\u00efde et de pancr\u00e9atite.<\/span><\/li>\n<li style=\"font-weight: 400\"><span style=\"font-weight: 400\">Les AR\u00a0GLP-1 ne sont pas recommand\u00e9s chez les patients atteints d\u2019une maladie gastro-intestinale grave ou de gastropar\u00e9sie.<\/span><\/li>\n<\/ul>\n<h3><b>Principaux points \u00e0 retenir\u00a0:<\/b><\/h3>\n<ul>\n<li style=\"font-weight: 400\"><span style=\"font-weight: 400\">Les AR GLP-1 sont un type de m\u00e9dicament injectable pour aider \u00e0 traiter le diab\u00e8te de type 2. Les noms de marque incluent Trulicity et Ozempic. Le seul AR GLP-1 par voie orale offert sur le march\u00e9 est Rybelsus.<\/span><\/li>\n<li style=\"font-weight: 400\"><span style=\"font-weight: 400\">AR\u00a0GLP-1 signifie \u00ab\u00a0agoniste des r\u00e9cepteurs du peptide-1 apparent\u00e9 au glucagon\u00a0\u00bb.<\/span><\/li>\n<li style=\"font-weight: 400\"><span style=\"font-weight: 400\">Les AR\u00a0GLP-1 contribuent \u00e0 la prise en charge du diab\u00e8te de type\u00a02 en augmentant la s\u00e9cr\u00e9tion d\u2019insuline, en supprimant l\u2019app\u00e9tit et en ralentissant la digestion.<\/span><\/li>\n<li style=\"font-weight: 400\"><span style=\"font-weight: 400\">Ces m\u00e9dicaments peuvent \u00eatre pris une fois par semaine, une fois par jour ou avant les repas, selon le type d\u2019AR\u00a0GLP-1.<\/span><\/li>\n<li style=\"font-weight: 400\"><span style=\"font-weight: 400\">Les AR\u00a0GLP-1 sont recommand\u00e9s dans le cadre d\u2019un traitement d\u2019association avec de la metformine ou de l\u2019insuline basale si les cibles glyc\u00e9miques ne sont pas atteintes apr\u00e8s trois mois. Ils sont \u00e9galement recommand\u00e9s chez les patients atteints de maladies cardiovasculaires ou qui pr\u00e9sentent un risque de maladies cardiovasculaires et qui doivent r\u00e9duire au minimum les \u00e9pisodes d\u2019hypoglyc\u00e9mie ou perdre du poids.<\/span><\/li>\n<li style=\"font-weight: 400\"><span style=\"font-weight: 400\">La perte de poids fait aussi partie des avantages des AR\u00a0GLP-1.<\/span><\/li>\n<\/ul>\n<p><span style=\"font-weight: 400\">Pour en savoir plus sur les bienfaits que les AR\u00a0GLP-1 peuvent vous apporter, \u00e0 vous et \u00e0 votre proche, dans la prise en charge du diab\u00e8te de type\u00a02, veuillez consulter un m\u00e9decin.<\/span><\/p>\n<h3><b>Pour en savoir plus sur les autres m\u00e9dicaments contre le diab\u00e8te\u00a0:<\/b><\/h3>\n<p><a href=\"https:\/\/beyondtype2.org\/the-type-2-guide-to-oral-medications\/\"><span style=\"font-weight: 400\">Guide des m\u00e9dicaments pour traiter le diab\u00e8te de type\u00a02<\/span><\/a><\/p>\n<p><a href=\"https:\/\/beyondtype2.org\/the-type-2-guide-to-insulin\/\"><span style=\"font-weight: 400\">Guide de l\u2019insuline pour traiter le diab\u00e8te de type\u00a02<\/span><\/a><\/p>\n<p><a href=\"https:\/\/beyondtype2.org\/all-about-sulfonylureas\/\"><span style=\"font-weight: 400\">Tout sur les sulfonylur\u00e9es<\/span><\/a><\/p>\n<p><a href=\"https:\/\/beyondtype2.org\/all-about-sglt-2s\/\"><span style=\"font-weight: 400\">Tout sur les inhibiteurs du SGLT-2<\/span><\/a><\/p>\n<p><i><span style=\"font-weight: 400\">Ce contenu a \u00e9t\u00e9 \u00e9labor\u00e9 avec l\u2019aide de Trulicity, un partenaire de Beyond Type\u00a02.\u00a0<\/span><\/i><\/p>\n","protected":false},"excerpt":{"rendered":"<p>Que sont les AR\u00a0GLP-1? Les personnes atteintes de diab\u00e8te de type\u00a02 disposent de nombreuses options m\u00e9dicamenteuses pour la prise en charge de la maladie. Si la plupart d\u2019entre elles connaissent bien l\u2019insuline ou la metformine, il existe une autre classe de m\u00e9dicaments appel\u00e9s \u00ab\u00a0agonistes des r\u00e9cepteurs du peptide-1 apparent\u00e9 au glucagon\u00a0\u00bb, ou \u00ab\u00a0AR\u00a0GLP-1\u00a0\u00bb. =Les AR [&hellip;]<\/p>\n","protected":false},"author":10,"featured_media":211,"parent":0,"menu_order":0,"comment_status":"closed","ping_status":"closed","template":"","meta":{"_acf_changed":false,"footnotes":""},"categories":[55,56,38,40],"tags":[],"invisible":[87,88],"class_list":["post-209","page","type-page","status-publish","has-post-thumbnail","hentry","category-bien-etre-physique-et-diabete","category-gestion-du-poids-diabete","category-insuline-et-medicaments-diabete","category-medicaments-courants-pour-le-diabete","invisible-glp-1","invisible-medications"],"acf":[],"yoast_head":"<!-- This site is optimized with the Yoast SEO plugin v24.9 - https:\/\/yoast.com\/wordpress\/plugins\/seo\/ -->\n<title>Tout sur les agonistes des r\u00e9cepteurs du GLP-1 - Beyond Type 2 Canada<\/title>\n<meta name=\"description\" content=\"Les personnes atteintes de diab\u00e8te de type 2 disposent de nombreuses options m\u00e9dicamenteuses pour la prise en charge de la maladie.\" \/>\n<meta name=\"robots\" content=\"index, follow, max-snippet:-1, max-image-preview:large, max-video-preview:-1\" \/>\n<link rel=\"canonical\" href=\"https:\/\/ca.beyondtype2.org\/fr\/tout-sur-les-agonistes-des-recepteurs-du-glp-1\/\" \/>\n<meta property=\"og:locale\" content=\"en_US\" \/>\n<meta property=\"og:type\" content=\"article\" \/>\n<meta property=\"og:title\" content=\"Tout sur les agonistes des r\u00e9cepteurs du GLP-1 - Beyond Type 2 Canada\" \/>\n<meta property=\"og:description\" content=\"Les personnes atteintes de diab\u00e8te de type 2 disposent de nombreuses options m\u00e9dicamenteuses pour la prise en charge de la maladie.\" \/>\n<meta property=\"og:url\" content=\"https:\/\/ca.beyondtype2.org\/fr\/tout-sur-les-agonistes-des-recepteurs-du-glp-1\/\" \/>\n<meta property=\"og:site_name\" content=\"Beyond Type 2 Canada\" \/>\n<meta property=\"article:modified_time\" content=\"2023-09-02T21:44:59+00:00\" \/>\n<meta property=\"og:image\" content=\"https:\/\/ca.beyondtype2.org\/fr\/wp-content\/uploads\/sites\/2\/2023\/08\/BT2-HEADER-ABOUT-GLP-1.jpeg\" \/>\n\t<meta property=\"og:image:width\" content=\"2048\" \/>\n\t<meta property=\"og:image:height\" content=\"733\" \/>\n\t<meta property=\"og:image:type\" content=\"image\/jpeg\" \/>\n<meta name=\"twitter:card\" content=\"summary_large_image\" \/>\n<meta name=\"twitter:label1\" content=\"Est. reading time\" \/>\n\t<meta name=\"twitter:data1\" content=\"5 minutes\" \/>\n<script type=\"application\/ld+json\" class=\"yoast-schema-graph\">{\"@context\":\"https:\/\/schema.org\",\"@graph\":[{\"@type\":\"WebPage\",\"@id\":\"https:\/\/ca.beyondtype2.org\/fr\/tout-sur-les-agonistes-des-recepteurs-du-glp-1\/\",\"url\":\"https:\/\/ca.beyondtype2.org\/fr\/tout-sur-les-agonistes-des-recepteurs-du-glp-1\/\",\"name\":\"Tout sur les agonistes des r\u00e9cepteurs du GLP-1 - Beyond Type 2 Canada\",\"isPartOf\":{\"@id\":\"https:\/\/ca.beyondtype2.org\/fr\/#website\"},\"primaryImageOfPage\":{\"@id\":\"https:\/\/ca.beyondtype2.org\/fr\/tout-sur-les-agonistes-des-recepteurs-du-glp-1\/#primaryimage\"},\"image\":{\"@id\":\"https:\/\/ca.beyondtype2.org\/fr\/tout-sur-les-agonistes-des-recepteurs-du-glp-1\/#primaryimage\"},\"thumbnailUrl\":\"https:\/\/ca.beyondtype2.org\/fr\/wp-content\/uploads\/sites\/2\/2023\/08\/BT2-HEADER-ABOUT-GLP-1.jpeg\",\"datePublished\":\"2023-08-23T18:44:22+00:00\",\"dateModified\":\"2023-09-02T21:44:59+00:00\",\"description\":\"Les personnes atteintes de diab\u00e8te de type 2 disposent de nombreuses options m\u00e9dicamenteuses pour la prise en charge de la maladie.\",\"breadcrumb\":{\"@id\":\"https:\/\/ca.beyondtype2.org\/fr\/tout-sur-les-agonistes-des-recepteurs-du-glp-1\/#breadcrumb\"},\"inLanguage\":\"en-US\",\"potentialAction\":[{\"@type\":\"ReadAction\",\"target\":[\"https:\/\/ca.beyondtype2.org\/fr\/tout-sur-les-agonistes-des-recepteurs-du-glp-1\/\"]}]},{\"@type\":\"ImageObject\",\"inLanguage\":\"en-US\",\"@id\":\"https:\/\/ca.beyondtype2.org\/fr\/tout-sur-les-agonistes-des-recepteurs-du-glp-1\/#primaryimage\",\"url\":\"https:\/\/ca.beyondtype2.org\/fr\/wp-content\/uploads\/sites\/2\/2023\/08\/BT2-HEADER-ABOUT-GLP-1.jpeg\",\"contentUrl\":\"https:\/\/ca.beyondtype2.org\/fr\/wp-content\/uploads\/sites\/2\/2023\/08\/BT2-HEADER-ABOUT-GLP-1.jpeg\",\"width\":2048,\"height\":733},{\"@type\":\"BreadcrumbList\",\"@id\":\"https:\/\/ca.beyondtype2.org\/fr\/tout-sur-les-agonistes-des-recepteurs-du-glp-1\/#breadcrumb\",\"itemListElement\":[{\"@type\":\"ListItem\",\"position\":1,\"name\":\"Home\",\"item\":\"https:\/\/ca.beyondtype2.org\/fr\/\"},{\"@type\":\"ListItem\",\"position\":2,\"name\":\"Tout sur les agonistes des r\u00e9cepteurs du GLP-1\"}]},{\"@type\":\"WebSite\",\"@id\":\"https:\/\/ca.beyondtype2.org\/fr\/#website\",\"url\":\"https:\/\/ca.beyondtype2.org\/fr\/\",\"name\":\"Beyond Type 2 Canada\",\"description\":\"\",\"publisher\":{\"@id\":\"https:\/\/ca.beyondtype2.org\/fr\/#organization\"},\"potentialAction\":[{\"@type\":\"SearchAction\",\"target\":{\"@type\":\"EntryPoint\",\"urlTemplate\":\"https:\/\/ca.beyondtype2.org\/fr\/?s={search_term_string}\"},\"query-input\":{\"@type\":\"PropertyValueSpecification\",\"valueRequired\":true,\"valueName\":\"search_term_string\"}}],\"inLanguage\":\"en-US\"},{\"@type\":\"Organization\",\"@id\":\"https:\/\/ca.beyondtype2.org\/fr\/#organization\",\"name\":\"Beyond Type 2 Canada\",\"url\":\"https:\/\/ca.beyondtype2.org\/fr\/\",\"logo\":{\"@type\":\"ImageObject\",\"inLanguage\":\"en-US\",\"@id\":\"https:\/\/ca.beyondtype2.org\/fr\/#\/schema\/logo\/image\/\",\"url\":\"https:\/\/ca.beyondtype2.org\/fr\/wp-content\/uploads\/sites\/2\/2023\/08\/bt2-logo-v2.png\",\"contentUrl\":\"https:\/\/ca.beyondtype2.org\/fr\/wp-content\/uploads\/sites\/2\/2023\/08\/bt2-logo-v2.png\",\"width\":380,\"height\":83,\"caption\":\"Beyond Type 2 Canada\"},\"image\":{\"@id\":\"https:\/\/ca.beyondtype2.org\/fr\/#\/schema\/logo\/image\/\"}}]}<\/script>\n<!-- \/ Yoast SEO plugin. -->","yoast_head_json":{"title":"Tout sur les agonistes des r\u00e9cepteurs du GLP-1 - Beyond Type 2 Canada","description":"Les personnes atteintes de diab\u00e8te de type 2 disposent de nombreuses options m\u00e9dicamenteuses pour la prise en charge de la maladie.","robots":{"index":"index","follow":"follow","max-snippet":"max-snippet:-1","max-image-preview":"max-image-preview:large","max-video-preview":"max-video-preview:-1"},"canonical":"https:\/\/ca.beyondtype2.org\/fr\/tout-sur-les-agonistes-des-recepteurs-du-glp-1\/","og_locale":"en_US","og_type":"article","og_title":"Tout sur les agonistes des r\u00e9cepteurs du GLP-1 - Beyond Type 2 Canada","og_description":"Les personnes atteintes de diab\u00e8te de type 2 disposent de nombreuses options m\u00e9dicamenteuses pour la prise en charge de la maladie.","og_url":"https:\/\/ca.beyondtype2.org\/fr\/tout-sur-les-agonistes-des-recepteurs-du-glp-1\/","og_site_name":"Beyond Type 2 Canada","article_modified_time":"2023-09-02T21:44:59+00:00","og_image":[{"width":2048,"height":733,"url":"https:\/\/ca.beyondtype2.org\/fr\/wp-content\/uploads\/sites\/2\/2023\/08\/BT2-HEADER-ABOUT-GLP-1.jpeg","type":"image\/jpeg"}],"twitter_card":"summary_large_image","twitter_misc":{"Est. reading time":"5 minutes"},"schema":{"@context":"https:\/\/schema.org","@graph":[{"@type":"WebPage","@id":"https:\/\/ca.beyondtype2.org\/fr\/tout-sur-les-agonistes-des-recepteurs-du-glp-1\/","url":"https:\/\/ca.beyondtype2.org\/fr\/tout-sur-les-agonistes-des-recepteurs-du-glp-1\/","name":"Tout sur les agonistes des r\u00e9cepteurs du GLP-1 - Beyond Type 2 Canada","isPartOf":{"@id":"https:\/\/ca.beyondtype2.org\/fr\/#website"},"primaryImageOfPage":{"@id":"https:\/\/ca.beyondtype2.org\/fr\/tout-sur-les-agonistes-des-recepteurs-du-glp-1\/#primaryimage"},"image":{"@id":"https:\/\/ca.beyondtype2.org\/fr\/tout-sur-les-agonistes-des-recepteurs-du-glp-1\/#primaryimage"},"thumbnailUrl":"https:\/\/ca.beyondtype2.org\/fr\/wp-content\/uploads\/sites\/2\/2023\/08\/BT2-HEADER-ABOUT-GLP-1.jpeg","datePublished":"2023-08-23T18:44:22+00:00","dateModified":"2023-09-02T21:44:59+00:00","description":"Les personnes atteintes de diab\u00e8te de type 2 disposent de nombreuses options m\u00e9dicamenteuses pour la prise en charge de la maladie.","breadcrumb":{"@id":"https:\/\/ca.beyondtype2.org\/fr\/tout-sur-les-agonistes-des-recepteurs-du-glp-1\/#breadcrumb"},"inLanguage":"en-US","potentialAction":[{"@type":"ReadAction","target":["https:\/\/ca.beyondtype2.org\/fr\/tout-sur-les-agonistes-des-recepteurs-du-glp-1\/"]}]},{"@type":"ImageObject","inLanguage":"en-US","@id":"https:\/\/ca.beyondtype2.org\/fr\/tout-sur-les-agonistes-des-recepteurs-du-glp-1\/#primaryimage","url":"https:\/\/ca.beyondtype2.org\/fr\/wp-content\/uploads\/sites\/2\/2023\/08\/BT2-HEADER-ABOUT-GLP-1.jpeg","contentUrl":"https:\/\/ca.beyondtype2.org\/fr\/wp-content\/uploads\/sites\/2\/2023\/08\/BT2-HEADER-ABOUT-GLP-1.jpeg","width":2048,"height":733},{"@type":"BreadcrumbList","@id":"https:\/\/ca.beyondtype2.org\/fr\/tout-sur-les-agonistes-des-recepteurs-du-glp-1\/#breadcrumb","itemListElement":[{"@type":"ListItem","position":1,"name":"Home","item":"https:\/\/ca.beyondtype2.org\/fr\/"},{"@type":"ListItem","position":2,"name":"Tout sur les agonistes des r\u00e9cepteurs du GLP-1"}]},{"@type":"WebSite","@id":"https:\/\/ca.beyondtype2.org\/fr\/#website","url":"https:\/\/ca.beyondtype2.org\/fr\/","name":"Beyond Type 2 Canada","description":"","publisher":{"@id":"https:\/\/ca.beyondtype2.org\/fr\/#organization"},"potentialAction":[{"@type":"SearchAction","target":{"@type":"EntryPoint","urlTemplate":"https:\/\/ca.beyondtype2.org\/fr\/?s={search_term_string}"},"query-input":{"@type":"PropertyValueSpecification","valueRequired":true,"valueName":"search_term_string"}}],"inLanguage":"en-US"},{"@type":"Organization","@id":"https:\/\/ca.beyondtype2.org\/fr\/#organization","name":"Beyond Type 2 Canada","url":"https:\/\/ca.beyondtype2.org\/fr\/","logo":{"@type":"ImageObject","inLanguage":"en-US","@id":"https:\/\/ca.beyondtype2.org\/fr\/#\/schema\/logo\/image\/","url":"https:\/\/ca.beyondtype2.org\/fr\/wp-content\/uploads\/sites\/2\/2023\/08\/bt2-logo-v2.png","contentUrl":"https:\/\/ca.beyondtype2.org\/fr\/wp-content\/uploads\/sites\/2\/2023\/08\/bt2-logo-v2.png","width":380,"height":83,"caption":"Beyond Type 2 Canada"},"image":{"@id":"https:\/\/ca.beyondtype2.org\/fr\/#\/schema\/logo\/image\/"}}]}},"featured_image_src":"https:\/\/ca.beyondtype2.org\/fr\/wp-content\/uploads\/sites\/2\/2023\/08\/BT2-HEADER-ABOUT-GLP-1-600x400.jpeg","featured_image_src_square":"https:\/\/ca.beyondtype2.org\/fr\/wp-content\/uploads\/sites\/2\/2023\/08\/BT2-HEADER-ABOUT-GLP-1-600x600.jpeg","_links":{"self":[{"href":"https:\/\/ca.beyondtype2.org\/fr\/wp-json\/wp\/v2\/pages\/209","targetHints":{"allow":["GET"]}}],"collection":[{"href":"https:\/\/ca.beyondtype2.org\/fr\/wp-json\/wp\/v2\/pages"}],"about":[{"href":"https:\/\/ca.beyondtype2.org\/fr\/wp-json\/wp\/v2\/types\/page"}],"author":[{"embeddable":true,"href":"https:\/\/ca.beyondtype2.org\/fr\/wp-json\/wp\/v2\/users\/10"}],"replies":[{"embeddable":true,"href":"https:\/\/ca.beyondtype2.org\/fr\/wp-json\/wp\/v2\/comments?post=209"}],"version-history":[{"count":0,"href":"https:\/\/ca.beyondtype2.org\/fr\/wp-json\/wp\/v2\/pages\/209\/revisions"}],"wp:featuredmedia":[{"embeddable":true,"href":"https:\/\/ca.beyondtype2.org\/fr\/wp-json\/wp\/v2\/media\/211"}],"wp:attachment":[{"href":"https:\/\/ca.beyondtype2.org\/fr\/wp-json\/wp\/v2\/media?parent=209"}],"wp:term":[{"taxonomy":"category","embeddable":true,"href":"https:\/\/ca.beyondtype2.org\/fr\/wp-json\/wp\/v2\/categories?post=209"},{"taxonomy":"post_tag","embeddable":true,"href":"https:\/\/ca.beyondtype2.org\/fr\/wp-json\/wp\/v2\/tags?post=209"},{"taxonomy":"invisible","embeddable":true,"href":"https:\/\/ca.beyondtype2.org\/fr\/wp-json\/wp\/v2\/invisible?post=209"}],"curies":[{"name":"wp","href":"https:\/\/api.w.org\/{rel}","templated":true}]}}