			{"id":206,"date":"2023-08-23T14:39:58","date_gmt":"2023-08-23T18:39:58","guid":{"rendered":"https:\/\/ca.beyondtype2.org\/fr\/?page_id=206"},"modified":"2023-09-02T16:43:03","modified_gmt":"2023-09-02T20:43:03","slug":"tout-sur-la-metformine","status":"publish","type":"page","link":"https:\/\/ca.beyondtype2.org\/fr\/tout-sur-la-metformine\/","title":{"rendered":"Tout sur la metformine"},"content":{"rendered":"<h3><b>Qu\u2019est-ce que la metformine?<\/b><\/h3>\n<p><span style=\"font-weight: 400\">La metformine fait partie des <\/span><a href=\"https:\/\/beyondtype2.org\/the-type-2-guide-to-oral-medications\/\"><span style=\"font-weight: 400\">m\u00e9dicaments oraux<\/span><\/a><span style=\"font-weight: 400\"> les plus souvent prescrits pour le traitement du diab\u00e8te de type\u00a02. Elle peut \u00eatre prescrite aux patients ayant re\u00e7u un diagnostic r\u00e9cent comme traitement de premi\u00e8re intention avant l\u2019administration d\u2019insuline. Plusieurs noms sont utilis\u00e9s pour d\u00e9signer la metformine, y compris \u00ab\u00a0metformine\u00a0XR\u00a0\u00bb.\u00a0<\/span><\/p>\n<p><span style=\"font-weight: 400\">Ce m\u00e9dicament appartient \u00e0 la famille des biguanides, qui augmentent la sensibilit\u00e9 \u00e0 l\u2019insuline et qui, par cons\u00e9quent, ont un effet b\u00e9n\u00e9fique sur la prise en charge de la glyc\u00e9mie, en particulier en cas d\u2019insulinor\u00e9sistance. Les biguanides ont commenc\u00e9 \u00e0 \u00eatre utilis\u00e9s au cours des ann\u00e9es\u00a01950. Comme il a \u00e9t\u00e9 mentionn\u00e9 pr\u00e9c\u00e9demment, il s\u2019agit probablement du m\u00e9dicament par voie orale le plus souvent prescrit dans le monde pour le traitement du diab\u00e8te de type\u00a02, et son utilisation chez les patients atteints de diab\u00e8te de type\u00a01 est actuellement \u00e0 l\u2019\u00e9tude. En 1998, une c\u00e9l\u00e8bre \u00e9tude (UKPDS) a montr\u00e9 les effets de la metformine. Elle est actuellement utilis\u00e9e en association avec d\u2019autres m\u00e9dicaments oraux et peut \u00eatre prescrite pour \u00eatre utilis\u00e9e avec de l\u2019insuline.<\/span><\/p>\n<h3><b>Comment la metformine agit-elle?<\/b><\/h3>\n<p><span style=\"font-weight: 400\">La metformine r\u00e9duit la quantit\u00e9 de glucose produite par le corps, en particulier dans le foie, en plus d\u2019am\u00e9liorer la r\u00e9ponse \u00e0 l\u2019insuline. N\u2019oubliez pas qu\u2019en pr\u00e9sence de diab\u00e8te de type\u00a02, la production d\u2019insuline est insuffisante ou la r\u00e9ponse est inad\u00e9quate.<\/span><\/p>\n<h3><b>Effets secondaires de la metformine<\/b><\/h3>\n<p><span style=\"font-weight: 400\">Les effets secondaires, qui causent g\u00e9n\u00e9ralement un inconfort gastro-intestinal, sont les suivants\u00a0:<\/span><\/p>\n<ul>\n<li style=\"font-weight: 400\"><span style=\"font-weight: 400\">Naus\u00e9es<\/span><\/li>\n<li style=\"font-weight: 400\"><span style=\"font-weight: 400\">Diarrh\u00e9e<\/span><\/li>\n<li style=\"font-weight: 400\"><span style=\"font-weight: 400\">Manque d\u2019app\u00e9tit<\/span><\/li>\n<li style=\"font-weight: 400\"><span style=\"font-weight: 400\">Maux d\u2019estomac<\/span><\/li>\n<li style=\"font-weight: 400\"><span style=\"font-weight: 400\">Inflammation<\/span><\/li>\n<li style=\"font-weight: 400\"><span style=\"font-weight: 400\">Flatulences<\/span><\/li>\n<li style=\"font-weight: 400\"><span style=\"font-weight: 400\">Go\u00fbt m\u00e9tallique dans la bouche, entre autres<\/span><\/li>\n<\/ul>\n<p><span style=\"font-weight: 400\">\u00a0Ces sympt\u00f4mes peuvent se r\u00e9sorber par eux-m\u00eames, mais vous pourriez envisager de consulter votre m\u00e9decin pour recevoir un traitement suppl\u00e9mentaire.\u00a0<\/span><\/p>\n<h3><b>La metformine n\u2019est pas recommand\u00e9e si :<\/b><\/h3>\n<ul>\n<li style=\"font-weight: 400\">vous \u00eates atteint d\u2019un diab\u00e8te sucr\u00e9 instable ou insulinod\u00e9pendant (type I);<\/li>\n<li style=\"font-weight: 400\">vous souffrez d\u2019une acidose (y compris une acidoc\u00e9tose diab\u00e9tique avec ou sans coma ou des ant\u00e9c\u00e9dents<br \/>\nd\u2019acidoc\u00e9tose avec ou sans coma;<\/li>\n<li style=\"font-weight: 400\">vous avez des ant\u00e9c\u00e9dents d\u2019acidose lactique (trop grande quantit\u00e9 d\u2019acide dans le sang);<\/li>\n<li style=\"font-weight: 400\">vous consommez beaucoup d\u2019alcool, (c.-\u00e0-d. que vous en prenez de fa\u00e7on excessive pendant de courtes p\u00e9riodes ou que<br \/>\nvous buvez de fa\u00e7on continue);<\/li>\n<li style=\"font-weight: 400\">vous avez des probl\u00e8mes de foie ou de rein (trouble h\u00e9patique grave ou maladie du foie, ou encore maladie ou<br \/>\ninsuffisance r\u00e9nale);<\/li>\n<li style=\"font-weight: 400\">vous devez subir un examen radiologique comportant l\u2019injection de colorants (agents de contraste iod\u00e9);<\/li>\n<li style=\"font-weight: 400\">vous \u00eates stress\u00e9, souffrez d\u2019une infection grave ou avez un traumatisme;<\/li>\n<li style=\"font-weight: 400\">vous devez subir une chirurgie ou \u00eates en convalescence; apr\u00e8s votre chirurgie;<\/li>\n<li style=\"font-weight: 400\">vous souffrez d\u2019une d\u00e9shydratation grave (votre organisme a perdu beaucoup d\u2019eau);<\/li>\n<li style=\"font-weight: 400\">vous pr\u00e9sentez une hypersensibilit\u00e9 (hypertension art\u00e9rielle) ou une allergie au chlorhydrate de metformine ou \u00e0<br \/>\nl\u2019un des ingr\u00e9dients qui entrent dans la composition du produit ou de son contenant;<\/li>\n<li style=\"font-weight: 400\">vous \u00eates enceinte ou pr\u00e9voyez le devenir;<\/li>\n<li style=\"font-weight: 400\">vous allaitez (donnez le sein);<\/li>\n<li style=\"font-weight: 400\">vous pr\u00e9sentez un collapsus cardiovasculaire (interruption brutale de la circulation sanguine) ou une maladie qui<br \/>\npeut causer l\u2019hypox\u00e9mie (faible niveau d\u2019oxyg\u00e8ne dans le sang) comme une insuffisance cardiorespiratoire.<\/li>\n<\/ul>\n<p><span style=\"font-weight: 400\"><div class='cta cta-align-left cta-color-red'><a href='https:\/\/community.beyondtype2.org\/' target='_blank'><span class='arrow'>&#10142;<\/span><span class='link-text'>Join the Beyond Type 2 Community!<\/span><\/a><\/div><\/span><\/p>\n<p><span style=\"font-weight: 400\">La metformine n\u2019est pas le seul m\u00e9dicament offert pour les personnes atteintes de diab\u00e8te de type\u00a02; en fait, <\/span><a href=\"https:\/\/beyondtype2.org\/the-type-2-guide-to-oral-medications\/\"><span style=\"font-weight: 400\">il existe d\u2019autres classes de m\u00e9dicaments con\u00e7us sp\u00e9cialement pour les personnes atteintes de diab\u00e8te de type\u00a02<\/span><\/a><span style=\"font-weight: 400\">.<\/span><\/p>\n<p><b>R\u00e9f\u00e9rences<\/b><\/p>\n<ol>\n<li style=\"font-weight: 400\"><span style=\"font-weight: 400\">Inzucchi SE\u00a0: Oral antihyperglycemic for type 2 diabetes. Scientific Review. <\/span><i><span style=\"font-weight: 400\">JAMA<\/span><\/i><span style=\"font-weight: 400\">, 2002;287:360-372. 2.\u00a0<\/span><\/li>\n<li style=\"font-weight: 400\"><span style=\"font-weight: 400\">Roses J, Streets J, Friege F, Lara E, <\/span><i><span style=\"font-weight: 400\">et al.<\/span><\/i><span style=\"font-weight: 400\"> Consenso de prediabetes (Prediabetes consensus). Document sur la position de l\u2019ALAD. <\/span><i><span style=\"font-weight: 400\">Rev ALAD<\/span><\/i><span style=\"font-weight: 400\">, 2009; 146-158.<\/span><\/li>\n<\/ol>\n<p>&nbsp;<\/p>\n","protected":false},"excerpt":{"rendered":"<p>Qu\u2019est-ce que la metformine? La metformine fait partie des m\u00e9dicaments oraux les plus souvent prescrits pour le traitement du diab\u00e8te de type\u00a02. Elle peut \u00eatre prescrite aux patients ayant re\u00e7u un diagnostic r\u00e9cent comme traitement de premi\u00e8re intention avant l\u2019administration d\u2019insuline. Plusieurs noms sont utilis\u00e9s pour d\u00e9signer la metformine, y compris \u00ab\u00a0metformine\u00a0XR\u00a0\u00bb.\u00a0 Ce m\u00e9dicament appartient [&hellip;]<\/p>\n","protected":false},"author":10,"featured_media":207,"parent":0,"menu_order":0,"comment_status":"closed","ping_status":"closed","template":"","meta":{"_acf_changed":false,"footnotes":""},"categories":[38,40],"tags":[],"invisible":[8,7,9,5],"class_list":["post-206","page","type-page","status-publish","has-post-thumbnail","hentry","category-insuline-et-medicaments-diabete","category-medicaments-courants-pour-le-diabete","invisible-core-evergreen-resource","invisible-guides","invisible-management","invisible-thebasicbasics"],"acf":[],"yoast_head":"<!-- This site is optimized with the Yoast SEO plugin v24.9 - https:\/\/yoast.com\/wordpress\/plugins\/seo\/ -->\n<title>Tout sur la metformine - Beyond Type 2 Canada<\/title>\n<meta name=\"description\" content=\"La metformine appartient \u00e0 la famille des biguanides, des m\u00e9dicaments qui augmentent la sensibilit\u00e9 \u00e0 l\u2019insuline et qui, par cons\u00e9quent, ont un effet b\u00e9n\u00e9fique sur la prise en charge de la glyc\u00e9mie, en particulier en cas d\u2019insulinor\u00e9sistance.\" \/>\n<meta name=\"robots\" content=\"index, follow, max-snippet:-1, max-image-preview:large, max-video-preview:-1\" \/>\n<link rel=\"canonical\" href=\"https:\/\/ca.beyondtype2.org\/fr\/tout-sur-la-metformine\/\" \/>\n<meta property=\"og:locale\" content=\"en_US\" \/>\n<meta property=\"og:type\" content=\"article\" \/>\n<meta property=\"og:title\" content=\"Tout sur la metformine - Beyond Type 2 Canada\" \/>\n<meta property=\"og:description\" content=\"La metformine appartient \u00e0 la famille des biguanides, des m\u00e9dicaments qui augmentent la sensibilit\u00e9 \u00e0 l\u2019insuline et qui, par cons\u00e9quent, ont un effet b\u00e9n\u00e9fique sur la prise en charge de la glyc\u00e9mie, en particulier en cas d\u2019insulinor\u00e9sistance.\" \/>\n<meta property=\"og:url\" content=\"https:\/\/ca.beyondtype2.org\/fr\/tout-sur-la-metformine\/\" \/>\n<meta property=\"og:site_name\" content=\"Beyond Type 2 Canada\" \/>\n<meta property=\"article:modified_time\" content=\"2023-09-02T20:43:03+00:00\" \/>\n<meta property=\"og:image\" content=\"https:\/\/ca.beyondtype2.org\/fr\/wp-content\/uploads\/sites\/2\/2023\/08\/BT2-HEADER-ALL-ABOUT-METORMIN-768x275-1.png\" \/>\n\t<meta property=\"og:image:width\" content=\"768\" \/>\n\t<meta property=\"og:image:height\" content=\"275\" \/>\n\t<meta property=\"og:image:type\" content=\"image\/png\" \/>\n<meta name=\"twitter:card\" content=\"summary_large_image\" \/>\n<meta name=\"twitter:label1\" content=\"Est. reading time\" \/>\n\t<meta name=\"twitter:data1\" content=\"3 minutes\" \/>\n<script type=\"application\/ld+json\" class=\"yoast-schema-graph\">{\"@context\":\"https:\/\/schema.org\",\"@graph\":[{\"@type\":\"WebPage\",\"@id\":\"https:\/\/ca.beyondtype2.org\/fr\/tout-sur-la-metformine\/\",\"url\":\"https:\/\/ca.beyondtype2.org\/fr\/tout-sur-la-metformine\/\",\"name\":\"Tout sur la metformine - Beyond Type 2 Canada\",\"isPartOf\":{\"@id\":\"https:\/\/ca.beyondtype2.org\/fr\/#website\"},\"primaryImageOfPage\":{\"@id\":\"https:\/\/ca.beyondtype2.org\/fr\/tout-sur-la-metformine\/#primaryimage\"},\"image\":{\"@id\":\"https:\/\/ca.beyondtype2.org\/fr\/tout-sur-la-metformine\/#primaryimage\"},\"thumbnailUrl\":\"https:\/\/ca.beyondtype2.org\/fr\/wp-content\/uploads\/sites\/2\/2023\/08\/BT2-HEADER-ALL-ABOUT-METORMIN-768x275-1.png\",\"datePublished\":\"2023-08-23T18:39:58+00:00\",\"dateModified\":\"2023-09-02T20:43:03+00:00\",\"description\":\"La metformine appartient \u00e0 la famille des biguanides, des m\u00e9dicaments qui augmentent la sensibilit\u00e9 \u00e0 l\u2019insuline et qui, par cons\u00e9quent, ont un effet b\u00e9n\u00e9fique sur la prise en charge de la glyc\u00e9mie, en particulier en cas d\u2019insulinor\u00e9sistance.\",\"breadcrumb\":{\"@id\":\"https:\/\/ca.beyondtype2.org\/fr\/tout-sur-la-metformine\/#breadcrumb\"},\"inLanguage\":\"en-US\",\"potentialAction\":[{\"@type\":\"ReadAction\",\"target\":[\"https:\/\/ca.beyondtype2.org\/fr\/tout-sur-la-metformine\/\"]}]},{\"@type\":\"ImageObject\",\"inLanguage\":\"en-US\",\"@id\":\"https:\/\/ca.beyondtype2.org\/fr\/tout-sur-la-metformine\/#primaryimage\",\"url\":\"https:\/\/ca.beyondtype2.org\/fr\/wp-content\/uploads\/sites\/2\/2023\/08\/BT2-HEADER-ALL-ABOUT-METORMIN-768x275-1.png\",\"contentUrl\":\"https:\/\/ca.beyondtype2.org\/fr\/wp-content\/uploads\/sites\/2\/2023\/08\/BT2-HEADER-ALL-ABOUT-METORMIN-768x275-1.png\",\"width\":768,\"height\":275},{\"@type\":\"BreadcrumbList\",\"@id\":\"https:\/\/ca.beyondtype2.org\/fr\/tout-sur-la-metformine\/#breadcrumb\",\"itemListElement\":[{\"@type\":\"ListItem\",\"position\":1,\"name\":\"Home\",\"item\":\"https:\/\/ca.beyondtype2.org\/fr\/\"},{\"@type\":\"ListItem\",\"position\":2,\"name\":\"Tout sur la metformine\"}]},{\"@type\":\"WebSite\",\"@id\":\"https:\/\/ca.beyondtype2.org\/fr\/#website\",\"url\":\"https:\/\/ca.beyondtype2.org\/fr\/\",\"name\":\"Beyond Type 2 Canada\",\"description\":\"\",\"publisher\":{\"@id\":\"https:\/\/ca.beyondtype2.org\/fr\/#organization\"},\"potentialAction\":[{\"@type\":\"SearchAction\",\"target\":{\"@type\":\"EntryPoint\",\"urlTemplate\":\"https:\/\/ca.beyondtype2.org\/fr\/?s={search_term_string}\"},\"query-input\":{\"@type\":\"PropertyValueSpecification\",\"valueRequired\":true,\"valueName\":\"search_term_string\"}}],\"inLanguage\":\"en-US\"},{\"@type\":\"Organization\",\"@id\":\"https:\/\/ca.beyondtype2.org\/fr\/#organization\",\"name\":\"Beyond Type 2 Canada\",\"url\":\"https:\/\/ca.beyondtype2.org\/fr\/\",\"logo\":{\"@type\":\"ImageObject\",\"inLanguage\":\"en-US\",\"@id\":\"https:\/\/ca.beyondtype2.org\/fr\/#\/schema\/logo\/image\/\",\"url\":\"https:\/\/ca.beyondtype2.org\/fr\/wp-content\/uploads\/sites\/2\/2023\/08\/bt2-logo-v2.png\",\"contentUrl\":\"https:\/\/ca.beyondtype2.org\/fr\/wp-content\/uploads\/sites\/2\/2023\/08\/bt2-logo-v2.png\",\"width\":380,\"height\":83,\"caption\":\"Beyond Type 2 Canada\"},\"image\":{\"@id\":\"https:\/\/ca.beyondtype2.org\/fr\/#\/schema\/logo\/image\/\"}}]}<\/script>\n<!-- \/ Yoast SEO plugin. -->","yoast_head_json":{"title":"Tout sur la metformine - Beyond Type 2 Canada","description":"La metformine appartient \u00e0 la famille des biguanides, des m\u00e9dicaments qui augmentent la sensibilit\u00e9 \u00e0 l\u2019insuline et qui, par cons\u00e9quent, ont un effet b\u00e9n\u00e9fique sur la prise en charge de la glyc\u00e9mie, en particulier en cas d\u2019insulinor\u00e9sistance.","robots":{"index":"index","follow":"follow","max-snippet":"max-snippet:-1","max-image-preview":"max-image-preview:large","max-video-preview":"max-video-preview:-1"},"canonical":"https:\/\/ca.beyondtype2.org\/fr\/tout-sur-la-metformine\/","og_locale":"en_US","og_type":"article","og_title":"Tout sur la metformine - Beyond Type 2 Canada","og_description":"La metformine appartient \u00e0 la famille des biguanides, des m\u00e9dicaments qui augmentent la sensibilit\u00e9 \u00e0 l\u2019insuline et qui, par cons\u00e9quent, ont un effet b\u00e9n\u00e9fique sur la prise en charge de la glyc\u00e9mie, en particulier en cas d\u2019insulinor\u00e9sistance.","og_url":"https:\/\/ca.beyondtype2.org\/fr\/tout-sur-la-metformine\/","og_site_name":"Beyond Type 2 Canada","article_modified_time":"2023-09-02T20:43:03+00:00","og_image":[{"width":768,"height":275,"url":"https:\/\/ca.beyondtype2.org\/fr\/wp-content\/uploads\/sites\/2\/2023\/08\/BT2-HEADER-ALL-ABOUT-METORMIN-768x275-1.png","type":"image\/png"}],"twitter_card":"summary_large_image","twitter_misc":{"Est. reading time":"3 minutes"},"schema":{"@context":"https:\/\/schema.org","@graph":[{"@type":"WebPage","@id":"https:\/\/ca.beyondtype2.org\/fr\/tout-sur-la-metformine\/","url":"https:\/\/ca.beyondtype2.org\/fr\/tout-sur-la-metformine\/","name":"Tout sur la metformine - Beyond Type 2 Canada","isPartOf":{"@id":"https:\/\/ca.beyondtype2.org\/fr\/#website"},"primaryImageOfPage":{"@id":"https:\/\/ca.beyondtype2.org\/fr\/tout-sur-la-metformine\/#primaryimage"},"image":{"@id":"https:\/\/ca.beyondtype2.org\/fr\/tout-sur-la-metformine\/#primaryimage"},"thumbnailUrl":"https:\/\/ca.beyondtype2.org\/fr\/wp-content\/uploads\/sites\/2\/2023\/08\/BT2-HEADER-ALL-ABOUT-METORMIN-768x275-1.png","datePublished":"2023-08-23T18:39:58+00:00","dateModified":"2023-09-02T20:43:03+00:00","description":"La metformine appartient \u00e0 la famille des biguanides, des m\u00e9dicaments qui augmentent la sensibilit\u00e9 \u00e0 l\u2019insuline et qui, par cons\u00e9quent, ont un effet b\u00e9n\u00e9fique sur la prise en charge de la glyc\u00e9mie, en particulier en cas d\u2019insulinor\u00e9sistance.","breadcrumb":{"@id":"https:\/\/ca.beyondtype2.org\/fr\/tout-sur-la-metformine\/#breadcrumb"},"inLanguage":"en-US","potentialAction":[{"@type":"ReadAction","target":["https:\/\/ca.beyondtype2.org\/fr\/tout-sur-la-metformine\/"]}]},{"@type":"ImageObject","inLanguage":"en-US","@id":"https:\/\/ca.beyondtype2.org\/fr\/tout-sur-la-metformine\/#primaryimage","url":"https:\/\/ca.beyondtype2.org\/fr\/wp-content\/uploads\/sites\/2\/2023\/08\/BT2-HEADER-ALL-ABOUT-METORMIN-768x275-1.png","contentUrl":"https:\/\/ca.beyondtype2.org\/fr\/wp-content\/uploads\/sites\/2\/2023\/08\/BT2-HEADER-ALL-ABOUT-METORMIN-768x275-1.png","width":768,"height":275},{"@type":"BreadcrumbList","@id":"https:\/\/ca.beyondtype2.org\/fr\/tout-sur-la-metformine\/#breadcrumb","itemListElement":[{"@type":"ListItem","position":1,"name":"Home","item":"https:\/\/ca.beyondtype2.org\/fr\/"},{"@type":"ListItem","position":2,"name":"Tout sur la metformine"}]},{"@type":"WebSite","@id":"https:\/\/ca.beyondtype2.org\/fr\/#website","url":"https:\/\/ca.beyondtype2.org\/fr\/","name":"Beyond Type 2 Canada","description":"","publisher":{"@id":"https:\/\/ca.beyondtype2.org\/fr\/#organization"},"potentialAction":[{"@type":"SearchAction","target":{"@type":"EntryPoint","urlTemplate":"https:\/\/ca.beyondtype2.org\/fr\/?s={search_term_string}"},"query-input":{"@type":"PropertyValueSpecification","valueRequired":true,"valueName":"search_term_string"}}],"inLanguage":"en-US"},{"@type":"Organization","@id":"https:\/\/ca.beyondtype2.org\/fr\/#organization","name":"Beyond Type 2 Canada","url":"https:\/\/ca.beyondtype2.org\/fr\/","logo":{"@type":"ImageObject","inLanguage":"en-US","@id":"https:\/\/ca.beyondtype2.org\/fr\/#\/schema\/logo\/image\/","url":"https:\/\/ca.beyondtype2.org\/fr\/wp-content\/uploads\/sites\/2\/2023\/08\/bt2-logo-v2.png","contentUrl":"https:\/\/ca.beyondtype2.org\/fr\/wp-content\/uploads\/sites\/2\/2023\/08\/bt2-logo-v2.png","width":380,"height":83,"caption":"Beyond Type 2 Canada"},"image":{"@id":"https:\/\/ca.beyondtype2.org\/fr\/#\/schema\/logo\/image\/"}}]}},"featured_image_src":"https:\/\/ca.beyondtype2.org\/fr\/wp-content\/uploads\/sites\/2\/2023\/08\/BT2-HEADER-ALL-ABOUT-METORMIN-768x275-1-600x275.png","featured_image_src_square":"https:\/\/ca.beyondtype2.org\/fr\/wp-content\/uploads\/sites\/2\/2023\/08\/BT2-HEADER-ALL-ABOUT-METORMIN-768x275-1-600x275.png","_links":{"self":[{"href":"https:\/\/ca.beyondtype2.org\/fr\/wp-json\/wp\/v2\/pages\/206","targetHints":{"allow":["GET"]}}],"collection":[{"href":"https:\/\/ca.beyondtype2.org\/fr\/wp-json\/wp\/v2\/pages"}],"about":[{"href":"https:\/\/ca.beyondtype2.org\/fr\/wp-json\/wp\/v2\/types\/page"}],"author":[{"embeddable":true,"href":"https:\/\/ca.beyondtype2.org\/fr\/wp-json\/wp\/v2\/users\/10"}],"replies":[{"embeddable":true,"href":"https:\/\/ca.beyondtype2.org\/fr\/wp-json\/wp\/v2\/comments?post=206"}],"version-history":[{"count":0,"href":"https:\/\/ca.beyondtype2.org\/fr\/wp-json\/wp\/v2\/pages\/206\/revisions"}],"wp:featuredmedia":[{"embeddable":true,"href":"https:\/\/ca.beyondtype2.org\/fr\/wp-json\/wp\/v2\/media\/207"}],"wp:attachment":[{"href":"https:\/\/ca.beyondtype2.org\/fr\/wp-json\/wp\/v2\/media?parent=206"}],"wp:term":[{"taxonomy":"category","embeddable":true,"href":"https:\/\/ca.beyondtype2.org\/fr\/wp-json\/wp\/v2\/categories?post=206"},{"taxonomy":"post_tag","embeddable":true,"href":"https:\/\/ca.beyondtype2.org\/fr\/wp-json\/wp\/v2\/tags?post=206"},{"taxonomy":"invisible","embeddable":true,"href":"https:\/\/ca.beyondtype2.org\/fr\/wp-json\/wp\/v2\/invisible?post=206"}],"curies":[{"name":"wp","href":"https:\/\/api.w.org\/{rel}","templated":true}]}}