			{"id":164,"date":"2023-08-22T15:33:28","date_gmt":"2023-08-22T19:33:28","guid":{"rendered":"https:\/\/beyondtype2ca.wpengine.com\/fr\/?page_id=164"},"modified":"2023-09-01T20:40:57","modified_gmt":"2023-09-02T00:40:57","slug":"grossesse-et-diabete","status":"publish","type":"page","link":"https:\/\/ca.beyondtype2.org\/fr\/grossesse-et-diabete\/","title":{"rendered":"Grossesse et diab\u00e8te"},"content":{"rendered":"<p><a href=\"https:\/\/www150.statcan.gc.ca\/t1\/tbl1\/fr\/tv.action?pid=1310041601&amp;request_locale=fr\">Plus de 130 millions de femmes<\/a> accouchent chaque ann\u00e9e et pour les femmes vivant avec un diab\u00e8te, si les risques et les d\u00e9fis sont bien s\u00fbr plus importants, la r\u00e9alit\u00e9 est que vous pouvez g\u00e9rer avec succ\u00e8s les phases avant et apr\u00e8s la grossesse. Sur le site de Beyond Type 2, vous trouverez des ressources pour chaque \u00e9tape de votre grossesse et sur les risques auxquels vous pouvez \u00eatre confront\u00e9e en cours de route.<\/p>\n<hr \/>\n<h3>INFORMATIONS CLINIQUES<\/h3>\n<div class='multi-box-holder'><div class='landing-display-3' style=''><a href='https:\/\/ca.beyondtype2.org\/fr\/grossesse-et-diabete-de-type-2\/'><div class='image-full image-full-3'><img src='https:\/\/ca.beyondtype2.org\/fr\/wp-content\/uploads\/sites\/2\/2023\/08\/BT2-THUMB-PREGNANCY-T2.png'><\/div><div class='mobile-image'><img loading=\"lazy\" decoding=\"async\" width=\"2048\" height=\"733\" src=\"https:\/\/ca.beyondtype2.org\/fr\/wp-content\/uploads\/sites\/2\/2023\/08\/BT2-HEADER-PREGNANCY-T2.png\" class=\" wp-post-image\" alt=\"\" srcset=\"https:\/\/ca.beyondtype2.org\/fr\/wp-content\/uploads\/sites\/2\/2023\/08\/BT2-HEADER-PREGNANCY-T2.png 2048w, https:\/\/ca.beyondtype2.org\/fr\/wp-content\/uploads\/sites\/2\/2023\/08\/BT2-HEADER-PREGNANCY-T2-300x107.png 300w, https:\/\/ca.beyondtype2.org\/fr\/wp-content\/uploads\/sites\/2\/2023\/08\/BT2-HEADER-PREGNANCY-T2-1024x367.png 1024w, https:\/\/ca.beyondtype2.org\/fr\/wp-content\/uploads\/sites\/2\/2023\/08\/BT2-HEADER-PREGNANCY-T2-768x275.png 768w, https:\/\/ca.beyondtype2.org\/fr\/wp-content\/uploads\/sites\/2\/2023\/08\/BT2-HEADER-PREGNANCY-T2-1536x550.png 1536w, https:\/\/ca.beyondtype2.org\/fr\/wp-content\/uploads\/sites\/2\/2023\/08\/BT2-HEADER-PREGNANCY-T2-1200x429.png 1200w, https:\/\/ca.beyondtype2.org\/fr\/wp-content\/uploads\/sites\/2\/2023\/08\/BT2-HEADER-PREGNANCY-T2-1980x709.png 1980w\" sizes=\"auto, (max-width: 2048px) 100vw, 2048px\" \/><\/div><h2>Grossesse et diab\u00e8te de type 2<\/a><\/h2><\/br><span class='excerpt'>Se pr\u00e9parer pour votre nouveau b\u00e9b\u00e9 <\/span><a class='readmore' href='https:\/\/ca.beyondtype2.org\/fr\/grossesse-et-diabete-de-type-2\/'>EN SAVOIR PLUS<\/a><\/div><div class='landing-display-3' style=''><a href='https:\/\/ca.beyondtype2.org\/fr\/le-diabete-gestationnel\/'><div class='image-full image-full-3'><img src='https:\/\/ca.beyondtype2.org\/fr\/wp-content\/uploads\/sites\/2\/2023\/09\/pregnant-thumb.png'><\/div><div class='mobile-image'><img loading=\"lazy\" decoding=\"async\" width=\"2048\" height=\"733\" src=\"https:\/\/ca.beyondtype2.org\/fr\/wp-content\/uploads\/sites\/2\/2023\/09\/pregnant-header.png\" class=\" wp-post-image\" alt=\"\" srcset=\"https:\/\/ca.beyondtype2.org\/fr\/wp-content\/uploads\/sites\/2\/2023\/09\/pregnant-header.png 2048w, https:\/\/ca.beyondtype2.org\/fr\/wp-content\/uploads\/sites\/2\/2023\/09\/pregnant-header-300x107.png 300w, https:\/\/ca.beyondtype2.org\/fr\/wp-content\/uploads\/sites\/2\/2023\/09\/pregnant-header-1024x367.png 1024w, https:\/\/ca.beyondtype2.org\/fr\/wp-content\/uploads\/sites\/2\/2023\/09\/pregnant-header-768x275.png 768w, https:\/\/ca.beyondtype2.org\/fr\/wp-content\/uploads\/sites\/2\/2023\/09\/pregnant-header-1536x550.png 1536w, https:\/\/ca.beyondtype2.org\/fr\/wp-content\/uploads\/sites\/2\/2023\/09\/pregnant-header-1200x429.png 1200w, https:\/\/ca.beyondtype2.org\/fr\/wp-content\/uploads\/sites\/2\/2023\/09\/pregnant-header-1980x709.png 1980w\" sizes=\"auto, (max-width: 2048px) 100vw, 2048px\" \/><\/div><h2>Qu\u2019est-ce que le diab\u00e8te gestationnel ?<\/a><\/h2><\/br><span class='excerpt'>Le diab\u00e8te gestationnel est un type de diab\u00e8te qui provoque une hyperglyc\u00e9mie pendant la grossesse. Le nombre de diab\u00e8te de type 2 augmente dans le monde entier, tout comme celui du diab\u00e8te gesta...<\/span><a class='readmore' href='https:\/\/ca.beyondtype2.org\/fr\/le-diabete-gestationnel\/'>EN SAVOIR PLUS<\/a><\/div><div class='landing-display-3' style=''><a href='https:\/\/ca.beyondtype2.org\/fr\/gestion-dt2-grossesse\/'><div class='image-full image-full-3'><img src='https:\/\/ca.beyondtype2.org\/fr\/wp-content\/uploads\/sites\/2\/2023\/09\/BT2-CA-T2D-PATIENT-INTERVIEWS_THUMB-05.png'><\/div><div class='mobile-image'><img loading=\"lazy\" decoding=\"async\" width=\"2049\" height=\"734\" src=\"https:\/\/ca.beyondtype2.org\/fr\/wp-content\/uploads\/sites\/2\/2023\/09\/BT2-CA-T2D-PATIENT-INTERVIEWS_HEADER-05.png\" class=\" wp-post-image\" alt=\"\" srcset=\"https:\/\/ca.beyondtype2.org\/fr\/wp-content\/uploads\/sites\/2\/2023\/09\/BT2-CA-T2D-PATIENT-INTERVIEWS_HEADER-05.png 2049w, https:\/\/ca.beyondtype2.org\/fr\/wp-content\/uploads\/sites\/2\/2023\/09\/BT2-CA-T2D-PATIENT-INTERVIEWS_HEADER-05-300x107.png 300w, https:\/\/ca.beyondtype2.org\/fr\/wp-content\/uploads\/sites\/2\/2023\/09\/BT2-CA-T2D-PATIENT-INTERVIEWS_HEADER-05-1024x367.png 1024w, https:\/\/ca.beyondtype2.org\/fr\/wp-content\/uploads\/sites\/2\/2023\/09\/BT2-CA-T2D-PATIENT-INTERVIEWS_HEADER-05-768x275.png 768w, https:\/\/ca.beyondtype2.org\/fr\/wp-content\/uploads\/sites\/2\/2023\/09\/BT2-CA-T2D-PATIENT-INTERVIEWS_HEADER-05-1536x550.png 1536w, https:\/\/ca.beyondtype2.org\/fr\/wp-content\/uploads\/sites\/2\/2023\/09\/BT2-CA-T2D-PATIENT-INTERVIEWS_HEADER-05-1200x430.png 1200w, https:\/\/ca.beyondtype2.org\/fr\/wp-content\/uploads\/sites\/2\/2023\/09\/BT2-CA-T2D-PATIENT-INTERVIEWS_HEADER-05-1980x709.png 1980w\" sizes=\"auto, (max-width: 2049px) 100vw, 2049px\" \/><\/div><h2>Ce que j\u2019ai appris de la gestion du diab\u00e8te de type\u00a02 pendant ma grossesse<\/a><\/h2><\/br><span class='excerpt'>Vous vous demandez \u00e0 quoi pourrait ressembler la gestion du diab\u00e8te de type\u00a02 pendant une grossesse? Lisez l\u2019histoire d\u2019Erin sur une grossesse sans encombre.\u00a0<\/span><a class='readmore' href='https:\/\/ca.beyondtype2.org\/fr\/gestion-dt2-grossesse\/'>EN SAVOIR PLUS<\/a><\/div><\/div>\n<div class='multi-box-holder'><\/div>\n<p>Faire partie d&#8217;une communaut\u00e9 de femmes atteintes de diab\u00e8te de type 2 qui comprennent les hauts et les bas de la grossesse est inestimable. Inscrivez-vous sur <a href=\"https:\/\/community.beyondtype1.org\/landing?from=https%3A%2F%2Fcommunity.beyondtype1.org%2Fhome\">l&#8217;appli Beyond Type 1<\/a> pour obtenir plus de renseignements et de ressources.<\/p>\n","protected":false},"excerpt":{"rendered":"<p>Plus de 130 millions de femmes accouchent chaque ann\u00e9e et pour les femmes vivant avec un diab\u00e8te, si les risques et les d\u00e9fis sont bien s\u00fbr plus importants, la r\u00e9alit\u00e9 est que vous pouvez g\u00e9rer avec succ\u00e8s les phases avant et apr\u00e8s la grossesse. Sur le site de Beyond Type 2, vous trouverez des ressources [&hellip;]<\/p>\n","protected":false},"author":10,"featured_media":166,"parent":0,"menu_order":0,"comment_status":"closed","ping_status":"closed","template":"","meta":{"_acf_changed":false,"footnotes":""},"categories":[64,63],"tags":[],"invisible":[],"class_list":["post-164","page","type-page","status-publish","has-post-thumbnail","hentry","category-diabete-gestationnel","category-grossesse-et-autres-types-de-diabete"],"acf":[],"yoast_head":"<!-- This site is optimized with the Yoast SEO plugin v24.9 - https:\/\/yoast.com\/wordpress\/plugins\/seo\/ -->\n<title>Grossesse et diab\u00e8te - Beyond Type 2 Canada<\/title>\n<meta name=\"description\" content=\"Plus de 130 millions de femmes accouchent chaque ann\u00e9e et pour les femmes vivant avec un diab\u00e8te, si les risques et les d\u00e9fis sont bien s\u00fbr plus importants, la r\u00e9alit\u00e9 est que vous pouvez g\u00e9rer avec succ\u00e8s les phases avant et apr\u00e8s la grossesse.\" \/>\n<meta name=\"robots\" content=\"index, follow, max-snippet:-1, max-image-preview:large, max-video-preview:-1\" \/>\n<link rel=\"canonical\" href=\"https:\/\/ca.beyondtype2.org\/fr\/grossesse-et-diabete\/\" \/>\n<meta property=\"og:locale\" content=\"en_US\" \/>\n<meta property=\"og:type\" content=\"article\" \/>\n<meta property=\"og:title\" content=\"Grossesse et diab\u00e8te - Beyond Type 2 Canada\" \/>\n<meta property=\"og:description\" content=\"Plus de 130 millions de femmes accouchent chaque ann\u00e9e et pour les femmes vivant avec un diab\u00e8te, si les risques et les d\u00e9fis sont bien s\u00fbr plus importants, la r\u00e9alit\u00e9 est que vous pouvez g\u00e9rer avec succ\u00e8s les phases avant et apr\u00e8s la grossesse.\" \/>\n<meta property=\"og:url\" content=\"https:\/\/ca.beyondtype2.org\/fr\/grossesse-et-diabete\/\" \/>\n<meta property=\"og:site_name\" content=\"Beyond Type 2 Canada\" \/>\n<meta property=\"article:modified_time\" content=\"2023-09-02T00:40:57+00:00\" \/>\n<meta property=\"og:image\" content=\"https:\/\/ca.beyondtype2.org\/fr\/wp-content\/uploads\/sites\/2\/2023\/08\/BT2-HEADER-PREGNANCY-T2.png\" \/>\n\t<meta property=\"og:image:width\" content=\"2048\" \/>\n\t<meta property=\"og:image:height\" content=\"733\" \/>\n\t<meta property=\"og:image:type\" content=\"image\/png\" \/>\n<meta name=\"twitter:card\" content=\"summary_large_image\" \/>\n<meta name=\"twitter:label1\" content=\"Est. reading time\" \/>\n\t<meta name=\"twitter:data1\" content=\"1 minute\" \/>\n<script type=\"application\/ld+json\" class=\"yoast-schema-graph\">{\"@context\":\"https:\/\/schema.org\",\"@graph\":[{\"@type\":\"WebPage\",\"@id\":\"https:\/\/ca.beyondtype2.org\/fr\/grossesse-et-diabete\/\",\"url\":\"https:\/\/ca.beyondtype2.org\/fr\/grossesse-et-diabete\/\",\"name\":\"Grossesse et diab\u00e8te - Beyond Type 2 Canada\",\"isPartOf\":{\"@id\":\"https:\/\/ca.beyondtype2.org\/fr\/#website\"},\"primaryImageOfPage\":{\"@id\":\"https:\/\/ca.beyondtype2.org\/fr\/grossesse-et-diabete\/#primaryimage\"},\"image\":{\"@id\":\"https:\/\/ca.beyondtype2.org\/fr\/grossesse-et-diabete\/#primaryimage\"},\"thumbnailUrl\":\"https:\/\/ca.beyondtype2.org\/fr\/wp-content\/uploads\/sites\/2\/2023\/08\/BT2-HEADER-PREGNANCY-T2.png\",\"datePublished\":\"2023-08-22T19:33:28+00:00\",\"dateModified\":\"2023-09-02T00:40:57+00:00\",\"description\":\"Plus de 130 millions de femmes accouchent chaque ann\u00e9e et pour les femmes vivant avec un diab\u00e8te, si les risques et les d\u00e9fis sont bien s\u00fbr plus importants, la r\u00e9alit\u00e9 est que vous pouvez g\u00e9rer avec succ\u00e8s les phases avant et apr\u00e8s la grossesse.\",\"breadcrumb\":{\"@id\":\"https:\/\/ca.beyondtype2.org\/fr\/grossesse-et-diabete\/#breadcrumb\"},\"inLanguage\":\"en-US\",\"potentialAction\":[{\"@type\":\"ReadAction\",\"target\":[\"https:\/\/ca.beyondtype2.org\/fr\/grossesse-et-diabete\/\"]}]},{\"@type\":\"ImageObject\",\"inLanguage\":\"en-US\",\"@id\":\"https:\/\/ca.beyondtype2.org\/fr\/grossesse-et-diabete\/#primaryimage\",\"url\":\"https:\/\/ca.beyondtype2.org\/fr\/wp-content\/uploads\/sites\/2\/2023\/08\/BT2-HEADER-PREGNANCY-T2.png\",\"contentUrl\":\"https:\/\/ca.beyondtype2.org\/fr\/wp-content\/uploads\/sites\/2\/2023\/08\/BT2-HEADER-PREGNANCY-T2.png\",\"width\":2048,\"height\":733},{\"@type\":\"BreadcrumbList\",\"@id\":\"https:\/\/ca.beyondtype2.org\/fr\/grossesse-et-diabete\/#breadcrumb\",\"itemListElement\":[{\"@type\":\"ListItem\",\"position\":1,\"name\":\"Home\",\"item\":\"https:\/\/ca.beyondtype2.org\/fr\/\"},{\"@type\":\"ListItem\",\"position\":2,\"name\":\"Grossesse et diab\u00e8te\"}]},{\"@type\":\"WebSite\",\"@id\":\"https:\/\/ca.beyondtype2.org\/fr\/#website\",\"url\":\"https:\/\/ca.beyondtype2.org\/fr\/\",\"name\":\"Beyond Type 2 Canada\",\"description\":\"\",\"publisher\":{\"@id\":\"https:\/\/ca.beyondtype2.org\/fr\/#organization\"},\"potentialAction\":[{\"@type\":\"SearchAction\",\"target\":{\"@type\":\"EntryPoint\",\"urlTemplate\":\"https:\/\/ca.beyondtype2.org\/fr\/?s={search_term_string}\"},\"query-input\":{\"@type\":\"PropertyValueSpecification\",\"valueRequired\":true,\"valueName\":\"search_term_string\"}}],\"inLanguage\":\"en-US\"},{\"@type\":\"Organization\",\"@id\":\"https:\/\/ca.beyondtype2.org\/fr\/#organization\",\"name\":\"Beyond Type 2 Canada\",\"url\":\"https:\/\/ca.beyondtype2.org\/fr\/\",\"logo\":{\"@type\":\"ImageObject\",\"inLanguage\":\"en-US\",\"@id\":\"https:\/\/ca.beyondtype2.org\/fr\/#\/schema\/logo\/image\/\",\"url\":\"https:\/\/ca.beyondtype2.org\/fr\/wp-content\/uploads\/sites\/2\/2023\/08\/bt2-logo-v2.png\",\"contentUrl\":\"https:\/\/ca.beyondtype2.org\/fr\/wp-content\/uploads\/sites\/2\/2023\/08\/bt2-logo-v2.png\",\"width\":380,\"height\":83,\"caption\":\"Beyond Type 2 Canada\"},\"image\":{\"@id\":\"https:\/\/ca.beyondtype2.org\/fr\/#\/schema\/logo\/image\/\"}}]}<\/script>\n<!-- \/ Yoast SEO plugin. -->","yoast_head_json":{"title":"Grossesse et diab\u00e8te - Beyond Type 2 Canada","description":"Plus de 130 millions de femmes accouchent chaque ann\u00e9e et pour les femmes vivant avec un diab\u00e8te, si les risques et les d\u00e9fis sont bien s\u00fbr plus importants, la r\u00e9alit\u00e9 est que vous pouvez g\u00e9rer avec succ\u00e8s les phases avant et apr\u00e8s la grossesse.","robots":{"index":"index","follow":"follow","max-snippet":"max-snippet:-1","max-image-preview":"max-image-preview:large","max-video-preview":"max-video-preview:-1"},"canonical":"https:\/\/ca.beyondtype2.org\/fr\/grossesse-et-diabete\/","og_locale":"en_US","og_type":"article","og_title":"Grossesse et diab\u00e8te - Beyond Type 2 Canada","og_description":"Plus de 130 millions de femmes accouchent chaque ann\u00e9e et pour les femmes vivant avec un diab\u00e8te, si les risques et les d\u00e9fis sont bien s\u00fbr plus importants, la r\u00e9alit\u00e9 est que vous pouvez g\u00e9rer avec succ\u00e8s les phases avant et apr\u00e8s la grossesse.","og_url":"https:\/\/ca.beyondtype2.org\/fr\/grossesse-et-diabete\/","og_site_name":"Beyond Type 2 Canada","article_modified_time":"2023-09-02T00:40:57+00:00","og_image":[{"width":2048,"height":733,"url":"https:\/\/ca.beyondtype2.org\/fr\/wp-content\/uploads\/sites\/2\/2023\/08\/BT2-HEADER-PREGNANCY-T2.png","type":"image\/png"}],"twitter_card":"summary_large_image","twitter_misc":{"Est. reading time":"1 minute"},"schema":{"@context":"https:\/\/schema.org","@graph":[{"@type":"WebPage","@id":"https:\/\/ca.beyondtype2.org\/fr\/grossesse-et-diabete\/","url":"https:\/\/ca.beyondtype2.org\/fr\/grossesse-et-diabete\/","name":"Grossesse et diab\u00e8te - Beyond Type 2 Canada","isPartOf":{"@id":"https:\/\/ca.beyondtype2.org\/fr\/#website"},"primaryImageOfPage":{"@id":"https:\/\/ca.beyondtype2.org\/fr\/grossesse-et-diabete\/#primaryimage"},"image":{"@id":"https:\/\/ca.beyondtype2.org\/fr\/grossesse-et-diabete\/#primaryimage"},"thumbnailUrl":"https:\/\/ca.beyondtype2.org\/fr\/wp-content\/uploads\/sites\/2\/2023\/08\/BT2-HEADER-PREGNANCY-T2.png","datePublished":"2023-08-22T19:33:28+00:00","dateModified":"2023-09-02T00:40:57+00:00","description":"Plus de 130 millions de femmes accouchent chaque ann\u00e9e et pour les femmes vivant avec un diab\u00e8te, si les risques et les d\u00e9fis sont bien s\u00fbr plus importants, la r\u00e9alit\u00e9 est que vous pouvez g\u00e9rer avec succ\u00e8s les phases avant et apr\u00e8s la grossesse.","breadcrumb":{"@id":"https:\/\/ca.beyondtype2.org\/fr\/grossesse-et-diabete\/#breadcrumb"},"inLanguage":"en-US","potentialAction":[{"@type":"ReadAction","target":["https:\/\/ca.beyondtype2.org\/fr\/grossesse-et-diabete\/"]}]},{"@type":"ImageObject","inLanguage":"en-US","@id":"https:\/\/ca.beyondtype2.org\/fr\/grossesse-et-diabete\/#primaryimage","url":"https:\/\/ca.beyondtype2.org\/fr\/wp-content\/uploads\/sites\/2\/2023\/08\/BT2-HEADER-PREGNANCY-T2.png","contentUrl":"https:\/\/ca.beyondtype2.org\/fr\/wp-content\/uploads\/sites\/2\/2023\/08\/BT2-HEADER-PREGNANCY-T2.png","width":2048,"height":733},{"@type":"BreadcrumbList","@id":"https:\/\/ca.beyondtype2.org\/fr\/grossesse-et-diabete\/#breadcrumb","itemListElement":[{"@type":"ListItem","position":1,"name":"Home","item":"https:\/\/ca.beyondtype2.org\/fr\/"},{"@type":"ListItem","position":2,"name":"Grossesse et diab\u00e8te"}]},{"@type":"WebSite","@id":"https:\/\/ca.beyondtype2.org\/fr\/#website","url":"https:\/\/ca.beyondtype2.org\/fr\/","name":"Beyond Type 2 Canada","description":"","publisher":{"@id":"https:\/\/ca.beyondtype2.org\/fr\/#organization"},"potentialAction":[{"@type":"SearchAction","target":{"@type":"EntryPoint","urlTemplate":"https:\/\/ca.beyondtype2.org\/fr\/?s={search_term_string}"},"query-input":{"@type":"PropertyValueSpecification","valueRequired":true,"valueName":"search_term_string"}}],"inLanguage":"en-US"},{"@type":"Organization","@id":"https:\/\/ca.beyondtype2.org\/fr\/#organization","name":"Beyond Type 2 Canada","url":"https:\/\/ca.beyondtype2.org\/fr\/","logo":{"@type":"ImageObject","inLanguage":"en-US","@id":"https:\/\/ca.beyondtype2.org\/fr\/#\/schema\/logo\/image\/","url":"https:\/\/ca.beyondtype2.org\/fr\/wp-content\/uploads\/sites\/2\/2023\/08\/bt2-logo-v2.png","contentUrl":"https:\/\/ca.beyondtype2.org\/fr\/wp-content\/uploads\/sites\/2\/2023\/08\/bt2-logo-v2.png","width":380,"height":83,"caption":"Beyond Type 2 Canada"},"image":{"@id":"https:\/\/ca.beyondtype2.org\/fr\/#\/schema\/logo\/image\/"}}]}},"featured_image_src":"https:\/\/ca.beyondtype2.org\/fr\/wp-content\/uploads\/sites\/2\/2023\/08\/BT2-HEADER-PREGNANCY-T2-600x400.png","featured_image_src_square":"https:\/\/ca.beyondtype2.org\/fr\/wp-content\/uploads\/sites\/2\/2023\/08\/BT2-HEADER-PREGNANCY-T2-600x600.png","_links":{"self":[{"href":"https:\/\/ca.beyondtype2.org\/fr\/wp-json\/wp\/v2\/pages\/164","targetHints":{"allow":["GET"]}}],"collection":[{"href":"https:\/\/ca.beyondtype2.org\/fr\/wp-json\/wp\/v2\/pages"}],"about":[{"href":"https:\/\/ca.beyondtype2.org\/fr\/wp-json\/wp\/v2\/types\/page"}],"author":[{"embeddable":true,"href":"https:\/\/ca.beyondtype2.org\/fr\/wp-json\/wp\/v2\/users\/10"}],"replies":[{"embeddable":true,"href":"https:\/\/ca.beyondtype2.org\/fr\/wp-json\/wp\/v2\/comments?post=164"}],"version-history":[{"count":0,"href":"https:\/\/ca.beyondtype2.org\/fr\/wp-json\/wp\/v2\/pages\/164\/revisions"}],"wp:featuredmedia":[{"embeddable":true,"href":"https:\/\/ca.beyondtype2.org\/fr\/wp-json\/wp\/v2\/media\/166"}],"wp:attachment":[{"href":"https:\/\/ca.beyondtype2.org\/fr\/wp-json\/wp\/v2\/media?parent=164"}],"wp:term":[{"taxonomy":"category","embeddable":true,"href":"https:\/\/ca.beyondtype2.org\/fr\/wp-json\/wp\/v2\/categories?post=164"},{"taxonomy":"post_tag","embeddable":true,"href":"https:\/\/ca.beyondtype2.org\/fr\/wp-json\/wp\/v2\/tags?post=164"},{"taxonomy":"invisible","embeddable":true,"href":"https:\/\/ca.beyondtype2.org\/fr\/wp-json\/wp\/v2\/invisible?post=164"}],"curies":[{"name":"wp","href":"https:\/\/api.w.org\/{rel}","templated":true}]}}