			{"id":129,"date":"2023-08-22T11:51:33","date_gmt":"2023-08-22T15:51:33","guid":{"rendered":"https:\/\/beyondtype2ca.wpengine.com\/fr\/?page_id=129"},"modified":"2023-09-06T15:39:54","modified_gmt":"2023-09-06T19:39:54","slug":"le-guide-des-glucometres-pour-les-personnes-de-type-2","status":"publish","type":"page","link":"https:\/\/ca.beyondtype2.org\/fr\/le-guide-des-glucometres-pour-les-personnes-de-type-2\/","title":{"rendered":"Le guide des glucom\u00e8tres pour les personnes de type 2"},"content":{"rendered":"<p>Le diab\u00e8te de type 2 n\u00e9cessite une autogestion, et la v\u00e9rification r\u00e9guli\u00e8re de votre taux de glyc\u00e9mie en est un \u00e9l\u00e9ment important. L&#8217;\u00e9quipement ad\u00e9quat permet d&#8217;int\u00e9grer cette t\u00e2che \u00e0 votre routine quotidienne de mani\u00e8re plus indolore. Des lecteurs de glyc\u00e9mie fiables \u00e0 vos c\u00f4t\u00e9s vous permettront de mesurer rapidement et pr\u00e9cis\u00e9ment votre taux de glyc\u00e9mie n&#8217;importe o\u00f9.<\/p>\n<p>La plupart des lecteurs de glyc\u00e9mie fonctionnent \u00e0 l&#8217;aide de bandelettes r\u00e9actives \u00e0 usage unique qui sont ins\u00e9r\u00e9es dans le lecteur. Vous vous piquez ensuite le bout du doigt avec une lancette pour pr\u00e9lever une petite goutte de sang. Lorsque le sang entre en contact avec la bandelette, le lecteur commence \u00e0 traiter les r\u00e9sultats. En g\u00e9n\u00e9ral, votre taux de glyc\u00e9mie s&#8217;affiche dans les cinq secondes.<\/p>\n<p>Les <a href=\"https:\/\/guidelines.diabetes.ca\/cpg\/chapter9\">lignes directrices de Diabetes Canada<\/a> requi\u00e8rent un certain degr\u00e9 d&#8217;exactitude par rapport \u00e0 ces r\u00e9sultats. La diff\u00e9rence entre votre taux de glyc\u00e9mie r\u00e9el et celui affich\u00e9 par le lecteur doit \u00eatre de moins de 15 % pour que l&#8217;exactitude de ce dernier soit consid\u00e9r\u00e9 comme acceptable.<\/p>\n<p>Les indicateurs de qualit\u00e9 sur le march\u00e9 aujourd&#8217;hui sont offerts par Accu-Chek\u00ae, Bayer, Freestyle et OneTouch, parmi beaucoup d&#8217;autres. Par exemple, l&#8217;indicateur Accu-Chek Guide offre des caract\u00e9ristiques simples comme un flacon de bandelettes d&#8217;analyse anti-d\u00e9bordement, ce qui permet de retirer plus facilement une seule bandelette et de ne pas en renverser.<\/p>\n<img loading=\"lazy\" decoding=\"async\" class=\"wp-image-45941 alignright\" style=\"padding-left: 15px\" src=\"https:\/\/fr.beyondtype2.org\/wp-content\/uploads\/2018\/12\/Guide-Me_Family-481x504.jpg\" alt=\"\" width=\"369\" height=\"374\" \/>\n<p>En comprenant quels sont les glucom\u00e8tres disponibles et \u00e0 quel mode de vie ils conviennent le mieux, vous pouvez trouver le glucom\u00e8tre qui vous convient le mieux ! Un entretien avec un m\u00e9decin ou un \u00e9ducateur sp\u00e9cialis\u00e9 dans le diab\u00e8te peut vous aider \u00e0 d\u00e9terminer le glucom\u00e8tre le mieux adapt\u00e9 \u00e0 votre mode de vie et \u00e0 votre budget. Vous trouverez ci-dessous quelques facteurs \u00e0 prendre en compte.<\/p>\n<h3>Co\u00fbt<\/h3>\n<p>La plupart des lecteurs de glyc\u00e9mie co\u00fbtent entre 10 et 75 dollars, mais une grande partie du co\u00fbt de la surveillance de la glyc\u00e9mie provient du co\u00fbt des bandelettes r\u00e9actives. Un lot de 100 bandelettes peut co\u00fbter entre 18 et 184 dollars (avant assurance). Si vous n&#8217;avez pas d&#8217;assurance maladie et que vous voulez tester votre sang quatre fois par jour, cela repr\u00e9sente 2 685 $ par an. Heureusement, les assurances publiques et priv\u00e9es sont susceptibles de couvrir une grande partie de ces co\u00fbts, mais <a href=\"https:\/\/www.canada.ca\/fr\/sante-publique\/services\/maladies-chroniques\/diabete\/puis-obtenir-aide-payer-medicaments-fournitures.html\">vous devrez vous renseigner<\/a> pour savoir si une certaine marque est privil\u00e9gi\u00e9e par votre r\u00e9gime. Parlez-en \u00e0 votre assureur ou \u00e0 votre pharmacien pour comprendre vos options.<\/p>\n<p>Si vous n&#8217;avez pas d&#8217;assurance maladie et que le co\u00fbt de la surveillance de la glyc\u00e9mie est un probl\u00e8me, il existe des programmes d&#8217;abonnement aux bandelettes r\u00e9actives qui livrent les fournitures directement \u00e0 votre domicile et vous aident \u00e0 ma\u00eetriser les co\u00fbts.<\/p>\n<h3>Taille<\/h3>\n<p>Les appareils de mesure existent dans une grande vari\u00e9t\u00e9 de tailles et de formes. Si vous pr\u00e9voyez d&#8217;effectuer des tests plusieurs fois par jour et que vous \u00eates plut\u00f4t mobile, vous pouvez opter pour un petit mod\u00e8le qui se glisse dans un sac, un sac \u00e0 main ou une bo\u00eete \u00e0 gants. Les utilisateurs plus \u00e2g\u00e9s, ou ceux qui souffrent d&#8217;une d\u00e9ficience visuelle, pr\u00e9f\u00e9reront peut-\u00eatre un lecteur plus grand avec des boutons bien visibles et un \u00e9cran r\u00e9tro\u00e9clair\u00e9 ou un affichage plus facile \u00e0 lire. Si vous pr\u00e9voyez d&#8217;effectuer des tests exclusivement \u00e0 domicile, un moniteur permettant de stocker plusieurs bandelettes peut \u00eatre pr\u00e9f\u00e9rable, bien qu&#8217;ils aient tendance \u00e0 \u00eatre plus volumineux.<\/p>\n<h3>Codage<\/h3>\n<p>Les anciens lecteurs de glyc\u00e9mie doivent \u00eatre \u00e9talonn\u00e9s en fonction de chaque lot de bandelettes r\u00e9actives achet\u00e9es, par le biais du codage. Certains appareils n\u00e9cessitent un code saisi ou scann\u00e9 avec un smartphone. Une mauvaise manipulation peut entra\u00eener des r\u00e9sultats inexacts. Les lecteurs de glyc\u00e9mie plus r\u00e9cents sont dot\u00e9s d&#8217;une technologie qui ne n\u00e9cessite aucun codage &#8211; une mise \u00e0 jour qui s&#8217;est av\u00e9r\u00e9e populaire ces derni\u00e8res ann\u00e9es.<\/p>\n<h3>Stockage des donn\u00e9es<\/h3>\n<p>Un autre avantage des lecteurs de glyc\u00e9mie est qu&#8217;ils vous permettent de suivre vos r\u00e9sultats et de modifier votre plan de traitement du diab\u00e8te en cons\u00e9quence. La capacit\u00e9 de stockage souhait\u00e9e d\u00e9pend de la fr\u00e9quence de vos mesures et de la mani\u00e8re dont vous et vos prestataires de soins souhaitez consulter vos donn\u00e9es. Si vous vous mesurez trois fois par jour et que votre m\u00e9decin souhaite consulter les r\u00e9sultats d&#8217;un mois entier, vous aurez besoin d&#8217;un lecteur capable de conserver les donn\u00e9es d&#8217;au moins 90 tests. La plupart des mod\u00e8les haut de gamme conservent un minimum de 360 relev\u00e9s. Les lecteurs de la gamme Accu-Chek Guide peuvent d\u00e9sormais conserver jusqu&#8217;\u00e0 750 r\u00e9sultats avec l&#8217;heure et la date indiqu\u00e9es. De nombreux mod\u00e8les int\u00e8grent \u00e9galement des applications pour smartphone et peuvent \u00eatre t\u00e9l\u00e9charg\u00e9s sur votre t\u00e9l\u00e9phone ou votre ordinateur via la technologie Bluetooth ou une connexion USB. Ces appareils connect\u00e9s vous permettent de mieux stocker, comprendre et partager vos donn\u00e9es avec votre \u00e9quipe soignante.<\/p>\n<h3>Qualit\u00e9<\/h3>\n<p>Le co\u00fbt est tr\u00e8s important, mais la qualit\u00e9 l&#8217;est tout autant. Faites \u00e9galement des recherches sur la qualit\u00e9 de votre compteur. Les fabricants de compteurs suivent un ensemble de normes pour garantir la pr\u00e9cision de leurs produits. Les avis des utilisateurs peuvent vous aider \u00e0 d\u00e9cider si un produit vaut la peine d&#8217;\u00eatre achet\u00e9 ou non. N&#8217;oubliez pas non plus que ce n&#8217;est pas parce qu&#8217;un produit est bon march\u00e9 qu&#8217;il n&#8217;est pas de qualit\u00e9. L&#8217;inverse est \u00e9galement vrai. Si vous achetez un lecteur de glyc\u00e9mie et que vous constatez qu&#8217;il ne vous convient pas, il peut convenir \u00e0 quelqu&#8217;un d&#8217;autre. Faites-en don \u00e0 une autre personne dans le besoin.<\/p>\n<h3>Conseils d&#8217;utilisation<\/h3>\n<p>Une utilisation correcte est tout aussi importante que le choix d&#8217;un lecteur de glyc\u00e9mie adapt\u00e9 \u00e0 vos besoins. Il est essentiel d&#8217;utiliser les bandes de test correspondant \u00e0 votre mod\u00e8le. L&#8217;utilisation d&#8217;autres bandelettes peut produire des r\u00e9sultats incorrects.<\/p>\n<p>Faites le test du bout des doigts &#8211; certains mod\u00e8les vous permettent de faire le test \u00e0 partir d&#8217;autres endroits, comme l&#8217;avant-bras, mais les r\u00e9sultats ne sont g\u00e9n\u00e9ralement pas aussi pr\u00e9cis.<\/p>\n<p>Lavez-vous les mains avant de faire le test. La moindre trace de nourriture ou de salet\u00e9 sur votre doigt peut fausser les r\u00e9sultats. Le fait de se laver les mains \u00e0 l&#8217;eau chaude pr\u00e9sente l&#8217;avantage suppl\u00e9mentaire d&#8217;attirer le sang vers le bout des doigts, ce qui rendra encore plus facile la production d&#8217;une goutte \u00e0 partir de votre doigt.<\/p>\n<p>Une surveillance r\u00e9guli\u00e8re avec votre lecteur de glyc\u00e9mie vous permettra de mieux comprendre ce qui a un impact sur votre glyc\u00e9mie. Les donn\u00e9es sont le pouvoir ! Bon contr\u00f4le de la glyc\u00e9mie.<\/p>\n<hr \/>\n<p>Accu-Chek et Accu-Chek Guide sont des marques d\u00e9pos\u00e9es de Roche.<\/p>\n<p>&nbsp;<\/p>\n","protected":false},"excerpt":{"rendered":"<p>Le diab\u00e8te de type 2 n\u00e9cessite une autogestion, et la v\u00e9rification r\u00e9guli\u00e8re de votre taux de glyc\u00e9mie en est un \u00e9l\u00e9ment important. L&#8217;\u00e9quipement ad\u00e9quat permet d&#8217;int\u00e9grer cette t\u00e2che \u00e0 votre routine quotidienne de mani\u00e8re plus indolore. Des lecteurs de glyc\u00e9mie fiables \u00e0 vos c\u00f4t\u00e9s vous permettront de mesurer rapidement et pr\u00e9cis\u00e9ment votre taux de glyc\u00e9mie [&hellip;]<\/p>\n","protected":false},"author":10,"featured_media":825,"parent":0,"menu_order":0,"comment_status":"closed","ping_status":"closed","template":"","meta":{"_acf_changed":false,"footnotes":""},"categories":[34,43,41],"tags":[],"invisible":[9,4],"class_list":["post-129","page","type-page","status-publish","has-post-thumbnail","hentry","category-gestion-du-diabete-de-type-2","category-diabete-surveillance-de-la-glycemie-bgm","category-diabete-technologie-et-equipement","invisible-management","invisible-teaching-type-2"],"acf":[],"yoast_head":"<!-- This site is optimized with the Yoast SEO plugin v24.9 - https:\/\/yoast.com\/wordpress\/plugins\/seo\/ -->\n<title>Le guide des glucom\u00e8tres pour les personnes de type 2 - Beyond Type 2 Canada<\/title>\n<meta name=\"description\" content=\"Les glucom\u00e8tres (BGM) sont un outil important que les personnes atteintes de diab\u00e8te de type 2 doivent utiliser pour suivre avec pr\u00e9cision leur taux de glyc\u00e9mie.\" \/>\n<meta name=\"robots\" content=\"index, follow, max-snippet:-1, max-image-preview:large, max-video-preview:-1\" \/>\n<link rel=\"canonical\" href=\"https:\/\/ca.beyondtype2.org\/fr\/le-guide-des-glucometres-pour-les-personnes-de-type-2\/\" \/>\n<meta property=\"og:locale\" content=\"en_US\" \/>\n<meta property=\"og:type\" content=\"article\" \/>\n<meta property=\"og:title\" content=\"Le guide des glucom\u00e8tres pour les personnes de type 2 - Beyond Type 2 Canada\" \/>\n<meta property=\"og:description\" content=\"Les glucom\u00e8tres (BGM) sont un outil important que les personnes atteintes de diab\u00e8te de type 2 doivent utiliser pour suivre avec pr\u00e9cision leur taux de glyc\u00e9mie.\" \/>\n<meta property=\"og:url\" content=\"https:\/\/ca.beyondtype2.org\/fr\/le-guide-des-glucometres-pour-les-personnes-de-type-2\/\" \/>\n<meta property=\"og:site_name\" content=\"Beyond Type 2 Canada\" \/>\n<meta property=\"article:modified_time\" content=\"2023-09-06T19:39:54+00:00\" \/>\n<meta property=\"og:image\" content=\"https:\/\/ca.beyondtype2.org\/fr\/wp-content\/uploads\/sites\/2\/2023\/09\/blood-glucose-meter-1.2jpg-1.jpg\" \/>\n\t<meta property=\"og:image:width\" content=\"2048\" \/>\n\t<meta property=\"og:image:height\" content=\"800\" \/>\n\t<meta property=\"og:image:type\" content=\"image\/jpeg\" \/>\n<meta name=\"twitter:card\" content=\"summary_large_image\" \/>\n<meta name=\"twitter:label1\" content=\"Est. reading time\" \/>\n\t<meta name=\"twitter:data1\" content=\"5 minutes\" \/>\n<script type=\"application\/ld+json\" class=\"yoast-schema-graph\">{\"@context\":\"https:\/\/schema.org\",\"@graph\":[{\"@type\":\"WebPage\",\"@id\":\"https:\/\/ca.beyondtype2.org\/fr\/le-guide-des-glucometres-pour-les-personnes-de-type-2\/\",\"url\":\"https:\/\/ca.beyondtype2.org\/fr\/le-guide-des-glucometres-pour-les-personnes-de-type-2\/\",\"name\":\"Le guide des glucom\u00e8tres pour les personnes de type 2 - Beyond Type 2 Canada\",\"isPartOf\":{\"@id\":\"https:\/\/ca.beyondtype2.org\/fr\/#website\"},\"primaryImageOfPage\":{\"@id\":\"https:\/\/ca.beyondtype2.org\/fr\/le-guide-des-glucometres-pour-les-personnes-de-type-2\/#primaryimage\"},\"image\":{\"@id\":\"https:\/\/ca.beyondtype2.org\/fr\/le-guide-des-glucometres-pour-les-personnes-de-type-2\/#primaryimage\"},\"thumbnailUrl\":\"https:\/\/ca.beyondtype2.org\/fr\/wp-content\/uploads\/sites\/2\/2023\/09\/blood-glucose-meter-1.2jpg-1.jpg\",\"datePublished\":\"2023-08-22T15:51:33+00:00\",\"dateModified\":\"2023-09-06T19:39:54+00:00\",\"description\":\"Les glucom\u00e8tres (BGM) sont un outil important que les personnes atteintes de diab\u00e8te de type 2 doivent utiliser pour suivre avec pr\u00e9cision leur taux de glyc\u00e9mie.\",\"breadcrumb\":{\"@id\":\"https:\/\/ca.beyondtype2.org\/fr\/le-guide-des-glucometres-pour-les-personnes-de-type-2\/#breadcrumb\"},\"inLanguage\":\"en-US\",\"potentialAction\":[{\"@type\":\"ReadAction\",\"target\":[\"https:\/\/ca.beyondtype2.org\/fr\/le-guide-des-glucometres-pour-les-personnes-de-type-2\/\"]}]},{\"@type\":\"ImageObject\",\"inLanguage\":\"en-US\",\"@id\":\"https:\/\/ca.beyondtype2.org\/fr\/le-guide-des-glucometres-pour-les-personnes-de-type-2\/#primaryimage\",\"url\":\"https:\/\/ca.beyondtype2.org\/fr\/wp-content\/uploads\/sites\/2\/2023\/09\/blood-glucose-meter-1.2jpg-1.jpg\",\"contentUrl\":\"https:\/\/ca.beyondtype2.org\/fr\/wp-content\/uploads\/sites\/2\/2023\/09\/blood-glucose-meter-1.2jpg-1.jpg\",\"width\":2048,\"height\":800},{\"@type\":\"BreadcrumbList\",\"@id\":\"https:\/\/ca.beyondtype2.org\/fr\/le-guide-des-glucometres-pour-les-personnes-de-type-2\/#breadcrumb\",\"itemListElement\":[{\"@type\":\"ListItem\",\"position\":1,\"name\":\"Home\",\"item\":\"https:\/\/ca.beyondtype2.org\/fr\/\"},{\"@type\":\"ListItem\",\"position\":2,\"name\":\"Le guide des glucom\u00e8tres pour les personnes de type 2\"}]},{\"@type\":\"WebSite\",\"@id\":\"https:\/\/ca.beyondtype2.org\/fr\/#website\",\"url\":\"https:\/\/ca.beyondtype2.org\/fr\/\",\"name\":\"Beyond Type 2 Canada\",\"description\":\"\",\"publisher\":{\"@id\":\"https:\/\/ca.beyondtype2.org\/fr\/#organization\"},\"potentialAction\":[{\"@type\":\"SearchAction\",\"target\":{\"@type\":\"EntryPoint\",\"urlTemplate\":\"https:\/\/ca.beyondtype2.org\/fr\/?s={search_term_string}\"},\"query-input\":{\"@type\":\"PropertyValueSpecification\",\"valueRequired\":true,\"valueName\":\"search_term_string\"}}],\"inLanguage\":\"en-US\"},{\"@type\":\"Organization\",\"@id\":\"https:\/\/ca.beyondtype2.org\/fr\/#organization\",\"name\":\"Beyond Type 2 Canada\",\"url\":\"https:\/\/ca.beyondtype2.org\/fr\/\",\"logo\":{\"@type\":\"ImageObject\",\"inLanguage\":\"en-US\",\"@id\":\"https:\/\/ca.beyondtype2.org\/fr\/#\/schema\/logo\/image\/\",\"url\":\"https:\/\/ca.beyondtype2.org\/fr\/wp-content\/uploads\/sites\/2\/2023\/08\/bt2-logo-v2.png\",\"contentUrl\":\"https:\/\/ca.beyondtype2.org\/fr\/wp-content\/uploads\/sites\/2\/2023\/08\/bt2-logo-v2.png\",\"width\":380,\"height\":83,\"caption\":\"Beyond Type 2 Canada\"},\"image\":{\"@id\":\"https:\/\/ca.beyondtype2.org\/fr\/#\/schema\/logo\/image\/\"}}]}<\/script>\n<!-- \/ Yoast SEO plugin. -->","yoast_head_json":{"title":"Le guide des glucom\u00e8tres pour les personnes de type 2 - Beyond Type 2 Canada","description":"Les glucom\u00e8tres (BGM) sont un outil important que les personnes atteintes de diab\u00e8te de type 2 doivent utiliser pour suivre avec pr\u00e9cision leur taux de glyc\u00e9mie.","robots":{"index":"index","follow":"follow","max-snippet":"max-snippet:-1","max-image-preview":"max-image-preview:large","max-video-preview":"max-video-preview:-1"},"canonical":"https:\/\/ca.beyondtype2.org\/fr\/le-guide-des-glucometres-pour-les-personnes-de-type-2\/","og_locale":"en_US","og_type":"article","og_title":"Le guide des glucom\u00e8tres pour les personnes de type 2 - Beyond Type 2 Canada","og_description":"Les glucom\u00e8tres (BGM) sont un outil important que les personnes atteintes de diab\u00e8te de type 2 doivent utiliser pour suivre avec pr\u00e9cision leur taux de glyc\u00e9mie.","og_url":"https:\/\/ca.beyondtype2.org\/fr\/le-guide-des-glucometres-pour-les-personnes-de-type-2\/","og_site_name":"Beyond Type 2 Canada","article_modified_time":"2023-09-06T19:39:54+00:00","og_image":[{"width":2048,"height":800,"url":"https:\/\/ca.beyondtype2.org\/fr\/wp-content\/uploads\/sites\/2\/2023\/09\/blood-glucose-meter-1.2jpg-1.jpg","type":"image\/jpeg"}],"twitter_card":"summary_large_image","twitter_misc":{"Est. reading time":"5 minutes"},"schema":{"@context":"https:\/\/schema.org","@graph":[{"@type":"WebPage","@id":"https:\/\/ca.beyondtype2.org\/fr\/le-guide-des-glucometres-pour-les-personnes-de-type-2\/","url":"https:\/\/ca.beyondtype2.org\/fr\/le-guide-des-glucometres-pour-les-personnes-de-type-2\/","name":"Le guide des glucom\u00e8tres pour les personnes de type 2 - Beyond Type 2 Canada","isPartOf":{"@id":"https:\/\/ca.beyondtype2.org\/fr\/#website"},"primaryImageOfPage":{"@id":"https:\/\/ca.beyondtype2.org\/fr\/le-guide-des-glucometres-pour-les-personnes-de-type-2\/#primaryimage"},"image":{"@id":"https:\/\/ca.beyondtype2.org\/fr\/le-guide-des-glucometres-pour-les-personnes-de-type-2\/#primaryimage"},"thumbnailUrl":"https:\/\/ca.beyondtype2.org\/fr\/wp-content\/uploads\/sites\/2\/2023\/09\/blood-glucose-meter-1.2jpg-1.jpg","datePublished":"2023-08-22T15:51:33+00:00","dateModified":"2023-09-06T19:39:54+00:00","description":"Les glucom\u00e8tres (BGM) sont un outil important que les personnes atteintes de diab\u00e8te de type 2 doivent utiliser pour suivre avec pr\u00e9cision leur taux de glyc\u00e9mie.","breadcrumb":{"@id":"https:\/\/ca.beyondtype2.org\/fr\/le-guide-des-glucometres-pour-les-personnes-de-type-2\/#breadcrumb"},"inLanguage":"en-US","potentialAction":[{"@type":"ReadAction","target":["https:\/\/ca.beyondtype2.org\/fr\/le-guide-des-glucometres-pour-les-personnes-de-type-2\/"]}]},{"@type":"ImageObject","inLanguage":"en-US","@id":"https:\/\/ca.beyondtype2.org\/fr\/le-guide-des-glucometres-pour-les-personnes-de-type-2\/#primaryimage","url":"https:\/\/ca.beyondtype2.org\/fr\/wp-content\/uploads\/sites\/2\/2023\/09\/blood-glucose-meter-1.2jpg-1.jpg","contentUrl":"https:\/\/ca.beyondtype2.org\/fr\/wp-content\/uploads\/sites\/2\/2023\/09\/blood-glucose-meter-1.2jpg-1.jpg","width":2048,"height":800},{"@type":"BreadcrumbList","@id":"https:\/\/ca.beyondtype2.org\/fr\/le-guide-des-glucometres-pour-les-personnes-de-type-2\/#breadcrumb","itemListElement":[{"@type":"ListItem","position":1,"name":"Home","item":"https:\/\/ca.beyondtype2.org\/fr\/"},{"@type":"ListItem","position":2,"name":"Le guide des glucom\u00e8tres pour les personnes de type 2"}]},{"@type":"WebSite","@id":"https:\/\/ca.beyondtype2.org\/fr\/#website","url":"https:\/\/ca.beyondtype2.org\/fr\/","name":"Beyond Type 2 Canada","description":"","publisher":{"@id":"https:\/\/ca.beyondtype2.org\/fr\/#organization"},"potentialAction":[{"@type":"SearchAction","target":{"@type":"EntryPoint","urlTemplate":"https:\/\/ca.beyondtype2.org\/fr\/?s={search_term_string}"},"query-input":{"@type":"PropertyValueSpecification","valueRequired":true,"valueName":"search_term_string"}}],"inLanguage":"en-US"},{"@type":"Organization","@id":"https:\/\/ca.beyondtype2.org\/fr\/#organization","name":"Beyond Type 2 Canada","url":"https:\/\/ca.beyondtype2.org\/fr\/","logo":{"@type":"ImageObject","inLanguage":"en-US","@id":"https:\/\/ca.beyondtype2.org\/fr\/#\/schema\/logo\/image\/","url":"https:\/\/ca.beyondtype2.org\/fr\/wp-content\/uploads\/sites\/2\/2023\/08\/bt2-logo-v2.png","contentUrl":"https:\/\/ca.beyondtype2.org\/fr\/wp-content\/uploads\/sites\/2\/2023\/08\/bt2-logo-v2.png","width":380,"height":83,"caption":"Beyond Type 2 Canada"},"image":{"@id":"https:\/\/ca.beyondtype2.org\/fr\/#\/schema\/logo\/image\/"}}]}},"featured_image_src":"https:\/\/ca.beyondtype2.org\/fr\/wp-content\/uploads\/sites\/2\/2023\/09\/blood-glucose-meter-1.2jpg-1-600x400.jpg","featured_image_src_square":"https:\/\/ca.beyondtype2.org\/fr\/wp-content\/uploads\/sites\/2\/2023\/09\/blood-glucose-meter-1.2jpg-1-600x600.jpg","_links":{"self":[{"href":"https:\/\/ca.beyondtype2.org\/fr\/wp-json\/wp\/v2\/pages\/129","targetHints":{"allow":["GET"]}}],"collection":[{"href":"https:\/\/ca.beyondtype2.org\/fr\/wp-json\/wp\/v2\/pages"}],"about":[{"href":"https:\/\/ca.beyondtype2.org\/fr\/wp-json\/wp\/v2\/types\/page"}],"author":[{"embeddable":true,"href":"https:\/\/ca.beyondtype2.org\/fr\/wp-json\/wp\/v2\/users\/10"}],"replies":[{"embeddable":true,"href":"https:\/\/ca.beyondtype2.org\/fr\/wp-json\/wp\/v2\/comments?post=129"}],"version-history":[{"count":0,"href":"https:\/\/ca.beyondtype2.org\/fr\/wp-json\/wp\/v2\/pages\/129\/revisions"}],"wp:featuredmedia":[{"embeddable":true,"href":"https:\/\/ca.beyondtype2.org\/fr\/wp-json\/wp\/v2\/media\/825"}],"wp:attachment":[{"href":"https:\/\/ca.beyondtype2.org\/fr\/wp-json\/wp\/v2\/media?parent=129"}],"wp:term":[{"taxonomy":"category","embeddable":true,"href":"https:\/\/ca.beyondtype2.org\/fr\/wp-json\/wp\/v2\/categories?post=129"},{"taxonomy":"post_tag","embeddable":true,"href":"https:\/\/ca.beyondtype2.org\/fr\/wp-json\/wp\/v2\/tags?post=129"},{"taxonomy":"invisible","embeddable":true,"href":"https:\/\/ca.beyondtype2.org\/fr\/wp-json\/wp\/v2\/invisible?post=129"}],"curies":[{"name":"wp","href":"https:\/\/api.w.org\/{rel}","templated":true}]}}